{"id":3330,"date":"2018-08-25T22:08:57","date_gmt":"2018-08-25T20:08:57","guid":{"rendered":"http:\/\/diablofans.ddev.site\/d2\/herni-postavy-paladin-skilly-combat-skills-holy-shield\/"},"modified":"2018-08-25T22:08:57","modified_gmt":"2018-08-25T20:08:57","slug":"herni-postavy-paladin-skilly-combat-skills-holy-shield","status":"publish","type":"page","link":"https:\/\/www.diablofans.cz\/d2\/herni-postavy-paladin-skilly-combat-skills-holy-shield\/","title":{"rendered":"Paladin &#8211; Skilly &#8211; Combat Skills &#8211; Holy Shield"},"content":{"rendered":"\n<div class=\"skilly\">\n<p style=\"text-align:center\"><a href=\"https:\/\/www.diablofans.cz\/d2\/herni-postavy-paladin\">Paladin<\/a>\u00a0\u2013 <a href=\"https:\/\/www.diablofans.cz\/d2\/herni-postavy-paladin-skilly-defensive-auras\">Defensive Auras<\/a>\u00a0\u2013 <a href=\"https:\/\/www.diablofans.cz\/d2\/herni-postavy-paladin-skilly-offensive-auras\">Offensive Auras<\/a>\u00a0\u2013 <strong><a href=\"https:\/\/www.diablofans.cz\/d2\/herni-postavy-paladin-skilly-combat-skills\">Combat\u00a0Skills<\/a><\/strong><\/p>\n<div style=\"float: right; width: 160px; \">\n<table>\n<tbody>\n<tr>\n<td><a href=\"https:\/\/www.diablofans.cz\/d2\/herni-postavy-paladin-skilly-combat-skills-sacrifice\">Sacrifice<\/a><\/td>\n<\/tr>\n<tr>\n<td><a href=\"https:\/\/www.diablofans.cz\/d2\/herni-postavy-paladin-skilly-combat-skills-smite\">Smite<\/a><\/td>\n<\/tr>\n<tr>\n<td><a href=\"https:\/\/www.diablofans.cz\/d2\/herni-postavy-paladin-skilly-combat-skills-holy-bolt\">Holy Bolt<\/a><\/td>\n<\/tr>\n<tr>\n<td><a href=\"https:\/\/www.diablofans.cz\/d2\/herni-postavy-paladin-skilly-combat-skills-zeal\">Zeal<\/a><\/td>\n<\/tr>\n<tr>\n<td><a href=\"https:\/\/www.diablofans.cz\/d2\/herni-postavy-paladin-skilly-combat-skills-charge\">Charge<\/a><\/td>\n<\/tr>\n<tr>\n<td><a href=\"https:\/\/www.diablofans.cz\/d2\/herni-postavy-paladin-skilly-combat-skills-vengeance\">Vengeance<\/a><\/td>\n<\/tr>\n<tr>\n<td><a href=\"https:\/\/www.diablofans.cz\/d2\/herni-postavy-paladin-skilly-combat-skills-blessed-hammer\">Blessed Hammer<\/a><\/td>\n<\/tr>\n<tr>\n<td><a href=\"https:\/\/www.diablofans.cz\/d2\/herni-postavy-paladin-skilly-combat-skills-conversion\">Conversion<\/a><\/td>\n<\/tr>\n<tr>\n<td><strong><a href=\"https:\/\/www.diablofans.cz\/d2\/herni-postavy-paladin-skilly-combat-skills-holy-shield\">Holy Shield<\/a><\/strong><\/td>\n<\/tr>\n<tr>\n<td><a href=\"https:\/\/www.diablofans.cz\/d2\/herni-postavy-paladin-skilly-combat-skills-fist-of-the.heavens\">Fist of the Heavens<\/a><\/td>\n<\/tr>\n<\/tbody>\n<\/table><\/div>\n<h3 style=\"clear:none\">Holy Shield<\/h3>\n<div><img loading=\"lazy\" decoding=\"async\" src=\"https:\/\/www.diablofans.cz\/d2\/wp-content\/uploads\/2018\/08\/holyshield.jpg\" alt=\"Holy Shield\" class=\"img-left\" width=\"48\" height=\"48\" \/><\/div>\n<ul>\n<li>Pot\u0159ebn\u00fd level: 24<\/li>\n<li>Pot\u0159ebn\u00e9 skilly: <a href=\"https:\/\/www.diablofans.cz\/d2\/herni-postavy-paladin-skilly-combat-skills-smite\">Smite<\/a>, <a href=\"https:\/\/www.diablofans.cz\/d2\/herni-postavy-paladin-skilly-combat-skills-holy-bolt\">Holy Bolt<\/a>, <a href=\"https:\/\/www.diablofans.cz\/d2\/herni-postavy-paladin-skilly-combat-skills-charge\">Charge<\/a>, <a href=\"https:\/\/www.diablofans.cz\/d2\/herni-postavy-paladin-skilly-combat-skills-blessed-hammer\">Blessed\u00a0Hammer<\/a><\/li>\n<li>Typ: O\u010darov\u00e1n\u00ed sebe<\/li>\n<li>Lev\u00e9 tla\u010d\u00edtko: Ne<\/li>\n<\/ul>\n<p class=\"zelena\">Holy Shield dost\u00e1v\u00e1 synergick\u00e9 bonusy ze skill\u016f:<\/p>\n<ul>\n<li><a href=\"https:\/\/www.diablofans.cz\/d2\/herni-postavy-paladin-skilly-defensive-auras-defiance\">Defiance<\/a>: +15\u00a0% k\u00a0obran\u011b za level<\/li>\n<\/ul>\n<p>S\u00a0dovednost\u00ed Svat\u00fd \u0161t\u00edt si Paladin zes\u00edl\u00ed schopnosti sv\u00e9ho \u0161t\u00edtu a je schopen l\u00e9pe vykr\u00fdvat nep\u0159\u00e1telsk\u00e9 \u00fatoky. Krom\u011b vy\u0161\u0161\u00ed obrany, je\u017e hrdinovi umo\u017en\u00ed l\u00e9pe se vyh\u00fdbat nep\u0159\u00e1telsk\u00fdm \u00fader\u016fm a st\u0159el\u00e1m, vylep\u0161uje jeho schopnost blokovat r\u00e1ny, kter\u00fdm se mu nepovede vyhnout. D\u00edky tomu je pak Paladin schopen l\u00e9pe p\u0159e\u017e\u00edvat pod n\u00e1porem hordy monster. Prvn\u00edch n\u011bkolik \u00farovn\u00ed je v\u0161ak velk\u00fdm probl\u00e9mem v\u00fddr\u017e tohoto o\u010darov\u00e1n\u00ed. Na vy\u0161\u0161\u00edch \u00farovn\u00edch je pak Svat\u00fd \u0161t\u00edt v\u00edtan\u00fdm dlouhodob\u00fdm pomocn\u00edkem.<\/p>\n<h3>Tabulka<\/h3>\n<ul>\n<li>Cena Many = 35\u00a0pro v\u0161echny \u00farovn\u011b<\/li>\n<li><a href=\"https:\/\/www.diablofans.cz\/d2\/vlastnosti-faster-block-rate\">Faster Block Rate<\/a> = +50\u00a0% pro v\u0161echny \u00farovn\u011b<\/li>\n<\/ul>\n<table>\n<thead>\n<tr>\n<th style=\"width:100px\">\u00darovn\u011b<\/th>\n<th style=\"width:40px\">1<\/th>\n<th style=\"width:40px\">2<\/th>\n<th style=\"width:40px\">3<\/th>\n<th style=\"width:40px\">4<\/th>\n<th style=\"width:40px\">5<\/th>\n<th style=\"width:40px\">6<\/th>\n<th style=\"width:40px\">7<\/th>\n<th style=\"width:40px\">8<\/th>\n<th style=\"width:40px\">9<\/th>\n<th style=\"width:40px\">10<\/th>\n<\/tr>\n<\/thead>\n<tbody>\n<tr>\n<td>+Obrana (%)<\/td>\n<td>25<\/td>\n<td>40<\/td>\n<td>55<\/td>\n<td>70<\/td>\n<td>85<\/td>\n<td>100<\/td>\n<td>115<\/td>\n<td>130<\/td>\n<td>145<\/td>\n<td>160<\/td>\n<\/tr>\n<tr>\n<td rowspan=\"2\">+DMG \u0161t\u00edtu<\/td>\n<td>3<\/td>\n<td>5<\/td>\n<td>7<\/td>\n<td>9<\/td>\n<td>11<\/td>\n<td>13<\/td>\n<td>15<\/td>\n<td>17<\/td>\n<td>20<\/td>\n<td>23<\/td>\n<\/tr>\n<tr>\n<td>6<\/td>\n<td>8<\/td>\n<td>10<\/td>\n<td>12<\/td>\n<td>14<\/td>\n<td>16<\/td>\n<td>18<\/td>\n<td>20<\/td>\n<td>23<\/td>\n<td>26<\/td>\n<\/tr>\n<tr>\n<td>+\u0160ance na blokov\u00e1n\u00ed (%)<\/td>\n<td>14<\/td>\n<td>18<\/td>\n<td>20<\/td>\n<td>23<\/td>\n<td>25<\/td>\n<td>26<\/td>\n<td>27<\/td>\n<td>28<\/td>\n<td>29<\/td>\n<td>30<\/td>\n<\/tr>\n<tr>\n<td>Trv\u00e1n\u00ed (s)<\/td>\n<td>30<\/td>\n<td>55<\/td>\n<td>80<\/td>\n<td>105<\/td>\n<td>130<\/td>\n<td>155<\/td>\n<td>180<\/td>\n<td>205<\/td>\n<td>230<\/td>\n<td>255<\/td>\n<\/tr>\n<tr>\n<th>\u00darovn\u011b<\/th>\n<th>11<\/th>\n<th>12<\/th>\n<th>13<\/th>\n<th>14<\/th>\n<th>15<\/th>\n<th>16<\/th>\n<th>17<\/th>\n<th>18<\/th>\n<th>19<\/th>\n<th>20<\/th>\n<\/tr>\n<tr>\n<td>+Obrana (%)<\/td>\n<td>175<\/td>\n<td>190<\/td>\n<td>205<\/td>\n<td>220<\/td>\n<td>235<\/td>\n<td>250<\/td>\n<td>265<\/td>\n<td>280<\/td>\n<td>295<\/td>\n<td>310<\/td>\n<\/tr>\n<tr>\n<td rowspan=\"2\">+DMG \u0161t\u00edtu<\/td>\n<td>26<\/td>\n<td>29<\/td>\n<td>32<\/td>\n<td>35<\/td>\n<td>38<\/td>\n<td>41<\/td>\n<td>45<\/td>\n<td>49<\/td>\n<td>53<\/td>\n<td>57<\/td>\n<\/tr>\n<tr>\n<td>29<\/td>\n<td>32<\/td>\n<td>35<\/td>\n<td>38<\/td>\n<td>41<\/td>\n<td>44<\/td>\n<td>48<\/td>\n<td>52<\/td>\n<td>56<\/td>\n<td>60<\/td>\n<\/tr>\n<tr>\n<td>+\u0160ance na blokov\u00e1n\u00ed (%)<\/td>\n<td>31<\/td>\n<td>31<\/td>\n<td>32<\/td>\n<td>33<\/td>\n<td>33<\/td>\n<td>34<\/td>\n<td>34<\/td>\n<td>34<\/td>\n<td>34<\/td>\n<td>35<\/td>\n<\/tr>\n<tr>\n<td>Trv\u00e1n\u00ed (s)<\/td>\n<td>280<\/td>\n<td>305<\/td>\n<td>330<\/td>\n<td>355<\/td>\n<td>380<\/td>\n<td>405<\/td>\n<td>430<\/td>\n<td>455<\/td>\n<td>480<\/td>\n<td>505<\/td>\n<\/tr>\n<\/tbody>\n<\/table>\n<table>\n<thead>\n<tr>\n<th style=\"width:100px\">\u00darovn\u011b<\/th>\n<th style=\"width:40px\">21<\/th>\n<th style=\"width:40px\">22<\/th>\n<th style=\"width:40px\">23<\/th>\n<th style=\"width:40px\">24<\/th>\n<th style=\"width:40px\">25<\/th>\n<th style=\"width:40px\">26<\/th>\n<th style=\"width:40px\">27<\/th>\n<th style=\"width:40px\">28<\/th>\n<th style=\"width:40px\">29<\/th>\n<th style=\"width:40px\">30<\/th>\n<\/tr>\n<\/thead>\n<tbody>\n<tr>\n<td>+Obrana (%)<\/td>\n<td>325<\/td>\n<td>340<\/td>\n<td>355<\/td>\n<td>370<\/td>\n<td>385<\/td>\n<td>400<\/td>\n<td>415<\/td>\n<td>430<\/td>\n<td>445<\/td>\n<td>460<\/td>\n<\/tr>\n<tr>\n<td rowspan=\"2\">+DMG \u0161t\u00edtu<\/td>\n<td>61<\/td>\n<td>65<\/td>\n<td>69<\/td>\n<td>73<\/td>\n<td>77<\/td>\n<td>81<\/td>\n<td>85<\/td>\n<td>89<\/td>\n<td>93<\/td>\n<td>97<\/td>\n<\/tr>\n<tr>\n<td>64<\/td>\n<td>68<\/td>\n<td>72<\/td>\n<td>76<\/td>\n<td>80<\/td>\n<td>84<\/td>\n<td>88<\/td>\n<td>92<\/td>\n<td>96<\/td>\n<td>100<\/td>\n<\/tr>\n<tr>\n<td>+\u0160ance na blokov\u00e1n\u00ed (%)<\/td>\n<td>35<\/td>\n<td>35<\/td>\n<td>36<\/td>\n<td>36<\/td>\n<td>36<\/td>\n<td>36<\/td>\n<td>37<\/td>\n<td>37<\/td>\n<td>37<\/td>\n<td>37<\/td>\n<\/tr>\n<tr>\n<td>Trv\u00e1n\u00ed (s)<\/td>\n<td>530<\/td>\n<td>555<\/td>\n<td>580<\/td>\n<td>605<\/td>\n<td>630<\/td>\n<td>655<\/td>\n<td>680<\/td>\n<td>705<\/td>\n<td>730<\/td>\n<td>755<\/td>\n<\/tr>\n<tr>\n<th>\u00darovn\u011b<\/th>\n<th>31<\/th>\n<th>32<\/th>\n<th>33<\/th>\n<th>34<\/th>\n<th>35<\/th>\n<th>36<\/th>\n<th>37<\/th>\n<th>38<\/th>\n<th>39<\/th>\n<th>40<\/th>\n<\/tr>\n<tr>\n<td>+Obrana (%)<\/td>\n<td>475<\/td>\n<td>490<\/td>\n<td>505<\/td>\n<td>520<\/td>\n<td>535<\/td>\n<td>550<\/td>\n<td>565<\/td>\n<td>580<\/td>\n<td>595<\/td>\n<td>610<\/td>\n<\/tr>\n<tr>\n<td rowspan=\"2\">+DMG \u0161t\u00edtu<\/td>\n<td>101<\/td>\n<td>105<\/td>\n<td>109<\/td>\n<td>113<\/td>\n<td>117<\/td>\n<td>121<\/td>\n<td>125<\/td>\n<td>129<\/td>\n<td>133<\/td>\n<td>137<\/td>\n<\/tr>\n<tr>\n<td>104<\/td>\n<td>108<\/td>\n<td>112<\/td>\n<td>116<\/td>\n<td>120<\/td>\n<td>124<\/td>\n<td>128<\/td>\n<td>132<\/td>\n<td>136<\/td>\n<td>140<\/td>\n<\/tr>\n<tr>\n<td>+\u0160ance na blokov\u00e1n\u00ed (%)<\/td>\n<td>37<\/td>\n<td>37<\/td>\n<td>37<\/td>\n<td>37<\/td>\n<td>37<\/td>\n<td>38<\/td>\n<td>38<\/td>\n<td>38<\/td>\n<td>38<\/td>\n<td>38<\/td>\n<\/tr>\n<tr>\n<td>Trv\u00e1n\u00ed (s)<\/td>\n<td>780<\/td>\n<td>805<\/td>\n<td>830<\/td>\n<td>855<\/td>\n<td>880<\/td>\n<td>905<\/td>\n<td>930<\/td>\n<td>955<\/td>\n<td>980<\/td>\n<td>1005<\/td>\n<\/tr>\n<\/tbody>\n<\/table>\n<p>Paladin na sv\u016fj \u0161t\u00edt vy\u010daruje siln\u011bj\u0161\u00ed obrannou auru. Jej\u00ed \u00farove\u0148 je nastavena v\u00a0moment\u011b vy\u010darov\u00e1n\u00ed.<\/p>\n<p>Polo\u017eka zvy\u0161uj\u00edc\u00ed obranu zvy\u0161uje celkovou obranu Paladina, ne jenom u\u00a0\u0161t\u00edtu.<\/p>\n<p>\u0160kody, je\u017e Svat\u00fd \u0161t\u00edt p\u0159id\u00e1v\u00e1 ke \u0161kod\u00e1m \u0161t\u00edtu p\u0159i pou\u017eit\u00ed skillu <a href=\"https:\/\/www.diablofans.cz\/d2\/herni-postavy-paladin-skilly-combat-skills-smite\">Smite<\/a>, jsou p\u0159id\u00e1ny je\u0161t\u011b p\u0159ed zapo\u010dten\u00edm procentn\u00edho bonusu ke \u0161kod\u011b. Proto se tento skill vyplat\u00ed budovat, kdy\u017e se Paladin soust\u0159e\u010fuje na \u00fatoky \u0161t\u00edtem.<\/p>\n<h3>V\u00fdpo\u010dty<\/h3>\n<ul>\n<li>+Obrana (%) = 10 + 15 * slvl\n<p>+\u0160ance na blokov\u00e1n\u00ed (%) = 10 + [0,3 * [(110 * slvl) \/ (slvl + 6)]] %, zaokrouhleno dol\u016f, maximum = 40\u00a0%.<\/p>\n<\/li>\n<li>Trv\u00e1n\u00ed (s) = 5 + 25 * slvl sekund<\/li>\n<li>+DMG \u0161t\u00edtu:<\/li>\n<\/ul>\n<table>\n<thead>\n<tr>\n<th>\u00darove\u0148<\/th>\n<th>1\u20138<\/th>\n<th>9\u201316<\/th>\n<th>17\u201322<\/th>\n<th>23\u201327<\/th>\n<th>28\u201399<\/th>\n<\/tr>\n<\/thead>\n<tbody>\n<tr>\n<td style=\"width:100px\">Min DMG<\/td>\n<td>2*slvl+1<\/td>\n<td>3*slvl\u00a0\u2013 7<\/td>\n<td colspan=\"3\">4*slvl\u00a0\u2013 23<\/td>\n<\/tr>\n<tr>\n<td style=\"width:100px\">Max DMG<\/td>\n<td>2*slvl+4<\/td>\n<td>3*slvl\u00a0\u2013 4<\/td>\n<td colspan=\"3\">4*slvl\u00a0\u2013 20<\/td>\n<\/tr>\n<\/tbody>\n<\/table>\n<p>(slvl = \u00farove\u0148 skillu)<\/p>\n<h3>V\u00fdskyt dovednosti<\/h3>\n<p><strong>N\u011bkter\u00e9 p\u0159edm\u011bty poskytuj\u00ed bonus k\u00a0tomuto skillu:<\/strong><\/p>\n<ul>\n<li>V\u0161echny p\u0159edm\u011bty typu <a href=\"https:\/\/www.diablofans.cz\/d2\/predmety-normal-scepters\">Scepter<\/a> (ilvl&gt;24): +1\u20133 to Holy Shield (Paladin Only) (varies)<\/li>\n<\/ul>\n<hr \/>\n<p><em>Pro Paladina je jeho \u0161t\u00edt symbolem v\u00edry. Ti obzvl\u00e1\u0161t\u011b zbo\u017en\u00ed Paladinov\u00e9 v\u0161ak dovedou svou v\u00edru p\u0159etavit v\u00a0pos\u00edlen\u00ed sv\u00e9ho \u0161t\u00edtu energi\u00ed svat\u00e9ho Sv\u011btla, kter\u00e9 vylep\u0161\u00ed obrann\u00e9 vlastnosti. \u010c\u00edm \u010dist\u0161\u00ed je v\u00edra, t\u00edm lep\u0161\u00ed je\u00a0\u0161t\u00edt.<\/em><\/p>\n<p style=\"text-align:center\">&#8212;\u00a0\u2014 &#8212;\u00a0\u2014 &#8212;\u00a0\u2014 &#8212;\u00a0\u2014 &#8212;\u00a0\u2014 &#8212;\u00a0\u2014 &#8212;\u00a0\u2014 &#8212;\u00a0\u2014 &#8212;\u00a0\u2014 &#8212;\u00a0\u2014 &#8212;\u00a0\u2014\u00a0&#8212;<\/p>\n<p style=\"text-align:center\"><a href=\"https:\/\/www.diablofans.cz\/d2\/herni-postavy-paladin-skilly-combat-skills\">\u00ab Zp\u011bt do sekce Hern\u00ed postavy\u00a0\u2013 Paladin\u00a0\u2013 Skilly\u00a0\u2013 Combat\u00a0Skills<\/a><\/p>\n<\/p><\/div>\n<p> <!-- by Texy2! --><\/p>\n","protected":false},"excerpt":{"rendered":"<p>Paladin\u00a0\u2013 Defensive Auras\u00a0\u2013 Offensive Auras\u00a0\u2013 Combat\u00a0Skills Sacrifice Smite Holy Bolt Zeal Charge Vengeance Blessed Hammer Conversion Holy Shield Fist of the Heavens Holy Shield Pot\u0159ebn\u00fd level: 24 Pot\u0159ebn\u00e9 skilly: Smite, Holy Bolt, Charge, Blessed\u00a0Hammer Typ: O\u010darov\u00e1n\u00ed sebe Lev\u00e9 tla\u010d\u00edtko: Ne Holy Shield dost\u00e1v\u00e1 synergick\u00e9 bonusy ze skill\u016f: Defiance: +15\u00a0% k\u00a0obran\u011b za level S\u00a0dovednost\u00ed Svat\u00fd \u0161t\u00edt [&#8230;]<\/p>\n<p><a class=\"btn btn-secondary understrap-read-more-link\" href=\"https:\/\/www.diablofans.cz\/d2\/herni-postavy-paladin-skilly-combat-skills-holy-shield\/\">\u010c\u00edst d\u00e1le&#8230;<span class=\"screen-reader-text\"> from Paladin &#8211; Skilly &#8211; Combat Skills &#8211; Holy Shield<\/span><\/a><\/p>\n","protected":false},"author":1,"featured_media":0,"parent":0,"menu_order":0,"comment_status":"open","ping_status":"open","template":"","meta":{"footnotes":""},"class_list":["post-3330","page","type-page","status-publish","hentry"],"_links":{"self":[{"href":"https:\/\/www.diablofans.cz\/d2\/wp-json\/wp\/v2\/pages\/3330","targetHints":{"allow":["GET"]}}],"collection":[{"href":"https:\/\/www.diablofans.cz\/d2\/wp-json\/wp\/v2\/pages"}],"about":[{"href":"https:\/\/www.diablofans.cz\/d2\/wp-json\/wp\/v2\/types\/page"}],"author":[{"embeddable":true,"href":"https:\/\/www.diablofans.cz\/d2\/wp-json\/wp\/v2\/users\/1"}],"replies":[{"embeddable":true,"href":"https:\/\/www.diablofans.cz\/d2\/wp-json\/wp\/v2\/comments?post=3330"}],"version-history":[{"count":0,"href":"https:\/\/www.diablofans.cz\/d2\/wp-json\/wp\/v2\/pages\/3330\/revisions"}],"wp:attachment":[{"href":"https:\/\/www.diablofans.cz\/d2\/wp-json\/wp\/v2\/media?parent=3330"}],"curies":[{"name":"wp","href":"https:\/\/api.w.org\/{rel}","templated":true}]}}