{"id":3336,"date":"2018-08-25T22:08:57","date_gmt":"2018-08-25T20:08:57","guid":{"rendered":"http:\/\/diablofans.ddev.site\/d2\/herni-postavy-paladin-skilly-offensive-auras-thorns\/"},"modified":"2018-08-25T22:08:57","modified_gmt":"2018-08-25T20:08:57","slug":"herni-postavy-paladin-skilly-offensive-auras-thorns","status":"publish","type":"page","link":"https:\/\/www.diablofans.cz\/d2\/herni-postavy-paladin-skilly-offensive-auras-thorns\/","title":{"rendered":"Paladin &#8211; Skilly &#8211; Offensive Auras &#8211; Thorns"},"content":{"rendered":"\n<div class=\"skilly\">\n<p style=\"text-align:center\"><a href=\"https:\/\/www.diablofans.cz\/d2\/herni-postavy-paladin\">Paladin<\/a>\u00a0\u2013 <a href=\"https:\/\/www.diablofans.cz\/d2\/herni-postavy-paladin-skilly-defensive-auras\">Defensive Auras<\/a>\u00a0\u2013 <strong><a href=\"https:\/\/www.diablofans.cz\/d2\/herni-postavy-paladin-skilly-offensive-auras\">Offensive Auras<\/a><\/strong>\u00a0\u2013 <a href=\"https:\/\/www.diablofans.cz\/d2\/herni-postavy-paladin-skilly-combat-skills\">Combat\u00a0Skills<\/a><\/p>\n<div style=\"float: right; width: 140px; \">\n<table>\n<tbody>\n<tr>\n<td><a href=\"https:\/\/www.diablofans.cz\/d2\/herni-postavy-paladin-skilly-offensive-auras-might\">Might<\/a><\/td>\n<\/tr>\n<tr>\n<td><a href=\"https:\/\/www.diablofans.cz\/d2\/herni-postavy-paladin-skilly-offensive-auras-holy-fire\">Holy Fire<\/a><\/td>\n<\/tr>\n<tr>\n<td><strong><a href=\"https:\/\/www.diablofans.cz\/d2\/herni-postavy-paladin-skilly-offensive-auras-thorns\">Thorns<\/a><\/strong><\/td>\n<\/tr>\n<tr>\n<td><a href=\"https:\/\/www.diablofans.cz\/d2\/herni-postavy-paladin-skilly-offensive-auras-blessed-aim\">Blessed Aim<\/a><\/td>\n<\/tr>\n<tr>\n<td><a href=\"https:\/\/www.diablofans.cz\/d2\/herni-postavy-paladin-skilly-offensive-auras-concentration\">Concentration<\/a><\/td>\n<\/tr>\n<tr>\n<td><a href=\"https:\/\/www.diablofans.cz\/d2\/herni-postavy-paladin-skilly-offensive-auras-holy-freeze\">Holy Freeze<\/a><\/td>\n<\/tr>\n<tr>\n<td><a href=\"https:\/\/www.diablofans.cz\/d2\/herni-postavy-paladin-skilly-offensive-auras-holy-shock\">Holy Shock<\/a><\/td>\n<\/tr>\n<tr>\n<td><a href=\"https:\/\/www.diablofans.cz\/d2\/herni-postavy-paladin-skilly-offensive-auras-sanctuary\">Sanctuary<\/a><\/td>\n<\/tr>\n<tr>\n<td><a href=\"https:\/\/www.diablofans.cz\/d2\/herni-postavy-paladin-skilly-offensive-auras-fanaticism\">Fanaticism<\/a><\/td>\n<\/tr>\n<tr>\n<td><a href=\"https:\/\/www.diablofans.cz\/d2\/herni-postavy-paladin-skilly-offensive-auras-conviction\">Conviction<\/a><\/td>\n<\/tr>\n<\/tbody>\n<\/table><\/div>\n<h3 style=\"clear:none\">Thorns<\/h3>\n<div><img loading=\"lazy\" decoding=\"async\" src=\"https:\/\/www.diablofans.cz\/d2\/wp-content\/uploads\/2018\/08\/thorns.jpg\" alt=\"Thorns\" class=\"img-left\" width=\"48\" height=\"48\" \/><\/div>\n<ul>\n<li>Pot\u0159ebn\u00fd level: 6<\/li>\n<li>Pot\u0159ebn\u00e9 skilly: \u017e\u00e1dn\u00e9<\/li>\n<li>Typ: Aura ovliv\u0148uj\u00edc\u00ed spojence<\/li>\n<li>Lev\u00e9 tla\u010d\u00edtko: Ne<\/li>\n<\/ul>\n<p>Trny je aura, kter\u00e1 m\u00e1 ten \u00fa\u010dinek, \u017ee vrac\u00ed nep\u0159\u00e1tel\u016fm n\u00e1sobky zran\u011bn\u00ed, je\u017e postav\u00e1m pod jej\u00edm vlivem ud\u011bl\u00ed. Ze za\u010d\u00e1tku je vskutku u\u017eite\u010dn\u00e1, ale v\u00a0obt\u00ed\u017enosti Hell u\u017e jej\u00ed v\u00fdznam nen\u00ed natolik velik\u00fd. P\u0159esto je velice \u00fa\u010dinn\u00e1, zejm\u00e9na proti nep\u0159\u00e1tel\u016fm se siln\u00fdm fyzick\u00fdm \u00fatokem. Naproti tomu nem\u00e1 v\u016fbec \u017e\u00e1dn\u00fd efekt proti monstr\u016fm \u00fato\u010d\u00edc\u00edm kouzly nebo st\u0159elami.<\/p>\n<p>Tato aura mohla v\u00a0prvn\u00edch verz\u00edch hry b\u00fdt tak\u00e9 jednou z\u00a0t\u011bch, je\u017e mohli m\u00edt <strong>Aura Enchanted<\/strong> bossov\u00e9. Proto\u017ee setk\u00e1n\u00ed s\u00a0takov\u00fdm bossem pro v\u011bt\u0161inu charakter\u016f znamenalo okam\u017eitou smrt, byla brzy po vyd\u00e1n\u00ed tato aura odstran\u011bna.<\/p>\n<p>Tuto auru t\u00e9\u017e m\u016f\u017ee pou\u017e\u00edvat ofenzivn\u00ed <a href=\"https:\/\/www.diablofans.cz\/d2\/zoldaci#lancer\">pou\u0161tn\u00ed \u017eoldn\u00e9\u0159<\/a>.<\/p>\n<h3>Tabulka<\/h3>\n<table>\n<thead>\n<tr>\n<th style=\"width:100px\">\u00darovn\u011b<\/th>\n<th style=\"width:40px\">1<\/th>\n<th style=\"width:40px\">2<\/th>\n<th style=\"width:40px\">3<\/th>\n<th style=\"width:40px\">4<\/th>\n<th style=\"width:40px\">5<\/th>\n<th style=\"width:40px\">6<\/th>\n<th style=\"width:40px\">7<\/th>\n<th style=\"width:40px\">8<\/th>\n<th style=\"width:40px\">9<\/th>\n<th style=\"width:40px\">10<\/th>\n<\/tr>\n<\/thead>\n<tbody>\n<tr>\n<td>DMG vr\u00e1ceno (%)<\/td>\n<td>250<\/td>\n<td>290<\/td>\n<td>330<\/td>\n<td>370<\/td>\n<td>410<\/td>\n<td>450<\/td>\n<td>490<\/td>\n<td>530<\/td>\n<td>570<\/td>\n<td>610<\/td>\n<\/tr>\n<tr>\n<td>Dosah (y)<\/td>\n<td>10,6<\/td>\n<td>12<\/td>\n<td>13,3<\/td>\n<td>14,6<\/td>\n<td>16<\/td>\n<td>17,3<\/td>\n<td>18,6<\/td>\n<td>20<\/td>\n<td>21,3<\/td>\n<td>22,6<\/td>\n<\/tr>\n<tr>\n<th>\u00darovn\u011b<\/th>\n<th>11<\/th>\n<th>12<\/th>\n<th>13<\/th>\n<th>14<\/th>\n<th>15<\/th>\n<th>16<\/th>\n<th>17<\/th>\n<th>18<\/th>\n<th>19<\/th>\n<th>20<\/th>\n<\/tr>\n<tr>\n<td>DMG vr\u00e1ceno (%)<\/td>\n<td>650<\/td>\n<td>690<\/td>\n<td>730<\/td>\n<td>770<\/td>\n<td>810<\/td>\n<td>850<\/td>\n<td>890<\/td>\n<td>930<\/td>\n<td>970<\/td>\n<td>1010<\/td>\n<\/tr>\n<tr>\n<td>Dosah (y)<\/td>\n<td>24<\/td>\n<td>25,3<\/td>\n<td>26,6<\/td>\n<td>28<\/td>\n<td>29,3<\/td>\n<td>30,6<\/td>\n<td>32<\/td>\n<td>33,3<\/td>\n<td>34,6<\/td>\n<td>36<\/td>\n<\/tr>\n<\/tbody>\n<\/table>\n<table>\n<thead>\n<tr>\n<th style=\"width:100px\">\u00darovn\u011b<\/th>\n<th style=\"width:40px\">21<\/th>\n<th style=\"width:40px\">22<\/th>\n<th style=\"width:40px\">23<\/th>\n<th style=\"width:40px\">24<\/th>\n<th style=\"width:40px\">25<\/th>\n<th style=\"width:40px\">26<\/th>\n<th style=\"width:40px\">27<\/th>\n<th style=\"width:40px\">28<\/th>\n<th style=\"width:40px\">29<\/th>\n<th style=\"width:40px\">30<\/th>\n<\/tr>\n<\/thead>\n<tbody>\n<tr>\n<td>DMG vr\u00e1ceno (%)<\/td>\n<td>1050<\/td>\n<td>1090<\/td>\n<td>1130<\/td>\n<td>1170<\/td>\n<td>1210<\/td>\n<td>1250<\/td>\n<td>1290<\/td>\n<td>1330<\/td>\n<td>1370<\/td>\n<td>1410<\/td>\n<\/tr>\n<tr>\n<td>Dosah (y)<\/td>\n<td>37,3<\/td>\n<td>38,6<\/td>\n<td>40<\/td>\n<td>41,3<\/td>\n<td>42,6<\/td>\n<td>44<\/td>\n<td>45,3<\/td>\n<td>46,6<\/td>\n<td>48<\/td>\n<td>49,3<\/td>\n<\/tr>\n<tr>\n<th>\u00darovn\u011b<\/th>\n<th>31<\/th>\n<th>32<\/th>\n<th>33<\/th>\n<th>34<\/th>\n<th>35<\/th>\n<th>36<\/th>\n<th>37<\/th>\n<th>38<\/th>\n<th>39<\/th>\n<th>40<\/th>\n<\/tr>\n<tr>\n<td>DMG vr\u00e1ceno (%)<\/td>\n<td>1450<\/td>\n<td>1490<\/td>\n<td>1530<\/td>\n<td>1570<\/td>\n<td>1610<\/td>\n<td>1650<\/td>\n<td>1690<\/td>\n<td>1730<\/td>\n<td>1770<\/td>\n<td>1810<\/td>\n<\/tr>\n<tr>\n<td>Dosah (y)<\/td>\n<td>50,6<\/td>\n<td>52<\/td>\n<td>53,3<\/td>\n<td>54,6<\/td>\n<td>56<\/td>\n<td>57,3<\/td>\n<td>58,6<\/td>\n<td>60<\/td>\n<td>61,3<\/td>\n<td>62,6<\/td>\n<\/tr>\n<\/tbody>\n<\/table>\n<p>Aura vr\u00e1t\u00ed \u0161kody pouze t\u011bm monstr\u016fm, je\u017e za\u00fato\u010d\u00ed fyzick\u00fdm \u00fatokem zbl\u00edzka a \u00fasp\u011b\u0161n\u011b ud\u011bl\u00ed\u00a0\u0161kody.<\/p>\n<p>Vr\u00e1cen\u00e9 \u0161kody jsou vypo\u010d\u00edtan\u00e9 z\u00a0kone\u010dn\u00e9 \u0161kody, kterou nep\u0159\u00edtel postav\u011b ud\u011bl\u00ed. Snahy o\u00a0<a href=\"https:\/\/www.diablofans.cz\/d2\/vlastnosti-damage-reduced-by\">redukci \u0161kod procenty<\/a> nebo jednotkami \u00fa\u010dinek aury sn\u00ed\u017e\u00ed nebo \u00fapln\u011b vyru\u0161\u00ed. Nep\u0159\u00e1tele odoln\u00ed v\u016f\u010di fyzick\u00fdm \u00fatok\u016fm budou touto aurou zra\u0148ov\u00e1ni m\u00e9n\u011b, zat\u00edmco imunn\u00ed nep\u0159\u00e1tel\u00e9 nebudou po\u0161kozen\u00ed\u00a0v\u016fbec.<\/p>\n<p>Zv\u00fd\u0161en\u00ed \u0161kod nep\u0159\u00e1tel, nap\u0159. prost\u0159ednictv\u00edm kletby <a href=\"https:\/\/www.diablofans.cz\/d2\/herni-postavy-necromancer-skilly-curses-amplify-damage\">Amplify Damage<\/a> nad hlavou postavy, zv\u00fd\u0161\u00ed i\u00a0\u0161kody vr\u00e1cen\u00e9 nep\u0159\u00edteli.<\/p>\n<p><span style=\"color: #ffff20;\"><a href=\"https:\/\/www.diablofans.cz\/d2\/herni-postavy-necromancer-skilly-curses-amplify-damage\">Amplify Damage<\/a> nad hlavou nep\u0159\u00edtele zv\u00fd\u0161\u00ed vr\u00e1cen\u00e9 \u0161kody nep\u0159\u00edteli tak\u00e9!<\/span> Pokud maj\u00ed nad sebou kletbu oba, m\u016f\u017ee b\u00fdt tato aura a\u017e \u010dty\u0159n\u00e1sobn\u011b \u00fa\u010dinn\u00e1.<\/p>\n<p>Vr\u00e1cen\u00e1 \u0161koda je sn\u00ed\u017eena na 1\/8 sv\u00e9 hodnoty, pokud je \u00fato\u010dn\u00edkem nep\u0159\u00e1telsk\u00fd hrdina nebo jeho \u017eoldn\u00e9\u0159.<\/p>\n<h3>V\u00fdpo\u010dty<\/h3>\n<ul>\n<li>DMG vr\u00e1ceno (%) = 210 + 40 * slvl %<\/li>\n<li>Dosah (y) = (28 + (4 * slvl)) \/ 3\u00a0yard\u016f<\/li>\n<\/ul>\n<p>(slvl = \u00farove\u0148 skillu)<\/p>\n<h3>V\u00fdskyt dovednosti<\/h3>\n<p><strong>N\u011bkter\u00e9 p\u0159edm\u011bty poskytuj\u00ed bonus k\u00a0tomuto skillu:<\/strong><\/p>\n<ul>\n<li>V\u0161echny p\u0159edm\u011bty typu <a href=\"https:\/\/www.diablofans.cz\/d2\/predmety-normal-scepters\">Scepter<\/a> (ilvl&lt;37): +1\u20133 to Thorns (Paladin Only) (varies)<\/li>\n<li><a href=\"https:\/\/www.diablofans.cz\/d2\/predmety-unique-normal-scepters\">Rusthandle Grand Scepter<\/a>: +3\u00a0to Thorns (Paladin\u00a0Only)<\/li>\n<\/ul>\n<p><strong>N\u011bkter\u00e9 p\u0159edm\u011bty spou\u0161t\u00ed tento skill:<\/strong><\/p>\n<ul>\n<li><a href=\"https:\/\/www.diablofans.cz\/d2\/runova-slova-1-10#realmova\">Edge<\/a> luk\/ku\u0161e: Level 15\u00a0Thorns Aura When Equipped<\/li>\n<li><a href=\"https:\/\/www.diablofans.cz\/d2\/runova-slova-1-10\">Bramble<\/a> brn\u011bn\u00ed: Level 15\u201321 Thorns Aura When Equipped (varies)<\/li>\n<\/ul>\n<hr \/>\n<p><em>Oko za oko, zub za zub, n\u011bkdy ani to nesta\u010d\u00ed. Ti, kte\u0159\u00ed se jen opov\u00e1\u017e\u00ed vzt\u00e1hnout ruku na vyslance Sv\u011btla, by rad\u011bji m\u011bli br\u00e1t v\u00e1\u017en\u011b varov\u00e1n\u00ed, \u017ee odplata bude rychl\u00e1 a r\u00e1zn\u00e1. Svou s\u00edlu \u00fatoku poc\u00edt\u00ed \u00fato\u010dn\u00edk na vlastn\u00ed k\u016f\u017ei ston\u00e1sob!<\/em><\/p>\n<p style=\"text-align:center\">&#8212;\u00a0\u2014 &#8212;\u00a0\u2014 &#8212;\u00a0\u2014 &#8212;\u00a0\u2014 &#8212;\u00a0\u2014 &#8212;\u00a0\u2014 &#8212;\u00a0\u2014 &#8212;\u00a0\u2014 &#8212;\u00a0\u2014 &#8212;\u00a0\u2014 &#8212;\u00a0\u2014\u00a0&#8212;<\/p>\n<p style=\"text-align:center\"><a href=\"https:\/\/www.diablofans.cz\/d2\/herni-postavy-paladin-skilly-offensive-auras\">\u00ab Zp\u011bt do sekce Hern\u00ed postavy\u00a0\u2013 Paladin\u00a0\u2013 Skilly\u00a0\u2013 Offensive\u00a0Auras<\/a><\/p>\n<\/p><\/div>\n<p> <!-- by Texy2! --><\/p>\n","protected":false},"excerpt":{"rendered":"<p>Paladin\u00a0\u2013 Defensive Auras\u00a0\u2013 Offensive Auras\u00a0\u2013 Combat\u00a0Skills Might Holy Fire Thorns Blessed Aim Concentration Holy Freeze Holy Shock Sanctuary Fanaticism Conviction Thorns Pot\u0159ebn\u00fd level: 6 Pot\u0159ebn\u00e9 skilly: \u017e\u00e1dn\u00e9 Typ: Aura ovliv\u0148uj\u00edc\u00ed spojence Lev\u00e9 tla\u010d\u00edtko: Ne Trny je aura, kter\u00e1 m\u00e1 ten \u00fa\u010dinek, \u017ee vrac\u00ed nep\u0159\u00e1tel\u016fm n\u00e1sobky zran\u011bn\u00ed, je\u017e postav\u00e1m pod jej\u00edm vlivem ud\u011bl\u00ed. Ze za\u010d\u00e1tku je [&#8230;]<\/p>\n<p><a class=\"btn btn-secondary understrap-read-more-link\" href=\"https:\/\/www.diablofans.cz\/d2\/herni-postavy-paladin-skilly-offensive-auras-thorns\/\">\u010c\u00edst d\u00e1le&#8230;<span class=\"screen-reader-text\"> from Paladin &#8211; Skilly &#8211; Offensive Auras &#8211; Thorns<\/span><\/a><\/p>\n","protected":false},"author":1,"featured_media":0,"parent":0,"menu_order":0,"comment_status":"open","ping_status":"open","template":"","meta":{"footnotes":""},"class_list":["post-3336","page","type-page","status-publish","hentry"],"_links":{"self":[{"href":"https:\/\/www.diablofans.cz\/d2\/wp-json\/wp\/v2\/pages\/3336","targetHints":{"allow":["GET"]}}],"collection":[{"href":"https:\/\/www.diablofans.cz\/d2\/wp-json\/wp\/v2\/pages"}],"about":[{"href":"https:\/\/www.diablofans.cz\/d2\/wp-json\/wp\/v2\/types\/page"}],"author":[{"embeddable":true,"href":"https:\/\/www.diablofans.cz\/d2\/wp-json\/wp\/v2\/users\/1"}],"replies":[{"embeddable":true,"href":"https:\/\/www.diablofans.cz\/d2\/wp-json\/wp\/v2\/comments?post=3336"}],"version-history":[{"count":0,"href":"https:\/\/www.diablofans.cz\/d2\/wp-json\/wp\/v2\/pages\/3336\/revisions"}],"wp:attachment":[{"href":"https:\/\/www.diablofans.cz\/d2\/wp-json\/wp\/v2\/media?parent=3336"}],"curies":[{"name":"wp","href":"https:\/\/api.w.org\/{rel}","templated":true}]}}