{"id":3346,"date":"2018-08-25T22:08:58","date_gmt":"2018-08-25T20:08:58","guid":{"rendered":"http:\/\/diablofans.ddev.site\/d2\/herni-postavy-paladin-skilly-defensive-auras-resist-fire\/"},"modified":"2018-08-25T22:08:58","modified_gmt":"2018-08-25T20:08:58","slug":"herni-postavy-paladin-skilly-defensive-auras-resist-fire","status":"publish","type":"page","link":"https:\/\/www.diablofans.cz\/d2\/herni-postavy-paladin-skilly-defensive-auras-resist-fire\/","title":{"rendered":"Paladin &#8211; Skilly &#8211; Defensive Auras &#8211; Resist Fire"},"content":{"rendered":"\n<div class=\"skilly\">\n<p style=\"text-align:center\"><a href=\"https:\/\/www.diablofans.cz\/d2\/herni-postavy-paladin\">Paladin<\/a>\u00a0\u2013 <strong><a href=\"https:\/\/www.diablofans.cz\/d2\/herni-postavy-paladin-skilly-defensive-auras\">Defensive Auras<\/a><\/strong>\u00a0\u2013 <a href=\"https:\/\/www.diablofans.cz\/d2\/herni-postavy-paladin-skilly-offensive-auras\">Offensive Auras<\/a>\u00a0\u2013 <a href=\"https:\/\/www.diablofans.cz\/d2\/herni-postavy-paladin-skilly-combat-skills\">Combat\u00a0Skills<\/a><\/p>\n<div style=\"float: right; width: 150px; \">\n<table>\n<tbody>\n<tr>\n<td><a href=\"https:\/\/www.diablofans.cz\/d2\/herni-postavy-paladin-skilly-defensive-auras-prayer\">Prayer<\/a><\/td>\n<\/tr>\n<tr>\n<td><strong><a href=\"https:\/\/www.diablofans.cz\/d2\/herni-postavy-paladin-skilly-defensive-auras-resist-fire\">Resist Fire<\/a><\/strong><\/td>\n<\/tr>\n<tr>\n<td><a href=\"https:\/\/www.diablofans.cz\/d2\/herni-postavy-paladin-skilly-defensive-auras-defiance\">Defiance<\/a><\/td>\n<\/tr>\n<tr>\n<td><a href=\"https:\/\/www.diablofans.cz\/d2\/herni-postavy-paladin-skilly-defensive-auras-resist-cold\">Resist Cold<\/a><\/td>\n<\/tr>\n<tr>\n<td><a href=\"https:\/\/www.diablofans.cz\/d2\/herni-postavy-paladin-skilly-defensive-auras-cleansing\">Cleansing<\/a><\/td>\n<\/tr>\n<tr>\n<td><a href=\"https:\/\/www.diablofans.cz\/d2\/herni-postavy-paladin-skilly-defensive-auras-resist-lightning\">Resist Lightning<\/a><\/td>\n<\/tr>\n<tr>\n<td><a href=\"https:\/\/www.diablofans.cz\/d2\/herni-postavy-paladin-skilly-defensive-auras-vigor\">Vigor<\/a><\/td>\n<\/tr>\n<tr>\n<td><a href=\"https:\/\/www.diablofans.cz\/d2\/herni-postavy-paladin-skilly-defensive-auras-meditation\">Meditation<\/a><\/td>\n<\/tr>\n<tr>\n<td><a href=\"https:\/\/www.diablofans.cz\/d2\/herni-postavy-paladin-skilly-defensive-auras-redemption\">Redemption<\/a><\/td>\n<\/tr>\n<tr>\n<td><a href=\"https:\/\/www.diablofans.cz\/d2\/herni-postavy-paladin-skilly-defensive-auras-salvation\">Salvation<\/a><\/td>\n<\/tr>\n<\/tbody>\n<\/table><\/div>\n<h3 style=\"clear:none\">Resist Fire<\/h3>\n<div><img loading=\"lazy\" decoding=\"async\" src=\"https:\/\/www.diablofans.cz\/d2\/wp-content\/uploads\/2018\/08\/resistfire.jpg\" alt=\"Resist Fire\" class=\"img-left\" width=\"48\" height=\"48\" \/><\/div>\n<ul>\n<li>Pot\u0159ebn\u00fd level: 1<\/li>\n<li>Pot\u0159ebn\u00e9 skilly: \u017e\u00e1dn\u00e9<\/li>\n<li>Typ: Aura ovliv\u0148uj\u00edc\u00ed spojence<\/li>\n<li>Lev\u00e9 tla\u010d\u00edtko: Ne<\/li>\n<\/ul>\n<p>Aura odolnosti v\u016f\u010di ohni zv\u00fd\u0161\u00ed rezistence proti tomuto elementu Paladinovi i\u00a0v\u0161em \u010dlen\u016fm jeho dru\u017einy v\u00a0dosahu. Hod\u00ed se kdykoliv, kdy\u017e mus\u00ed \u010delit prudk\u00e9mu n\u00e1valu nep\u0159\u00e1tel u\u017e\u00edvaj\u00edc\u00edch ohniv\u00e9 \u00fatoky, zat\u00edmco postavy samotn\u00e9 odoln\u00e9 nejsou. Je velice u\u017eite\u010dn\u00e1 jako startovn\u00ed aura, pozd\u011bji bude zcela zast\u00edn\u011bna v\u0161estrann\u011bj\u0161\u00ed\u00a0aurou.<\/p>\n<p>To ov\u0161em neznamen\u00e1, \u017ee se neuplatn\u00ed i\u00a0v\u00a0pozd\u011bj\u0161\u00edch f\u00e1z\u00edch hry u\u00a0n\u011bkter\u00fdch specializovan\u00fdch postav. Paladin v\u0161ak vyu\u017e\u00edv\u00e1 v\u00fdhody zv\u00fd\u0161en\u00e9ho limitu maxim\u00e1ln\u00ed odolnosti i\u00a0jen za pouh\u00e9 investov\u00e1n\u00ed do t\u00e9to dovednosti, ani\u017e by auru musel pou\u017e\u00edvat.<\/p>\n<h3>Tabulka<\/h3>\n<table>\n<thead>\n<tr>\n<th style=\"width:100px\">\u00darovn\u011b<\/th>\n<th style=\"width:40px\">1<\/th>\n<th style=\"width:40px\">2<\/th>\n<th style=\"width:40px\">3<\/th>\n<th style=\"width:40px\">4<\/th>\n<th style=\"width:40px\">5<\/th>\n<th style=\"width:40px\">6<\/th>\n<th style=\"width:40px\">7<\/th>\n<th style=\"width:40px\">8<\/th>\n<th style=\"width:40px\">9<\/th>\n<th style=\"width:40px\">10<\/th>\n<\/tr>\n<\/thead>\n<tbody>\n<tr>\n<td>+Fire Resist<\/td>\n<td>52<\/td>\n<td>66<\/td>\n<td>76<\/td>\n<td>85<\/td>\n<td>92<\/td>\n<td>98<\/td>\n<td>102<\/td>\n<td>106<\/td>\n<td>110<\/td>\n<td>113<\/td>\n<\/tr>\n<tr>\n<td>+Max FR (aktivn\u00ed)<\/td>\n<td>1<\/td>\n<td>2<\/td>\n<td>3<\/td>\n<td>4<\/td>\n<td>5<\/td>\n<td>6<\/td>\n<td>7<\/td>\n<td>8<\/td>\n<td>9<\/td>\n<td>10<\/td>\n<\/tr>\n<tr>\n<td>+Max FR (pasivn\u00ed)<\/td>\n<td>0<\/td>\n<td>1<\/td>\n<td>1<\/td>\n<td>2<\/td>\n<td>2<\/td>\n<td>3<\/td>\n<td>3<\/td>\n<td>4<\/td>\n<td>4<\/td>\n<td>5<\/td>\n<\/tr>\n<tr>\n<td>Dosah (y)<\/td>\n<td>10,6<\/td>\n<td>12<\/td>\n<td>13,3<\/td>\n<td>14,6<\/td>\n<td>16<\/td>\n<td>17,3<\/td>\n<td>18,6<\/td>\n<td>20<\/td>\n<td>21,3<\/td>\n<td>22,6<\/td>\n<\/tr>\n<tr>\n<th>\u00darovn\u011b<\/th>\n<th>11<\/th>\n<th>12<\/th>\n<th>13<\/th>\n<th>14<\/th>\n<th>15<\/th>\n<th>16<\/th>\n<th>17<\/th>\n<th>18<\/th>\n<th>19<\/th>\n<th>20<\/th>\n<\/tr>\n<tr>\n<td>+Fire Resist<\/td>\n<td>116<\/td>\n<td>118<\/td>\n<td>121<\/td>\n<td>123<\/td>\n<td>124<\/td>\n<td>127<\/td>\n<td>128<\/td>\n<td>129<\/td>\n<td>130<\/td>\n<td>131<\/td>\n<\/tr>\n<tr>\n<td>+Max FR (aktivn\u00ed)<\/td>\n<td>11<\/td>\n<td>12<\/td>\n<td>13<\/td>\n<td>14<\/td>\n<td>15<\/td>\n<td>16<\/td>\n<td>17<\/td>\n<td>18<\/td>\n<td>19<\/td>\n<td>20<\/td>\n<\/tr>\n<tr>\n<td>+Max FR (pasivn\u00ed)<\/td>\n<td>5<\/td>\n<td>6<\/td>\n<td>6<\/td>\n<td>7<\/td>\n<td>7<\/td>\n<td>8<\/td>\n<td>8<\/td>\n<td>9<\/td>\n<td>9<\/td>\n<td>10<\/td>\n<\/tr>\n<tr>\n<td>Dosah (y)<\/td>\n<td>24<\/td>\n<td>25,3<\/td>\n<td>26,6<\/td>\n<td>28<\/td>\n<td>29,3<\/td>\n<td>30,6<\/td>\n<td>32<\/td>\n<td>33,3<\/td>\n<td>34,6<\/td>\n<td>36<\/td>\n<\/tr>\n<\/tbody>\n<\/table>\n<table>\n<thead>\n<tr>\n<th style=\"width:100px\">\u00darovn\u011b<\/th>\n<th style=\"width:40px\">21<\/th>\n<th style=\"width:40px\">22<\/th>\n<th style=\"width:40px\">23<\/th>\n<th style=\"width:40px\">24<\/th>\n<th style=\"width:40px\">25<\/th>\n<th style=\"width:40px\">26<\/th>\n<th style=\"width:40px\">27<\/th>\n<th style=\"width:40px\">28<\/th>\n<th style=\"width:40px\">29<\/th>\n<th style=\"width:40px\">30<\/th>\n<\/tr>\n<\/thead>\n<tbody>\n<tr>\n<td>+Fire Resist<\/td>\n<td>132<\/td>\n<td>133<\/td>\n<td>135<\/td>\n<td>136<\/td>\n<td>136<\/td>\n<td>137<\/td>\n<td>138<\/td>\n<td>138<\/td>\n<td>139<\/td>\n<td>139<\/td>\n<\/tr>\n<tr>\n<td>+Max FR (aktivn\u00ed)<\/td>\n<td>20<\/td>\n<td>20<\/td>\n<td>20<\/td>\n<td>20<\/td>\n<td>20<\/td>\n<td>20<\/td>\n<td>20<\/td>\n<td>20<\/td>\n<td>20<\/td>\n<td>20<\/td>\n<\/tr>\n<tr>\n<td>+Max FR (pasivn\u00ed)<\/td>\n<td>10<\/td>\n<td>10<\/td>\n<td>10<\/td>\n<td>10<\/td>\n<td>10<\/td>\n<td>10<\/td>\n<td>10<\/td>\n<td>10<\/td>\n<td>10<\/td>\n<td>10<\/td>\n<\/tr>\n<tr>\n<td>Dosah (y)<\/td>\n<td>37,3<\/td>\n<td>38,6<\/td>\n<td>40<\/td>\n<td>41,3<\/td>\n<td>42,6<\/td>\n<td>44<\/td>\n<td>45,3<\/td>\n<td>46,6<\/td>\n<td>48<\/td>\n<td>49,3<\/td>\n<\/tr>\n<tr>\n<th>\u00darovn\u011b<\/th>\n<th>31<\/th>\n<th>32<\/th>\n<th>33<\/th>\n<th>34<\/th>\n<th>35<\/th>\n<th>36<\/th>\n<th>37<\/th>\n<th>38<\/th>\n<th>39<\/th>\n<th>40<\/th>\n<\/tr>\n<tr>\n<td>+Fire Resist<\/td>\n<td>140<\/td>\n<td>140<\/td>\n<td>141<\/td>\n<td>141<\/td>\n<td>141<\/td>\n<td>143<\/td>\n<td>143<\/td>\n<td>144<\/td>\n<td>144<\/td>\n<td>144<\/td>\n<\/tr>\n<tr>\n<td>+Max FR (aktivn\u00ed)<\/td>\n<td>20<\/td>\n<td>20<\/td>\n<td>20<\/td>\n<td>20<\/td>\n<td>20<\/td>\n<td>20<\/td>\n<td>20<\/td>\n<td>20<\/td>\n<td>20<\/td>\n<td>20<\/td>\n<\/tr>\n<tr>\n<td>+Max FR (pasivn\u00ed)<\/td>\n<td>10<\/td>\n<td>10<\/td>\n<td>10<\/td>\n<td>10<\/td>\n<td>10<\/td>\n<td>10<\/td>\n<td>10<\/td>\n<td>10<\/td>\n<td>10<\/td>\n<td>10<\/td>\n<\/tr>\n<tr>\n<td>Dosah (y)<\/td>\n<td>50,6<\/td>\n<td>52<\/td>\n<td>53,3<\/td>\n<td>54,6<\/td>\n<td>56<\/td>\n<td>57,3<\/td>\n<td>58,6<\/td>\n<td>60<\/td>\n<td>61,3<\/td>\n<td>62,6<\/td>\n<\/tr>\n<\/tbody>\n<\/table>\n<p>Aura p\u0159id\u00e1 Paladinovi i\u00a0v\u0161em v\u00a0okol\u00ed ohniv\u00e9 rezistence a bonus k\u00a0maximu ohniv\u00fdch rezistenc\u00ed. M\u016f\u017ee trvat a\u017e dv\u011b sekundy, ne\u017e se u\u00a0v\u0161ech aktivuje.<\/p>\n<p>Kdy\u017e je aura deaktivov\u00e1na, dost\u00e1v\u00e1 z\u00a0n\u00ed Paladin pasivn\u00ed bonus ve form\u011b polovi\u010dn\u00edho mno\u017estv\u00ed k\u00a0maximu ohniv\u00fdch rezistenc\u00ed, ne\u017e m\u00e1 p\u0159i aktivn\u00ed\u00a0au\u0159e.<\/p>\n<p>Pasivn\u00ed bonus se nepo\u010d\u00edt\u00e1, pokud je aura aktivn\u00ed.<\/p>\n<h3>V\u00fdpo\u010dty<\/h3>\n<ul>\n<li>+Fire Resist = 35 + [1,15 * [(110 * slvl) \/ (slvl + 6)]], hranat\u00e9 z\u00e1vorky zaokrouhleny dol\u016f, maximum =\u00a0150<\/li>\n<li>+Max FR (aktivn\u00ed) = slvl, maximum = 20<\/li>\n<li>+Max FR (pasivn\u00ed) = slvl\/2, zaokrouhleno dol\u016f, maximum =\u00a010<\/li>\n<li>Dosah (y) = (28 + (4 * slvl)) \/ 3\u00a0yard\u016f<\/li>\n<\/ul>\n<p>(slvl = \u00farove\u0148 skillu)<\/p>\n<h3>V\u00fdskyt dovednosti<\/h3>\n<p><strong>N\u011bkter\u00e9 p\u0159edm\u011bty poskytuj\u00ed bonus k\u00a0tomuto skillu:<\/strong><\/p>\n<ul>\n<li>V\u0161echny p\u0159edm\u011bty typu <a href=\"https:\/\/www.diablofans.cz\/d2\/predmety-normal-scepters\">Scepter<\/a> (ilvl&lt;25): +1\u20133 to Resist Fire (Paladin Only) (varies)<\/li>\n<\/ul>\n<hr \/>\n<p><em>Horliv\u00fd slu\u017eebn\u00edk Sv\u011btla se m\u016f\u017ee brodit v\u00a0ohniv\u00e9 \u0159ece a c\u00edtit p\u0159i tom jen uklid\u0148uj\u00edc\u00ed teplo p\u0159esv\u011bd\u010den\u00ed, vyvolan\u00e9 hlubokou oddanost\u00ed Sv\u011btlu. Paladin tak vydr\u017e\u00ed ni\u010divou s\u00edlu b\u011bsn\u00edc\u00edho ohn\u011b, pokud je jeho zbo\u017enost dostate\u010dn\u011b velik\u00e1.<\/em><\/p>\n<p style=\"text-align:center\">&#8212;\u00a0\u2014 &#8212;\u00a0\u2014 &#8212;\u00a0\u2014 &#8212;\u00a0\u2014 &#8212;\u00a0\u2014 &#8212;\u00a0\u2014 &#8212;\u00a0\u2014 &#8212;\u00a0\u2014 &#8212;\u00a0\u2014 &#8212;\u00a0\u2014 &#8212;\u00a0\u2014\u00a0&#8212;<\/p>\n<p style=\"text-align:center\"><a href=\"https:\/\/www.diablofans.cz\/d2\/herni-postavy-paladin-skilly-defensive-auras\">\u00ab Zp\u011bt do sekce Hern\u00ed postavy\u00a0\u2013 Paladin\u00a0\u2013 Skilly\u00a0\u2013 Defensive\u00a0Auras<\/a><\/p>\n<\/p><\/div>\n<p> <!-- by Texy2! --><\/p>\n","protected":false},"excerpt":{"rendered":"<p>Paladin\u00a0\u2013 Defensive Auras\u00a0\u2013 Offensive Auras\u00a0\u2013 Combat\u00a0Skills Prayer Resist Fire Defiance Resist Cold Cleansing Resist Lightning Vigor Meditation Redemption Salvation Resist Fire Pot\u0159ebn\u00fd level: 1 Pot\u0159ebn\u00e9 skilly: \u017e\u00e1dn\u00e9 Typ: Aura ovliv\u0148uj\u00edc\u00ed spojence Lev\u00e9 tla\u010d\u00edtko: Ne Aura odolnosti v\u016f\u010di ohni zv\u00fd\u0161\u00ed rezistence proti tomuto elementu Paladinovi i\u00a0v\u0161em \u010dlen\u016fm jeho dru\u017einy v\u00a0dosahu. Hod\u00ed se kdykoliv, kdy\u017e mus\u00ed \u010delit [&#8230;]<\/p>\n<p><a class=\"btn btn-secondary understrap-read-more-link\" href=\"https:\/\/www.diablofans.cz\/d2\/herni-postavy-paladin-skilly-defensive-auras-resist-fire\/\">\u010c\u00edst d\u00e1le&#8230;<span class=\"screen-reader-text\"> from Paladin &#8211; Skilly &#8211; Defensive Auras &#8211; Resist Fire<\/span><\/a><\/p>\n","protected":false},"author":1,"featured_media":0,"parent":0,"menu_order":0,"comment_status":"open","ping_status":"open","template":"","meta":{"footnotes":""},"class_list":["post-3346","page","type-page","status-publish","hentry"],"_links":{"self":[{"href":"https:\/\/www.diablofans.cz\/d2\/wp-json\/wp\/v2\/pages\/3346","targetHints":{"allow":["GET"]}}],"collection":[{"href":"https:\/\/www.diablofans.cz\/d2\/wp-json\/wp\/v2\/pages"}],"about":[{"href":"https:\/\/www.diablofans.cz\/d2\/wp-json\/wp\/v2\/types\/page"}],"author":[{"embeddable":true,"href":"https:\/\/www.diablofans.cz\/d2\/wp-json\/wp\/v2\/users\/1"}],"replies":[{"embeddable":true,"href":"https:\/\/www.diablofans.cz\/d2\/wp-json\/wp\/v2\/comments?post=3346"}],"version-history":[{"count":0,"href":"https:\/\/www.diablofans.cz\/d2\/wp-json\/wp\/v2\/pages\/3346\/revisions"}],"wp:attachment":[{"href":"https:\/\/www.diablofans.cz\/d2\/wp-json\/wp\/v2\/media?parent=3346"}],"curies":[{"name":"wp","href":"https:\/\/api.w.org\/{rel}","templated":true}]}}