{"id":3351,"date":"2018-08-25T22:08:58","date_gmt":"2018-08-25T20:08:58","guid":{"rendered":"http:\/\/diablofans.ddev.site\/d2\/herni-postavy-paladin-skilly-defensive-auras-vigor\/"},"modified":"2018-08-25T22:08:58","modified_gmt":"2018-08-25T20:08:58","slug":"herni-postavy-paladin-skilly-defensive-auras-vigor","status":"publish","type":"page","link":"https:\/\/www.diablofans.cz\/d2\/herni-postavy-paladin-skilly-defensive-auras-vigor\/","title":{"rendered":"Paladin &#8211; Skilly &#8211; Defensive Auras &#8211; Vigor"},"content":{"rendered":"\n<div class=\"skilly\">\n<p style=\"text-align:center\"><a href=\"https:\/\/www.diablofans.cz\/d2\/herni-postavy-paladin\">Paladin<\/a>\u00a0\u2013 <strong><a href=\"https:\/\/www.diablofans.cz\/d2\/herni-postavy-paladin-skilly-defensive-auras\">Defensive Auras<\/a><\/strong>\u00a0\u2013 <a href=\"https:\/\/www.diablofans.cz\/d2\/herni-postavy-paladin-skilly-offensive-auras\">Offensive Auras<\/a>\u00a0\u2013 <a href=\"https:\/\/www.diablofans.cz\/d2\/herni-postavy-paladin-skilly-combat-skills\">Combat\u00a0Skills<\/a><\/p>\n<div style=\"float: right; width: 150px; \">\n<table>\n<tbody>\n<tr>\n<td><a href=\"https:\/\/www.diablofans.cz\/d2\/herni-postavy-paladin-skilly-defensive-auras-prayer\">Prayer<\/a><\/td>\n<\/tr>\n<tr>\n<td><a href=\"https:\/\/www.diablofans.cz\/d2\/herni-postavy-paladin-skilly-defensive-auras-resist-fire\">Resist Fire<\/a><\/td>\n<\/tr>\n<tr>\n<td><a href=\"https:\/\/www.diablofans.cz\/d2\/herni-postavy-paladin-skilly-defensive-auras-defiance\">Defiance<\/a><\/td>\n<\/tr>\n<tr>\n<td><a href=\"https:\/\/www.diablofans.cz\/d2\/herni-postavy-paladin-skilly-defensive-auras-resist-cold\">Resist Cold<\/a><\/td>\n<\/tr>\n<tr>\n<td><a href=\"https:\/\/www.diablofans.cz\/d2\/herni-postavy-paladin-skilly-defensive-auras-cleansing\">Cleansing<\/a><\/td>\n<\/tr>\n<tr>\n<td><a href=\"https:\/\/www.diablofans.cz\/d2\/herni-postavy-paladin-skilly-defensive-auras-resist-lightning\">Resist Lightning<\/a><\/td>\n<\/tr>\n<tr>\n<td><strong><a href=\"https:\/\/www.diablofans.cz\/d2\/herni-postavy-paladin-skilly-defensive-auras-vigor\">Vigor<\/a><\/strong><\/td>\n<\/tr>\n<tr>\n<td><a href=\"https:\/\/www.diablofans.cz\/d2\/herni-postavy-paladin-skilly-defensive-auras-meditation\">Meditation<\/a><\/td>\n<\/tr>\n<tr>\n<td><a href=\"https:\/\/www.diablofans.cz\/d2\/herni-postavy-paladin-skilly-defensive-auras-redemption\">Redemption<\/a><\/td>\n<\/tr>\n<tr>\n<td><a href=\"https:\/\/www.diablofans.cz\/d2\/herni-postavy-paladin-skilly-defensive-auras-salvation\">Salvation<\/a><\/td>\n<\/tr>\n<\/tbody>\n<\/table><\/div>\n<h3 style=\"clear:none\">Vigor<\/h3>\n<div><img loading=\"lazy\" decoding=\"async\" src=\"https:\/\/www.diablofans.cz\/d2\/wp-content\/uploads\/2018\/08\/vigor.jpg\" alt=\"Vigor\" class=\"img-left\" width=\"48\" height=\"48\" \/><\/div>\n<ul>\n<li>Pot\u0159ebn\u00fd level: 18<\/li>\n<li>Pot\u0159ebn\u00e9 skilly: <a href=\"https:\/\/www.diablofans.cz\/d2\/herni-postavy-paladin-skilly-defensive-auras-prayer\">Prayer<\/a>, <a href=\"https:\/\/www.diablofans.cz\/d2\/herni-postavy-paladin-skilly-defensive-auras-defiance\">Defiance<\/a>, <a href=\"https:\/\/www.diablofans.cz\/d2\/herni-postavy-paladin-skilly-defensive-auras-cleansing\">Cleansing<\/a><\/li>\n<li>Typ: Aura ovliv\u0148uj\u00edc\u00ed spojence<\/li>\n<li>Lev\u00e9 tla\u010d\u00edtko: Ne<\/li>\n<\/ul>\n<p>Aura r\u00e1znosti zvy\u0161uje rychlost ch\u016fze, b\u011bhu a rychlost regenerace z\u00e1sob v\u00fddr\u017ee (staminy). Tato aura pat\u0159\u00ed mezi jedny z\u00a0neju\u017eite\u010dn\u011bj\u0161\u00edch podp\u016frn\u00fdch aur a hod\u00ed se v\u00a0situaci, kdy je pot\u0159eba p\u0159ekonat velmi rychle p\u011b\u0161ky del\u0161\u00ed vzd\u00e1lenost nebo je pot\u0159eba rychle obstarat z\u00e1le\u017eitosti ve m\u011bst\u011b. V\u00fdhodou je, \u017ee oproti jin\u00fdm aur\u00e1m m\u00e1 tato daleko v\u011bt\u0161\u00ed dosah, co\u017e se nejv\u00edce projev\u00ed, pokud do t\u00e9to dovednosti Paladin zainvestuje v\u0161ech dvacet\u00a0bod\u016f.<\/p>\n<p>Tuto auru rozhodn\u011b ocen\u00ed i\u00a0v\u0161ichni \u010dlenov\u00e9 Paladinovy dru\u017einy. Rychlosti nen\u00ed nikdy nazbyt.<\/p>\n<h3>Tabulka<\/h3>\n<table>\n<thead>\n<tr>\n<th style=\"width:100px\">\u00darovn\u011b<\/th>\n<th style=\"width:40px\">1<\/th>\n<th style=\"width:40px\">2<\/th>\n<th style=\"width:40px\">3<\/th>\n<th style=\"width:40px\">4<\/th>\n<th style=\"width:40px\">5<\/th>\n<th style=\"width:40px\">6<\/th>\n<th style=\"width:40px\">7<\/th>\n<th style=\"width:40px\">8<\/th>\n<th style=\"width:40px\">9<\/th>\n<th style=\"width:40px\">10<\/th>\n<\/tr>\n<\/thead>\n<tbody>\n<tr>\n<td>+Stamina (%)<\/td>\n<td>50<\/td>\n<td>75<\/td>\n<td>100<\/td>\n<td>125<\/td>\n<td>150<\/td>\n<td>175<\/td>\n<td>200<\/td>\n<td>225<\/td>\n<td>250<\/td>\n<td>275<\/td>\n<\/tr>\n<tr>\n<td>Heal Stamina (%)<\/td>\n<td>50<\/td>\n<td>75<\/td>\n<td>100<\/td>\n<td>125<\/td>\n<td>150<\/td>\n<td>175<\/td>\n<td>200<\/td>\n<td>225<\/td>\n<td>250<\/td>\n<td>275<\/td>\n<\/tr>\n<tr>\n<td>+Rychlost ch\u016fze\/b\u011bhu (%)<\/td>\n<td>13<\/td>\n<td>18<\/td>\n<td>22<\/td>\n<td>25<\/td>\n<td>28<\/td>\n<td>30<\/td>\n<td>32<\/td>\n<td>33<\/td>\n<td>35<\/td>\n<td>36<\/td>\n<\/tr>\n<tr>\n<td>Dosah (y)<\/td>\n<td>10,6<\/td>\n<td>12,6<\/td>\n<td>14,6<\/td>\n<td>16,6<\/td>\n<td>18,6<\/td>\n<td>20,6<\/td>\n<td>22,6<\/td>\n<td>24,6<\/td>\n<td>26,6<\/td>\n<td>28,6<\/td>\n<\/tr>\n<tr>\n<th>\u00darovn\u011b<\/th>\n<th>11<\/th>\n<th>12<\/th>\n<th>13<\/th>\n<th>14<\/th>\n<th>15<\/th>\n<th>16<\/th>\n<th>17<\/th>\n<th>18<\/th>\n<th>19<\/th>\n<th>20<\/th>\n<\/tr>\n<tr>\n<td>+Stamina (%)<\/td>\n<td>300<\/td>\n<td>325<\/td>\n<td>350<\/td>\n<td>375<\/td>\n<td>400<\/td>\n<td>425<\/td>\n<td>450<\/td>\n<td>475<\/td>\n<td>500<\/td>\n<td>525<\/td>\n<\/tr>\n<tr>\n<td>Heal Stamina (%)<\/td>\n<td>300<\/td>\n<td>325<\/td>\n<td>350<\/td>\n<td>375<\/td>\n<td>400<\/td>\n<td>425<\/td>\n<td>450<\/td>\n<td>475<\/td>\n<td>500<\/td>\n<td>525<\/td>\n<\/tr>\n<tr>\n<td>+Rychlost ch\u016fze\/b\u011bhu (%)<\/td>\n<td>37<\/td>\n<td>38<\/td>\n<td>39<\/td>\n<td>40<\/td>\n<td>40<\/td>\n<td>41<\/td>\n<td>41<\/td>\n<td>42<\/td>\n<td>42<\/td>\n<td>43<\/td>\n<\/tr>\n<tr>\n<td>Dosah (y)<\/td>\n<td>30,6<\/td>\n<td>32,6<\/td>\n<td>34,6<\/td>\n<td>36,6<\/td>\n<td>38,6<\/td>\n<td>40,6<\/td>\n<td>42,6<\/td>\n<td>44,6<\/td>\n<td>46,6<\/td>\n<td>48,6<\/td>\n<\/tr>\n<\/tbody>\n<\/table>\n<table>\n<thead>\n<tr>\n<th style=\"width:100px\">\u00darovn\u011b<\/th>\n<th style=\"width:40px\">21<\/th>\n<th style=\"width:40px\">22<\/th>\n<th style=\"width:40px\">23<\/th>\n<th style=\"width:40px\">24<\/th>\n<th style=\"width:40px\">25<\/th>\n<th style=\"width:40px\">26<\/th>\n<th style=\"width:40px\">27<\/th>\n<th style=\"width:40px\">28<\/th>\n<th style=\"width:40px\">29<\/th>\n<th style=\"width:40px\">30<\/th>\n<\/tr>\n<\/thead>\n<tbody>\n<tr>\n<td>+Stamina (%)<\/td>\n<td>550<\/td>\n<td>575<\/td>\n<td>600<\/td>\n<td>625<\/td>\n<td>650<\/td>\n<td>675<\/td>\n<td>700<\/td>\n<td>725<\/td>\n<td>750<\/td>\n<td>775<\/td>\n<\/tr>\n<tr>\n<td>Heal Stamina (%)<\/td>\n<td>550<\/td>\n<td>575<\/td>\n<td>600<\/td>\n<td>625<\/td>\n<td>650<\/td>\n<td>675<\/td>\n<td>700<\/td>\n<td>725<\/td>\n<td>750<\/td>\n<td>775<\/td>\n<\/tr>\n<tr>\n<td>+Rychlost ch\u016fze\/b\u011bhu (%)<\/td>\n<td>43<\/td>\n<td>43<\/td>\n<td>44<\/td>\n<td>44<\/td>\n<td>44<\/td>\n<td>45<\/td>\n<td>45<\/td>\n<td>45<\/td>\n<td>46<\/td>\n<td>46<\/td>\n<\/tr>\n<tr>\n<td>Dosah (y)<\/td>\n<td>50,6<\/td>\n<td>52,6<\/td>\n<td>54,6<\/td>\n<td>56,6<\/td>\n<td>58,6<\/td>\n<td>60,6<\/td>\n<td>62,6<\/td>\n<td>64,6<\/td>\n<td>66,6<\/td>\n<td>68,6<\/td>\n<\/tr>\n<tr>\n<th>\u00darovn\u011b<\/th>\n<th>31<\/th>\n<th>32<\/th>\n<th>33<\/th>\n<th>34<\/th>\n<th>35<\/th>\n<th>36<\/th>\n<th>37<\/th>\n<th>38<\/th>\n<th>39<\/th>\n<th>40<\/th>\n<\/tr>\n<tr>\n<td>+Stamina (%)<\/td>\n<td>800<\/td>\n<td>825<\/td>\n<td>850<\/td>\n<td>875<\/td>\n<td>900<\/td>\n<td>925<\/td>\n<td>950<\/td>\n<td>975<\/td>\n<td>1000<\/td>\n<td>1025<\/td>\n<\/tr>\n<tr>\n<td>Heal Stamina (%)<\/td>\n<td>800<\/td>\n<td>825<\/td>\n<td>850<\/td>\n<td>875<\/td>\n<td>900<\/td>\n<td>925<\/td>\n<td>950<\/td>\n<td>975<\/td>\n<td>1000<\/td>\n<td>1025<\/td>\n<\/tr>\n<tr>\n<td>+Rychlost ch\u016fze\/b\u011bhu (%)<\/td>\n<td>46<\/td>\n<td>46<\/td>\n<td>46<\/td>\n<td>46<\/td>\n<td>46<\/td>\n<td>47<\/td>\n<td>47<\/td>\n<td>47<\/td>\n<td>47<\/td>\n<td>47<\/td>\n<\/tr>\n<tr>\n<td>Dosah (y)<\/td>\n<td>70,6<\/td>\n<td>72,6<\/td>\n<td>74,6<\/td>\n<td>76,6<\/td>\n<td>78,6<\/td>\n<td>80,6<\/td>\n<td>82,6<\/td>\n<td>84,6<\/td>\n<td>86,6<\/td>\n<td>88,6<\/td>\n<\/tr>\n<\/tbody>\n<\/table>\n<p>Aura r\u00e1znosti zv\u00fd\u0161\u00ed Paladinovi i\u00a0v\u0161em v\u00a0okol\u00ed rychlost b\u011bhu a ch\u016fze, zvedne hladinu v\u00fddr\u017ee (staminy) a m\u00edru jej\u00ed obnovy. M\u016f\u017ee trvat a\u017e dv\u011b sekundy, ne\u017e se u\u00a0v\u0161ech aktivuje.<\/p>\n<h3>V\u00fdpo\u010dty<\/h3>\n<ul>\n<li>+Stamina (%) = 25 + 25*slvl %<\/li>\n<li>Heal Stamina (%) = 25 + 25*slvl %<\/li>\n<li>+Rychlost ch\u016fze\/b\u011bhu (%) = 7 + [0,43 * [(110*slvl) \/ (slvl+6)]] %, hranat\u00e9 z\u00e1vorky zaokrouhleny dol\u016f, maximum = 50\u00a0%<\/li>\n<li>Dosah (y) = (26 + (6 * slvl)) \/ 3\u00a0yard\u016f<\/li>\n<\/ul>\n<p>(slvl = \u00farove\u0148 skillu)<\/p>\n<h3>V\u00fdskyt dovednosti<\/h3>\n<p><strong>N\u011bkter\u00e9 p\u0159edm\u011bty poskytuj\u00ed bonus k\u00a0tomuto skillu:<\/strong><\/p>\n<ul>\n<li>V\u0161echny p\u0159edm\u011bty typu <a href=\"https:\/\/www.diablofans.cz\/d2\/predmety-normal-scepters\">Scepter<\/a> (ilvl&gt;18): +1\u20133 to Vigor (Paladin Only) (varies)<\/li>\n<li><a href=\"https:\/\/www.diablofans.cz\/d2\/predmety-unique-normal-boots\">Tearhaunch Greaves<\/a>: +2\u00a0to Vigor (Paladin Only)<\/li>\n<\/ul>\n<p><strong>N\u011bkter\u00e9 p\u0159edm\u011bty spou\u0161t\u00ed tento skill:<\/strong><\/p>\n<ul>\n<li><a href=\"https:\/\/www.diablofans.cz\/d2\/runova-slova-1-10#realmova\">Harmony<\/a> luk\/ku\u0161e: Level 10\u00a0Vigor Aura When Equipped<\/li>\n<\/ul>\n<hr \/>\n<p><em>U\u0161lechtil\u00fd ryt\u00ed\u0159 Zakarumu c\u00edt\u00ed nad\u0161en\u00ed ze sv\u00e9 sp\u00e1sy za v\u0161ech okolnost\u00ed. Kdy\u017e pot\u0159ebuje, dovede ze sv\u00fdch ramenou shodit ve\u0161kerou t\u00edhu sv\u011bta, co\u017e mu umo\u017en\u00ed pochodovat d\u00e1le, ani\u017e by se zab\u00fdval b\u011bdov\u00e1n\u00edm nad stavem sv\u00e9ho\u00a0t\u011bla.<\/em><\/p>\n<p style=\"text-align:center\">&#8212;\u00a0\u2014 &#8212;\u00a0\u2014 &#8212;\u00a0\u2014 &#8212;\u00a0\u2014 &#8212;\u00a0\u2014 &#8212;\u00a0\u2014 &#8212;\u00a0\u2014 &#8212;\u00a0\u2014 &#8212;\u00a0\u2014 &#8212;\u00a0\u2014 &#8212;\u00a0\u2014\u00a0&#8212;<\/p>\n<p style=\"text-align:center\"><a href=\"https:\/\/www.diablofans.cz\/d2\/herni-postavy-paladin-skilly-defensive-auras\">\u00ab Zp\u011bt do sekce Hern\u00ed postavy\u00a0\u2013 Paladin\u00a0\u2013 Skilly\u00a0\u2013 Defensive\u00a0Auras<\/a><\/p>\n<\/p><\/div>\n<p> <!-- by Texy2! --><\/p>\n","protected":false},"excerpt":{"rendered":"<p>Paladin\u00a0\u2013 Defensive Auras\u00a0\u2013 Offensive Auras\u00a0\u2013 Combat\u00a0Skills Prayer Resist Fire Defiance Resist Cold Cleansing Resist Lightning Vigor Meditation Redemption Salvation Vigor Pot\u0159ebn\u00fd level: 18 Pot\u0159ebn\u00e9 skilly: Prayer, Defiance, Cleansing Typ: Aura ovliv\u0148uj\u00edc\u00ed spojence Lev\u00e9 tla\u010d\u00edtko: Ne Aura r\u00e1znosti zvy\u0161uje rychlost ch\u016fze, b\u011bhu a rychlost regenerace z\u00e1sob v\u00fddr\u017ee (staminy). Tato aura pat\u0159\u00ed mezi jedny z\u00a0neju\u017eite\u010dn\u011bj\u0161\u00edch podp\u016frn\u00fdch aur [&#8230;]<\/p>\n<p><a class=\"btn btn-secondary understrap-read-more-link\" href=\"https:\/\/www.diablofans.cz\/d2\/herni-postavy-paladin-skilly-defensive-auras-vigor\/\">\u010c\u00edst d\u00e1le&#8230;<span class=\"screen-reader-text\"> from Paladin &#8211; Skilly &#8211; Defensive Auras &#8211; Vigor<\/span><\/a><\/p>\n","protected":false},"author":1,"featured_media":0,"parent":0,"menu_order":0,"comment_status":"open","ping_status":"open","template":"","meta":{"footnotes":""},"class_list":["post-3351","page","type-page","status-publish","hentry"],"_links":{"self":[{"href":"https:\/\/www.diablofans.cz\/d2\/wp-json\/wp\/v2\/pages\/3351","targetHints":{"allow":["GET"]}}],"collection":[{"href":"https:\/\/www.diablofans.cz\/d2\/wp-json\/wp\/v2\/pages"}],"about":[{"href":"https:\/\/www.diablofans.cz\/d2\/wp-json\/wp\/v2\/types\/page"}],"author":[{"embeddable":true,"href":"https:\/\/www.diablofans.cz\/d2\/wp-json\/wp\/v2\/users\/1"}],"replies":[{"embeddable":true,"href":"https:\/\/www.diablofans.cz\/d2\/wp-json\/wp\/v2\/comments?post=3351"}],"version-history":[{"count":0,"href":"https:\/\/www.diablofans.cz\/d2\/wp-json\/wp\/v2\/pages\/3351\/revisions"}],"wp:attachment":[{"href":"https:\/\/www.diablofans.cz\/d2\/wp-json\/wp\/v2\/media?parent=3351"}],"curies":[{"name":"wp","href":"https:\/\/api.w.org\/{rel}","templated":true}]}}