{"id":3353,"date":"2018-08-25T22:08:58","date_gmt":"2018-08-25T20:08:58","guid":{"rendered":"http:\/\/diablofans.ddev.site\/d2\/herni-postavy-paladin-skilly-defensive-auras-redemption\/"},"modified":"2018-08-25T22:08:58","modified_gmt":"2018-08-25T20:08:58","slug":"herni-postavy-paladin-skilly-defensive-auras-redemption","status":"publish","type":"page","link":"https:\/\/www.diablofans.cz\/d2\/herni-postavy-paladin-skilly-defensive-auras-redemption\/","title":{"rendered":"Paladin &#8211; Skilly &#8211; Defensive Auras &#8211; Redemption"},"content":{"rendered":"\n<div class=\"skilly\">\n<p style=\"text-align:center\"><a href=\"https:\/\/www.diablofans.cz\/d2\/herni-postavy-paladin\">Paladin<\/a>\u00a0\u2013 <strong><a href=\"https:\/\/www.diablofans.cz\/d2\/herni-postavy-paladin-skilly-defensive-auras\">Defensive Auras<\/a><\/strong>\u00a0\u2013 <a href=\"https:\/\/www.diablofans.cz\/d2\/herni-postavy-paladin-skilly-offensive-auras\">Offensive Auras<\/a>\u00a0\u2013 <a href=\"https:\/\/www.diablofans.cz\/d2\/herni-postavy-paladin-skilly-combat-skills\">Combat\u00a0Skills<\/a><\/p>\n<div style=\"float: right; width: 150px; \">\n<table>\n<tbody>\n<tr>\n<td><a href=\"https:\/\/www.diablofans.cz\/d2\/herni-postavy-paladin-skilly-defensive-auras-prayer\">Prayer<\/a><\/td>\n<\/tr>\n<tr>\n<td><a href=\"https:\/\/www.diablofans.cz\/d2\/herni-postavy-paladin-skilly-defensive-auras-resist-fire\">Resist Fire<\/a><\/td>\n<\/tr>\n<tr>\n<td><a href=\"https:\/\/www.diablofans.cz\/d2\/herni-postavy-paladin-skilly-defensive-auras-defiance\">Defiance<\/a><\/td>\n<\/tr>\n<tr>\n<td><a href=\"https:\/\/www.diablofans.cz\/d2\/herni-postavy-paladin-skilly-defensive-auras-resist-cold\">Resist Cold<\/a><\/td>\n<\/tr>\n<tr>\n<td><a href=\"https:\/\/www.diablofans.cz\/d2\/herni-postavy-paladin-skilly-defensive-auras-cleansing\">Cleansing<\/a><\/td>\n<\/tr>\n<tr>\n<td><a href=\"https:\/\/www.diablofans.cz\/d2\/herni-postavy-paladin-skilly-defensive-auras-resist-lightning\">Resist Lightning<\/a><\/td>\n<\/tr>\n<tr>\n<td><a href=\"https:\/\/www.diablofans.cz\/d2\/herni-postavy-paladin-skilly-defensive-auras-vigor\">Vigor<\/a><\/td>\n<\/tr>\n<tr>\n<td><a href=\"https:\/\/www.diablofans.cz\/d2\/herni-postavy-paladin-skilly-defensive-auras-meditation\">Meditation<\/a><\/td>\n<\/tr>\n<tr>\n<td><strong><a href=\"https:\/\/www.diablofans.cz\/d2\/herni-postavy-paladin-skilly-defensive-auras-redemption\">Redemption<\/a><\/strong><\/td>\n<\/tr>\n<tr>\n<td><a href=\"https:\/\/www.diablofans.cz\/d2\/herni-postavy-paladin-skilly-defensive-auras-salvation\">Salvation<\/a><\/td>\n<\/tr>\n<\/tbody>\n<\/table><\/div>\n<h3 style=\"clear:none\">Redemption<\/h3>\n<div><img loading=\"lazy\" decoding=\"async\" src=\"https:\/\/www.diablofans.cz\/d2\/wp-content\/uploads\/2018\/08\/redemption.jpg\" alt=\"Redemption\" class=\"img-left\" width=\"48\" height=\"48\" \/><\/div>\n<ul>\n<li>Pot\u0159ebn\u00fd level: 30<\/li>\n<li>Pot\u0159ebn\u00e9 skilly: <a href=\"https:\/\/www.diablofans.cz\/d2\/herni-postavy-paladin-skilly-defensive-auras-prayer\">Prayer<\/a>, <a href=\"https:\/\/www.diablofans.cz\/d2\/herni-postavy-paladin-skilly-defensive-auras-defiance\">Defiance<\/a>, <a href=\"https:\/\/www.diablofans.cz\/d2\/herni-postavy-paladin-skilly-defensive-auras-cleansing\">Cleansing<\/a>,\u00a0<a href=\"https:\/\/www.diablofans.cz\/d2\/herni-postavy-paladin-skilly-defensive-auras-vigor\">Vigor<\/a><\/li>\n<li>Typ: Aura ovliv\u0148uj\u00edc\u00ed zabit\u00e9 nep\u0159\u00e1tele<\/li>\n<li>Lev\u00e9 tla\u010d\u00edtko: Ne<\/li>\n<\/ul>\n<p>Aura spasen\u00ed du\u0161e, neboli vykoupen\u00ed, osvobozuje ne\u0161\u0165astn\u00e9 a zmu\u010den\u00e9 du\u0161e z\u00a0n\u00e1ru\u010de pekla a umo\u017en\u00ed jim odpo\u010d\u00edvat v\u00a0pokoji. Paladin naproti tomu m\u016f\u017ee jejich t\u011bla p\u0159em\u011bnit ve svou \u017eivouc\u00ed energii a manu. Jde o\u00a0velmi \u00fa\u010dinn\u00fd n\u00e1stroj obnovy \u017eivot\u016f a z\u00e1rove\u0148 tato aura odstran\u00ed hromady mrtv\u00fdch nep\u0159\u00e1tel, kter\u00e9 pak jejich nohsledi nemohou ani znovu o\u017eivit.<\/p>\n<p>Na druhou stranu nelze na vykoupen\u00ed spol\u00e9hat jako na n\u00e1stroj na nesmrtelnost, proto\u017ee k\u00a0odstran\u011bn\u00ed mrtvol a p\u0159em\u011bn\u011b na \u017eivoty dojde jen jednou za dv\u011b sekundy, b\u011bhem nich\u017e se m\u016f\u017ee st\u00e1t cokoliv.<\/p>\n<h3>Tabulka<\/h3>\n<ul>\n<li>Dosah (y) = 10,6\u00a0yard\u016f pro v\u0161echny \u00farovn\u011b<\/li>\n<\/ul>\n<table>\n<thead>\n<tr>\n<th style=\"width:100px\">\u00darovn\u011b<\/th>\n<th style=\"width:40px\">1<\/th>\n<th style=\"width:40px\">2<\/th>\n<th style=\"width:40px\">3<\/th>\n<th style=\"width:40px\">4<\/th>\n<th style=\"width:40px\">5<\/th>\n<th style=\"width:40px\">6<\/th>\n<th style=\"width:40px\">7<\/th>\n<th style=\"width:40px\">8<\/th>\n<th style=\"width:40px\">9<\/th>\n<th style=\"width:40px\">10<\/th>\n<\/tr>\n<\/thead>\n<tbody>\n<tr>\n<td>\u0160ance (%)<\/td>\n<td>23<\/td>\n<td>34<\/td>\n<td>42<\/td>\n<td>49<\/td>\n<td>55<\/td>\n<td>59<\/td>\n<td>63<\/td>\n<td>65<\/td>\n<td>69<\/td>\n<td>71<\/td>\n<\/tr>\n<tr>\n<td>Obnoven\u00e9 \u017eivoty a mana<\/td>\n<td>25<\/td>\n<td>30<\/td>\n<td>35<\/td>\n<td>40<\/td>\n<td>45<\/td>\n<td>50<\/td>\n<td>55<\/td>\n<td>60<\/td>\n<td>65<\/td>\n<td>70<\/td>\n<\/tr>\n<tr>\n<th>\u00darovn\u011b<\/th>\n<th>11<\/th>\n<th>12<\/th>\n<th>13<\/th>\n<th>14<\/th>\n<th>15<\/th>\n<th>16<\/th>\n<th>17<\/th>\n<th>18<\/th>\n<th>19<\/th>\n<th>20<\/th>\n<\/tr>\n<tr>\n<td>\u0160ance (%)<\/td>\n<td>73<\/td>\n<td>75<\/td>\n<td>77<\/td>\n<td>79<\/td>\n<td>80<\/td>\n<td>82<\/td>\n<td>82<\/td>\n<td>83<\/td>\n<td>84<\/td>\n<td>85<\/td>\n<\/tr>\n<tr>\n<td>Obnoven\u00e9 \u017eivoty a mana<\/td>\n<td>75<\/td>\n<td>80<\/td>\n<td>85<\/td>\n<td>90<\/td>\n<td>95<\/td>\n<td>100<\/td>\n<td>105<\/td>\n<td>110<\/td>\n<td>115<\/td>\n<td>120<\/td>\n<\/tr>\n<\/tbody>\n<\/table>\n<table>\n<thead>\n<tr>\n<th style=\"width:100px\">\u00darovn\u011b<\/th>\n<th style=\"width:40px\">21<\/th>\n<th style=\"width:40px\">22<\/th>\n<th style=\"width:40px\">23<\/th>\n<th style=\"width:40px\">24<\/th>\n<th style=\"width:40px\">25<\/th>\n<th style=\"width:40px\">26<\/th>\n<th style=\"width:40px\">27<\/th>\n<th style=\"width:40px\">28<\/th>\n<th style=\"width:40px\">29<\/th>\n<th style=\"width:40px\">30<\/th>\n<\/tr>\n<\/thead>\n<tbody>\n<tr>\n<td>\u0160ance (%)<\/td>\n<td>86<\/td>\n<td>87<\/td>\n<td>88<\/td>\n<td>89<\/td>\n<td>89<\/td>\n<td>90<\/td>\n<td>91<\/td>\n<td>91<\/td>\n<td>91<\/td>\n<td>91<\/td>\n<\/tr>\n<tr>\n<td>Obnoven\u00e9 \u017eivoty a mana<\/td>\n<td>125<\/td>\n<td>130<\/td>\n<td>135<\/td>\n<td>140<\/td>\n<td>145<\/td>\n<td>150<\/td>\n<td>155<\/td>\n<td>160<\/td>\n<td>165<\/td>\n<td>170<\/td>\n<\/tr>\n<tr>\n<th>\u00darovn\u011b<\/th>\n<th>31<\/th>\n<th>32<\/th>\n<th>33<\/th>\n<th>34<\/th>\n<th>35<\/th>\n<th>36<\/th>\n<th>37<\/th>\n<th>38<\/th>\n<th>39<\/th>\n<th>40<\/th>\n<\/tr>\n<tr>\n<td>\u0160ance (%)<\/td>\n<td>92<\/td>\n<td>92<\/td>\n<td>93<\/td>\n<td>93<\/td>\n<td>93<\/td>\n<td>94<\/td>\n<td>94<\/td>\n<td>95<\/td>\n<td>95<\/td>\n<td>95<\/td>\n<\/tr>\n<tr>\n<td>Obnoven\u00e9 \u017eivoty a mana<\/td>\n<td>175<\/td>\n<td>180<\/td>\n<td>185<\/td>\n<td>190<\/td>\n<td>195<\/td>\n<td>200<\/td>\n<td>205<\/td>\n<td>210<\/td>\n<td>215<\/td>\n<td>220<\/td>\n<\/tr>\n<\/tbody>\n<\/table>\n<p>Aura Vykoupen\u00ed jednou za dv\u011b sekundy ozna\u010d\u00ed v\u00a0Paladinov\u011b okol\u00ed v\u0161echny mrtvoly v\u00a0dosahu a s\u00a0jistou pravd\u011bpodobnost\u00ed je odstran\u00ed. Pravd\u011bpodobnost se vypo\u010d\u00edt\u00e1 pro ka\u017edou mrtvolu zvl\u00e1\u0161\u0165.<\/p>\n<p>Paladin touto aurou l\u00e9\u010d\u00ed pouze sebe. Pokud je v\u00a0jeden moment vykoupeno 5\u00a0monster dle \u00farovn\u011b aury 10, bude Paladinovi obnoveno 350\u00a0\u017eivota a\u00a0many.<\/p>\n<p>Vykoupen\u00e1 mrtvola nem\u016f\u017ee b\u00fdt vyvol\u00e1na a nelze ji pou\u017e\u00edt ani k\u00a0jin\u00fdm \u00fa\u010del\u016fm.<\/p>\n<h3>V\u00fdpo\u010dty<\/h3>\n<ul>\n<li>\u0160ance (%) = 10 + [0,9 * [(110*slvl) \/ (slvl+6)]] %, hranat\u00e9 z\u00e1vorky zaokrouhleny dol\u016f, maximum = 100\u00a0%<\/li>\n<li>Obnoven\u00e9 \u017eivoty a mana = 20 + 5 * slvl<\/li>\n<\/ul>\n<p>(slvl = \u00farove\u0148 skillu)<\/p>\n<h3>V\u00fdskyt dovednosti<\/h3>\n<p><strong>N\u011bkter\u00e9 p\u0159edm\u011bty poskytuj\u00ed bonus k\u00a0tomuto skillu:<\/strong><\/p>\n<ul>\n<li>V\u0161echny p\u0159edm\u011bty typu <a href=\"https:\/\/www.diablofans.cz\/d2\/predmety-normal-scepters\">Scepter<\/a> (ilvl&gt;36): +1\u20133 to Redemption (Paladin Only) (varies)<\/li>\n<li><a href=\"https:\/\/www.diablofans.cz\/d2\/predmety-unique-elite-scepters\">The Redeemer Mighty Scepter<\/a>: +2\u20134 to Redemption (Paladin Only) (varies)<\/li>\n<\/ul>\n<p><strong>N\u011bkter\u00e9 p\u0159edm\u011bty spou\u0161t\u00ed tento skill:<\/strong><\/p>\n<ul>\n<li><a href=\"https:\/\/www.diablofans.cz\/d2\/runova-slova-1-10#realmova\">Phoenix<\/a> zbra\u0148\/\u0161t\u00edt: Level 10\u201315 Redemption Aura When Equipped (varies)<\/li>\n<\/ul>\n<hr \/>\n<p><em>Paladin mus\u00ed b\u00fdt p\u0159esv\u011bd\u010den ve sv\u00e9 v\u00ed\u0159e, \u017ee si v\u0161echny du\u0161e zaslou\u017e\u00ed p\u0159\u00edle\u017eitost ke spasen\u00ed bez ohledu na to, co v\u00a0\u017eivot\u011b provedly. D\u00edky t\u00e9to au\u0159e je Paladin schopen pod\u011blit se s\u00a0pora\u017een\u00fdmi nep\u0159\u00e1teli o\u00a0sl\u00e1vu svat\u00e9ho Sv\u011btla. Kdy\u017e Paladin vykon\u00e1 pomoc\u00ed t\u00e9to aury jejich \u201epoh\u0159ebn\u00ed ob\u0159ad\u201c, je poka\u017ed\u00e9 vykoupen fyzicky i\u00a0duchovn\u011b stejn\u011b jako jeho padl\u00ed nep\u0159\u00e1tel\u00e9.<\/em><\/p>\n<p style=\"text-align:center\">&#8212;\u00a0\u2014 &#8212;\u00a0\u2014 &#8212;\u00a0\u2014 &#8212;\u00a0\u2014 &#8212;\u00a0\u2014 &#8212;\u00a0\u2014 &#8212;\u00a0\u2014 &#8212;\u00a0\u2014 &#8212;\u00a0\u2014 &#8212;\u00a0\u2014 &#8212;\u00a0\u2014\u00a0&#8212;<\/p>\n<p style=\"text-align:center\"><a href=\"https:\/\/www.diablofans.cz\/d2\/herni-postavy-paladin-skilly-defensive-auras\">\u00ab Zp\u011bt do sekce Hern\u00ed postavy\u00a0\u2013 Paladin\u00a0\u2013 Skilly\u00a0\u2013 Defensive\u00a0Auras<\/a><\/p>\n<\/p><\/div>\n<p> <!-- by Texy2! --><\/p>\n","protected":false},"excerpt":{"rendered":"<p>Paladin\u00a0\u2013 Defensive Auras\u00a0\u2013 Offensive Auras\u00a0\u2013 Combat\u00a0Skills Prayer Resist Fire Defiance Resist Cold Cleansing Resist Lightning Vigor Meditation Redemption Salvation Redemption Pot\u0159ebn\u00fd level: 30 Pot\u0159ebn\u00e9 skilly: Prayer, Defiance, Cleansing,\u00a0Vigor Typ: Aura ovliv\u0148uj\u00edc\u00ed zabit\u00e9 nep\u0159\u00e1tele Lev\u00e9 tla\u010d\u00edtko: Ne Aura spasen\u00ed du\u0161e, neboli vykoupen\u00ed, osvobozuje ne\u0161\u0165astn\u00e9 a zmu\u010den\u00e9 du\u0161e z\u00a0n\u00e1ru\u010de pekla a umo\u017en\u00ed jim odpo\u010d\u00edvat v\u00a0pokoji. Paladin naproti [&#8230;]<\/p>\n<p><a class=\"btn btn-secondary understrap-read-more-link\" href=\"https:\/\/www.diablofans.cz\/d2\/herni-postavy-paladin-skilly-defensive-auras-redemption\/\">\u010c\u00edst d\u00e1le&#8230;<span class=\"screen-reader-text\"> from Paladin &#8211; Skilly &#8211; Defensive Auras &#8211; Redemption<\/span><\/a><\/p>\n","protected":false},"author":1,"featured_media":0,"parent":0,"menu_order":0,"comment_status":"open","ping_status":"open","template":"","meta":{"footnotes":""},"class_list":["post-3353","page","type-page","status-publish","hentry"],"_links":{"self":[{"href":"https:\/\/www.diablofans.cz\/d2\/wp-json\/wp\/v2\/pages\/3353","targetHints":{"allow":["GET"]}}],"collection":[{"href":"https:\/\/www.diablofans.cz\/d2\/wp-json\/wp\/v2\/pages"}],"about":[{"href":"https:\/\/www.diablofans.cz\/d2\/wp-json\/wp\/v2\/types\/page"}],"author":[{"embeddable":true,"href":"https:\/\/www.diablofans.cz\/d2\/wp-json\/wp\/v2\/users\/1"}],"replies":[{"embeddable":true,"href":"https:\/\/www.diablofans.cz\/d2\/wp-json\/wp\/v2\/comments?post=3353"}],"version-history":[{"count":0,"href":"https:\/\/www.diablofans.cz\/d2\/wp-json\/wp\/v2\/pages\/3353\/revisions"}],"wp:attachment":[{"href":"https:\/\/www.diablofans.cz\/d2\/wp-json\/wp\/v2\/media?parent=3353"}],"curies":[{"name":"wp","href":"https:\/\/api.w.org\/{rel}","templated":true}]}}