{"id":3363,"date":"2018-08-25T22:08:58","date_gmt":"2018-08-25T20:08:58","guid":{"rendered":"http:\/\/diablofans.ddev.site\/d2\/herni-postavy-druid-skilly-summoning-spirit-of-barbs\/"},"modified":"2018-08-25T22:08:58","modified_gmt":"2018-08-25T20:08:58","slug":"herni-postavy-druid-skilly-summoning-spirit-of-barbs","status":"publish","type":"page","link":"https:\/\/www.diablofans.cz\/d2\/herni-postavy-druid-skilly-summoning-spirit-of-barbs\/","title":{"rendered":"Druid &#8211; Skilly &#8211; Summoning &#8211; Spirit of Barbs"},"content":{"rendered":"\n<div class=\"skilly\">\n<p style=\"text-align:center\"><a href=\"https:\/\/www.diablofans.cz\/d2\/herni-postavy-druid\">Druid<\/a>\u00a0\u2013 <a href=\"https:\/\/www.diablofans.cz\/d2\/herni-postavy-druid-skilly-elemental\">Elemental<\/a>\u00a0\u2013 <a href=\"https:\/\/www.diablofans.cz\/d2\/herni-postavy-druid-skilly-shapeshifting\">Shape Shifting<\/a>\u00a0\u2013 <strong><a href=\"https:\/\/www.diablofans.cz\/d2\/herni-postavy-druid-skilly-summoning\">Summoning<\/a><\/strong><\/p>\n<div style=\"float: right; width: 160px; \">\n<table>\n<tbody>\n<tr>\n<td><a href=\"https:\/\/www.diablofans.cz\/d2\/herni-postavy-druid-skilly-summoning-raven\">Raven<\/a><\/td>\n<\/tr>\n<tr>\n<td><a href=\"https:\/\/www.diablofans.cz\/d2\/herni-postavy-druid-skilly-summoning-poison-creeper\">Poison Creeper<\/a><\/td>\n<\/tr>\n<tr>\n<td><a href=\"https:\/\/www.diablofans.cz\/d2\/herni-postavy-druid-skilly-summoning-oak-sage\">Oak Sage<\/a><\/td>\n<\/tr>\n<tr>\n<td><a href=\"https:\/\/www.diablofans.cz\/d2\/herni-postavy-druid-skilly-summoning-summon-spirit-wolf\">Summon Spirit Wolf<\/a><\/td>\n<\/tr>\n<tr>\n<td><a href=\"https:\/\/www.diablofans.cz\/d2\/herni-postavy-druid-skilly-summoning-carrion-vine\">Carrion Vine<\/a><\/td>\n<\/tr>\n<tr>\n<td><a href=\"https:\/\/www.diablofans.cz\/d2\/herni-postavy-druid-skilly-summoning-heart-of-wolverine\">Heart of Wolverine<\/a><\/td>\n<\/tr>\n<tr>\n<td><a href=\"https:\/\/www.diablofans.cz\/d2\/herni-postavy-druid-skilly-summoning-summon-dire-wolf\">Summon Dire Wolf<\/a><\/td>\n<\/tr>\n<tr>\n<td><a href=\"https:\/\/www.diablofans.cz\/d2\/herni-postavy-druid-skilly-summoning-solar-creeper\">Solar Creeper<\/a><\/td>\n<\/tr>\n<tr>\n<td><strong><a href=\"https:\/\/www.diablofans.cz\/d2\/herni-postavy-druid-skilly-summoning-spirit-of-barbs\">Spirit of Barbs<\/a><\/strong><\/td>\n<\/tr>\n<tr>\n<td><a href=\"https:\/\/www.diablofans.cz\/d2\/herni-postavy-druid-skilly-summoning-summon-grizzly\">Summon Grizzly<\/a><\/td>\n<\/tr>\n<\/tbody>\n<\/table><\/div>\n<h3 style=\"clear:none\">Spirit of Barbs<\/h3>\n<div><img loading=\"lazy\" decoding=\"async\" src=\"https:\/\/www.diablofans.cz\/d2\/wp-content\/uploads\/2018\/08\/spiritofbarbs.gif\" alt=\"Spirit of Barbs\" class=\"img-left\" width=\"48\" height=\"48\" \/><\/div>\n<ul>\n<li>Pot\u0159ebn\u00fd level: 30<\/li>\n<li>Pot\u0159ebn\u00e9 skilly: <a href=\"https:\/\/www.diablofans.cz\/d2\/herni-postavy-druid-skilly-summoning-oak-sage\">Oak Sage<\/a>, <a href=\"https:\/\/www.diablofans.cz\/d2\/herni-postavy-druid-skilly-summoning-heart-of-wolverine\">Heart of Wolverine<\/a><\/li>\n<li>Typ skillu: P\u0159ivol\u00e1vac\u00ed<\/li>\n<li>Lev\u00e9 tla\u010d\u00edtko: Ne<\/li>\n<\/ul>\n<p>Mezi z\u00e1kladn\u00ed dovednosti Druid\u016f pat\u0159\u00ed vyvol\u00e1v\u00e1n\u00ed duch\u016f. Duch trn\u016f podpo\u0159\u00ed Druida i\u00a0cel\u00fd jeho doprovod t\u00edm, \u017ee je obklop\u00ed aurou podobnou Paladinov\u011b <a href=\"https:\/\/www.diablofans.cz\/d2\/herni-postavy-paladin-skilly-offensive-auras-thorns\">Thorns<\/a>, kter\u00e1 vrac\u00ed nep\u0159\u00e1tel\u016fm \u0161kody z\u00a0fyzick\u00fdch \u00fatok\u016f. P\u0159esto\u017ee m\u00e1 tato dovednost l\u00e1kav\u00e9 vlastnosti, je mezi hr\u00e1\u010di dost neobl\u00edben\u00e1 z\u00a0d\u016fvodu n\u00edzk\u00fdch hodnot vracen\u00ed \u0161kod, kter\u00e9 jsou je\u0161t\u011b ke v\u0161emu zat\u00ed\u017een\u00e9 chybami.<\/p>\n<h3 style=\"clear:none\">Tabulka<\/h3>\n<p>Regenerace = 3<\/p>\n<p>Rychlost letu = 6<\/p>\n<p>Efektivnost s\u00e1n\u00ed = 0\u00a0%<\/p>\n<p>Efektivnost zmra\u017een\u00ed =\u00a0\u201350<\/p>\n<table>\n<thead>\n<tr>\n<th style=\"width:100x\">\u00darovn\u011b<\/th>\n<th style=\"width:40px\">1<\/th>\n<th style=\"width:40px\">2<\/th>\n<th style=\"width:40px\">3<\/th>\n<th style=\"width:40px\">4<\/th>\n<th style=\"width:40px\">5<\/th>\n<th style=\"width:40px\">6<\/th>\n<th style=\"width:40px\">7<\/th>\n<th style=\"width:40px\">8<\/th>\n<th style=\"width:40px\">9<\/th>\n<th style=\"width:40px\">10<\/th>\n<\/tr>\n<\/thead>\n<tbody>\n<tr>\n<td>Mana<\/td>\n<td>25<\/td>\n<td>26<\/td>\n<td>27<\/td>\n<td>28<\/td>\n<td>29<\/td>\n<td>30<\/td>\n<td>31<\/td>\n<td>32<\/td>\n<td>33<\/td>\n<td>34<\/td>\n<\/tr>\n<tr>\n<td>Z\u00e1kladn\u00ed Life<\/td>\n<td>213<\/td>\n<td>266<\/td>\n<td>320<\/td>\n<td>373<\/td>\n<td>426<\/td>\n<td>479<\/td>\n<td>533<\/td>\n<td>586<\/td>\n<td>639<\/td>\n<td>692<\/td>\n<\/tr>\n<tr>\n<td><span style=\"color: #ff2030;\">Trnov\u00e1 aura (%)<\/span><\/td>\n<td>50<\/td>\n<td>70<\/td>\n<td>90<\/td>\n<td>110<\/td>\n<td>130<\/td>\n<td>150<\/td>\n<td>170<\/td>\n<td>190<\/td>\n<td>210<\/td>\n<td>230<\/td>\n<\/tr>\n<tr>\n<td>Skute\u010dn\u00fd \u00fa\u010dinek trnov\u00e9 aury (%)<\/td>\n<td>50<\/td>\n<td>60<\/td>\n<td>70<\/td>\n<td>80<\/td>\n<td>90<\/td>\n<td>100<\/td>\n<td>110<\/td>\n<td>120<\/td>\n<td>130<\/td>\n<td>140<\/td>\n<\/tr>\n<tr>\n<td>Dosah (y)<\/td>\n<td>20<\/td>\n<td>21,3<\/td>\n<td>22,6<\/td>\n<td>24<\/td>\n<td>25,3<\/td>\n<td>26,6<\/td>\n<td>28<\/td>\n<td>29,3<\/td>\n<td>30,6<\/td>\n<td>32<\/td>\n<\/tr>\n<tr>\n<th>\u00darovn\u011b<\/th>\n<th>11<\/th>\n<th>12<\/th>\n<th>13<\/th>\n<th>14<\/th>\n<th>15<\/th>\n<th>16<\/th>\n<th>17<\/th>\n<th>18<\/th>\n<th>19<\/th>\n<th>20<\/th>\n<\/tr>\n<tr>\n<td>Mana<\/td>\n<td>35<\/td>\n<td>36<\/td>\n<td>37<\/td>\n<td>38<\/td>\n<td>39<\/td>\n<td>40<\/td>\n<td>41<\/td>\n<td>42<\/td>\n<td>43<\/td>\n<td>44<\/td>\n<\/tr>\n<tr>\n<td>Z\u00e1kladn\u00ed Life<\/td>\n<td>746<\/td>\n<td>799<\/td>\n<td>852<\/td>\n<td>905<\/td>\n<td>959<\/td>\n<td>1012<\/td>\n<td>1065<\/td>\n<td>1118<\/td>\n<td>1172<\/td>\n<td>1225<\/td>\n<\/tr>\n<tr>\n<td><span style=\"color: #ff2030;\">Trnov\u00e1 aura (%)<\/span><\/td>\n<td>250<\/td>\n<td>270<\/td>\n<td>290<\/td>\n<td>310<\/td>\n<td>330<\/td>\n<td>350<\/td>\n<td>370<\/td>\n<td>390<\/td>\n<td>410<\/td>\n<td>430<\/td>\n<\/tr>\n<tr>\n<td>Skute\u010dn\u00fd \u00fa\u010dinek trnov\u00e9 aury (%)<\/td>\n<td>150<\/td>\n<td>160<\/td>\n<td>170<\/td>\n<td>180<\/td>\n<td>190<\/td>\n<td>200<\/td>\n<td>210<\/td>\n<td>220<\/td>\n<td>230<\/td>\n<td>240<\/td>\n<\/tr>\n<tr>\n<td>Dosah (y)<\/td>\n<td>33,3<\/td>\n<td>34,6<\/td>\n<td>36<\/td>\n<td>37,3<\/td>\n<td>38,6<\/td>\n<td>40<\/td>\n<td>41,3<\/td>\n<td>42,6<\/td>\n<td>44<\/td>\n<td>45,3<\/td>\n<\/tr>\n<\/tbody>\n<\/table>\n<table>\n<thead>\n<tr>\n<th style=\"width:100x\">\u00darovn\u011b<\/th>\n<th style=\"width:40px\">21<\/th>\n<th style=\"width:40px\">22<\/th>\n<th style=\"width:40px\">23<\/th>\n<th style=\"width:40px\">24<\/th>\n<th style=\"width:40px\">25<\/th>\n<th style=\"width:40px\">26<\/th>\n<th style=\"width:40px\">27<\/th>\n<th style=\"width:40px\">28<\/th>\n<th style=\"width:40px\">29<\/th>\n<th style=\"width:40px\">30<\/th>\n<\/tr>\n<\/thead>\n<tbody>\n<tr>\n<td>Mana<\/td>\n<td>45<\/td>\n<td>46<\/td>\n<td>47<\/td>\n<td>48<\/td>\n<td>49<\/td>\n<td>50<\/td>\n<td>51<\/td>\n<td>52<\/td>\n<td>53<\/td>\n<td>54<\/td>\n<\/tr>\n<tr>\n<td>Z\u00e1kladn\u00ed Life<\/td>\n<td>1278<\/td>\n<td>1331<\/td>\n<td>1385<\/td>\n<td>1438<\/td>\n<td>1491<\/td>\n<td>1544<\/td>\n<td>1598<\/td>\n<td>1651<\/td>\n<td>1704<\/td>\n<td>1757<\/td>\n<\/tr>\n<tr>\n<td><span style=\"color: #ff2030;\">Trnov\u00e1 aura (%)<\/span><\/td>\n<td>450<\/td>\n<td>470<\/td>\n<td>490<\/td>\n<td>510<\/td>\n<td>530<\/td>\n<td>550<\/td>\n<td>570<\/td>\n<td>590<\/td>\n<td>610<\/td>\n<td>630<\/td>\n<\/tr>\n<tr>\n<td>Skute\u010dn\u00fd \u00fa\u010dinek trnov\u00e9 aury (%)<\/td>\n<td>250<\/td>\n<td>260<\/td>\n<td>270<\/td>\n<td>280<\/td>\n<td>290<\/td>\n<td>300<\/td>\n<td>310<\/td>\n<td>320<\/td>\n<td>330<\/td>\n<td>340<\/td>\n<\/tr>\n<tr>\n<td>Dosah (y)<\/td>\n<td>46,6<\/td>\n<td>48<\/td>\n<td>49,3<\/td>\n<td>50,6<\/td>\n<td>52<\/td>\n<td>53,3<\/td>\n<td>54,6<\/td>\n<td>56<\/td>\n<td>57,3<\/td>\n<td>58,6<\/td>\n<\/tr>\n<tr>\n<th>\u00darovn\u011b<\/th>\n<th>31<\/th>\n<th>32<\/th>\n<th>33<\/th>\n<th>34<\/th>\n<th>35<\/th>\n<th>36<\/th>\n<th>37<\/th>\n<th>38<\/th>\n<th>39<\/th>\n<th>40<\/th>\n<\/tr>\n<tr>\n<td>Mana<\/td>\n<td>55<\/td>\n<td>56<\/td>\n<td>57<\/td>\n<td>58<\/td>\n<td>59<\/td>\n<td>60<\/td>\n<td>61<\/td>\n<td>62<\/td>\n<td>63<\/td>\n<td>64<\/td>\n<\/tr>\n<tr>\n<td>Z\u00e1kladn\u00ed Life<\/td>\n<td>1811<\/td>\n<td>1864<\/td>\n<td>1917<\/td>\n<td>1970<\/td>\n<td>2024<\/td>\n<td>2077<\/td>\n<td>2130<\/td>\n<td>2183<\/td>\n<td>2237<\/td>\n<td>2290<\/td>\n<\/tr>\n<tr>\n<td><span style=\"color: #ff2030;\">Trnov\u00e1 aura (%)<\/span><\/td>\n<td>650<\/td>\n<td>670<\/td>\n<td>690<\/td>\n<td>710<\/td>\n<td>730<\/td>\n<td>750<\/td>\n<td>770<\/td>\n<td>790<\/td>\n<td>810<\/td>\n<td>830<\/td>\n<\/tr>\n<tr>\n<td>Skute\u010dn\u00fd \u00fa\u010dinek trnov\u00e9 aury (%)<\/td>\n<td>350<\/td>\n<td>360<\/td>\n<td>370<\/td>\n<td>380<\/td>\n<td>390<\/td>\n<td>400<\/td>\n<td>410<\/td>\n<td>420<\/td>\n<td>430<\/td>\n<td>440<\/td>\n<\/tr>\n<tr>\n<td>Dosah (y)<\/td>\n<td>60<\/td>\n<td>61,3<\/td>\n<td>62,6<\/td>\n<td>64<\/td>\n<td>65,3<\/td>\n<td>66,6<\/td>\n<td>68<\/td>\n<td>69,3<\/td>\n<td>70,6<\/td>\n<td>72<\/td>\n<\/tr>\n<\/tbody>\n<\/table>\n<p>Vyvol\u00e1 jednu bludi\u010dku, kter\u00e1 vrac\u00ed fyzick\u00e9 \u00fatoky v\u0161em \u00fato\u010dn\u00edk\u016fm nabl\u00edzko, kte\u0159\u00ed za\u00fato\u010dili na spojence v\u00a0dosahu.<\/p>\n<p>Aura nebude p\u016fsobit na <a href=\"https:\/\/www.diablofans.cz\/d2\/herni-postavy-druid-skilly-summoning-raven\">havrany<\/a>, v\u00edna a vyvolan\u00e9 kostry prost\u0159ednictv\u00edm vlastnosti p\u0159edm\u011btu Reanimated.<\/p>\n<p><span style=\"color: #ff2030;\">Dle popisu skillu by m\u011bla aura bludi\u010dky vracet v\u011bt\u0161\u00ed zran\u011bn\u00ed, ne\u017e jak\u00e9 je ve skute\u010dnosti.<\/span> Viz v\u00fdpo\u010dty.<\/p>\n<p>Vr\u00e1cen\u00e9 \u0161kody jsou vypo\u010d\u00edtan\u00e9 z\u00a0kone\u010dn\u00e9 fyzick\u00e9 \u0161kody, kterou nep\u0159\u00edtel postav\u011b ud\u011bl\u00ed. Snahy o\u00a0<a href=\"https:\/\/www.diablofans.cz\/d2\/vlastnosti-damage-reduced-by\">redukci \u0161kod procenty<\/a> nebo jednotkami \u00fa\u010dinek aury sn\u00ed\u017e\u00ed nebo \u00fapln\u011b vyru\u0161\u00ed. Nep\u0159\u00e1tele odoln\u00ed v\u016f\u010di fyzick\u00fdm \u00fatok\u016fm budou touto aurou zra\u0148ov\u00e1ni m\u00e9n\u011b, zat\u00edmco imunn\u00ed nep\u0159\u00e1tel\u00e9 nebudou po\u0161kozen\u00ed\u00a0v\u016fbec.<\/p>\n<p>Zv\u00fd\u0161en\u00ed \u0161kod nep\u0159\u00e1tel, nap\u0159. prost\u0159ednictv\u00edm kletby <a href=\"https:\/\/www.diablofans.cz\/d2\/herni-postavy-necromancer-skilly-curses-amplify-damage\">Amplify Damage<\/a> nad hlavou postavy, zv\u00fd\u0161\u00ed i\u00a0\u0161kody vr\u00e1cen\u00e9 nep\u0159\u00edteli.<\/p>\n<p><span style=\"color: #ffff20;\"><a href=\"https:\/\/www.diablofans.cz\/d2\/herni-postavy-necromancer-skilly-curses-amplify-damage\">Amplify Damage<\/a> nad hlavou nep\u0159\u00edtele zv\u00fd\u0161\u00ed vr\u00e1cen\u00e9 \u0161kody nep\u0159\u00edteli tak\u00e9!<\/span> Pokud maj\u00ed nad sebou kletbu oba, m\u016f\u017ee b\u00fdt tato aura a\u017e \u010dty\u0159n\u00e1sobn\u011b \u00fa\u010dinn\u00e1.<\/p>\n<p>Vr\u00e1cen\u00e1 \u0161koda je sn\u00ed\u017eena na 1\/8 sv\u00e9 hodnoty, pokud je \u00fato\u010dn\u00edkem nep\u0159\u00e1telsk\u00fd hrdina nebo jeho \u017eoldn\u00e9\u0159.<\/p>\n<p>\u00darove\u0148 aury je v\u017edy rovna takov\u00e9, jak\u00e1 byla p\u0159i vyvol\u00e1n\u00ed bludi\u010dky. <span style=\"color: #cfdf00;\">Pokud je vyvolan\u00e1 bludi\u010dka pod vlivem barbarova pok\u0159iku <a href=\"https:\/\/www.diablofans.cz\/d2\/herni-postavy-barbarian-skilly-warcries-battle-command\">Battle Command<\/a>, zvedne se \u00farove\u0148 aury o\u00a01.\u00a0Pokud Druid pod vlivem tohoto pok\u0159iku svou bludi\u010dku p\u0159e\u010daruje a barbar zak\u0159i\u010d\u00ed znovu, bude v\u00fdsledn\u00e1 \u00farove\u0148 aury o\u00a02\u00a0\u00farovn\u011b vy\u0161\u0161\u00ed, ne\u017e byla p\u016fvodn\u011b.<\/span><\/p>\n<p>Pokud je postava pod vlivem v\u00edce t\u011bchto bludi\u010dek, po\u010d\u00edt\u00e1 se bonus pouze z\u00a0t\u00e9, kter\u00e1 m\u00e1 v\u00a0dan\u00fd moment auru na nejvy\u0161\u0161\u00ed \u00farovni.<\/p>\n<p>Ducha trn\u016f lze vyvolat soub\u011b\u017en\u011b s\u00a0vlky\/medv\u011bdem i\u00a0v\u00ednem. Nelze ho v\u0161ak vyvolat soub\u011b\u017en\u011b s\u00a0bludi\u010dkou <a href=\"https:\/\/www.diablofans.cz\/d2\/herni-postavy-druid-skilly-summoning-oak-sage\">Oak Sage<\/a> a <a href=\"https:\/\/www.diablofans.cz\/d2\/herni-postavy-druid-skilly-summoning-heart-of-wolverine\">Srdcem rosom\u00e1ka<\/a>.<\/p>\n<p>Bludi\u010dku lze zranit, av\u0161ak nelze ji srazit zp\u011bt <a href=\"https:\/\/www.diablofans.cz\/d2\/vlastnosti-knockback\">knockbackem<\/a>. Proti n\u011bkter\u00fdm element\u016fm je v\u0161ak imunn\u00ed nebo odoln\u00e1:<\/p>\n<table>\n<thead>\n<tr>\n<th>Obt\u00ed\u017enost:<\/th>\n<th>Normal<\/th>\n<th>Nightmare<\/th>\n<th>Hell<\/th>\n<\/tr>\n<\/thead>\n<tbody>\n<tr>\n<td>Damage Resist (%)<\/td>\n<td>0<\/td>\n<td><span style=\"color: #bf8040;\">100<\/span><\/td>\n<td>0<\/td>\n<\/tr>\n<tr>\n<td>Fire Resist (%)<\/td>\n<td>25<\/td>\n<td>25<\/td>\n<td>25<\/td>\n<\/tr>\n<tr>\n<td>Cold Resist (%)<\/td>\n<td>25<\/td>\n<td>25<\/td>\n<td>25<\/td>\n<\/tr>\n<tr>\n<td>Lightning Resist (%)<\/td>\n<td>25<\/td>\n<td>25<\/td>\n<td>25<\/td>\n<\/tr>\n<tr>\n<td>Poison Resist (%)<\/td>\n<td><span style=\"color: #bf8040;\">170<\/span><\/td>\n<td><span style=\"color: #bf8040;\">200<\/span><\/td>\n<td><span style=\"color: #bf8040;\">200<\/span><\/td>\n<\/tr>\n<tr>\n<td>Magic Resist (%)<\/td>\n<td>25<\/td>\n<td>25<\/td>\n<td>25<\/td>\n<\/tr>\n<\/tbody>\n<\/table>\n<h3>V\u00fdpo\u010dty<\/h3>\n<ul>\n<li>\u00darove\u0148 bludi\u010dky = clvl<\/li>\n<li>Mana = 24 + slvl<\/li>\n<li><strong>Defense<\/strong> = 196 + <em>(Monlvl.txt)<\/em><\/li>\n<li>Minim\u00e1ln\u00ed z\u00e1kladn\u00ed \u017eivot = 200 * (0,75 + 0,25 * slvl)<\/li>\n<li>Maxim\u00e1ln\u00ed z\u00e1kladn\u00ed \u017eivot = 226 * (0,75 + 0,25 * slvl)<\/li>\n<li><strong>Celkov\u00fd \u017eivot<\/strong> = Z\u00e1kladn\u00ed \u017eivot * (1 + p\u0159\u00edpadn\u00e1 aura nebo\u00a0BO)<\/li>\n<li><span style=\"color: #ff2030;\">Trnov\u00e1 aura (%)<\/span> = 30 + 20 * slvl % (dle popisu)<\/li>\n<li>Skute\u010dn\u00fd \u00fa\u010dinek trnov\u00e9 aury (%) = 40 + 10 * slvl %<\/li>\n<li>Dosah (y) = (28 + 2 * slvl) * 2\/3<\/li>\n<\/ul>\n<p>(slvl = \u00farove\u0148 skillu)<\/p>\n<h3>V\u00fdskyt dovednosti<\/h3>\n<p><strong>N\u011bkter\u00e9 p\u0159edm\u011bty poskytuj\u00ed bonus k\u00a0tomuto skillu:<\/strong><\/p>\n<ul>\n<li><a href=\"https:\/\/www.diablofans.cz\/d2\/predmety-normal-druid-pelts\">Druid\u00ed \u010dapka<\/a> (ilvl&gt;36): +1\u20133 to Spirit of Barbs (Druid Only) (varies)<\/li>\n<\/ul>\n<p><strong>Dovednost se vyskytuje na \u201enabit\u00fdch\u201c p\u0159edm\u011btech (Charges):<\/strong><\/p>\n<ul>\n<li><a href=\"https:\/\/www.diablofans.cz\/d2\/predmety-unique-ostatni-rings\">Wisp Projector Ring<\/a>: Level 7, 11\u00a0Charges<\/li>\n<li><a href=\"https:\/\/www.diablofans.cz\/d2\/runova-slova-1-10\">Bramble<\/a> brn\u011bn\u00ed: Level 13, 33\u00a0Charges<\/li>\n<\/ul>\n<hr \/>\n<p><em>Tento duch, kter\u00e9ho m\u016f\u017ee vy\u010darovat u\u017e zku\u0161en\u011bj\u0161\u00ed Druid, prop\u016fj\u010d\u00ed v\u0161em jeho spojenc\u016fm i\u00a0jemu samotn\u00e9mu schopnost odr\u00e1\u017eet zp\u011bt \u00fatoky nep\u0159\u00e1tel\u016f. T\u00edm p\u00e1dem je schopen urychlit zab\u00edjen\u00ed.<\/em><\/p>\n<p style=\"text-align:center\">&#8212;\u00a0\u2014 &#8212;\u00a0\u2014 &#8212;\u00a0\u2014 &#8212;\u00a0\u2014 &#8212;\u00a0\u2014 &#8212;\u00a0\u2014 &#8212;\u00a0\u2014 &#8212;\u00a0\u2014 &#8212;\u00a0\u2014 &#8212;\u00a0\u2014 &#8212;\u00a0\u2014\u00a0&#8212;<\/p>\n<p style=\"text-align:center\"><a href=\"https:\/\/www.diablofans.cz\/d2\/herni-postavy-druid-skilly-summoning\">\u00ab Zp\u011bt do sekce Hern\u00ed postavy\u00a0\u2013 Druid\u00a0\u2013 Skilly\u00a0\u2013 Summoning<\/a><\/p>\n<\/p><\/div>\n<p> <!-- by Texy2! --><\/p>\n","protected":false},"excerpt":{"rendered":"<p>Druid\u00a0\u2013 Elemental\u00a0\u2013 Shape Shifting\u00a0\u2013 Summoning Raven Poison Creeper Oak Sage Summon Spirit Wolf Carrion Vine Heart of Wolverine Summon Dire Wolf Solar Creeper Spirit of Barbs Summon Grizzly Spirit of Barbs Pot\u0159ebn\u00fd level: 30 Pot\u0159ebn\u00e9 skilly: Oak Sage, Heart of Wolverine Typ skillu: P\u0159ivol\u00e1vac\u00ed Lev\u00e9 tla\u010d\u00edtko: Ne Mezi z\u00e1kladn\u00ed dovednosti Druid\u016f pat\u0159\u00ed vyvol\u00e1v\u00e1n\u00ed duch\u016f. Duch [&#8230;]<\/p>\n<p><a class=\"btn btn-secondary understrap-read-more-link\" href=\"https:\/\/www.diablofans.cz\/d2\/herni-postavy-druid-skilly-summoning-spirit-of-barbs\/\">\u010c\u00edst d\u00e1le&#8230;<span class=\"screen-reader-text\"> from Druid &#8211; Skilly &#8211; Summoning &#8211; Spirit of Barbs<\/span><\/a><\/p>\n","protected":false},"author":1,"featured_media":0,"parent":0,"menu_order":0,"comment_status":"open","ping_status":"open","template":"","meta":{"footnotes":""},"class_list":["post-3363","page","type-page","status-publish","hentry"],"_links":{"self":[{"href":"https:\/\/www.diablofans.cz\/d2\/wp-json\/wp\/v2\/pages\/3363","targetHints":{"allow":["GET"]}}],"collection":[{"href":"https:\/\/www.diablofans.cz\/d2\/wp-json\/wp\/v2\/pages"}],"about":[{"href":"https:\/\/www.diablofans.cz\/d2\/wp-json\/wp\/v2\/types\/page"}],"author":[{"embeddable":true,"href":"https:\/\/www.diablofans.cz\/d2\/wp-json\/wp\/v2\/users\/1"}],"replies":[{"embeddable":true,"href":"https:\/\/www.diablofans.cz\/d2\/wp-json\/wp\/v2\/comments?post=3363"}],"version-history":[{"count":0,"href":"https:\/\/www.diablofans.cz\/d2\/wp-json\/wp\/v2\/pages\/3363\/revisions"}],"wp:attachment":[{"href":"https:\/\/www.diablofans.cz\/d2\/wp-json\/wp\/v2\/media?parent=3363"}],"curies":[{"name":"wp","href":"https:\/\/api.w.org\/{rel}","templated":true}]}}