{"id":3391,"date":"2018-08-25T22:09:00","date_gmt":"2018-08-25T20:09:00","guid":{"rendered":"http:\/\/diablofans.ddev.site\/d2\/herni-postavy-necromancer-skilly-curses-weaken\/"},"modified":"2018-08-25T22:09:00","modified_gmt":"2018-08-25T20:09:00","slug":"herni-postavy-necromancer-skilly-curses-weaken","status":"publish","type":"page","link":"https:\/\/www.diablofans.cz\/d2\/herni-postavy-necromancer-skilly-curses-weaken\/","title":{"rendered":"Necromancer &#8211; Skilly &#8211; Curses &#8211; Weaken"},"content":{"rendered":"\n<div class=\"skilly\">\n<p style=\"text-align:center\"><a href=\"https:\/\/www.diablofans.cz\/d2\/herni-postavy-necromancer\">Necromancer<\/a>\u00a0\u2013 <a href=\"https:\/\/www.diablofans.cz\/d2\/herni-postavy-necromancer-skilly-summoning\">Summoning Spells<\/a>\u00a0\u2013 <a href=\"https:\/\/www.diablofans.cz\/d2\/necromancer-skilly-poison-and-bone\">Poison and Bone Spells<\/a>\u00a0\u2013\u00a0<strong><a href=\"https:\/\/www.diablofans.cz\/d2\/herni-postavy-necromancer-skilly-curses\">Curses<\/a><\/strong><\/p>\n<div style=\"float: right; width: 140px; \">\n<table>\n<tbody>\n<tr>\n<td><a href=\"https:\/\/www.diablofans.cz\/d2\/herni-postavy-necromancer-skilly-curses-amplify-damage\">Amplify Damage<\/a><\/td>\n<\/tr>\n<tr>\n<td><a href=\"https:\/\/www.diablofans.cz\/d2\/herni-postavy-necromancer-skilly-curses-dim-vision\">Dim Vision<\/a><\/td>\n<\/tr>\n<tr>\n<td><strong><a href=\"https:\/\/www.diablofans.cz\/d2\/herni-postavy-necromancer-skilly-curses-weaken\">Weaken<\/a><\/strong><\/td>\n<\/tr>\n<tr>\n<td><a href=\"https:\/\/www.diablofans.cz\/d2\/herni-postavy-necromancer-skilly-curses-iron-maiden\">Iron Maiden<\/a><\/td>\n<\/tr>\n<tr>\n<td><a href=\"https:\/\/www.diablofans.cz\/d2\/herni-postavy-necromancer-skilly-curses-terror\">Terror<\/a><\/td>\n<\/tr>\n<tr>\n<td><a href=\"https:\/\/www.diablofans.cz\/d2\/herni-postavy-necromancer-skilly-curses-confuse\">Confuse<\/a><\/td>\n<\/tr>\n<tr>\n<td><a href=\"https:\/\/www.diablofans.cz\/d2\/herni-postavy-necromancer-skilly-curses-life-tap\">Life Tap<\/a><\/td>\n<\/tr>\n<tr>\n<td><a href=\"https:\/\/www.diablofans.cz\/d2\/herni-postavy-necromancer-skilly-curses-attract\">Attract<\/a><\/td>\n<\/tr>\n<tr>\n<td><a href=\"https:\/\/www.diablofans.cz\/d2\/herni-postavy-necromancer-skilly-curses-decrepify\">Decrepify<\/a><\/td>\n<\/tr>\n<tr>\n<td><a href=\"https:\/\/www.diablofans.cz\/d2\/herni-postavy-necromancer-skilly-curses-lower-resist\">Lower Resist<\/a><\/td>\n<\/tr>\n<\/tbody>\n<\/table><\/div>\n<h3 style=\"clear:none\">Weaken<\/h3>\n<div><img loading=\"lazy\" decoding=\"async\" src=\"https:\/\/www.diablofans.cz\/d2\/wp-content\/uploads\/2018\/08\/weaken.jpg\" alt=\"weaken\" class=\"img-left\" width=\"48\" height=\"48\" \/><\/div>\n<ul>\n<li>Pot\u0159ebn\u00fd level: 6<\/li>\n<li>Pot\u0159ebn\u00e9 skilly: <a href=\"https:\/\/www.diablofans.cz\/d2\/herni-postavy-necromancer-skilly-curses-amplify-damage\">Amplify Damage<\/a><\/li>\n<li>Typ: kletba<\/li>\n<li>Lev\u00e9 tla\u010d\u00edtko: Ne<\/li>\n<\/ul>\n<p>Kletba oslaben\u00ed je u\u017eite\u010dn\u00fdm n\u00e1strojem, kter\u00fdm m\u016f\u017eete oslabit nep\u0159\u00e1telsk\u00e9 \u00fatoky o\u00a01\/3. V\u00a0kombinaci s\u00a0p\u0159edm\u011bty, je\u017e d\u00e1le zeslabuj\u00ed nep\u0159\u00e1telsk\u00fd \u00fatok vlastnostmi Damage reduced by X, je toto velice \u00fa\u010dinn\u00fd zp\u016fsob, jak zajistit svou bezpe\u010dnost. Tuto kletbu v\u0161ak neocen\u00edte, kdy\u017e jste j\u00ed s\u00e1m zasa\u017een t\u011bmito nep\u0159\u00e1teli:<\/p>\n<p><a href=\"https:\/\/www.diablofans.cz\/d2\/super-unikatni-bossove-2-akt-summoner\">Summoner<\/a> ji ses\u00edl\u00e1 \u010dasto a r\u00e1d. Aktivn\u011b ji ses\u00edlaj\u00ed <a href=\"https:\/\/www.diablofans.cz\/d2\/bestiar-4-akt#oblivionknight\">Oblivion Knighti<\/a> a monstra typu <a href=\"https:\/\/www.diablofans.cz\/d2\/bestiar-5-akt#stygianfury\">Stygian Fury<\/a>.<\/p>\n<h3>Tabulka<\/h3>\n<ul>\n<li>Cena Many = 4\u00a0pro v\u0161echny \u00farovn\u011b<\/li>\n<li>Sn\u00ed\u017een\u00ed nep\u0159\u00e1telsk\u00fdch fyzick\u00fdch \u0161kod =\u00a0\u201333 %<\/li>\n<\/ul>\n<table>\n<thead>\n<tr>\n<th style=\"width:100px\">\u00darovn\u011b<\/th>\n<th style=\"width:40px\">1<\/th>\n<th style=\"width:40px\">2<\/th>\n<th style=\"width:40px\">3<\/th>\n<th style=\"width:40px\">4<\/th>\n<th style=\"width:40px\">5<\/th>\n<th style=\"width:40px\">6<\/th>\n<th style=\"width:40px\">7<\/th>\n<th style=\"width:40px\">8<\/th>\n<th style=\"width:40px\">9<\/th>\n<th style=\"width:40px\">10<\/th>\n<\/tr>\n<\/thead>\n<tbody>\n<tr>\n<td>Dosah (y)<\/td>\n<td>6<\/td>\n<td>6,6<\/td>\n<td>7,3<\/td>\n<td>8<\/td>\n<td>8,6<\/td>\n<td>9,3<\/td>\n<td>10<\/td>\n<td>10,6<\/td>\n<td>11,3<\/td>\n<td>12<\/td>\n<\/tr>\n<tr>\n<td>Trv\u00e1n\u00ed (s)<\/td>\n<td>14<\/td>\n<td>16,4<\/td>\n<td>18,8<\/td>\n<td>21,2<\/td>\n<td>23,6<\/td>\n<td>26<\/td>\n<td>28,4<\/td>\n<td>30,8<\/td>\n<td>33,2<\/td>\n<td>35,6<\/td>\n<\/tr>\n<tr>\n<th>\u00darovn\u011b<\/th>\n<th>11<\/th>\n<th>12<\/th>\n<th>13<\/th>\n<th>14<\/th>\n<th>15<\/th>\n<th>16<\/th>\n<th>17<\/th>\n<th>18<\/th>\n<th>19<\/th>\n<th>20<\/th>\n<\/tr>\n<tr>\n<td>Dosah (y)<\/td>\n<td>12,6<\/td>\n<td>13,3<\/td>\n<td>14<\/td>\n<td>14,6<\/td>\n<td>15,3<\/td>\n<td>16<\/td>\n<td>16,6<\/td>\n<td>17,3<\/td>\n<td>18<\/td>\n<td>18,6<\/td>\n<\/tr>\n<tr>\n<td>Trv\u00e1n\u00ed (s)<\/td>\n<td>38<\/td>\n<td>40,4<\/td>\n<td>42,8<\/td>\n<td>45,2<\/td>\n<td>47,6<\/td>\n<td>50<\/td>\n<td>52,4<\/td>\n<td>54,8<\/td>\n<td>57,2<\/td>\n<td>59,6<\/td>\n<\/tr>\n<\/tbody>\n<\/table>\n<table>\n<thead>\n<tr>\n<th style=\"width:100px\">\u00darovn\u011b<\/th>\n<th style=\"width:40px\">21<\/th>\n<th style=\"width:40px\">22<\/th>\n<th style=\"width:40px\">23<\/th>\n<th style=\"width:40px\">24<\/th>\n<th style=\"width:40px\">25<\/th>\n<th style=\"width:40px\">26<\/th>\n<th style=\"width:40px\">27<\/th>\n<th style=\"width:40px\">28<\/th>\n<th style=\"width:40px\">29<\/th>\n<th style=\"width:40px\">30<\/th>\n<\/tr>\n<\/thead>\n<tbody>\n<tr>\n<td>Dosah (y)<\/td>\n<td>19,3<\/td>\n<td>20<\/td>\n<td>20,6<\/td>\n<td>21,3<\/td>\n<td>22<\/td>\n<td>22,6<\/td>\n<td>23,3<\/td>\n<td>24<\/td>\n<td>24,6<\/td>\n<td>25,3<\/td>\n<\/tr>\n<tr>\n<td>Trv\u00e1n\u00ed (s)<\/td>\n<td>62<\/td>\n<td>64,4<\/td>\n<td>66,8<\/td>\n<td>69,2<\/td>\n<td>71,6<\/td>\n<td>74<\/td>\n<td>76,4<\/td>\n<td>78,8<\/td>\n<td>81,2<\/td>\n<td>83,6<\/td>\n<\/tr>\n<tr>\n<th>\u00darovn\u011b<\/th>\n<th>31<\/th>\n<th>32<\/th>\n<th>33<\/th>\n<th>34<\/th>\n<th>35<\/th>\n<th>36<\/th>\n<th>37<\/th>\n<th>38<\/th>\n<th>39<\/th>\n<th>40<\/th>\n<\/tr>\n<tr>\n<td>Dosah (y)<\/td>\n<td>26<\/td>\n<td>26,6<\/td>\n<td>27,3<\/td>\n<td>28<\/td>\n<td>28,6<\/td>\n<td>29,3<\/td>\n<td>30<\/td>\n<td>30,6<\/td>\n<td>31,3<\/td>\n<td>32<\/td>\n<\/tr>\n<tr>\n<td>Trv\u00e1n\u00ed (s)<\/td>\n<td>86<\/td>\n<td>88,4<\/td>\n<td>90,8<\/td>\n<td>93,2<\/td>\n<td>95,6<\/td>\n<td>98<\/td>\n<td>100,4<\/td>\n<td>102,8<\/td>\n<td>105,2<\/td>\n<td>107,6<\/td>\n<\/tr>\n<\/tbody>\n<\/table>\n<p>Kletba oslaben\u00ed sn\u00ed\u017e\u00ed nep\u0159\u00edtelovy fyzick\u00e9 \u0161kody o\u00a033\u00a0%.<\/p>\n<p>Pokud je nep\u0159\u00edtel pod vlivem modifik\u00e1toru \u0161kod (nap\u0159. aura <a href=\"https:\/\/www.diablofans.cz\/d2\/herni-postavy-paladin-skilly-offensive-auras-might\">Might<\/a>), pouze se \u00fa\u010dinkem kletby sn\u00ed\u017e\u00ed jeho \u00fa\u010dinnost o\u00a033\u00a0%, tak\u017ee \u00fa\u010dinek kletby u\u017e nen\u00ed tolik v\u00fdrazn\u00fd.<\/p>\n<p>Kletba nefunguje proti plo\u0161n\u00fdm \u00fatok\u016fm s\u00a0fyzickou slo\u017ekou:<\/p>\n<ul>\n<li>p\u0159i v\u00fdbuchu <a href=\"https:\/\/www.diablofans.cz\/d2\/bestiar-3-akt#bonefetish\">kostliv\u00e9ho feti\u0161e<\/a><\/li>\n<li>p\u0159i v\u00fdbuchu <a href=\"https:\/\/www.diablofans.cz\/d2\/bestiar-5-akt#suicideminion\">Suicide Miniona<\/a><\/li>\n<li>p\u0159i v\u00fdbuchu bosse o\u010darovan\u00e9ho vlastnost\u00ed Fire enchanted<\/li>\n<li>p\u0159i v\u00fdbuchu mrtvoly od <a href=\"https:\/\/www.diablofans.cz\/d2\/super-unikatni-bossove-5-akt-nihlathak\">Nihlathakova<\/a> kouzla <a href=\"https:\/\/www.diablofans.cz\/d2\/super-unikatni-bossove-5-akt-nihlathak\">Corpse explosion<\/a><\/li>\n<\/ul>\n<p>Monstra typu <a href=\"https:\/\/www.diablofans.cz\/d2\/bestiar-5-akt#stygianfury\">Stygian Fury<\/a> se\u0161lou kletbu oslaben\u00ed na obt\u00ed\u017enosti Nightmare nebo Hell v\u00a0p\u0159\u00edpad\u011b, \u017ee jejich nep\u0159\u00edtel (tedy hr\u00e1\u010d a jeho pomocn\u00edci) m\u00e1 hladinu \u017eivota &lt;80 % a z\u00e1rove\u0148 ony samy maj\u00ed \u017eivot &lt;66\u00a0%.<\/p>\n<h3>V\u00fdpo\u010dty<\/h3>\n<ul>\n<li>Dosah (y) = (16 + 2 * slvl) \/ 3\u00a0yard\u016f<\/li>\n<li>Trv\u00e1n\u00ed (s) = 11,6 + 2,4 * slvl sekund<\/li>\n<\/ul>\n<p>(slvl = \u00farove\u0148 skillu)<\/p>\n<h3>V\u00fdskyt dovednosti<\/h3>\n<p><strong>N\u011bkter\u00e9 p\u0159edm\u011bty poskytuj\u00ed bonus k\u00a0tomuto skillu:<\/strong><\/p>\n<ul>\n<li>V\u0161echny p\u0159edm\u011bty typu <a href=\"https:\/\/www.diablofans.cz\/d2\/predmety-normal-wands\">Wands<\/a> a <a href=\"https:\/\/www.diablofans.cz\/d2\/predmety-normal-necromancer-shrunken-heads\">Shrunken Heads<\/a> (ilvl&lt;37): +1\u20133 to Weaken (Necromancer Only) (varies)<\/li>\n<\/ul>\n<p><strong>N\u011bkter\u00e9 p\u0159edm\u011bty spou\u0161t\u00ed tuto dovednost:<\/strong><\/p>\n<ul>\n<li><a href=\"https:\/\/www.diablofans.cz\/d2\/predmety-unique-elite-swords\">Doombringer Champion Sword<\/a>: 8% Chance to Cast Level 3\u00a0Weaken on Striking<\/li>\n<li><a href=\"https:\/\/www.diablofans.cz\/d2\/predmety-unique-elite-gloves\">Soul Drainer Vambraces<\/a>: 8% Chance to Cast Level 3\u00a0Weaken on Striking<\/li>\n<li><a href=\"https:\/\/www.diablofans.cz\/d2\/predmety-setove-sady-heavens-brethren\">Ondal&#8217;s\u00a0Almighty Spired Helm<\/a>: 10% Chance to Cast Level 3\u00a0Weaken on Striking<\/li>\n<li><a href=\"https:\/\/www.diablofans.cz\/d2\/predmety-unique-exceptional-polearms\">Blackleach Blade Bill<\/a>: 5% Chance to Cast Level 5\u00a0Weaken on Striking<\/li>\n<li><a href=\"https:\/\/www.diablofans.cz\/d2\/predmety-unique-elite-shields\">Blackoak Shield Luna<\/a>: 4% Chance to Cast Level 5\u00a0Weaken when\u00a0Struck<\/li>\n<\/ul>\n<p><strong>Dovednost se vyskytuje na \u201enabit\u00fdch\u201c p\u0159edm\u011btech (Charges):<\/strong><\/p>\n<ul>\n<li><a href=\"https:\/\/www.diablofans.cz\/d2\/runova-slova-1-09\">Smoke<\/a> brn\u011bn\u00ed: Level 6, 18\u00a0Charges<\/li>\n<li>D\u00e1le v\u00fdskyt pouze na Magic, Rare, nebo Crafted p\u0159edm\u011btech typu Dagger, Wand, Shrunken Head a rukavice.<\/li>\n<li>\u00darovn\u011b: 1\u20138<\/li>\n<li>V\u00a0tabulk\u00e1ch je zn\u00e1zorn\u011bn minim\u00e1ln\u00ed po\u017eadavek na \u00farove\u0148 p\u0159edm\u011btu (ilvl) na \u00farove\u0148 skillu spole\u010dn\u011b s\u00a0po\u010dtem n\u00e1boj\u016f (Charges)<\/li>\n<li>Pro Daggery, Wandky, Shrunken Heads plat\u00ed:<\/li>\n<\/ul>\n<table>\n<thead>\n<tr>\n<th>\u00darove\u0148 skillu<\/th>\n<th>1<\/th>\n<th>2<\/th>\n<th>3<\/th>\n<th>4<\/th>\n<th>5<\/th>\n<th>6<\/th>\n<th>7<\/th>\n<th>8<\/th>\n<\/tr>\n<\/thead>\n<tbody>\n<tr>\n<td>Minim\u00e1ln\u00ed ilvl<\/td>\n<td>17<\/td>\n<td>28<\/td>\n<td>39<\/td>\n<td>50<\/td>\n<td>61<\/td>\n<td>72<\/td>\n<td>83<\/td>\n<td>94<\/td>\n<\/tr>\n<tr>\n<td>Po\u010det Charges<\/td>\n<td>67<\/td>\n<td>75<\/td>\n<td>82<\/td>\n<td>90<\/td>\n<td>97<\/td>\n<td>105<\/td>\n<td>112<\/td>\n<td>120<\/td>\n<\/tr>\n<\/tbody>\n<\/table>\n<ul>\n<li>Pro rukavice plat\u00ed:<\/li>\n<\/ul>\n<table>\n<thead>\n<tr>\n<th>\u00darove\u0148 skillu<\/th>\n<th>1<\/th>\n<th>2<\/th>\n<th>3<\/th>\n<th>4<\/th>\n<th>5<\/th>\n<\/tr>\n<\/thead>\n<tbody>\n<tr>\n<td>Minim\u00e1ln\u00ed ilvl<\/td>\n<td>24<\/td>\n<td>42<\/td>\n<td>60<\/td>\n<td>78<\/td>\n<td>96<\/td>\n<\/tr>\n<tr>\n<td>Po\u010det Charges<\/td>\n<td>22<\/td>\n<td>25<\/td>\n<td>27<\/td>\n<td>30<\/td>\n<td>32<\/td>\n<\/tr>\n<\/tbody>\n<\/table>\n<hr \/>\n<p><em>Toto proklet\u00ed Nekromantovi umo\u017e\u0148uje vys\u00e1vat s\u00edlu z\u00a0jeho nep\u0159\u00e1tel. Jsou tedy oslabeni do t\u00e9 m\u00edry, \u017ee se jejich r\u00e1ny stanou, m\u00edrn\u011b \u0159e\u010deno, neefektivn\u00edmi.<\/em><\/p>\n<p style=\"text-align:center\">&#8212;\u00a0\u2014 &#8212;\u00a0\u2014 &#8212;\u00a0\u2014 &#8212;\u00a0\u2014 &#8212;\u00a0\u2014 &#8212;\u00a0\u2014 &#8212;\u00a0\u2014 &#8212;\u00a0\u2014 &#8212;\u00a0\u2014 &#8212;\u00a0\u2014 &#8212;\u00a0\u2014\u00a0&#8212;<\/p>\n<p style=\"text-align:center\"><a href=\"https:\/\/www.diablofans.cz\/d2\/herni-postavy-necromancer-skilly-curses\">\u00ab Zp\u011bt do sekce Hern\u00ed postavy\u00a0\u2013 Necromancer\u00a0\u2013 Skilly\u00a0\u2013\u00a0Curses<\/a><\/p>\n<\/p><\/div>\n<p> <!-- by Texy2! --><\/p>\n","protected":false},"excerpt":{"rendered":"<p>Necromancer\u00a0\u2013 Summoning Spells\u00a0\u2013 Poison and Bone Spells\u00a0\u2013\u00a0Curses Amplify Damage Dim Vision Weaken Iron Maiden Terror Confuse Life Tap Attract Decrepify Lower Resist Weaken Pot\u0159ebn\u00fd level: 6 Pot\u0159ebn\u00e9 skilly: Amplify Damage Typ: kletba Lev\u00e9 tla\u010d\u00edtko: Ne Kletba oslaben\u00ed je u\u017eite\u010dn\u00fdm n\u00e1strojem, kter\u00fdm m\u016f\u017eete oslabit nep\u0159\u00e1telsk\u00e9 \u00fatoky o\u00a01\/3. V\u00a0kombinaci s\u00a0p\u0159edm\u011bty, je\u017e d\u00e1le zeslabuj\u00ed nep\u0159\u00e1telsk\u00fd \u00fatok vlastnostmi Damage [&#8230;]<\/p>\n<p><a class=\"btn btn-secondary understrap-read-more-link\" href=\"https:\/\/www.diablofans.cz\/d2\/herni-postavy-necromancer-skilly-curses-weaken\/\">\u010c\u00edst d\u00e1le&#8230;<span class=\"screen-reader-text\"> from Necromancer &#8211; Skilly &#8211; Curses &#8211; Weaken<\/span><\/a><\/p>\n","protected":false},"author":1,"featured_media":0,"parent":0,"menu_order":0,"comment_status":"open","ping_status":"open","template":"","meta":{"footnotes":""},"class_list":["post-3391","page","type-page","status-publish","hentry"],"_links":{"self":[{"href":"https:\/\/www.diablofans.cz\/d2\/wp-json\/wp\/v2\/pages\/3391","targetHints":{"allow":["GET"]}}],"collection":[{"href":"https:\/\/www.diablofans.cz\/d2\/wp-json\/wp\/v2\/pages"}],"about":[{"href":"https:\/\/www.diablofans.cz\/d2\/wp-json\/wp\/v2\/types\/page"}],"author":[{"embeddable":true,"href":"https:\/\/www.diablofans.cz\/d2\/wp-json\/wp\/v2\/users\/1"}],"replies":[{"embeddable":true,"href":"https:\/\/www.diablofans.cz\/d2\/wp-json\/wp\/v2\/comments?post=3391"}],"version-history":[{"count":1,"href":"https:\/\/www.diablofans.cz\/d2\/wp-json\/wp\/v2\/pages\/3391\/revisions"}],"predecessor-version":[{"id":4270,"href":"https:\/\/www.diablofans.cz\/d2\/wp-json\/wp\/v2\/pages\/3391\/revisions\/4270"}],"wp:attachment":[{"href":"https:\/\/www.diablofans.cz\/d2\/wp-json\/wp\/v2\/media?parent=3391"}],"curies":[{"name":"wp","href":"https:\/\/api.w.org\/{rel}","templated":true}]}}