{"id":3397,"date":"2018-08-25T22:09:00","date_gmt":"2018-08-25T20:09:00","guid":{"rendered":"http:\/\/diablofans.ddev.site\/d2\/herni-postavy-necromancer-skilly-curses-decrepify\/"},"modified":"2018-08-25T22:09:00","modified_gmt":"2018-08-25T20:09:00","slug":"herni-postavy-necromancer-skilly-curses-decrepify","status":"publish","type":"page","link":"https:\/\/www.diablofans.cz\/d2\/herni-postavy-necromancer-skilly-curses-decrepify\/","title":{"rendered":"Necromancer &#8211; Skilly &#8211; Curses &#8211; Decrepify"},"content":{"rendered":"\n<div class=\"skilly\">\n<p style=\"text-align:center\"><a href=\"https:\/\/www.diablofans.cz\/d2\/herni-postavy-necromancer\">Necromancer<\/a>\u00a0\u2013 <a href=\"https:\/\/www.diablofans.cz\/d2\/herni-postavy-necromancer-skilly-summoning\">Summoning Spells<\/a>\u00a0\u2013 <a href=\"https:\/\/www.diablofans.cz\/d2\/necromancer-skilly-poison-and-bone\">Poison and Bone Spells<\/a>\u00a0\u2013\u00a0<strong><a href=\"https:\/\/www.diablofans.cz\/d2\/herni-postavy-necromancer-skilly-curses\">Curses<\/a><\/strong><\/p>\n<div style=\"float: right; width: 140px; \">\n<table>\n<tbody>\n<tr>\n<td><a href=\"https:\/\/www.diablofans.cz\/d2\/herni-postavy-necromancer-skilly-curses-amplify-damage\">Amplify Damage<\/a><\/td>\n<\/tr>\n<tr>\n<td><a href=\"https:\/\/www.diablofans.cz\/d2\/herni-postavy-necromancer-skilly-curses-dim-vision\">Dim Vision<\/a><\/td>\n<\/tr>\n<tr>\n<td><a href=\"https:\/\/www.diablofans.cz\/d2\/herni-postavy-necromancer-skilly-curses-weaken\">Weaken<\/a><\/td>\n<\/tr>\n<tr>\n<td><a href=\"https:\/\/www.diablofans.cz\/d2\/herni-postavy-necromancer-skilly-curses-iron-maiden\">Iron Maiden<\/a><\/td>\n<\/tr>\n<tr>\n<td><a href=\"https:\/\/www.diablofans.cz\/d2\/herni-postavy-necromancer-skilly-curses-terror\">Terror<\/a><\/td>\n<\/tr>\n<tr>\n<td><a href=\"https:\/\/www.diablofans.cz\/d2\/herni-postavy-necromancer-skilly-curses-confuse\">Confuse<\/a><\/td>\n<\/tr>\n<tr>\n<td><a href=\"https:\/\/www.diablofans.cz\/d2\/herni-postavy-necromancer-skilly-curses-life-tap\">Life Tap<\/a><\/td>\n<\/tr>\n<tr>\n<td><a href=\"https:\/\/www.diablofans.cz\/d2\/herni-postavy-necromancer-skilly-curses-attract\">Attract<\/a><\/td>\n<\/tr>\n<tr>\n<td><strong><a href=\"https:\/\/www.diablofans.cz\/d2\/herni-postavy-necromancer-skilly-curses-decrepify\">Decrepify<\/a><\/strong><\/td>\n<\/tr>\n<tr>\n<td><a href=\"https:\/\/www.diablofans.cz\/d2\/herni-postavy-necromancer-skilly-curses-lower-resist\">Lower Resist<\/a><\/td>\n<\/tr>\n<\/tbody>\n<\/table><\/div>\n<h3 style=\"clear:none\">Decrepify<\/h3>\n<div><img loading=\"lazy\" decoding=\"async\" src=\"https:\/\/www.diablofans.cz\/d2\/wp-content\/uploads\/2018\/08\/decrepify.jpg\" alt=\"decrepify\" class=\"img-left\" width=\"48\" height=\"48\" \/><\/div>\n<ul>\n<li>Pot\u0159ebn\u00fd level: 24<\/li>\n<li>Pot\u0159ebn\u00e9 skilly: <a href=\"https:\/\/www.diablofans.cz\/d2\/herni-postavy-necromancer-skilly-curses-amplify-damage\">Amplify Damage<\/a>, <a href=\"https:\/\/www.diablofans.cz\/d2\/herni-postavy-necromancer-skilly-curses-weaken\">Weaken<\/a>,\u00a0<a href=\"https:\/\/www.diablofans.cz\/d2\/herni-postavy-necromancer-skilly-curses-terror\">Terror<\/a><\/li>\n<li>Typ: kletba<\/li>\n<li>Lev\u00e9 tla\u010d\u00edtko: Ne<\/li>\n<\/ul>\n<p>Kletba zp\u016fsobuj\u00edc\u00ed se\u0161lost pat\u0159\u00ed mezi neju\u017eite\u010dn\u011bj\u0161\u00ed n\u00e1stroje nekromancera, jak ovl\u00e1dat dav nep\u0159\u00e1tel. Zp\u016fsobuje toti\u017e v\u00fdrazn\u00e9 zpomalen\u00ed jejich pohybu a \u00fatoku a z\u00e1rove\u0148 zeslab\u00ed jejich odolnosti v\u016f\u010di fyzick\u00fdm \u0161kod\u00e1m. Proto ji ocen\u00ed hlavn\u011b \u010dlenov\u00e9 jeho dru\u017einy. Av\u0161ak neocen\u00edte ji, pokud jste kletbou zasa\u017een vy\u00a0s\u00e1m.<\/p>\n<p>Tuto kletbu ses\u00edlaj\u00ed i\u00a0<a href=\"https:\/\/www.diablofans.cz\/d2\/bestiar-4-akt#oblivionknight\">Oblivion Knighti<\/a> a v\u00a0Throne of Destruction ji ses\u00edl\u00e1 i\u00a0<a href=\"https:\/\/www.diablofans.cz\/d2\/akt-bossove-baal\">Baal<\/a>.<\/p>\n<h3>Tabulka<\/h3>\n<ul>\n<li>Cena Many = 11\u00a0pro v\u0161echny \u00farovn\u011b<\/li>\n<li>Zpomalen\u00ed nep\u0159\u00edtele (%) =\u00a0\u201350 % pro v\u0161echny \u00farovn\u011b<\/li>\n<li>Zpomalen\u00ed \u00fatoku nep\u0159\u00edtele (%) =\u00a0\u201350 % pro v\u0161echny \u00farovn\u011b<\/li>\n<li>Sn\u00ed\u017een\u00ed fyzick\u00e9 \u0161kody nep\u0159\u00edtele (%) =\u00a0\u201350 % pro v\u0161echny\u00a0\u00farovn\u011b<\/li>\n<li>Sn\u00ed\u017een\u00ed odolnosti v\u016f\u010di fyzick\u00fdm \u00fatok\u016fm nep\u0159\u00edtele (%) =\u00a0\u201350 % pro v\u0161echny\u00a0\u00farovn\u011b<\/li>\n<li>Dosah (y) = 4\u00a0yardy pro v\u0161echny \u00farovn\u011b<\/li>\n<\/ul>\n<table>\n<thead>\n<tr>\n<th style=\"width:100px\">\u00darovn\u011b<\/th>\n<th style=\"width:40px\">1<\/th>\n<th style=\"width:40px\">2<\/th>\n<th style=\"width:40px\">3<\/th>\n<th style=\"width:40px\">4<\/th>\n<th style=\"width:40px\">5<\/th>\n<th style=\"width:40px\">6<\/th>\n<th style=\"width:40px\">7<\/th>\n<th style=\"width:40px\">8<\/th>\n<th style=\"width:40px\">9<\/th>\n<th style=\"width:40px\">10<\/th>\n<\/tr>\n<\/thead>\n<tbody>\n<tr>\n<td>Trv\u00e1n\u00ed (s)<\/td>\n<td>4<\/td>\n<td>4,6<\/td>\n<td>5,2<\/td>\n<td>5,8<\/td>\n<td>6,4<\/td>\n<td>7<\/td>\n<td>7,6<\/td>\n<td>8,2<\/td>\n<td>8,8<\/td>\n<td>9,4<\/td>\n<\/tr>\n<tr>\n<th>\u00darovn\u011b<\/th>\n<th>11<\/th>\n<th>12<\/th>\n<th>13<\/th>\n<th>14<\/th>\n<th>15<\/th>\n<th>16<\/th>\n<th>17<\/th>\n<th>18<\/th>\n<th>19<\/th>\n<th>20<\/th>\n<\/tr>\n<tr>\n<td>Trv\u00e1n\u00ed (s)<\/td>\n<td>10<\/td>\n<td>10,6<\/td>\n<td>11,2<\/td>\n<td>11,8<\/td>\n<td>12,4<\/td>\n<td>13<\/td>\n<td>13,6<\/td>\n<td>14,2<\/td>\n<td>14,8<\/td>\n<td>15,4<\/td>\n<\/tr>\n<\/tbody>\n<\/table>\n<table>\n<thead>\n<tr>\n<th style=\"width:100px\">\u00darovn\u011b<\/th>\n<th style=\"width:40px\">21<\/th>\n<th style=\"width:40px\">22<\/th>\n<th style=\"width:40px\">23<\/th>\n<th style=\"width:40px\">24<\/th>\n<th style=\"width:40px\">25<\/th>\n<th style=\"width:40px\">26<\/th>\n<th style=\"width:40px\">27<\/th>\n<th style=\"width:40px\">28<\/th>\n<th style=\"width:40px\">29<\/th>\n<th style=\"width:40px\">30<\/th>\n<\/tr>\n<\/thead>\n<tbody>\n<tr>\n<td>Trv\u00e1n\u00ed (s)<\/td>\n<td>16<\/td>\n<td>16,6<\/td>\n<td>17,2<\/td>\n<td>17,8<\/td>\n<td>18,4<\/td>\n<td>19<\/td>\n<td>19,6<\/td>\n<td>20,2<\/td>\n<td>20,8<\/td>\n<td>21,4<\/td>\n<\/tr>\n<tr>\n<th>\u00darovn\u011b<\/th>\n<th>31<\/th>\n<th>32<\/th>\n<th>33<\/th>\n<th>34<\/th>\n<th>35<\/th>\n<th>36<\/th>\n<th>37<\/th>\n<th>38<\/th>\n<th>39<\/th>\n<th>40<\/th>\n<\/tr>\n<tr>\n<td>Trv\u00e1n\u00ed (s)<\/td>\n<td>16<\/td>\n<td>16,6<\/td>\n<td>17,2<\/td>\n<td>17,8<\/td>\n<td>18,4<\/td>\n<td>19<\/td>\n<td>19,6<\/td>\n<td>20,2<\/td>\n<td>20,8<\/td>\n<td>21,4<\/td>\n<\/tr>\n<\/tbody>\n<\/table>\n<p>Nep\u0159\u00edtel proklet\u00fd se\u0161lost\u00ed m\u00e1 o\u00a050\u00a0% sn\u00ed\u017eenou rychlost pohybu, \u00fatoku (<a href=\"https:\/\/www.diablofans.cz\/d2\/vlastnosti-increased-attack-speed#EIAS\">EIAS<\/a>), fyzick\u00e9 \u0161kody a odolnost v\u016f\u010di fyzick\u00fdm \u0161kod\u00e1m.<\/p>\n<p>Sn\u00ed\u017een\u00ed rychlosti pohybu a \u00fatoku se p\u0159ipo\u010d\u00edt\u00e1 k\u00a0jin\u00fdm zdroj\u016fm sn\u00ed\u017een\u00ed rychlosti jako <a href=\"https:\/\/www.diablofans.cz\/d2\/vlastnosti-slows-target-by\">Slows Target<\/a>, au\u0159e <a href=\"https:\/\/www.diablofans.cz\/d2\/herni-postavy-paladin-skilly-offensive-auras-holy-freeze\">Holy Freeze<\/a> a \u00fa\u010dinku zpomalen\u00ed mraziv\u00fdm \u00fatokem.<\/p>\n<p>Pokud je nep\u0159\u00edtel pod vlivem procentn\u00edho zv\u00fd\u0161en\u00ed fyzick\u00fdch \u0161kod (nap\u0159. aury <a href=\"https:\/\/www.diablofans.cz\/d2\/herni-postavy-paladin-skilly-offensive-auras-might\">Might<\/a>), je on\u011bch 50\u00a0% ode\u010dteno od \u00fa\u010dinku t\u00e9to\u00a0aury.<\/p>\n<p>Pokud je nep\u0159\u00edtel imunn\u00ed v\u016f\u010di fyzick\u00fdm \u00fatok\u016fm, je 50% sn\u00ed\u017een\u00ed odolnosti zredukov\u00e1no na jednu p\u011btinu.<\/p>\n<p>Sn\u00ed\u017een\u00ed odolnosti v\u0161ak nefunguje pro \u00fa\u010dinky plo\u0161n\u00fdch fyzick\u00fdch\u00a0\u0161kod:<\/p>\n<ul>\n<li>z\u00a0v\u00fdbuchu monster typu <a href=\"https:\/\/www.diablofans.cz\/d2\/bestiar-3-akt\">Bone Fetish<\/a><\/li>\n<li>z\u00a0v\u00fdbuchu monster typu <a href=\"https:\/\/www.diablofans.cz\/d2\/bestiar-5-akt#suicideminion\">Suicide Minion<\/a><\/li>\n<li>z\u00a0v\u00fdbuchu boss\u016f s\u00a0vlastnost\u00ed Fire Enchanted<\/li>\n<li>z\u00a0v\u00fdbuchu mrtvol od <a href=\"https:\/\/www.diablofans.cz\/d2\/super-unikatni-bossove-5-akt-nihlathak\">Nihlathakova<\/a> skillu Corpse Exlosion<\/li>\n<\/ul>\n<p><span style=\"color: #ff3020;\">Tuto kletbu ses\u00edlaj\u00ed i\u00a0<a href=\"https:\/\/www.diablofans.cz\/d2\/bestiar-4-akt#oblivionknight\">Oblivion Knighti<\/a>, av\u0161ak kv\u016fli nejsp\u00ed\u0161 bugu funguje, je-li sesl\u00e1na pouze na c\u00edl dostate\u010dn\u011b bl\u00edzko od n\u011bj. Pokud je c\u00edl p\u0159\u00edli\u0161 daleko, zobraz\u00ed se nad n\u00edm pouze animace, ale kletba nebude m\u00edt \u017e\u00e1dn\u00fd \u00fa\u010dinek.<\/span><\/p>\n<h3>V\u00fdpo\u010dty<\/h3>\n<ul>\n<li>Trv\u00e1n\u00ed (s) = 3,4 + 0,6 * slvl sekund<\/li>\n<\/ul>\n<p>(slvl = \u00farove\u0148 skillu)<\/p>\n<h3>V\u00fdskyt dovednosti<\/h3>\n<p><strong>N\u011bkter\u00e9 p\u0159edm\u011bty poskytuj\u00ed bonus k\u00a0tomuto skillu:<\/strong><\/p>\n<ul>\n<li>V\u0161echny p\u0159edm\u011bty typu <a href=\"https:\/\/www.diablofans.cz\/d2\/predmety-normal-wands\">Wands<\/a> a <a href=\"https:\/\/www.diablofans.cz\/d2\/predmety-normal-necromancer-shrunken-heads\">Shrunken Heads<\/a> (ilvl&gt;24): +1\u20133 to Decrepify (Necromancer Only) (varies)<\/li>\n<li><a href=\"https:\/\/www.diablofans.cz\/d2\/predmety-unique-normal-wands\">Ume&#8217;s\u00a0Lament Grim Wand<\/a>: +2\u00a0to Decrepify (Necromancer\u00a0Only)<\/li>\n<\/ul>\n<p><strong>N\u011bkter\u00e9 p\u0159edm\u011bty spou\u0161t\u00ed tuto dovednost:<\/strong><\/p>\n<ul>\n<li><a href=\"https:\/\/www.diablofans.cz\/d2\/predmety-unique-exceptional-scepters\">The Fetid Sprinkler Holy Water Sprinkler<\/a>: 5% Chance to Cast Level 1\u00a0Decrepify On Striking<\/li>\n<li><a href=\"https:\/\/www.diablofans.cz\/d2\/runova-slova-1-10#realmova\">Wrath<\/a> st\u0159eln\u00e1 zbra\u0148: 30% Chance to Cast Level 1\u00a0Decrepify On Striking<\/li>\n<li><a href=\"https:\/\/www.diablofans.cz\/d2\/predmety-unique-elite-polearms\">The Reaper&#8217;s\u00a0Toll Thresher<\/a>: 33% Chance to Cast Level 1\u00a0Decrepify On Striking<\/li>\n<li><a href=\"https:\/\/www.diablofans.cz\/d2\/runova-slova-1-10#realmova\">Lawbringer<\/a>: 20% Chance to Cast Level 15\u00a0Decrepify On Striking<\/li>\n<li><a href=\"https:\/\/www.diablofans.cz\/d2\/predmety-unique-elite-axes\">Executioner&#8217;s\u00a0Justice Glorious Axe<\/a>: 50% Chance to Cast Level 6\u00a0Decrepify When You Kill An\u00a0Enemy<\/li>\n<\/ul>\n<p><strong>Dovednost se vyskytuje na \u201enabit\u00fdch\u201c p\u0159edm\u011btech (Charges):<\/strong><\/p>\n<ul>\n<li><a href=\"https:\/\/www.diablofans.cz\/d2\/predmety-unique-exceptional-axes\">Spellsteel Bearded Axe<\/a>: Level 3, 30\u00a0Charges<\/li>\n<\/ul>\n<hr \/>\n<p><em>Tato kletba p\u0159ipomene nekromancerov\u011b ob\u011bti jej\u00ed vlastn\u00ed \u00fad\u011bl smrtelnosti a zp\u016fsob\u00ed j\u00ed kr\u00e1tce pocit st\u00e1rnut\u00ed. Tento pocit se p\u0159em\u011bn\u00ed a\u017e ve vn\u00edm\u00e1n\u00ed vlastn\u00edho t\u011bla tak, jako by bylo se\u0161l\u00e9 v\u011bkem. Proklet\u00e1 ob\u011b\u0165 tomu v\u011b\u0159\u00ed natolik, \u017ee nen\u00ed v\u016fbec schopn\u00e1 podat obvykl\u00fd fyzick\u00fd\u00a0v\u00fdkon.<\/em><\/p>\n<p style=\"text-align:center\">&#8212;\u00a0\u2014 &#8212;\u00a0\u2014 &#8212;\u00a0\u2014 &#8212;\u00a0\u2014 &#8212;\u00a0\u2014 &#8212;\u00a0\u2014 &#8212;\u00a0\u2014 &#8212;\u00a0\u2014 &#8212;\u00a0\u2014 &#8212;\u00a0\u2014 &#8212;\u00a0\u2014\u00a0&#8212;<\/p>\n<p style=\"text-align:center\"><a href=\"https:\/\/www.diablofans.cz\/d2\/herni-postavy-necromancer-skilly-curses\">\u00ab Zp\u011bt do sekce Hern\u00ed postavy\u00a0\u2013 Necromancer\u00a0\u2013 Skilly\u00a0\u2013\u00a0Curses<\/a><\/p>\n<\/p><\/div>\n<p> <!-- by Texy2! --><\/p>\n","protected":false},"excerpt":{"rendered":"<p>Necromancer\u00a0\u2013 Summoning Spells\u00a0\u2013 Poison and Bone Spells\u00a0\u2013\u00a0Curses Amplify Damage Dim Vision Weaken Iron Maiden Terror Confuse Life Tap Attract Decrepify Lower Resist Decrepify Pot\u0159ebn\u00fd level: 24 Pot\u0159ebn\u00e9 skilly: Amplify Damage, Weaken,\u00a0Terror Typ: kletba Lev\u00e9 tla\u010d\u00edtko: Ne Kletba zp\u016fsobuj\u00edc\u00ed se\u0161lost pat\u0159\u00ed mezi neju\u017eite\u010dn\u011bj\u0161\u00ed n\u00e1stroje nekromancera, jak ovl\u00e1dat dav nep\u0159\u00e1tel. Zp\u016fsobuje toti\u017e v\u00fdrazn\u00e9 zpomalen\u00ed jejich pohybu a [&#8230;]<\/p>\n<p><a class=\"btn btn-secondary understrap-read-more-link\" href=\"https:\/\/www.diablofans.cz\/d2\/herni-postavy-necromancer-skilly-curses-decrepify\/\">\u010c\u00edst d\u00e1le&#8230;<span class=\"screen-reader-text\"> from Necromancer &#8211; Skilly &#8211; Curses &#8211; Decrepify<\/span><\/a><\/p>\n","protected":false},"author":1,"featured_media":0,"parent":0,"menu_order":0,"comment_status":"open","ping_status":"open","template":"","meta":{"footnotes":""},"class_list":["post-3397","page","type-page","status-publish","hentry"],"_links":{"self":[{"href":"https:\/\/www.diablofans.cz\/d2\/wp-json\/wp\/v2\/pages\/3397","targetHints":{"allow":["GET"]}}],"collection":[{"href":"https:\/\/www.diablofans.cz\/d2\/wp-json\/wp\/v2\/pages"}],"about":[{"href":"https:\/\/www.diablofans.cz\/d2\/wp-json\/wp\/v2\/types\/page"}],"author":[{"embeddable":true,"href":"https:\/\/www.diablofans.cz\/d2\/wp-json\/wp\/v2\/users\/1"}],"replies":[{"embeddable":true,"href":"https:\/\/www.diablofans.cz\/d2\/wp-json\/wp\/v2\/comments?post=3397"}],"version-history":[{"count":0,"href":"https:\/\/www.diablofans.cz\/d2\/wp-json\/wp\/v2\/pages\/3397\/revisions"}],"wp:attachment":[{"href":"https:\/\/www.diablofans.cz\/d2\/wp-json\/wp\/v2\/media?parent=3397"}],"curies":[{"name":"wp","href":"https:\/\/api.w.org\/{rel}","templated":true}]}}