{"id":3410,"date":"2018-08-25T22:09:00","date_gmt":"2018-08-25T20:09:00","guid":{"rendered":"http:\/\/diablofans.ddev.site\/d2\/herni-postavy-necromancer-skilly-poison-and-bone-teeth\/"},"modified":"2019-03-12T12:46:50","modified_gmt":"2019-03-12T11:46:50","slug":"herni-postavy-necromancer-skilly-poison-and-bone-teeth","status":"publish","type":"page","link":"https:\/\/www.diablofans.cz\/d2\/herni-postavy-necromancer-skilly-poison-and-bone-teeth\/","title":{"rendered":"Necromancer &#8211; Skilly &#8211; Poison and Bone &#8211; Teeth"},"content":{"rendered":"<p>&nbsp;<\/p>\n<div class=\"skilly\">\n<p style=\"text-align: center\"><a href=\"https:\/\/www.diablofans.cz\/d2\/herni-postavy-necromancer\">Necromancer<\/a>\u00a0\u2013 <a href=\"https:\/\/www.diablofans.cz\/d2\/herni-postavy-necromancer-skilly-summoning\">Summoning Spells<\/a>\u00a0\u2013 <strong><a href=\"https:\/\/www.diablofans.cz\/d2\/herni-postavy-necromancer-skilly-poison-and-bone\">Poison and Bone Spells<\/a><\/strong>\u00a0\u2013\u00a0<a href=\"https:\/\/www.diablofans.cz\/d2\/herni-postavy-necromancer-skilly-curses\">Curses<\/a><\/p>\n<div style=\"float: right;width: 150px\">\n<table>\n<tbody>\n<tr>\n<td><strong><a href=\"https:\/\/www.diablofans.cz\/d2\/herni-postavy-necromancer-skilly-poison-and-bone-teeth\">Teeth<\/a><\/strong><\/td>\n<\/tr>\n<tr>\n<td><a href=\"https:\/\/www.diablofans.cz\/d2\/herni-postavy-necromancer-skilly-poison-and-bone-bone-armor\">Bone Armor<\/a><\/td>\n<\/tr>\n<tr>\n<td><a href=\"https:\/\/www.diablofans.cz\/d2\/herni-postavy-necromancer-skilly-poison-and-bone-poison-dagger\">Poison Dagger<\/a><\/td>\n<\/tr>\n<tr>\n<td><a href=\"https:\/\/www.diablofans.cz\/d2\/herni-postavy-necromancer-skilly-poison-and-bone-corpse-explosion\">Corpse Explosion<\/a><\/td>\n<\/tr>\n<tr>\n<td><a href=\"https:\/\/www.diablofans.cz\/d2\/herni-postavy-necromancer-skilly-poison-and-bone-bone-wall\">Bone Wall<\/a><\/td>\n<\/tr>\n<tr>\n<td><a href=\"https:\/\/www.diablofans.cz\/d2\/herni-postavy-necromancer-skilly-poison-and-bone-poison-explosion\">Poison Explosion<\/a><\/td>\n<\/tr>\n<tr>\n<td><a href=\"https:\/\/www.diablofans.cz\/d2\/herni-postavy-necromancer-skilly-poison-and-bone-bone-spear\">Bone Spear<\/a><\/td>\n<\/tr>\n<tr>\n<td><a href=\"https:\/\/www.diablofans.cz\/d2\/herni-postavy-necromancer-skilly-poison-and-bone-bone-prison\">Bone Prison<\/a><\/td>\n<\/tr>\n<tr>\n<td><a href=\"https:\/\/www.diablofans.cz\/d2\/herni-postavy-necromancer-skilly-poison-and-bone-poison-nova\">Poison Nova<\/a><\/td>\n<\/tr>\n<tr>\n<td><a href=\"https:\/\/www.diablofans.cz\/d2\/herni-postavy-necromancer-skilly-poison-and-bone-bone-spirit\">Bone Spirit<\/a><\/td>\n<\/tr>\n<\/tbody>\n<\/table>\n<\/div>\n<h3 style=\"clear: none\">Teeth<\/h3>\n<div><img loading=\"lazy\" decoding=\"async\" class=\"wp-image-3839 alignleft\" src=\"https:\/\/www.diablofans.cz\/d2\/wp-content\/uploads\/2019\/01\/teeth.jpg\" alt=\"\" width=\"48\" height=\"48\" \/><\/div>\n<ul>\n<li>Pot\u0159ebn\u00fd level: 1<\/li>\n<li>Pot\u0159ebn\u00e9 skilly: \u017e\u00e1dn\u00e9<\/li>\n<li>Typ skillu: Dalekonosn\u00fd n\u011bkolikan\u00e1sobn\u00fd magick\u00fd v\u00fdst\u0159el<\/li>\n<li>Lev\u00e9 tla\u010d\u00edtko: Ano<\/li>\n<\/ul>\n<p class=\"zelena\">Teeth dost\u00e1v\u00e1 synergick\u00e9 bonusy ze skill\u016f:<\/p>\n<ul>\n<li><a href=\"https:\/\/www.diablofans.cz\/d2\/herni-postavy-necromancer-skilly-poison-and-bone-bone-wall\">Bone Wall<\/a>: +15 % k magick\u00e9mu po\u0161kozen\u00ed za \u00farove\u0148<\/li>\n<li><a href=\"https:\/\/www.diablofans.cz\/d2\/herni-postavy-necromancer-skilly-poison-and-bone-bone-spear\">Bone Spear<\/a>: +15 % k magick\u00e9mu po\u0161kozen\u00ed za \u00farove\u0148<\/li>\n<li><a href=\"https:\/\/www.diablofans.cz\/d2\/herni-postavy-necromancer-skilly-poison-and-bone-bone-prison\">Bone Prison<\/a>: +15 % k magick\u00e9mu po\u0161kozen\u00ed za \u00farove\u0148<\/li>\n<li><a href=\"https:\/\/www.diablofans.cz\/d2\/herni-postavy-necromancer-skilly-poison-and-bone-bone-spirit\">Bone Spirit<\/a>: +15 % k magick\u00e9mu po\u0161kozen\u00ed za \u00farove\u0148<\/li>\n<\/ul>\n<p>Postava vy\u010daruje n\u011bkolik projektil\u016f, kter\u00e9 vypadaj\u00ed jako kost\u011bn\u00e9 zuby, je\u017e se postupn\u011b rozpt\u00fdl\u00ed do prostoru a zran\u00ed monstra, kter\u00e1 zas\u00e1hnou. Jedn\u00e1 se o u\u017eite\u010dnou startovn\u00ed dovednost, ov\u0161em z d\u016fvodu, \u017ee jeden zub m\u016f\u017ee zranit pouze jednoho nep\u0159\u00edtele, b\u00fdv\u00e1 pou\u017e\u00edv\u00e1n\u00ed zub\u016f v porovn\u00e1n\u00ed s ostatn\u00edmi dovednostmi v pokro\u010dilej\u0161\u00edch f\u00e1z\u00edch hry nev\u00fdhodn\u00e9.<\/p>\n<h3>Tabulka<\/h3>\n<ul>\n<li>Next Delay = 4 sn\u00edmky (0,16 sekund) pro v\u0161echny \u00farovn\u011b<\/li>\n<\/ul>\n<table style=\"height: 290px\">\n<thead>\n<tr style=\"height: 29px\">\n<th style=\"width: 114.14px;height: 29px\">\u00darovn\u011b<\/th>\n<th style=\"width: 39.3px;height: 29px\">1<\/th>\n<th style=\"width: 39.3px;height: 29px\">2<\/th>\n<th style=\"width: 39.29px;height: 29px\">3<\/th>\n<th style=\"width: 39.29px;height: 29px\">4<\/th>\n<th style=\"width: 39.29px;height: 29px\">5<\/th>\n<th style=\"width: 39.29px;height: 29px\">6<\/th>\n<th style=\"width: 39.29px;height: 29px\">7<\/th>\n<th style=\"width: 39.29px;height: 29px\">8<\/th>\n<th style=\"width: 39.29px;height: 29px\">9<\/th>\n<th style=\"width: 39.29px;height: 29px\">10<\/th>\n<\/tr>\n<\/thead>\n<tbody>\n<tr style=\"height: 29px\">\n<td style=\"width: 114.14px;height: 29px\">Mana<\/td>\n<td style=\"width: 39.3px;height: 29px;text-align: center\">3<\/td>\n<td style=\"width: 39.3px;height: 29px;text-align: center\">3,5<\/td>\n<td style=\"width: 39.29px;height: 29px;text-align: center\">4<\/td>\n<td style=\"width: 39.29px;height: 29px;text-align: center\">4,5<\/td>\n<td style=\"width: 39.29px;height: 29px;text-align: center\">5<\/td>\n<td style=\"width: 39.29px;height: 29px;text-align: center\">5,5<\/td>\n<td style=\"width: 39.29px;height: 29px;text-align: center\">6<\/td>\n<td style=\"width: 39.29px;height: 29px;text-align: center\">6,5<\/td>\n<td style=\"width: 39.29px;height: 29px;text-align: center\">7<\/td>\n<td style=\"width: 39.29px;height: 29px;text-align: center\">7,5<\/td>\n<\/tr>\n<tr style=\"height: 29px\">\n<td style=\"width: 114.14px;height: 58px\" rowspan=\"2\">Magic DMG<\/td>\n<td style=\"width: 39.3px;height: 29px;text-align: center\">2<\/td>\n<td style=\"width: 39.3px;height: 29px;text-align: center\">3<\/td>\n<td style=\"width: 39.29px;height: 29px;text-align: center\">4<\/td>\n<td style=\"width: 39.29px;height: 29px;text-align: center\">5<\/td>\n<td style=\"width: 39.29px;height: 29px;text-align: center\">6<\/td>\n<td style=\"width: 39.29px;height: 29px;text-align: center\">7<\/td>\n<td style=\"width: 39.29px;height: 29px;text-align: center\">8<\/td>\n<td style=\"width: 39.29px;height: 29px;text-align: center\">9<\/td>\n<td style=\"width: 39.29px;height: 29px;text-align: center\">10<\/td>\n<td style=\"width: 39.29px;height: 29px;text-align: center\">11<\/td>\n<\/tr>\n<tr style=\"height: 29px\">\n<td style=\"width: 39.3px;height: 29px;text-align: center\">4<\/td>\n<td style=\"width: 39.3px;height: 29px;text-align: center\">5<\/td>\n<td style=\"width: 39.29px;height: 29px;text-align: center\">6<\/td>\n<td style=\"width: 39.29px;height: 29px;text-align: center\">7<\/td>\n<td style=\"width: 39.29px;height: 29px;text-align: center\">8<\/td>\n<td style=\"width: 39.29px;height: 29px;text-align: center\">9<\/td>\n<td style=\"width: 39.29px;height: 29px;text-align: center\">10<\/td>\n<td style=\"width: 39.29px;height: 29px;text-align: center\">11<\/td>\n<td style=\"width: 39.29px;height: 29px;text-align: center\">12,5<\/td>\n<td style=\"width: 39.29px;height: 29px;text-align: center\">14<\/td>\n<\/tr>\n<tr style=\"height: 29px\">\n<td style=\"width: 114.14px;height: 29px\">Po\u010det zub\u016f<\/td>\n<td style=\"width: 39.3px;height: 29px;text-align: center\">2<\/td>\n<td style=\"width: 39.3px;height: 29px;text-align: center\">3<\/td>\n<td style=\"width: 39.29px;height: 29px;text-align: center\">4<\/td>\n<td style=\"width: 39.29px;height: 29px;text-align: center\">5<\/td>\n<td style=\"width: 39.29px;height: 29px;text-align: center\">6<\/td>\n<td style=\"width: 39.29px;height: 29px;text-align: center\">7<\/td>\n<td style=\"width: 39.29px;height: 29px;text-align: center\">8<\/td>\n<td style=\"width: 39.29px;height: 29px;text-align: center\">9<\/td>\n<td style=\"width: 39.29px;height: 29px;text-align: center\">10<\/td>\n<td style=\"width: 39.29px;height: 29px;text-align: center\">11<\/td>\n<\/tr>\n<tr style=\"height: 29px\">\n<th style=\"width: 114.14px;height: 29px\">\u00darovn\u011b<\/th>\n<th style=\"width: 39.3px;height: 29px\">11<\/th>\n<th style=\"width: 39.3px;height: 29px\">12<\/th>\n<th style=\"width: 39.29px;height: 29px\">13<\/th>\n<th style=\"width: 39.29px;height: 29px\">14<\/th>\n<th style=\"width: 39.29px;height: 29px\">15<\/th>\n<th style=\"width: 39.29px;height: 29px\">16<\/th>\n<th style=\"width: 39.29px;height: 29px\">17<\/th>\n<th style=\"width: 39.29px;height: 29px\">18<\/th>\n<th style=\"width: 39.29px;height: 29px\">19<\/th>\n<th style=\"width: 39.29px;height: 29px\">20<\/th>\n<\/tr>\n<tr style=\"height: 29px\">\n<td style=\"width: 114.14px;height: 29px\">Mana<\/td>\n<td style=\"width: 39.3px;height: 29px;text-align: center\">8<\/td>\n<td style=\"width: 39.3px;height: 29px;text-align: center\">8,5<\/td>\n<td style=\"width: 39.29px;height: 29px;text-align: center\">9<\/td>\n<td style=\"width: 39.29px;height: 29px;text-align: center\">9,5<\/td>\n<td style=\"width: 39.29px;height: 29px;text-align: center\">10<\/td>\n<td style=\"width: 39.29px;height: 29px;text-align: center\">10,5<\/td>\n<td style=\"width: 39.29px;height: 29px;text-align: center\">11<\/td>\n<td style=\"width: 39.29px;height: 29px;text-align: center\">11,5<\/td>\n<td style=\"width: 39.29px;height: 29px;text-align: center\">12<\/td>\n<td style=\"width: 39.29px;height: 29px;text-align: center\">12,5<\/td>\n<\/tr>\n<tr style=\"height: 29px\">\n<td style=\"width: 114.14px;height: 58px\" rowspan=\"2\">Magic DMG<\/td>\n<td style=\"width: 39.3px;height: 29px;text-align: center\">12<\/td>\n<td style=\"width: 39.3px;height: 29px;text-align: center\">13<\/td>\n<td style=\"width: 39.29px;height: 29px;text-align: center\">14<\/td>\n<td style=\"width: 39.29px;height: 29px;text-align: center\">15<\/td>\n<td style=\"width: 39.29px;height: 29px;text-align: center\">16<\/td>\n<td style=\"width: 39.29px;height: 29px;text-align: center\">17<\/td>\n<td style=\"width: 39.29px;height: 29px;text-align: center\">18,5<\/td>\n<td style=\"width: 39.29px;height: 29px;text-align: center\">20<\/td>\n<td style=\"width: 39.29px;height: 29px;text-align: center\">21,5<\/td>\n<td style=\"width: 39.29px;height: 29px;text-align: center\">23<\/td>\n<\/tr>\n<tr style=\"height: 29px\">\n<td style=\"width: 39.3px;height: 29px;text-align: center\">15,5<\/td>\n<td style=\"width: 39.3px;height: 29px;text-align: center\">17<\/td>\n<td style=\"width: 39.29px;height: 29px;text-align: center\">18,5<\/td>\n<td style=\"width: 39.29px;height: 29px;text-align: center\">20<\/td>\n<td style=\"width: 39.29px;height: 29px;text-align: center\">21,5<\/td>\n<td style=\"width: 39.29px;height: 29px;text-align: center\">23<\/td>\n<td style=\"width: 39.29px;height: 29px;text-align: center\">25<\/td>\n<td style=\"width: 39.29px;height: 29px;text-align: center\">27<\/td>\n<td style=\"width: 39.29px;height: 29px;text-align: center\">29<\/td>\n<td style=\"width: 39.29px;height: 29px;text-align: center\">31<\/td>\n<\/tr>\n<tr style=\"height: 29px\">\n<td style=\"width: 114.14px;height: 29px\">Po\u010det zub\u016f<\/td>\n<td style=\"width: 39.3px;height: 29px;text-align: center\">12<\/td>\n<td style=\"width: 39.3px;height: 29px;text-align: center\">13<\/td>\n<td style=\"width: 39.29px;height: 29px;text-align: center\">14<\/td>\n<td style=\"width: 39.29px;height: 29px;text-align: center\">15<\/td>\n<td style=\"width: 39.29px;height: 29px;text-align: center\">16<\/td>\n<td style=\"width: 39.29px;height: 29px;text-align: center\">17<\/td>\n<td style=\"width: 39.29px;height: 29px;text-align: center\">18<\/td>\n<td style=\"width: 39.29px;height: 29px;text-align: center\">19<\/td>\n<td style=\"width: 39.29px;height: 29px;text-align: center\">20<\/td>\n<td style=\"width: 39.29px;height: 29px;text-align: center\">21<\/td>\n<\/tr>\n<\/tbody>\n<\/table>\n<table>\n<thead>\n<tr>\n<th style=\"width: 100px\">\u00darovn\u011b<\/th>\n<th style=\"width: 40px\">21<\/th>\n<th style=\"width: 40px\">22<\/th>\n<th style=\"width: 40px\">23<\/th>\n<th style=\"width: 40px\">24<\/th>\n<th style=\"width: 40px\">25<\/th>\n<th style=\"width: 40px\">26<\/th>\n<th style=\"width: 40px\">27<\/th>\n<th style=\"width: 40px\">28<\/th>\n<th style=\"width: 40px\">29<\/th>\n<th style=\"width: 40px\">30<\/th>\n<\/tr>\n<\/thead>\n<tbody>\n<tr>\n<td>Mana<\/td>\n<td style=\"text-align: center\">13<\/td>\n<td style=\"text-align: center\">13,5<\/td>\n<td style=\"text-align: center\">14<\/td>\n<td style=\"text-align: center\">14,5<\/td>\n<td style=\"text-align: center\">15<\/td>\n<td style=\"text-align: center\">15,5<\/td>\n<td style=\"text-align: center\">16<\/td>\n<td style=\"text-align: center\">16,5<\/td>\n<td style=\"text-align: center\">17<\/td>\n<td style=\"text-align: center\">17,5<\/td>\n<\/tr>\n<tr>\n<td rowspan=\"2\">Magic DMG<\/td>\n<td style=\"text-align: center\">24,5<\/td>\n<td style=\"text-align: center\">26<\/td>\n<td style=\"text-align: center\">28<\/td>\n<td style=\"text-align: center\">30<\/td>\n<td style=\"text-align: center\">32<\/td>\n<td style=\"text-align: center\">34<\/td>\n<td style=\"text-align: center\">36<\/td>\n<td style=\"text-align: center\">38<\/td>\n<td style=\"text-align: center\">40,5<\/td>\n<td style=\"text-align: center\">43<\/td>\n<\/tr>\n<tr>\n<td style=\"text-align: center\">33<\/td>\n<td style=\"text-align: center\">35<\/td>\n<td style=\"text-align: center\">37,5<\/td>\n<td style=\"text-align: center\">40<\/td>\n<td style=\"text-align: center\">42,5<\/td>\n<td style=\"text-align: center\">45<\/td>\n<td style=\"text-align: center\">47,5<\/td>\n<td style=\"text-align: center\">50<\/td>\n<td style=\"text-align: center\">53<\/td>\n<td style=\"text-align: center\">56<\/td>\n<\/tr>\n<tr>\n<td>Po\u010det zub\u016f<\/td>\n<td style=\"text-align: center\">22<\/td>\n<td style=\"text-align: center\">23<\/td>\n<td style=\"text-align: center\">24<\/td>\n<td style=\"text-align: center\">24<\/td>\n<td style=\"text-align: center\">24<\/td>\n<td style=\"text-align: center\">24<\/td>\n<td style=\"text-align: center\">24<\/td>\n<td style=\"text-align: center\">24<\/td>\n<td style=\"text-align: center\">24<\/td>\n<td style=\"text-align: center\">24<\/td>\n<\/tr>\n<tr>\n<th>\u00darovn\u011b<\/th>\n<th>31<\/th>\n<th>32<\/th>\n<th>33<\/th>\n<th>34<\/th>\n<th>35<\/th>\n<th>36<\/th>\n<th>37<\/th>\n<th>38<\/th>\n<th>39<\/th>\n<th>40<\/th>\n<\/tr>\n<tr>\n<td>Mana<\/td>\n<td style=\"text-align: center\">18<\/td>\n<td style=\"text-align: center\">18,5<\/td>\n<td style=\"text-align: center\">19<\/td>\n<td style=\"text-align: center\">19,5<\/td>\n<td style=\"text-align: center\">20<\/td>\n<td style=\"text-align: center\">20,5<\/td>\n<td style=\"text-align: center\">21<\/td>\n<td style=\"text-align: center\">21,5<\/td>\n<td style=\"text-align: center\">22<\/td>\n<td style=\"text-align: center\">22,5<\/td>\n<\/tr>\n<tr>\n<td rowspan=\"2\">Magic DMG<\/td>\n<td style=\"text-align: center\">45,5<\/td>\n<td style=\"text-align: center\">48<\/td>\n<td style=\"text-align: center\">50,5<\/td>\n<td style=\"text-align: center\">53<\/td>\n<td style=\"text-align: center\">55,5<\/td>\n<td style=\"text-align: center\">58<\/td>\n<td style=\"text-align: center\">60,5<\/td>\n<td style=\"text-align: center\">63<\/td>\n<td style=\"text-align: center\">65,5<\/td>\n<td style=\"text-align: center\">68<\/td>\n<\/tr>\n<tr>\n<td style=\"text-align: center\">59<\/td>\n<td style=\"text-align: center\">62<\/td>\n<td style=\"text-align: center\">65<\/td>\n<td style=\"text-align: center\">68<\/td>\n<td style=\"text-align: center\">71<\/td>\n<td style=\"text-align: center\">74<\/td>\n<td style=\"text-align: center\">77<\/td>\n<td style=\"text-align: center\">80<\/td>\n<td style=\"text-align: center\">83<\/td>\n<td style=\"text-align: center\">86<\/td>\n<\/tr>\n<tr>\n<td>Po\u010det zub\u016f<\/td>\n<td style=\"text-align: center\">24<\/td>\n<td style=\"text-align: center\">24<\/td>\n<td style=\"text-align: center\">24<\/td>\n<td style=\"text-align: center\">24<\/td>\n<td style=\"text-align: center\">24<\/td>\n<td style=\"text-align: center\">24<\/td>\n<td style=\"text-align: center\">24<\/td>\n<td style=\"text-align: center\">24<\/td>\n<td style=\"text-align: center\">24<\/td>\n<td style=\"text-align: center\">24<\/td>\n<\/tr>\n<\/tbody>\n<\/table>\n<p>Postava vy\u0161le ve sm\u011bru kurzoru n\u011bkolik st\u0159el, kter\u00e9 se rychle rozpt\u00fdl\u00ed a pokryj\u00ed \u0161irokou oblast. Kv\u016fli next delayi v\u0161ak jednu nestv\u016fru za norm\u00e1ln\u00edch okolnost\u00ed zas\u00e1hne pouze jeden zub, ostatn\u00ed prol\u00e9tnou bez \u00fa\u010dinku skrz.<\/p>\n<p>Ka\u017ed\u00fd zub po z\u00e1sahu c\u00edle nebo p\u0159ek\u00e1\u017eky zanikne.<\/p>\n<p>Kdy\u017e hr\u00e1\u010d nasm\u011bruje kurzor d\u00e1le od postavy, jsou zuby m\u00e9n\u011b rozpt\u00fdlen\u00e9 a pokr\u00fdvaj\u00ed u\u017e\u0161\u00ed oblast. Pokud hr\u00e1\u010d nasm\u011bruje kurzor bl\u00ed\u017ee k postav\u011b, jsou zuby rozpt\u00fdlen\u00e9 v\u00edce, ov\u0161em zde u\u017e existuje riziko, \u017ee nezas\u00e1hnou v\u0161echna monstra ve skupin\u011b.<\/p>\n<p>Dosah st\u0159el je p\u0159ibli\u017en\u011b na p\u016fl \u00fahlop\u0159\u00ed\u010dky monitoru p\u0159i rozli\u0161en\u00ed 800\u00d7600. Nekromant je schopen st\u0159\u00edlet zuby tak rychle, \u017ee jsou vid\u011bt minim\u00e1ln\u011b 4 salvy najednou.<\/p>\n<h3>V\u00fdpo\u010dty<\/h3>\n<ul>\n<li>Magic DMG:<\/li>\n<\/ul>\n<table>\n<thead>\n<tr>\n<th style=\"width: 133.13px\">\u00darovn\u011b<\/th>\n<th style=\"width: 64.07px\">1\u20138<\/th>\n<th style=\"width: 102.11px\">9\u201316<\/th>\n<th style=\"width: 102.11px\">17\u201322<\/th>\n<th style=\"width: 111.12px\">23\u201327<\/th>\n<th style=\"width: 111.12px\">28\u201399<\/th>\n<\/tr>\n<\/thead>\n<tbody>\n<tr>\n<td style=\"width: 133.13px\">Min Magic DMG<\/td>\n<td style=\"width: 64.07px;text-align: left\">slvl + 1<\/td>\n<td style=\"width: 102.11px;text-align: left\">slvl + 1<\/td>\n<td style=\"width: 102.11px;text-align: left\">1,5*slvl &#8211; 7<\/td>\n<td style=\"width: 111.12px;text-align: left\">2*slvl &#8211; 18<\/td>\n<td style=\"width: 111.12px;text-align: left\">2,5*slvl &#8211; 32<\/td>\n<\/tr>\n<tr>\n<td style=\"width: 133.13px\">Max Magic DMG<\/td>\n<td style=\"width: 64.07px;text-align: left\">slvl + 3<\/td>\n<td style=\"width: 102.11px;text-align: left\">1,5*slvl &#8211; 1<\/td>\n<td style=\"width: 102.11px;text-align: left\">2*slvl &#8211; 9<\/td>\n<td style=\"width: 111.12px;text-align: left\">2,5*slvl &#8211; 20<\/td>\n<td style=\"width: 111.12px;text-align: left\">3*slvl &#8211; 34<\/td>\n<\/tr>\n<\/tbody>\n<\/table>\n<ul>\n<li>Mana = 3 + 0,5 * slvl<\/li>\n<li>Po\u010det zub\u016f = 1 + slvl, maximum = 24<\/li>\n<\/ul>\n<p>(slvl = \u00farove\u0148 skillu)<\/p>\n<h3>V\u00fdskyt dovednosti<\/h3>\n<p><strong>N\u011bkter\u00e9 p\u0159edm\u011bty poskytuj\u00ed bonus k tomuto skillu:<\/strong><\/p>\n<ul>\n<li>V\u0161echny p\u0159edm\u011bty typu <a href=\"https:\/\/www.diablofans.cz\/d2\/predmety-normal-wands\">Wand<\/a> a <a href=\"https:\/\/www.diablofans.cz\/d2\/predmety-normal-necromancer-shrunken-heads\">Shrunken Heads<\/a> (ilvl&lt;25): +1\u20133 to Teeth (Necromancer Only) (varies)<\/li>\n<li><a href=\"https:\/\/www.diablofans.cz\/d2\/predmety-unique-elite-wands\">Boneshade Lich Wand<\/a> +4\u20135 to Teeth (Necromancer Only) (varies)<\/li>\n<\/ul>\n<p>Dovednost se vyskytuje na \u201enabit\u00fdch\u201c p\u0159edm\u011btech (Charges):<\/p>\n<ul>\n<li>V\u00fdskyt pouze na Magic, Rare, nebo Crafted p\u0159edm\u011btech typu Dagger, Wand, Shrunken Head a Me\u010d.<\/li>\n<li>\u00darovn\u011b: 1\u201310<\/li>\n<li>V tabulce je zn\u00e1zorn\u011bn minim\u00e1ln\u00ed po\u017eadavek na \u00farove\u0148 p\u0159edm\u011btu (ilvl) na \u00farove\u0148 skillu spole\u010dn\u011b s po\u010dtem n\u00e1boj\u016f (Charges).<\/li>\n<\/ul>\n<p>Pro p\u0159edm\u011bty typu Dagger, Wand a Shrunken Head plat\u00ed:<\/p>\n<table style=\"height: 87px\">\n<thead>\n<tr style=\"height: 29px\">\n<th style=\"width: 165.08px;height: 29px\">\u00darove\u0148 skillu<\/th>\n<th style=\"width: 26.9px;height: 29px\">1<\/th>\n<th style=\"width: 26.91px;height: 29px\">2<\/th>\n<th style=\"width: 26.91px;height: 29px\">3<\/th>\n<th style=\"width: 26.93px;height: 29px\">4<\/th>\n<th style=\"width: 26.93px;height: 29px\">5<\/th>\n<th style=\"width: 41.48px;height: 29px\">6<\/th>\n<th style=\"width: 41.48px;height: 29px\">7<\/th>\n<th style=\"width: 41.48px;height: 29px\">8<\/th>\n<th style=\"width: 41.48px;height: 29px\">9<\/th>\n<th style=\"width: 41.48px;height: 29px\">10<\/th>\n<\/tr>\n<\/thead>\n<tbody>\n<tr style=\"height: 29px\">\n<td style=\"width: 165.08px;height: 29px\">Minim\u00e1ln\u00ed ilvl<\/td>\n<td style=\"width: 26.9px;height: 29px;text-align: center\">10<\/td>\n<td style=\"width: 26.91px;height: 29px;text-align: center\">19<\/td>\n<td style=\"width: 26.91px;height: 29px;text-align: center\">28<\/td>\n<td style=\"width: 26.93px;height: 29px;text-align: center\">37<\/td>\n<td style=\"width: 26.93px;height: 29px;text-align: center\">46<\/td>\n<td style=\"width: 41.48px;height: 29px;text-align: center\">55<\/td>\n<td style=\"width: 41.48px;height: 29px;text-align: center\">64<\/td>\n<td style=\"width: 41.48px;height: 29px;text-align: center\">73<\/td>\n<td style=\"width: 41.48px;height: 29px;text-align: center\">82<\/td>\n<td style=\"width: 41.48px;height: 29px;text-align: center\">91<\/td>\n<\/tr>\n<tr style=\"height: 29px\">\n<td style=\"width: 165.08px;height: 29px\">Po\u010det Charges<\/td>\n<td style=\"width: 26.9px;height: 29px;text-align: center\">67<\/td>\n<td style=\"width: 26.91px;height: 29px;text-align: center\">75<\/td>\n<td style=\"width: 26.91px;height: 29px;text-align: center\">82<\/td>\n<td style=\"width: 26.93px;height: 29px;text-align: center\">90<\/td>\n<td style=\"width: 26.93px;height: 29px;text-align: center\">97<\/td>\n<td style=\"width: 41.48px;height: 29px;text-align: center\">105<\/td>\n<td style=\"width: 41.48px;height: 29px;text-align: center\">112<\/td>\n<td style=\"width: 41.48px;height: 29px;text-align: center\">120<\/td>\n<td style=\"width: 41.48px;height: 29px;text-align: center\">127<\/td>\n<td style=\"width: 41.48px;height: 29px;text-align: center\">135<\/td>\n<\/tr>\n<\/tbody>\n<\/table>\n<p>Pro me\u010de plat\u00ed:<\/p>\n<table>\n<thead>\n<tr>\n<th>\u00darove\u0148 skillu<\/th>\n<th>1<\/th>\n<th>2<\/th>\n<th>3<\/th>\n<th>4<\/th>\n<th>5<\/th>\n<th>6<\/th>\n<\/tr>\n<\/thead>\n<tbody>\n<tr>\n<td>Minim\u00e1ln\u00ed ilvl<\/td>\n<td style=\"text-align: center\">17<\/td>\n<td style=\"text-align: center\">33<\/td>\n<td style=\"text-align: center\">49<\/td>\n<td style=\"text-align: center\">65<\/td>\n<td style=\"text-align: center\">81<\/td>\n<td style=\"text-align: center\">97<\/td>\n<\/tr>\n<tr>\n<td>Po\u010det Charges<\/td>\n<td style=\"text-align: center\">22<\/td>\n<td style=\"text-align: center\">25<\/td>\n<td style=\"text-align: center\">27<\/td>\n<td style=\"text-align: center\">30<\/td>\n<td style=\"text-align: center\">32<\/td>\n<td style=\"text-align: center\">35<\/td>\n<\/tr>\n<\/tbody>\n<\/table>\n<hr \/>\n<p><em>Jedn\u00edm z prvn\u00edch dar\u016f Rathmy je dovednost, kter\u00e1 umo\u017en\u00ed Nekromancerovi vyvolat p\u0159ed sebe Den&#8217;Trang neboli Zuby draka Trang&#8217;Oula. Nekromance\u0159i v\u011b\u0159\u00ed, \u017ee Trang&#8217;Oul je bytost, na jeho\u017e h\u0159bet\u011b stoj\u00ed cel\u00fd sv\u011bt. V\u011b\u0159\u00ed se, \u017ee k udr\u017een\u00ed rovnov\u00e1hy v\u0161ech v\u011bc\u00ed slou\u017e\u00ed Trang&#8217;Oul jako protiz\u00e1va\u017e\u00ed. Je tou nejbli\u017e\u0161\u00ed v\u011bc\u00ed, kterou kult Rathmy uzn\u00e1v\u00e1 jako boha, a toto kouzlo je zp\u016fsob, jak\u00fdm ochr\u00e1n\u00ed sv\u00e9 vyvolen\u00e9.<\/em><\/p>\n<p style=\"text-align: center\">&#8212;\u00a0\u2014 &#8212;\u00a0\u2014 &#8212;\u00a0\u2014 &#8212;\u00a0\u2014 &#8212;\u00a0\u2014 &#8212;\u00a0\u2014 &#8212;\u00a0\u2014 &#8212;\u00a0\u2014 &#8212;\u00a0\u2014 &#8212;\u00a0\u2014 &#8212;\u00a0\u2014\u00a0&#8212;<\/p>\n<p style=\"text-align: center\"><a href=\"https:\/\/www.diablofans.cz\/d2\/herni-postavy-necromancer-skilly-poison-and-bone\">\u00ab Zp\u011bt do sekce Hern\u00ed postavy \u2013 Necromancer \u2013 Skilly \u2013 Poison and Bone Spells<\/a><\/p>\n<\/div>\n<p><!-- by Texy2! --><\/p>\n","protected":false},"excerpt":{"rendered":"<p>&nbsp; Necromancer\u00a0\u2013 Summoning Spells\u00a0\u2013 Poison and Bone Spells\u00a0\u2013\u00a0Curses Teeth Bone Armor Poison Dagger Corpse Explosion Bone Wall Poison Explosion Bone Spear Bone Prison Poison Nova Bone Spirit Teeth Pot\u0159ebn\u00fd level: 1 Pot\u0159ebn\u00e9 skilly: \u017e\u00e1dn\u00e9 Typ skillu: Dalekonosn\u00fd n\u011bkolikan\u00e1sobn\u00fd magick\u00fd v\u00fdst\u0159el Lev\u00e9 tla\u010d\u00edtko: Ano Teeth dost\u00e1v\u00e1 synergick\u00e9 bonusy ze skill\u016f: Bone Wall: +15 % k magick\u00e9mu [&#8230;]<\/p>\n<p><a class=\"btn btn-secondary understrap-read-more-link\" href=\"https:\/\/www.diablofans.cz\/d2\/herni-postavy-necromancer-skilly-poison-and-bone-teeth\/\">\u010c\u00edst d\u00e1le&#8230;<span class=\"screen-reader-text\"> from Necromancer &#8211; Skilly &#8211; Poison and Bone &#8211; Teeth<\/span><\/a><\/p>\n","protected":false},"author":1,"featured_media":0,"parent":0,"menu_order":0,"comment_status":"open","ping_status":"open","template":"","meta":{"footnotes":""},"class_list":["post-3410","page","type-page","status-publish","hentry"],"_links":{"self":[{"href":"https:\/\/www.diablofans.cz\/d2\/wp-json\/wp\/v2\/pages\/3410","targetHints":{"allow":["GET"]}}],"collection":[{"href":"https:\/\/www.diablofans.cz\/d2\/wp-json\/wp\/v2\/pages"}],"about":[{"href":"https:\/\/www.diablofans.cz\/d2\/wp-json\/wp\/v2\/types\/page"}],"author":[{"embeddable":true,"href":"https:\/\/www.diablofans.cz\/d2\/wp-json\/wp\/v2\/users\/1"}],"replies":[{"embeddable":true,"href":"https:\/\/www.diablofans.cz\/d2\/wp-json\/wp\/v2\/comments?post=3410"}],"version-history":[{"count":7,"href":"https:\/\/www.diablofans.cz\/d2\/wp-json\/wp\/v2\/pages\/3410\/revisions"}],"predecessor-version":[{"id":3883,"href":"https:\/\/www.diablofans.cz\/d2\/wp-json\/wp\/v2\/pages\/3410\/revisions\/3883"}],"wp:attachment":[{"href":"https:\/\/www.diablofans.cz\/d2\/wp-json\/wp\/v2\/media?parent=3410"}],"curies":[{"name":"wp","href":"https:\/\/api.w.org\/{rel}","templated":true}]}}