{"id":5223,"date":"2026-04-20T14:30:09","date_gmt":"2026-04-20T12:30:09","guid":{"rendered":"https:\/\/www.diablofans.cz\/d2\/?page_id=5223"},"modified":"2026-04-20T17:20:45","modified_gmt":"2026-04-20T15:20:45","slug":"runova-slova-v-d2r-3-0","status":"publish","type":"page","link":"https:\/\/www.diablofans.cz\/d2\/runova-slova-v-d2r-3-0\/","title":{"rendered":"Runov\u00e1 slova v D2R 3.0"},"content":{"rendered":"<p style=\"text-align: center;\"><a href=\"https:\/\/www.diablofans.cz\/d2\/predmety-runova-slova\">Runov\u00e1 slova:<\/a>\u00a0<a href=\"https:\/\/www.diablofans.cz\/d2\/runova-slova-1-09\">1.09<\/a>\u00a0\u2013 <a href=\"https:\/\/www.diablofans.cz\/d2\/runova-slova-1-10\">1.10<\/a>\u00a0\u2013 <a href=\"https:\/\/www.diablofans.cz\/d2\/runova-slova-1-11\">1.11<\/a>\u00a0\u2013 <a href=\"https:\/\/www.diablofans.cz\/d2\/runova-slova-d2R-2-4\">D2R 2.4<\/a>\u00a0\u2013 <a href=\"https:\/\/www.diablofans.cz\/d2\/runova-slova-d2R-2-6\">D2R 2.6<\/a> \u2013 <a href=\"https:\/\/www.diablofans.cz\/d2\/runova-slova-v-d2r-3-0\/\"><strong>D2R 3.0<\/strong><\/a><\/p>\n<hr \/>\n<p style=\"text-align: center;\">N\u00ed\u017ee jsou uvedena runov\u00e1 slova, kter\u00e1 p\u0159ibyla s p\u0159\u00edchodem patche 3.0 pro Diablo II: Ressurected.<\/p>\n<h3 style=\"text-align: center;\"><span style=\"color: #c7b377;\">Authority<\/span><\/h3>\n<p style=\"text-align: center;\"><strong><span style=\"color: #ffa800;\">Hel<\/span><\/strong> + <strong><span style=\"color: #ffa800;\">Shael<\/span><\/strong> + <strong><span style=\"color: #ffa800;\">Ral<\/span><\/strong><br \/>\n3 Body Armor<br \/>\nRequired Level: 29<\/p>\n<p style=\"text-align: center;\"><span style=\"color: #6969ff;\">\u2022 2% Chance to cast level 10 Psychic Ward when struck<\/span><br \/>\n<span style=\"color: #6969ff;\">\u2022 10% Chance to cast level 15 Miasma Chain on striking<\/span><br \/>\n<span style=\"color: #6969ff;\">\u2022 +2 to Warlock Skill Levels<\/span><br \/>\n<span style=\"color: #6969ff;\">\u2022 +40-60% Enhanced Damage<\/span><br \/>\n<span style=\"color: #6969ff;\">\u2022 Requirements -15%<\/span><br \/>\n<span style=\"color: #6969ff;\">\u2022 +20% Faster Hit Recovery<\/span><br \/>\n<span style=\"color: #6969ff;\">\u2022 Fire Resist +30%<\/span><\/p>\n<hr \/>\n<h3 style=\"text-align: center;\"><span style=\"color: #c7b377;\">Coven<\/span><\/h3>\n<p style=\"text-align: center;\"><strong><span style=\"color: #ffa800;\">Ist<\/span><\/strong> + <strong><span style=\"color: #ffa800;\">Ral<\/span><\/strong> + <strong><span style=\"color: #ffa800;\">Io<\/span><\/strong><br \/>\n3\u00a0Socket Helms<br \/>\nRequired Level: 51<\/p>\n<p style=\"text-align: center;\"><span style=\"color: #6969ff;\">\u2022 5% Chance to cast level 10 Sigil Lethargy when struck<\/span><br \/>\n<span style=\"color: #6969ff;\">\u2022 +1 to All Skills<\/span><br \/>\n<span style=\"color: #6969ff;\">\u2022 +20% Faster Cast Rate<\/span><br \/>\n<span style=\"color: #6969ff;\">\u2022 +30-50% Enhanced Defense<\/span><br \/>\n<span style=\"color: #6969ff;\">\u2022 +1-5 Life after each Kill<\/span><br \/>\n<span style=\"color: #6969ff;\">\u2022 26-40% Better Chance of Getting Magic Items<\/span><br \/>\n<span style=\"color: #6969ff;\">\u2022 Fire Resist +30%<\/span><br \/>\n<span style=\"color: #6969ff;\">\u2022 +10 to Vitality<\/span><\/p>\n<hr \/>\n<h3 style=\"text-align: center;\"><span style=\"color: #c7b377;\">Hysteria<\/span><\/h3>\n<p style=\"text-align: center;\"><strong><span style=\"color: #ffa800;\">Shael<\/span><\/strong> + <strong><span style=\"color: #ffa800;\">Ko<\/span><\/strong> + <strong><span style=\"color: #ffa800;\">Eld<\/span><\/strong><br \/>\n3 Socket Body Armor<br \/>\nRequired Level: 39<\/p>\n<p style=\"text-align: center;\"><span style=\"color: #6969ff;\">\u2022 +65% Faster Run\/Walk<\/span><br \/>\n<span style=\"color: #6969ff;\">\u2022 +40% Increased Attack Speed<\/span><br \/>\n<span style=\"color: #6969ff;\">\u2022 +20% Faster Hit Recovery<\/span><br \/>\n<span style=\"color: #6969ff;\">\u2022 +6 to Evade<\/span><br \/>\n<span style=\"color: #6969ff;\">\u2022 +10 to Dexterity<\/span><br \/>\n<span style=\"color: #6969ff;\">\u2022 50% Slower Stamina Drain<\/span><br \/>\n<span style=\"color: #6969ff;\">\u2022 +All Resistances +10<\/span><\/p>\n<hr \/>\n<h3 style=\"text-align: center;\"><span style=\"color: #c7b377;\">Mania<\/span><\/h3>\n<p style=\"text-align: center;\"><strong><span style=\"color: #ffa800;\">Shael<\/span> <\/strong>+ <strong><span style=\"color: #ffa800;\">Ko<\/span><\/strong> + <strong><span style=\"color: #ffa800;\">Eld<\/span><\/strong><br \/>\n3 Socket Weapons<br \/>\nRequired Level: 39<\/p>\n<p style=\"text-align: center;\"><span style=\"color: #6969ff;\">\u2022 5% Chance to cast level 1 Burst of Speed on striking<\/span><br \/>\n<span style=\"color: #6969ff;\">\u2022 Level 1 Fanaticism Aura When Equipped<\/span><br \/>\n<span style=\"color: #6969ff;\">\u2022 +30% Increased Attack Speed<\/span><br \/>\n<span style=\"color: #6969ff;\">\u2022 +180-200% Enhanced Damage<\/span><br \/>\n<span style=\"color: #6969ff;\">\u2022 +75% Damage to Undead<\/span><br \/>\n<span style=\"color: #6969ff;\">\u2022 +50 to Attack Rating against Undead<\/span><br \/>\n<span style=\"color: #6969ff;\">\u2022 +10 to Dexterity<\/span><\/p>\n<hr \/>\n<h3 style=\"text-align: center;\"><span style=\"color: #c7b377;\">Ritual<\/span><\/h3>\n<p style=\"text-align: center;\"><strong><span style=\"color: #ffa800;\">Amn<\/span><\/strong> + <strong><span style=\"color: #ffa800;\">Shael<\/span><\/strong> + <strong><span style=\"color: #ffa800;\">Ohm<\/span><\/strong><br \/>\n3 Socket Daggers<br \/>\nRequired Level: 57<\/p>\n<p style=\"text-align: center;\"><span style=\"color: #6969ff;\">\u2022 13% Chance to cast level 1 Sigil Death when struck<\/span><br \/>\n<span style=\"color: #6969ff;\">\u2022 +40% Increased Attack Speed<\/span><br \/>\n<span style=\"color: #6969ff;\">\u2022 +250-320% Enhanced Damage<\/span><br \/>\n<span style=\"color: #6969ff;\">\u2022 +150-250% Damage to Demons<\/span><br \/>\n<span style=\"color: #6969ff;\">\u2022 +200-260% Bonus to Attack Rating<\/span><br \/>\n<span style=\"color: #6969ff;\">\u2022 +3-5 Life after each Kill<\/span><br \/>\n<span style=\"color: #6969ff;\">\u2022 Slain Monsters Rest in Peace<\/span><br \/>\n<span style=\"color: #6969ff;\">\u2022 7% Life stolen per hit<\/span><\/p>\n<hr \/>\n<h3 style=\"text-align: center;\"><span style=\"color: #c7b377;\">Vigilance<\/span><\/h3>\n<p style=\"text-align: center;\"><strong><span style=\"color: #ffa800;\">Dol<\/span><\/strong> + <strong><span style=\"color: #ffa800;\">Gul<\/span><\/strong><br \/>\n3 Socket Grimoires, Shields, Shrunken Heads, Targes<br \/>\nRequired Level: 53<\/p>\n<p style=\"text-align: center;\"><span style=\"color: #6969ff;\">\u2022 5% Chance to cast level 10 Ring of Fire when struck<\/span><br \/>\n<span style=\"color: #6969ff;\">\u2022 +10% Faster Run\/Walk<\/span><br \/>\n<span style=\"color: #6969ff;\">\u2022 +30% Faster Block Rate<\/span><br \/>\n<span style=\"color: #6969ff;\">\u2022 +20-40 to Life<\/span><br \/>\n<span style=\"color: #6969ff;\">\u2022 +20-40 to Mana<\/span><br \/>\n<span style=\"color: #6969ff;\">\u2022 All Resistances +25-35<\/span><br \/>\n<span style=\"color: #6969ff;\">\u2022 +75-100% Enhanced Defense<\/span><br \/>\n<span style=\"color: #6969ff;\">\u2022 Replenish Life +7<\/span><br \/>\n<span style=\"color: #6969ff;\">\u2022 +5% to Maximum Poison Resist<\/span><\/p>\n<hr \/>\n<h3 style=\"text-align: center;\"><span style=\"color: #c7b377;\">Void<\/span><\/h3>\n<p style=\"text-align: center;\"><strong><span style=\"color: #ffa800;\">Thul<\/span><\/strong> + <strong><span style=\"color: #ffa800;\">Zod<\/span><\/strong> + <strong><span style=\"color: #ffa800;\">Ist<\/span><\/strong><br \/>\n3 Socket Daggers<br \/>\nRequired Level: 69<\/p>\n<p style=\"text-align: center;\"><span style=\"color: #6969ff;\">\u2022 +2 to All Skills<\/span><br \/>\n<span style=\"color: #6969ff;\">\u2022 +40% Faster Cast Rate<\/span><br \/>\n<span style=\"color: #6969ff;\">\u2022 +10-15% to Magic Skill Damage<\/span><br \/>\n<span style=\"color: #6969ff;\">\u2022 +1-3 to Abyss<\/span><br \/>\n<span style=\"color: #6969ff;\">\u2022 +8-12 to all Attributes<\/span><br \/>\n<span style=\"color: #6969ff;\">\u2022 Level 4 Decrepify (35\/35 Charges)<\/span><br \/>\n<span style=\"color: #6969ff;\">\u2022 Adds 3-14 Cold Damage<\/span><br \/>\n<span style=\"color: #6969ff;\">\u2022 Indestructible<\/span><br \/>\n<span style=\"color: #6969ff;\">\u2022 30% Better Chance of Getting Magic Items<\/span><\/p>\n<hr \/>\n<p style=\"text-align: center;\">\n","protected":false},"excerpt":{"rendered":"<p>Runov\u00e1 slova:\u00a01.09\u00a0\u2013 1.10\u00a0\u2013 1.11\u00a0\u2013 D2R 2.4\u00a0\u2013 D2R 2.6 \u2013 D2R 3.0 N\u00ed\u017ee jsou uvedena runov\u00e1 slova, kter\u00e1 p\u0159ibyla s p\u0159\u00edchodem patche 3.0 pro Diablo II: Ressurected. Authority Hel + Shael + Ral 3 Body Armor Required Level: 29 \u2022 2% Chance to cast level 10 Psychic Ward when struck \u2022 10% Chance to cast level [&#8230;]<\/p>\n<p><a class=\"btn btn-secondary understrap-read-more-link\" href=\"https:\/\/www.diablofans.cz\/d2\/runova-slova-v-d2r-3-0\/\">\u010c\u00edst d\u00e1le&#8230;<span class=\"screen-reader-text\"> from Runov\u00e1 slova v D2R 3.0<\/span><\/a><\/p>\n","protected":false},"author":3,"featured_media":0,"parent":0,"menu_order":0,"comment_status":"closed","ping_status":"closed","template":"","meta":{"footnotes":""},"class_list":["post-5223","page","type-page","status-publish","hentry"],"_links":{"self":[{"href":"https:\/\/www.diablofans.cz\/d2\/wp-json\/wp\/v2\/pages\/5223","targetHints":{"allow":["GET"]}}],"collection":[{"href":"https:\/\/www.diablofans.cz\/d2\/wp-json\/wp\/v2\/pages"}],"about":[{"href":"https:\/\/www.diablofans.cz\/d2\/wp-json\/wp\/v2\/types\/page"}],"author":[{"embeddable":true,"href":"https:\/\/www.diablofans.cz\/d2\/wp-json\/wp\/v2\/users\/3"}],"replies":[{"embeddable":true,"href":"https:\/\/www.diablofans.cz\/d2\/wp-json\/wp\/v2\/comments?post=5223"}],"version-history":[{"count":30,"href":"https:\/\/www.diablofans.cz\/d2\/wp-json\/wp\/v2\/pages\/5223\/revisions"}],"predecessor-version":[{"id":5302,"href":"https:\/\/www.diablofans.cz\/d2\/wp-json\/wp\/v2\/pages\/5223\/revisions\/5302"}],"wp:attachment":[{"href":"https:\/\/www.diablofans.cz\/d2\/wp-json\/wp\/v2\/media?parent=5223"}],"curies":[{"name":"wp","href":"https:\/\/api.w.org\/{rel}","templated":true}]}}