{"id":10171,"date":"2011-12-23T18:32:00","date_gmt":"2011-12-23T18:32:00","guid":{"rendered":"http:\/\/diablofans.ddev.site\/d3\/pridejte-se\/"},"modified":"2011-12-23T18:32:00","modified_gmt":"2011-12-23T18:32:00","slug":"pridejte-se","status":"publish","type":"page","link":"https:\/\/www.diablofans.cz\/d3\/pridejte-se\/","title":{"rendered":"P\u0159idejte se"},"content":{"rendered":"<p>Jak jste si mohli p\u0159e\u010d\u00edst v sekci <a href=\"https:\/\/www.diablofans.cz\/d3\/o-webu\/\">O webu<\/a>, tento web vytv\u00e1\u0159ej\u00ed fanou\u0161ci Diabla 3, a to <strong>dobrovoln\u011b<\/strong> a z vlastn\u00edho z\u00e1jmu. D\u011blaj\u00ed to proto, \u017ee je to bav\u00ed, \u017ee maj\u00ed k Diablu n\u011bjak\u00fd vztah a cht\u011bj\u00ed n\u011bjak\u00fdm zp\u016fsobem umo\u017enit ostatn\u00edm sd\u00edlet jejich nad\u0161en\u00ed pro tuto hru.<\/p>\n<p>A\u0165 u\u017e je to psan\u00ed \u010dl\u00e1nk\u016f, jejich p\u0159eklad z ofici\u00e1ln\u00edch zdroj\u016f, tvorba \u010desk\u00fdch titulk\u016f k vide\u00edm, vzhled webu a jeho sou\u010d\u00e1st\u00ed, psan\u00ed aktualit na soci\u00e1ln\u00edch s\u00edt\u00edch nebo cokoli jin\u00e9ho. Aktivit a <strong>mo\u017enost\u00ed<\/strong>, jak se aktivn\u011b zapojit do tvorby tohoto webu, je opravdu mnoho.<\/p>\n<p>Do t\u00fdmu webu DiabloFans.cz se m\u016f\u017eete p\u0159idat i Vy, takov\u00e9 jsou <strong>aktu\u00e1ln\u00ed<\/strong>&nbsp;mo\u017enosti:<\/p>\n<h3>&nbsp;<\/h3>\n<h3>Redaktor<\/h3>\n<p>Sledujete r\u00e1di novinky o Diablu 3 na ofici\u00e1ln\u00edm webu nebo na jin\u00fdch zahrani\u010dn\u00edch webech a r\u00e1di byste se pod\u011blili o tyto zpr\u00e1vy s ostatn\u00edmi? Nebo si snad pro\u010d\u00edt\u00e1te diskuze na ofici\u00e1ln\u00edm Battle.net f\u00f3ru? Pak m\u00e1te mo\u017enost v\u0161e d\u016fle\u017eit\u00e9, ale t\u0159eba i to z\u00e1bavn\u00e9 \u010di zaj\u00edmav\u00e9, p\u0159elo\u017eit do \u010de\u0161tiny (p\u0159\u00edp. slovensk\u00e9ho jazyka) a zve\u0159ejnit zde na tomto webu.<\/p>\n<h4>N\u00e1pl\u0148 pr\u00e1ce:<\/h4>\n<ul>\n<li>sledov\u00e1n\u00ed ofici\u00e1ln\u00edch, p\u0159\u00edp. i jin\u00fdch, zdroj\u016f informac\u00ed o Diablu 3<\/li>\n<li>psan\u00ed novinek a zpr\u00e1v na hlavn\u00ed str\u00e1nce webu<\/li>\n<\/ul>\n<h4>Po\u017eadavky:<\/h4>\n<ul>\n<li>znalost \u010de\u0161tiny nebo slovensk\u00e9ho jazyka (gramatika a stylistika) na dobr\u00e9 \u00farovni<\/li>\n<li>znalost angli\u010dtiny (p\u0159eklady z angli\u010dtiny do \u010de\u0161tiny nebo slovensk\u00e9ho jazyka)<\/li>\n<\/ul>\n<p>V p\u0159\u00edpad\u011b z\u00e1jmu pi\u0161te na e-mail redakce(zavin\u00e1\u010d)diablofans.cz<\/p>\n<hr \/>\n<h3>&nbsp;<\/h3>\n<h3>Program\u00e1tor a kod\u00e9r<\/h3>\n<p>Zaj\u00edm\u00e1 v\u00e1s sp\u00ed\u0161e to, jak je web praktick\u00fd a jak\u00e9 n\u00e1stroje poskytuje? M\u00e1te n\u00e1pady, jak tento web vylep\u0161it, nebo chcete zkr\u00e1tka jen pomoct v oblasti k\u00f3dov\u00e1n\u00ed a programov\u00e1n\u00ed? Pak se ur\u010dit\u011b hlaste, mo\u017enost\u00ed, jak vylep\u0161it tento web, je mnoho.<\/p>\n<h4>N\u00e1pl\u0148 pr\u00e1ce:<\/h4>\n<ul>\n<li>tvorba nov\u00fdch funkc\u00ed \u010di n\u00e1stroj\u016f pro web<\/li>\n<li>\u00faprava redak\u010dn\u00edho syst\u00e9mu, jeho vylep\u0161en\u00ed \u010di dal\u0161\u00ed roz\u0161\u00ed\u0159en\u00ed<\/li>\n<\/ul>\n<h4>Po\u017eadavky:<\/h4>\n<ul>\n<li>znalost jednoho z n\u00e1sleduj\u00edc\u00edch na dobr\u00e9 \u00farovni: PHP, MySQL, JavaScript, AJAX<\/li>\n<li>znalost (X)HTML a CSS na vynikaj\u00edc\u00ed \u00farovni<\/li>\n<\/ul>\n<p>V p\u0159\u00edpad\u011b z\u00e1jmu pi\u0161te na e-mail <span style=\"text-align: justify;\">redakce<\/span>(zavin\u00e1\u010d)diablofans.cz<\/p>\n","protected":false},"excerpt":{"rendered":"<p>Jak jste si mohli p\u0159e\u010d\u00edst v sekci O webu, tento web vytv\u00e1\u0159ej\u00ed fanou\u0161ci Diabla 3, a to dobrovoln\u011b a z vlastn\u00edho z\u00e1jmu. D\u011blaj\u00ed to proto, \u017ee je to bav\u00ed, \u017ee maj\u00ed k Diablu n\u011bjak\u00fd vztah a cht\u011bj\u00ed n\u011bjak\u00fdm zp\u016fsobem umo\u017enit ostatn\u00edm sd\u00edlet jejich nad\u0161en\u00ed pro tuto hru. A\u0165 u\u017e je to psan\u00ed \u010dl\u00e1nk\u016f, jejich p\u0159eklad [&#8230;]<\/p>\n<p><a class=\"btn btn-secondary understrap-read-more-link\" href=\"https:\/\/www.diablofans.cz\/d3\/pridejte-se\/\">\u010c\u00edst d\u00e1le&#8230;<span class=\"screen-reader-text\"> from P\u0159idejte se<\/span><\/a><\/p>\n","protected":false},"author":1,"featured_media":0,"parent":0,"menu_order":0,"comment_status":"open","ping_status":"closed","template":"","meta":{"footnotes":""},"class_list":["post-10171","page","type-page","status-publish","hentry"],"_links":{"self":[{"href":"https:\/\/www.diablofans.cz\/d3\/wp-json\/wp\/v2\/pages\/10171","targetHints":{"allow":["GET"]}}],"collection":[{"href":"https:\/\/www.diablofans.cz\/d3\/wp-json\/wp\/v2\/pages"}],"about":[{"href":"https:\/\/www.diablofans.cz\/d3\/wp-json\/wp\/v2\/types\/page"}],"author":[{"embeddable":true,"href":"https:\/\/www.diablofans.cz\/d3\/wp-json\/wp\/v2\/users\/1"}],"replies":[{"embeddable":true,"href":"https:\/\/www.diablofans.cz\/d3\/wp-json\/wp\/v2\/comments?post=10171"}],"version-history":[{"count":0,"href":"https:\/\/www.diablofans.cz\/d3\/wp-json\/wp\/v2\/pages\/10171\/revisions"}],"wp:attachment":[{"href":"https:\/\/www.diablofans.cz\/d3\/wp-json\/wp\/v2\/media?parent=10171"}],"curies":[{"name":"wp","href":"https:\/\/api.w.org\/{rel}","templated":true}]}}