{"id":10189,"date":"2012-04-10T17:28:00","date_gmt":"2012-04-10T17:28:00","guid":{"rendered":"http:\/\/diablofans.ddev.site\/d3\/monk-primary\/"},"modified":"2012-04-10T17:28:00","modified_gmt":"2012-04-10T17:28:00","slug":"monk-primary","status":"publish","type":"page","link":"https:\/\/www.diablofans.cz\/d3\/monk-primary\/","title":{"rendered":"Monk &#8211; Primary"},"content":{"rendered":"<div class=\"skilly\">\n<p style=\"text-align: center;\"><a href=\"https:\/\/www.diablofans.cz\/d3\/herni-postavy-monk\/\">Popis<\/a> &#8211; <strong><em><a href=\"https:\/\/www.diablofans.cz\/d3\/monk-primary\/\">Aktivn\u00ed skilly<\/a><\/em><\/strong> &#8211; <a href=\"https:\/\/www.diablofans.cz\/d3\/monk-pasivni-skilly\/\">Pasivn\u00ed skilly<\/a><\/p>\n<p style=\"text-align: center;\"><em><strong><a href=\"https:\/\/www.diablofans.cz\/d3\/monk-primary\/\">Primary<\/a><\/strong><\/em> &#8211; <a href=\"https:\/\/www.diablofans.cz\/d3\/monk-secondary\/\">Secondary<\/a> &#8211; <a href=\"https:\/\/www.diablofans.cz\/d3\/monk-defensive\/\">Defensive<\/a> &#8211; <a href=\"https:\/\/www.diablofans.cz\/d3\/monk-techniques\/\">Techniques<\/a> &#8211; <a href=\"https:\/\/www.diablofans.cz\/d3\/monk-focus\/\">Focus<\/a> &#8211; <a href=\"https:\/\/www.diablofans.cz\/d3\/monk-mantras\/\">Mantras<\/a><\/p>\n<h4>Fists of Thunder<\/h4>\n<div class=\"skill-ikona\"><img loading=\"lazy\" decoding=\"async\" alt=\"\" height=\"64\" src=\"https:\/\/www.diablofans.cz\/d3\/wp-content\/uploads\/monk_fistsofthunder.png\" width=\"64\" \/><\/div>\n<ul>\n<li>&bull; Generuje: 14 Spirit za \u00fatok<\/li>\n<li>&bull; Odemyk\u00e1 se na \u00farovni: 1<\/li>\n<\/ul>\n<p class=\"srovnat\">Teleporta\u010dn\u00ed \u00fatok s po\u0161kozen\u00edm za <span style=\"color:#00FF00;\">200%<\/span>. Ka\u017ed\u00fd t\u0159et\u00ed \u00fader zp\u016fsob\u00ed <span style=\"color:#00FF00;\">400%<\/span> po\u0161kozen\u00ed kter\u00e9 se rozd\u011bl\u00ed mezi nep\u0159\u00e1tele p\u0159ed mnichem. <strong><span style=\"color:#FFFF00;\">(Lightning)<\/span><\/strong><\/p>\n<table border=\"0\" class=\"stred\">\n<tbody>\n<tr>\n<td style=\"text-align: center;\">Level<\/td>\n<td style=\"text-align: center;\">Runa<\/td>\n<td style=\"text-align: center;\">Popis<\/td>\n<\/tr>\n<tr>\n<td style=\"text-align: center;\"><span style=\"color: #ffffff;\">6<\/span><\/td>\n<td style=\"text-align: center;\"><img loading=\"lazy\" decoding=\"async\" alt=\"\" height=\"42\" src=\"https:\/\/www.diablofans.cz\/d3\/wp-content\/uploads\/runa1.png\" width=\"42\" \/><\/td>\n<td><strong>Thunderclap<\/strong> &#8211; N\u00e1razov\u00e1 vlna s ka\u017ed\u00fdm \u00faderem, kter\u00e1 zas\u00e1hne v\u0161echny v <span style=\"color:#00FF00;\">6<\/span> yardech od c\u00edl\u00e9 \u00fatoku po\u0161kozen\u00edm za <span style=\"color:#00FF00;\">120%<\/span>. Ka\u017ed\u00fd t\u0159et\u00ed z\u00e1sah odhod\u00ed nep\u0159\u00e1tele. <strong><span style=\"color:#FFFF00;\">(Lightning)<\/span><\/strong><\/td>\n<\/tr>\n<tr>\n<td style=\"text-align: center;\"><span style=\"color: #ffffff;\">14<\/span><\/td>\n<td style=\"text-align: center;\"><img loading=\"lazy\" decoding=\"async\" alt=\"\" height=\"42\" src=\"https:\/\/www.diablofans.cz\/d3\/wp-content\/uploads\/runa5.png\" width=\"42\" \/><\/td>\n<td><strong>Wind Blast<\/strong> &#8211; Ka\u017ed\u00fd t\u0159et\u00ed z\u00e1sah zmraz\u00ed c\u00edl na <span style=\"color:#00FF00;\">2<\/span> sekundy. <strong><span style=\"color:#00FFFF;\">(Cold)<\/span><\/strong><\/td>\n<\/tr>\n<tr>\n<td style=\"text-align: center;\"><span style=\"color: #ffffff;\">30<\/span><\/td>\n<td style=\"text-align: center;\"><img loading=\"lazy\" decoding=\"async\" alt=\"\" height=\"42\" src=\"https:\/\/www.diablofans.cz\/d3\/wp-content\/uploads\/runa3.png\" width=\"42\" \/><\/td>\n<td><span style=\"color:#FFFF00;\"><strong>Static Charge<\/strong><\/span> &#8211; Hlavn\u00ed c\u00edl je na <span style=\"color:#00FF00;\">6<\/span> sekund nabyt statickou elekt\u0159inou. Pokud je zasa\u017een, v\u0161ichni ostatn\u00ed stejn\u011b nabyt\u00ed nep\u0159\u00e1tel\u00e9 v <span style=\"color:#00FF00;\">40<\/span> yardech obdr\u017e\u00ed po\u0161kozen\u00ed za <span style=\"color:#00FF00;\">40%<\/span>. <strong><span style=\"color:#FFFF00;\">(Lightning)<\/span><\/strong><\/td>\n<\/tr>\n<tr>\n<td style=\"text-align: center;\"><span style=\"color: #ffffff;\">42<\/span><\/td>\n<td style=\"text-align: center;\"><img loading=\"lazy\" decoding=\"async\" alt=\"\" height=\"42\" src=\"https:\/\/www.diablofans.cz\/d3\/wp-content\/uploads\/runa4.png\" width=\"42\" \/><\/td>\n<td><strong>Quickening<\/strong> &#8211; generuje <span style=\"color:#00FF00;\">20<\/span> Spirit na \u00fatok. <strong><span style=\"color:#FFFFFF;\">(Physical)<\/span><\/strong><\/td>\n<\/tr>\n<tr>\n<td style=\"text-align: center;\"><span style=\"color: #ffffff;\">52<\/span><\/td>\n<td style=\"text-align: center;\"><img loading=\"lazy\" decoding=\"async\" alt=\"\" height=\"42\" src=\"https:\/\/www.diablofans.cz\/d3\/wp-content\/uploads\/runa2.png\" width=\"42\" \/><\/td>\n<td><strong>Bounding Light<\/strong> &#8211; t\u0159et\u00ed z\u00e1sah vytvo\u0159\u00ed \u0159et\u011bzov\u011b se \u0161\u00ed\u0159\u00edc\u00ed blesk s Holy po\u0161kozen\u00edm za <span style=\"color:#00FF00;\">240%<\/span>. Zasa\u017eeni \u0159et\u011bzov\u00fdm bleskem mohou b\u00fdt a\u017e <span style=\"color:#00FF00;\">3<\/span> nep\u0159\u00e1tel\u00e9. <strong><span style=\"color:#FFA500;\">(Holy)<\/span><\/strong><\/td>\n<\/tr>\n<\/tbody>\n<\/table>\n<p>&nbsp;<\/p>\n<h4>Deadly Reach<\/h4>\n<div class=\"skill-ikona\"><img loading=\"lazy\" decoding=\"async\" alt=\"\" height=\"64\" src=\"https:\/\/www.diablofans.cz\/d3\/wp-content\/uploads\/monk_deadlyreach.png\" width=\"64\" \/><\/div>\n<ul>\n<li>&bull; Generuje: 12 Spirit za \u00fatok<\/li>\n<li>&bull; Odemyk\u00e1 se na \u00farovni: 3<\/li>\n<\/ul>\n<p class=\"srovnat\">Spiritu\u00e1ln\u00ed energie koncentrovan\u00e1 sm\u011brem na nep\u0159\u00e1tele s po\u0161kozen\u00edm za <span style=\"color:#00FF00;\">150%<\/span>. Ka\u017ed\u00fd t\u0159et\u00ed z\u00e1sah m\u00e1 <span style=\"color:#00FF00;\">50%<\/span> \u0161anci na odhozen\u00ed. <span style=\"color:#FFFFFF;\">(Physical)<\/span><\/p>\n<table border=\"0\" class=\"stred\">\n<tbody>\n<tr>\n<td style=\"text-align: center;\">Level<\/td>\n<td style=\"text-align: center;\">Runa<\/td>\n<td style=\"text-align: center;\">Popis<\/td>\n<\/tr>\n<tr>\n<td style=\"text-align: center;\"><span style=\"color: #ffffff;\">9<\/span><\/td>\n<td style=\"text-align: center;\"><img loading=\"lazy\" decoding=\"async\" alt=\"\" height=\"42\" src=\"https:\/\/www.diablofans.cz\/d3\/wp-content\/uploads\/runa2.png\" width=\"42\" \/><\/td>\n<td><strong>Piercing Trident<\/strong> &#8211; \u0160ance na odhozen\u00ed je nav\u00fd\u0161ena na<span style=\"color:#00FF00;\"> <\/span><span style=\"color:#00FF00;\">100%<\/span> a druh\u00fd a t\u0159et\u00ed z\u00e1sah m\u00e1 v\u011bt\u0161\u00ed dosah. <strong><span style=\"color:#FFFFFF;\">(Physical)<\/span><\/strong><\/td>\n<\/tr>\n<tr>\n<td style=\"text-align: center;\"><span style=\"color: #ffffff;\">18<\/span><\/td>\n<td style=\"text-align: center;\"><img loading=\"lazy\" decoding=\"async\" alt=\"\" height=\"42\" src=\"https:\/\/www.diablofans.cz\/d3\/wp-content\/uploads\/runa5.png\" width=\"42\" \/><\/td>\n<td><strong>Searing Grasp<\/strong> &#8211; po\u0161kozen\u00ed je nav\u00fd\u0161eno na <span style=\"color:#00FF00;\">260%<\/span>. <strong><span style=\"color:#FF0000;\">(Fire)<\/span><\/strong><\/td>\n<\/tr>\n<tr>\n<td style=\"text-align: center;\"><span style=\"color: #ffffff;\">34<\/span><\/td>\n<td style=\"text-align: center;\"><img loading=\"lazy\" decoding=\"async\" alt=\"\" height=\"42\" src=\"https:\/\/www.diablofans.cz\/d3\/wp-content\/uploads\/runa3.png\" width=\"42\" \/><\/td>\n<td><strong>Scattered Blows<\/strong> &#8211; t\u0159et\u00ed z\u00e1sah n\u00e1hodn\u011b zas\u00e1hne nep\u0159\u00e1tele v oblasti <span style=\"color:#00FF00;\">25<\/span> yard\u016f<span style=\"color: #ffff00;\"> <\/span>po\u0161kozen\u00edm za <span style=\"color:#00FF00;\">215%<\/span>. <strong><span style=\"color:#FFFF00;\">(Lightning)<\/span><\/strong><\/td>\n<\/tr>\n<tr>\n<td style=\"text-align: center;\"><span style=\"color: #ffffff;\">47<\/span><\/td>\n<td style=\"text-align: center;\"><img loading=\"lazy\" decoding=\"async\" alt=\"\" height=\"42\" src=\"https:\/\/www.diablofans.cz\/d3\/wp-content\/uploads\/runa4.png\" width=\"42\" \/><\/td>\n<td><strong>Strike from Beyond<\/strong> &#8211; ka\u017ed\u00fd nep\u0159\u00edtel, kter\u00fd je zasa\u017een t\u0159et\u00edm \u00faderem sn\u00ed\u017e\u00ed o <span style=\"color:#00FF00;\">8%<\/span> cenu p\u0159\u00ed\u0161t\u00edho pou\u017eit\u00e9ho skillu vyu\u017e\u00edvaj\u00edc\u00edho Spirit. <strong><span style=\"color:#0099ff;\">(Cold)<\/span><\/strong><\/td>\n<\/tr>\n<tr>\n<td style=\"text-align: center;\"><span style=\"color: #ffffff;\">54<\/span><\/td>\n<td style=\"text-align: center;\"><img loading=\"lazy\" decoding=\"async\" alt=\"\" height=\"42\" src=\"https:\/\/www.diablofans.cz\/d3\/wp-content\/uploads\/runa1.png\" width=\"42\" \/><\/td>\n<td><strong>Foresight<\/strong> &#8211; t\u0159et\u00ed z\u00e1sah zv\u00fd\u0161\u00ed na&nbsp;<span style=\"color:#00FF00;\">5<\/span> sekund po\u0161kozen\u00ed v\u0161ech \u00fatok\u016f o <span style=\"color:#00FF00;\">15%<\/span>. <strong><span style=\"color:#FFFFFF;\">(Physical)<\/span><\/strong><\/td>\n<\/tr>\n<\/tbody>\n<\/table>\n<p>&nbsp;<\/p>\n<h4>Crippling Wave<\/h4>\n<div class=\"skill-ikona\"><img loading=\"lazy\" decoding=\"async\" alt=\"\" height=\"64\" src=\"https:\/\/www.diablofans.cz\/d3\/wp-content\/uploads\/monk_cripplingwave.png\" width=\"64\" \/><\/div>\n<ul>\n<li>&bull; Generuje: 12 Spirit za \u00fatok<\/li>\n<li>&bull; Odemyk\u00e1 se na \u00farovni: 11<\/li>\n<\/ul>\n<p class=\"srovnat\">S\u00e9rie \u00fader\u016f v \u0161irok\u00e9m obloukus po\u0161kozen\u00edm za <span style=\"color:#00FF00;\">155%<\/span>. Ka\u017ed\u00fd t\u0159et\u00ed z\u00e1sah zas\u00e1hne nep\u0159\u00e1tele v okruhu <span style=\"color:#00FF00;\">11<\/span> yard\u016f a tak\u00e9 na <span style=\"color:#00FF00;\">3<\/span> sekundy zpomal\u00ed pohyb o <span style=\"color:#00FF00;\">30%<\/span> a rychlost \u00fatoku o <span style=\"color:#00FF00;\">20%<\/span>. <span style=\"color:#FFFFFF;\">(Physical)<\/span><\/p>\n<table border=\"0\" class=\"stred\">\n<tbody>\n<tr>\n<td style=\"text-align: center;\">Level<\/td>\n<td style=\"text-align: center;\">Runa<\/td>\n<td style=\"text-align: center;\">Popis<\/td>\n<\/tr>\n<tr>\n<td style=\"text-align: center;\"><span style=\"color: #ffffff;\">17<\/span><\/td>\n<td style=\"text-align: center;\"><img loading=\"lazy\" decoding=\"async\" alt=\"\" height=\"42\" src=\"https:\/\/www.diablofans.cz\/d3\/wp-content\/uploads\/runa1.png\" width=\"42\" \/><\/td>\n<td><strong>Mangle<\/strong> &#8211; po\u0161kozen\u00ed je nav\u00fd\u0161eno na <span style=\"color:#00FF00;\">255%<\/span>. <span style=\"color:#FF0000;\">(Fire)<\/span><\/td>\n<\/tr>\n<tr>\n<td style=\"text-align: center;\"><span style=\"color: #ffffff;\">26<\/span><\/td>\n<td style=\"text-align: center;\"><img loading=\"lazy\" decoding=\"async\" alt=\"\" height=\"42\" src=\"https:\/\/www.diablofans.cz\/d3\/wp-content\/uploads\/runa3.png\" width=\"42\" \/><\/td>\n<td><strong>Concussion<\/strong> &#8211; zasa\u017een\u00ed nep\u0159\u00e1tel\u00e9 zp\u016fsobuj\u00ed na <span style=\"color:#00FF00;\">3<\/span> sekundy o <span style=\"color:#00FF00;\">20%<\/span> men\u0161\u00ed po\u0161kozen\u00ed. <span style=\"color:#FFFFFF;\">(Physical)<\/span><\/td>\n<\/tr>\n<tr>\n<td style=\"text-align: center;\"><span style=\"color: #ffffff;\">36<\/span><\/td>\n<td style=\"text-align: center;\"><img loading=\"lazy\" decoding=\"async\" alt=\"\" height=\"42\" src=\"https:\/\/www.diablofans.cz\/d3\/wp-content\/uploads\/runa4.png\" width=\"42\" \/><\/td>\n<td><strong>Rising Tide<\/strong> &#8211; z\u00e1sahy generuj\u00ed nav\u00edc <span style=\"color:#00FF00;\">2,5<\/span> Spirit. <span style=\"color:#FFA500;\">(Holy)<\/span><\/td>\n<\/tr>\n<tr>\n<td style=\"text-align: center;\"><span style=\"color: #ffffff;\">51<\/span><\/td>\n<td style=\"text-align: center;\"><img loading=\"lazy\" decoding=\"async\" alt=\"\" height=\"42\" src=\"https:\/\/www.diablofans.cz\/d3\/wp-content\/uploads\/runa2.png\" width=\"42\" \/><\/td>\n<td><strong>Tsunami<\/strong> &#8211; t\u0159et\u00ed z\u00e1sah m\u00e1 nyn\u00ed dosah <span style=\"color:#00FF00;\">17<\/span> yard\u016f a zmrazuje nep\u0159\u00e1tele na <span style=\"color:#00FF00;\">1<\/span> sekundu. <span style=\"color:#0099ff;\">(Cold)<\/span><\/td>\n<\/tr>\n<tr>\n<td style=\"text-align: center;\"><span style=\"color: #ffffff;\">57<\/span><\/td>\n<td style=\"text-align: center;\"><img loading=\"lazy\" decoding=\"async\" alt=\"\" height=\"42\" src=\"https:\/\/www.diablofans.cz\/d3\/wp-content\/uploads\/runa5.png\" width=\"42\" \/><\/td>\n<td><strong>Breaking Wave<\/strong> &#8211; zasa\u017een\u00e9 c\u00edle obdr\u017e\u00ed na <span style=\"color:#00FF00;\">3<\/span> sekundy o <span style=\"color:#00FF00;\">10%<\/span> vy\u0161\u0161\u00ed po\u0161kozen\u00ed od v\u0161ech \u00fatok\u016f. <span style=\"color:#FFFFFF;\">(Physical)<\/span><\/td>\n<\/tr>\n<\/tbody>\n<\/table>\n<p>&nbsp;<\/p>\n<h4>Way of the Hundred Fists<\/h4>\n<div class=\"skill-ikona\"><img loading=\"lazy\" decoding=\"async\" alt=\"\" height=\"64\" src=\"https:\/\/www.diablofans.cz\/d3\/wp-content\/uploads\/monk_wayofthehundredfists.png\" width=\"64\" \/><\/div>\n<ul>\n<li>&bull; Generuje: 12 Spirit za \u00fatok<\/li>\n<li>&bull; Odemyk\u00e1 se na \u00farovni: 15<\/li>\n<\/ul>\n<p class=\"srovnat\">&nbsp;Velmi rychl\u00e1 s\u00e9rie z\u00e1sah\u016f s po\u0161kozen\u00edm za <span style=\"color:#00FF00;\">190%<\/span>. <span style=\"color:#FFFFFF;\">(Physical)<\/span><\/p>\n<table border=\"0\" class=\"stred\">\n<tbody>\n<tr>\n<td style=\"text-align: center;\">Level<\/td>\n<td style=\"text-align: center;\">Runa<\/td>\n<td style=\"text-align: center;\">Popis<\/td>\n<\/tr>\n<tr>\n<td style=\"text-align: center;\"><span style=\"color: #ffffff;\">24<\/span><\/td>\n<td style=\"text-align: center;\"><img loading=\"lazy\" decoding=\"async\" alt=\"\" height=\"42\" src=\"https:\/\/www.diablofans.cz\/d3\/wp-content\/uploads\/runa2.png\" width=\"42\" \/><\/td>\n<td><strong>Hands of Lightning<\/strong> &#8211; zvy\u0161uje po\u010det z\u00e1sah\u016f v druh\u00e9m \u00fatoku z <span style=\"color:#00FF00;\">7<\/span> na <span style=\"color:#00FF00;\">10<\/span> a po\u0161kozen\u00ed na <span style=\"color:#00FF00;\">423%<\/span>. <span style=\"color:#FFFF00;\">(Lightning)<\/span><\/td>\n<\/tr>\n<tr>\n<td style=\"text-align: center;\"><span style=\"color: #ffffff;\">32<\/span><\/td>\n<td style=\"text-align: center;\"><img loading=\"lazy\" decoding=\"async\" alt=\"\" height=\"42\" src=\"https:\/\/www.diablofans.cz\/d3\/wp-content\/uploads\/runa3.png\" width=\"42\" \/><\/td>\n<td><strong>Blazing Fists<\/strong> &#8211; kritick\u00e9 z\u00e1sahy zv\u00fd\u0161\u00ed rychlost \u00fatoku a pohybu o <span style=\"color:#00FF00;\">5%<\/span>. Tento efekt trv\u00e1 <span style=\"color:#00FF00;\">5<\/span> sekund a m\u016f\u017ee se opakov\u00e1n\u00edm zn\u00e1sobit a\u017e <span style=\"color:#00FF00;\">3<\/span>-kr\u00e1t. <span style=\"color:#FF0000;\">(Fire)<\/span><\/td>\n<\/tr>\n<tr>\n<td style=\"text-align: center;\"><span style=\"color: #ffffff;\">40<\/span><\/td>\n<td style=\"text-align: center;\"><img loading=\"lazy\" decoding=\"async\" alt=\"\" height=\"42\" src=\"https:\/\/www.diablofans.cz\/d3\/wp-content\/uploads\/runa1.png\" width=\"42\" \/><\/td>\n<td><strong>Fists of Fury<\/strong> &#8211; zp\u016fsobuje po\u0161kozen\u00ed za <span style=\"color:#00FF00;\">60%<\/span> b\u011bhem <span style=\"color:#00FF00;\">3<\/span> sekund, kter\u00e9 se s dal\u0161\u00edmi \u00fadery m\u016f\u017ee n\u00e1sobit, nejv\u00edc ale na <span style=\"color:#00FF00;\">15<\/span> stoh\u016f. Tak\u00e9 umo\u017e\u0148uje prvn\u00edmu z\u00e1sahu p\u0159ekonat kr\u00e1tkou vzd\u00e1lenost. <span style=\"color:#FFA500;\">(Holy)<\/span><\/td>\n<\/tr>\n<tr>\n<td style=\"text-align: center;\"><span style=\"color: #ffffff;\">48<\/span><\/td>\n<td style=\"text-align: center;\"><img loading=\"lazy\" decoding=\"async\" alt=\"\" height=\"42\" src=\"https:\/\/www.diablofans.cz\/d3\/wp-content\/uploads\/runa4.png\" width=\"42\" \/><\/td>\n<td><strong>Assimilation<\/strong> &#8211; ka\u017ed\u00fd z\u00e1sah t\u0159et\u00edm \u00faderem nav\u00fd\u0161\u00ed na <span style=\"color:#00FF00;\">5<\/span> sekund po\u0161kozen\u00ed o <span style=\"color:#00FF00;\">5%<\/span>. <span style=\"color:#FFFFFF;\">(Physical)<\/span><\/td>\n<\/tr>\n<tr>\n<td style=\"text-align: center;\"><span style=\"color: #ffffff;\">60<\/span><\/td>\n<td style=\"text-align: center;\"><img loading=\"lazy\" decoding=\"async\" alt=\"\" height=\"42\" src=\"https:\/\/www.diablofans.cz\/d3\/wp-content\/uploads\/runa5.png\" width=\"42\" \/><\/td>\n<td><strong>Windforce Flurry<\/strong> &#8211; t\u0159et\u00ed z\u00e1sah nav\u00edc vytvo\u0159\u00ed ledov\u00fd projektil s po\u0161kozen\u00edm za <span style=\"color:#00FF00;\">500%<\/span> nep\u0159\u00e1tel\u016fm p\u0159\u00edmo p\u0159ed mnichem. <span style=\"color:#0099ff;\">(Cold)<\/span><\/td>\n<\/tr>\n<\/tbody>\n<\/table>\n<p>&nbsp;<\/p>\n<\/div>\n","protected":false},"excerpt":{"rendered":"<p>Popis &#8211; Aktivn\u00ed skilly &#8211; Pasivn\u00ed skilly Primary &#8211; Secondary &#8211; Defensive &#8211; Techniques &#8211; Focus &#8211; Mantras Fists of Thunder &bull; Generuje: 14 Spirit za \u00fatok &bull; Odemyk\u00e1 se na \u00farovni: 1 Teleporta\u010dn\u00ed \u00fatok s po\u0161kozen\u00edm za 200%. Ka\u017ed\u00fd t\u0159et\u00ed \u00fader zp\u016fsob\u00ed 400% po\u0161kozen\u00ed kter\u00e9 se rozd\u011bl\u00ed mezi nep\u0159\u00e1tele p\u0159ed mnichem. (Lightning) Level Runa [&#8230;]<\/p>\n<p><a class=\"btn btn-secondary understrap-read-more-link\" href=\"https:\/\/www.diablofans.cz\/d3\/monk-primary\/\">\u010c\u00edst d\u00e1le&#8230;<span class=\"screen-reader-text\"> from Monk &#8211; Primary<\/span><\/a><\/p>\n","protected":false},"author":5,"featured_media":0,"parent":0,"menu_order":0,"comment_status":"open","ping_status":"closed","template":"","meta":{"footnotes":""},"class_list":["post-10189","page","type-page","status-publish","hentry"],"_links":{"self":[{"href":"https:\/\/www.diablofans.cz\/d3\/wp-json\/wp\/v2\/pages\/10189","targetHints":{"allow":["GET"]}}],"collection":[{"href":"https:\/\/www.diablofans.cz\/d3\/wp-json\/wp\/v2\/pages"}],"about":[{"href":"https:\/\/www.diablofans.cz\/d3\/wp-json\/wp\/v2\/types\/page"}],"author":[{"embeddable":true,"href":"https:\/\/www.diablofans.cz\/d3\/wp-json\/wp\/v2\/users\/5"}],"replies":[{"embeddable":true,"href":"https:\/\/www.diablofans.cz\/d3\/wp-json\/wp\/v2\/comments?post=10189"}],"version-history":[{"count":0,"href":"https:\/\/www.diablofans.cz\/d3\/wp-json\/wp\/v2\/pages\/10189\/revisions"}],"wp:attachment":[{"href":"https:\/\/www.diablofans.cz\/d3\/wp-json\/wp\/v2\/media?parent=10189"}],"curies":[{"name":"wp","href":"https:\/\/api.w.org\/{rel}","templated":true}]}}