{"id":10192,"date":"2012-04-10T17:38:00","date_gmt":"2012-04-10T17:38:00","guid":{"rendered":"http:\/\/diablofans.ddev.site\/d3\/monk-techniques\/"},"modified":"2012-04-10T17:38:00","modified_gmt":"2012-04-10T17:38:00","slug":"monk-techniques","status":"publish","type":"page","link":"https:\/\/www.diablofans.cz\/d3\/monk-techniques\/","title":{"rendered":"Monk &#8211; Techniques"},"content":{"rendered":"<div class=\"skilly\">\n<p style=\"text-align: center;\"><a href=\"https:\/\/www.diablofans.cz\/d3\/herni-postavy-monk\/\">Popis<\/a> &#8211; <strong><em><a href=\"https:\/\/www.diablofans.cz\/d3\/monk-primary\/\">Aktivn\u00ed skilly<\/a><\/em><\/strong> &#8211; <a href=\"https:\/\/www.diablofans.cz\/d3\/monk-pasivni-skilly\/\">Pasivn\u00ed skilly<\/a><\/p>\n<p style=\"text-align: center;\"><a href=\"https:\/\/www.diablofans.cz\/d3\/monk-primary\/\">Primary<\/a> &#8211; <a href=\"https:\/\/www.diablofans.cz\/d3\/monk-secondary\/\">Secondary<\/a> &#8211; <a href=\"https:\/\/www.diablofans.cz\/d3\/monk-defensive\/\">Defensive<\/a> &#8211; <em><strong><a href=\"https:\/\/www.diablofans.cz\/d3\/monk-techniques\/\">Techniques<\/a><\/strong><\/em> &#8211; <a href=\"https:\/\/www.diablofans.cz\/d3\/monk-focus\/\">Focus<\/a> &#8211; <a href=\"https:\/\/www.diablofans.cz\/d3\/monk-mantras\/\">Mantras<\/a><\/p>\n<h4>Dashing Strike<\/h4>\n<div class=\"skill-ikona\"><img loading=\"lazy\" decoding=\"async\" alt=\"\" height=\"64\" src=\"https:\/\/www.diablofans.cz\/d3\/wp-content\/uploads\/monk_dashingstrike.png\" width=\"64\" \/><\/div>\n<ul>\n<li>Cena: 1 Nabit\u00ed<\/li>\n<li>Odemyk\u00e1 se na \u00farovni: 9<\/li>\n<\/ul>\n<p class=\"srovnat\">Sprint k zame\u0159en\u00e9mu nep\u0159\u00edteli a\u017e do <span style=\"color:#00FF00;\">50<\/span> yard\u016f a ud\u011blen\u00ed po\u0161kozen\u00ed za <span style=\"color:#00FF00;\">370%<\/span> v\u0161em nep\u0159\u00e1tel\u016fm v cest\u011b. \u00datok m\u016f\u017ee b\u00fdt aktivovov\u00e1n ka\u017ed\u00fdch <span style=\"color:#00FF00;\">8<\/span> sekund a mohou b\u00fdt ulo\u017eeny a\u017e <span style=\"color:#00FF00;\">2<\/span> aktivace dovednosti. <span style=\"color:#FFFFFF;\">(Physical)<\/span><\/p>\n<table border=\"0\" class=\"stred\">\n<tbody>\n<tr>\n<td style=\"text-align: center;\">Level<\/td>\n<td style=\"text-align: center;\">Runa<\/td>\n<td style=\"text-align: center;\">Popis<\/td>\n<\/tr>\n<tr>\n<td style=\"text-align: center;\"><span style=\"color: #ffffff;\">15<\/span><\/td>\n<td style=\"text-align: center;\"><img loading=\"lazy\" decoding=\"async\" alt=\"\" height=\"42\" src=\"https:\/\/www.diablofans.cz\/d3\/wp-content\/uploads\/runa2.png\" width=\"42\" \/><\/td>\n<td><strong>Way of the Falling Star<\/strong> &#8211; po pou\u017eit\u00ed dovednosti se na <span style=\"color:#00FF00;\">4<\/span> sekundy zv\u00fd\u0161\u00ed rychlost pohybu o <span style=\"color:#00FF00;\">20%<\/span>. <span style=\"color:#FFA500;\">(Holy)<\/span><\/td>\n<\/tr>\n<tr>\n<td style=\"text-align: center;\"><span style=\"color: #ffffff;\">23<\/span><\/td>\n<td style=\"text-align: center;\"><img loading=\"lazy\" decoding=\"async\" alt=\"\" height=\"42\" src=\"https:\/\/www.diablofans.cz\/d3\/wp-content\/uploads\/runa5.png\" width=\"42\" \/><\/td>\n<td><strong>Blinding Speed<\/strong> &#8211; po pou\u017eit\u00ed dovednosti se na <span style=\"color:#00FF00;\">4<\/span> sekundy zv\u00fd\u0161\u00ed \u0161ance na vyhnut\u00ed se z\u00e1sahu o <span style=\"color:#00FF00;\">40%<\/span>. <span style=\"color:#0099ff;\">(Cold)<\/span><\/td>\n<\/tr>\n<tr>\n<td style=\"text-align: center;\"><span style=\"color: #ffffff;\">32<\/span><\/td>\n<td style=\"text-align: center;\"><img loading=\"lazy\" decoding=\"async\" alt=\"\" height=\"42\" src=\"https:\/\/www.diablofans.cz\/d3\/wp-content\/uploads\/runa4.png\" width=\"42\" \/><\/td>\n<td><strong>Quicksilver<\/strong> &#8211; mohou b\u00fdt a\u017e <span style=\"color:#00FF00;\">3<\/span> aktivace dovednosti. <span style=\"color:#FFFF00;\">(Lightning)<\/span><\/td>\n<\/tr>\n<tr>\n<td style=\"text-align: center;\"><span style=\"color: #ffffff;\">39<\/span><\/td>\n<td style=\"text-align: center;\"><img loading=\"lazy\" decoding=\"async\" alt=\"\" height=\"42\" src=\"https:\/\/www.diablofans.cz\/d3\/wp-content\/uploads\/runa1.png\" width=\"42\" \/><\/td>\n<td><strong>Radiance<\/strong> &#8211; po pou\u017eit\u00ed dovednosti se na <span style=\"color:#00FF00;\">4<\/span> sekundy zv\u00fd\u0161\u00ed rychlost \u00fatoku o <span style=\"color:#00FF00;\">15%<\/span>. <span style=\"color:#FF0000;\">(Fire)<\/span><\/td>\n<\/tr>\n<tr>\n<td style=\"text-align: center;\"><span style=\"color: #ffffff;\">49<\/span><\/td>\n<td style=\"text-align: center;\"><img loading=\"lazy\" decoding=\"async\" alt=\"\" height=\"42\" src=\"https:\/\/www.diablofans.cz\/d3\/wp-content\/uploads\/runa3.png\" width=\"42\" \/><\/td>\n<td><strong>Barrage<\/strong> &#8211; posledn\u00ed zasa\u017een\u00fd nep\u0159\u00edtel je nav\u00edc <span style=\"color:#00FF00;\">2<\/span> sekundy po\u0161kozov\u00e1n za <span style=\"color:#00FF00;\">975%<\/span>. <span style=\"color:#FFFFFF;\">(Physical)<\/span><\/td>\n<\/tr>\n<\/tbody>\n<\/table>\n<p>&nbsp;<\/p>\n<h4>Exploding Palm<\/h4>\n<div class=\"skill-ikona\"><img loading=\"lazy\" decoding=\"async\" alt=\"\" height=\"64\" src=\"https:\/\/www.diablofans.cz\/d3\/wp-content\/uploads\/monk_explodingpalm.png\" width=\"64\" \/><\/div>\n<ul>\n<li>Cena: 40 Spirit<\/li>\n<li>Odemyk\u00e1 se na \u00farovni: 13<\/li>\n<\/ul>\n<p class=\"srovnat\">Zasa\u017een\u00fd nep\u0159\u00edtel bude krv\u00e1cet za <span style=\"color:#00FF00;\">1200%<\/span> po\u0161kozen\u00ed b\u011bhem <span style=\"color:#00FF00;\">9<\/span> sekund. Pokud vykrv\u00e1c\u00ed, exploduje s po\u0161kozen\u00edm za <span style=\"color:#00FF00;\">2770%<\/span> do bl\u00edzk\u00e9ho okol\u00ed. <span style=\"color:#FFFFFF;\">(Physical)<\/span><\/p>\n<table border=\"0\" class=\"stred\">\n<tbody>\n<tr>\n<td style=\"text-align: center;\">Level<\/td>\n<td style=\"text-align: center;\">Runa<\/td>\n<td style=\"text-align: center;\">Popis<\/td>\n<\/tr>\n<tr>\n<td style=\"text-align: center;\"><span style=\"color: #ffffff;\">18<\/span><\/td>\n<td style=\"text-align: center;\"><img loading=\"lazy\" decoding=\"async\" alt=\"\" height=\"42\" src=\"https:\/\/www.diablofans.cz\/d3\/wp-content\/uploads\/runa3.png\" width=\"42\" \/><\/td>\n<td><strong>The Flesh is Weak<\/strong> &#8211; c\u00edl \u00fatoku bude na <span style=\"color:#00FF00;\">9<\/span> sekund dost\u00e1vat o <span style=\"color:#00FF00;\">15%<\/span> v\u011bt\u0161\u00ed po\u0161kozen\u00ed. <span style=\"color:#FFFFFF;\">(Physical)<\/span><\/td>\n<\/tr>\n<tr>\n<td style=\"text-align: center;\"><span style=\"color: #ffffff;\">25<\/span><\/td>\n<td style=\"text-align: center;\"><img loading=\"lazy\" decoding=\"async\" alt=\"\" height=\"42\" src=\"https:\/\/www.diablofans.cz\/d3\/wp-content\/uploads\/runa4.png\" width=\"42\" \/><\/td>\n<td><strong>Strong Spirit<\/strong> &#8211; pokud c\u00edl zem\u0159e a exploduje, je regenerov\u00e1no <span style=\"color:#00FF00;\">15<\/span> Spirit za ka\u017ed\u00e9ho nep\u0159\u00edtele zasa\u017een\u00e9ho exploz\u00ed. <span style=\"color:#FFA500;\">(Holy)<\/span><\/td>\n<\/tr>\n<tr>\n<td style=\"text-align: center;\"><span style=\"color: #ffffff;\">36<\/span><\/td>\n<td style=\"text-align: center;\"><img loading=\"lazy\" decoding=\"async\" alt=\"\" height=\"42\" src=\"https:\/\/www.diablofans.cz\/d3\/wp-content\/uploads\/runa2.png\" width=\"42\" \/><\/td>\n<td><strong>Impending Doom<\/strong> &#8211; c\u00edl nekrv\u00e1c\u00ed ale s\u00edla exploze je nav\u00fd\u0161ena na <span style=\"color:#00FF00;\">6305%<\/span>. <span style=\"color:#0099ff;\">(Cold)<\/span><\/td>\n<\/tr>\n<tr>\n<td style=\"text-align: center;\"><span style=\"color: #ffffff;\">44<\/span><\/td>\n<td style=\"text-align: center;\"><img loading=\"lazy\" decoding=\"async\" alt=\"\" height=\"42\" src=\"https:\/\/www.diablofans.cz\/d3\/wp-content\/uploads\/runa1.png\" width=\"42\" \/><\/td>\n<td><strong>Shocking Grasp <\/strong>&#8211; efekt se p\u0159esouv\u00e1 na dal\u0161\u00edho c\u00edl v dosahu 15 yard\u016f. <span style=\"color:#FFFF00;\">(Lightning)<\/span><\/td>\n<\/tr>\n<tr>\n<td style=\"text-align: center;\"><span style=\"color: #ffffff;\">51<\/span><\/td>\n<td style=\"text-align: center;\"><img loading=\"lazy\" decoding=\"async\" alt=\"\" height=\"42\" src=\"https:\/\/www.diablofans.cz\/d3\/wp-content\/uploads\/runa5.png\" width=\"42\" \/><\/td>\n<td><strong>Essence Burn<\/strong> &#8211; m\u00edsto krv\u00e1cen\u00ed na <span style=\"color:#00FF00;\">9<\/span> sekund zap\u00e1l\u00ed c\u00edl a zp\u016fsob\u00ed<span style=\"color: #ff0000;\"> <\/span>po\u0161kozen\u00ed za <span style=\"color:#00FF00;\">1875%<\/span>. Pokud c\u00edl zem\u0159e v d\u016fsledku tohoto po\u0161kozen\u00ed, exploduje a zp\u016fsob\u00ed na <span style=\"color:#00FF00;\">3<\/span> sekundy v\u0161em pobl\u00ed\u017e po\u0161kozen\u00ed za <span style=\"color:#00FF00;\">3260%<\/span>. <span style=\"color:#FF0000;\">(Fire)<\/span><\/td>\n<\/tr>\n<\/tbody>\n<\/table>\n<p>&nbsp;<\/p>\n<h4>Sweeping Wind<\/h4>\n<div class=\"skill-ikona\"><img loading=\"lazy\" decoding=\"async\" alt=\"\" height=\"64\" src=\"https:\/\/www.diablofans.cz\/d3\/wp-content\/uploads\/monk_sweepingwind.png\" width=\"64\" \/><\/div>\n<ul>\n<li>Cena: 75 Spirit<\/li>\n<li>Odemyk\u00e1 se na \u00farovni: 21<\/li>\n<\/ul>\n<p class=\"srovnat\">Obklop\u00ed postavu vzdu\u0161n\u00fdm v\u00edrem(vortexem), kter\u00fd soustavn\u011b zp\u016fsobuje <span style=\"color:#00FF00;\">105%<\/span> po\u0161kozen\u00ed v\u0161em v okruhu <span style=\"color:#00FF00;\">10<\/span> yard\u016f. Efekt vydr\u017e\u00ed <span style=\"color:#00FF00;\">6<\/span> sekund a ka\u017ed\u00fd dal\u0161\u00ed z\u00e1sah na bl\u00edzko ho obnov\u00ed. Kritick\u00e9 z\u00e1sahy navy\u0161uj\u00ed po\u0161kozen\u00ed o <span style=\"color:#00FF00;\">105%<\/span> a to do maxima <span style=\"color:#00FF00;\">315%<\/span>. <span style=\"color:#FFFFFF;\">(Physical)<\/span><\/p>\n<table border=\"0\" class=\"stred\">\n<tbody>\n<tr>\n<td style=\"text-align: center;\">Level<\/td>\n<td style=\"text-align: center;\">Runa<\/td>\n<td style=\"text-align: center;\">Popis<\/td>\n<\/tr>\n<tr>\n<td style=\"text-align: center;\"><span style=\"color: #ffffff;\">27<\/span><\/td>\n<td style=\"text-align: center;\"><img loading=\"lazy\" decoding=\"async\" alt=\"\" height=\"42\" src=\"https:\/\/www.diablofans.cz\/d3\/wp-content\/uploads\/runa5.png\" width=\"42\" \/><\/td>\n<td><span style=\"color:#FAEBD7;\"><strong>Master of Wind <\/strong><\/span>&#8211; pokud je vortex v maxim\u00e1ln\u00ed s\u00edle, tak nep\u0159\u00e1tel\u00e9 pod t\u00edmto efektem jsou ka\u017ed\u00e9 <span style=\"color:#00FF00;\">3<\/span> sekundy zmra\u017eeni na <span style=\"color:#00FF00;\">2<\/span> sekundy. <span style=\"color:#0099ff;\">(Cold)<\/span><\/td>\n<\/tr>\n<tr>\n<td style=\"text-align: center;\"><span style=\"color: #ffffff;\">33<\/span><\/td>\n<td style=\"text-align: center;\"><img loading=\"lazy\" decoding=\"async\" alt=\"\" height=\"42\" src=\"https:\/\/www.diablofans.cz\/d3\/wp-content\/uploads\/runa1.png\" width=\"42\" \/><\/td>\n<td><span style=\"color:#FAEBD7;\"><strong>Blade Storm<\/strong><\/span> &#8211; po\u0161kozen\u00ed je nav\u00fd\u0161eno na <span style=\"color:#00FF00;\">145%<\/span> a\u017e do maxima <span style=\"color:#00FF00;\">435%<\/span>. <span style=\"color:#FFFFFF;\">(Physical)<\/span><br \/>\n\t\t\t&nbsp;<\/td>\n<\/tr>\n<tr>\n<td style=\"text-align: center;\"><span style=\"color: #ffffff;\">38<\/span><\/td>\n<td style=\"text-align: center;\"><img loading=\"lazy\" decoding=\"async\" alt=\"\" height=\"42\" src=\"https:\/\/www.diablofans.cz\/d3\/wp-content\/uploads\/runa2.png\" width=\"42\" \/><\/td>\n<td><span style=\"color:#FAEBD7;\"><strong>Fire Storm<\/strong><\/span> &#8211; dosah vortexu je roz\u0161\u00ed\u0159en na 14 yard\u016f. <span style=\"color:#FF0000;\">(Fire)<\/span><\/td>\n<\/tr>\n<tr>\n<td style=\"text-align: center;\"><span style=\"color: #ffffff;\">46<\/span><\/td>\n<td style=\"text-align: center;\"><img loading=\"lazy\" decoding=\"async\" alt=\"\" height=\"42\" src=\"https:\/\/www.diablofans.cz\/d3\/wp-content\/uploads\/runa4.png\" width=\"42\" \/><\/td>\n<td><span style=\"color:#FAEBD7;\"><strong>Inner Storm<\/strong><\/span> &#8211; po dobu trv\u00e1n\u00ed maxim\u00e1ln\u00ed zn\u00e1soben\u00ed efektu se regeneruje <span style=\"color:#00FF00;\">8<\/span> Spirit za sekundu. <span style=\"color:#FFA500;\">(Holy)<\/span><\/td>\n<\/tr>\n<tr>\n<td style=\"text-align: center;\"><span style=\"color: #ffffff;\">56<\/span><\/td>\n<td style=\"text-align: center;\"><img loading=\"lazy\" decoding=\"async\" alt=\"\" height=\"42\" src=\"https:\/\/www.diablofans.cz\/d3\/wp-content\/uploads\/runa3.png\" width=\"42\" \/><\/td>\n<td><span style=\"color:#FAEBD7;\"><strong>Cyclone<\/strong><\/span> &#8211; pokud je vortex v maxim\u00e1ln\u00ed s\u00edle, maj\u00ed kritick\u00e9 z\u00e1sahy \u0161anci na uvoln\u011bn\u00ed bleskov\u00e9ho torn\u00e1da s po\u0161kozen\u00edm za <span style=\"color:#00FF00;\">95%<\/span>. Ka\u017ed\u00e9 vytvo\u0159en\u00e9 bleskov\u00e9 torn\u00e1do vydr\u017e\u00ed <span style=\"color:#00FF00;\">3 <\/span>sekundy. <span style=\"color:#FFFF00;\">(Lightning)<\/span><\/td>\n<\/tr>\n<\/tbody>\n<\/table>\n<p>&nbsp;<\/p>\n<\/div>\n","protected":false},"excerpt":{"rendered":"<p>Popis &#8211; Aktivn\u00ed skilly &#8211; Pasivn\u00ed skilly Primary &#8211; Secondary &#8211; Defensive &#8211; Techniques &#8211; Focus &#8211; Mantras Dashing Strike Cena: 1 Nabit\u00ed Odemyk\u00e1 se na \u00farovni: 9 Sprint k zame\u0159en\u00e9mu nep\u0159\u00edteli a\u017e do 50 yard\u016f a ud\u011blen\u00ed po\u0161kozen\u00ed za 370% v\u0161em nep\u0159\u00e1tel\u016fm v cest\u011b. \u00datok m\u016f\u017ee b\u00fdt aktivovov\u00e1n ka\u017ed\u00fdch 8 sekund a mohou b\u00fdt [&#8230;]<\/p>\n<p><a class=\"btn btn-secondary understrap-read-more-link\" href=\"https:\/\/www.diablofans.cz\/d3\/monk-techniques\/\">\u010c\u00edst d\u00e1le&#8230;<span class=\"screen-reader-text\"> from Monk &#8211; Techniques<\/span><\/a><\/p>\n","protected":false},"author":5,"featured_media":0,"parent":0,"menu_order":0,"comment_status":"open","ping_status":"closed","template":"","meta":{"footnotes":""},"class_list":["post-10192","page","type-page","status-publish","hentry"],"_links":{"self":[{"href":"https:\/\/www.diablofans.cz\/d3\/wp-json\/wp\/v2\/pages\/10192","targetHints":{"allow":["GET"]}}],"collection":[{"href":"https:\/\/www.diablofans.cz\/d3\/wp-json\/wp\/v2\/pages"}],"about":[{"href":"https:\/\/www.diablofans.cz\/d3\/wp-json\/wp\/v2\/types\/page"}],"author":[{"embeddable":true,"href":"https:\/\/www.diablofans.cz\/d3\/wp-json\/wp\/v2\/users\/5"}],"replies":[{"embeddable":true,"href":"https:\/\/www.diablofans.cz\/d3\/wp-json\/wp\/v2\/comments?post=10192"}],"version-history":[{"count":0,"href":"https:\/\/www.diablofans.cz\/d3\/wp-json\/wp\/v2\/pages\/10192\/revisions"}],"wp:attachment":[{"href":"https:\/\/www.diablofans.cz\/d3\/wp-json\/wp\/v2\/media?parent=10192"}],"curies":[{"name":"wp","href":"https:\/\/api.w.org\/{rel}","templated":true}]}}