{"id":10193,"date":"2012-04-10T17:46:00","date_gmt":"2012-04-10T17:46:00","guid":{"rendered":"http:\/\/diablofans.ddev.site\/d3\/monk-focus\/"},"modified":"2012-04-10T17:46:00","modified_gmt":"2012-04-10T17:46:00","slug":"monk-focus","status":"publish","type":"page","link":"https:\/\/www.diablofans.cz\/d3\/monk-focus\/","title":{"rendered":"Monk &#8211; Focus"},"content":{"rendered":"<div class=\"skilly\">\n<p style=\"text-align: center;\"><a href=\"https:\/\/www.diablofans.cz\/d3\/herni-postavy-monk\/\">Popis<\/a> &#8211; <strong><em><a href=\"https:\/\/www.diablofans.cz\/d3\/monk-primary\/\">Aktivn\u00ed skilly<\/a><\/em><\/strong> &#8211; <a href=\"https:\/\/www.diablofans.cz\/d3\/monk-pasivni-skilly\/\">Pasivn\u00ed skilly<\/a><\/p>\n<p style=\"text-align: center;\"><a href=\"https:\/\/www.diablofans.cz\/d3\/monk-primary\/\">Primary<\/a> &#8211; <a href=\"https:\/\/www.diablofans.cz\/d3\/monk-secondary\/\">Secondary<\/a> &#8211; <a href=\"https:\/\/www.diablofans.cz\/d3\/monk-defensive\/\">Defensive<\/a> &#8211; <a href=\"https:\/\/www.diablofans.cz\/d3\/monk-techniques\/\">Techniques<\/a> &#8211; <em><strong><a href=\"https:\/\/www.diablofans.cz\/d3\/monk-focus\/\">Focus<\/a><\/strong><\/em> &#8211; <a href=\"https:\/\/www.diablofans.cz\/d3\/monk-mantras\/\">Mantras<\/a><\/p>\n<h4>Cyclone Strike<\/h4>\n<div class=\"skill-ikona\"><img loading=\"lazy\" decoding=\"async\" alt=\"\" height=\"64\" src=\"https:\/\/www.diablofans.cz\/d3\/wp-content\/uploads\/monk_cyclonestrike.png\" width=\"64\" \/><\/div>\n<ul>\n<li>Cena: 50 Spirit<\/li>\n<li>Odemyk\u00e1 se na \u00farovni: 14<\/li>\n<\/ul>\n<p class=\"srovnat\">P\u0159it\u00e1hne a\u017e <span style=\"color:#00FF00;\">16<\/span> nep\u0159\u00e1tel&nbsp;ze vzd\u00e1lenosti <span style=\"color:#00FF00;\">24<\/span> yard\u016f a n\u00e1sledn\u00e1 exploze jim zp\u016fsob\u00ed po\u0161kozen\u00ed za <span style=\"color:#00FF00;\">261%<\/span>. <span style=\"color:#FFA500;\">(Holy)<\/span><\/p>\n<table border=\"0\" class=\"stred\">\n<tbody>\n<tr>\n<td style=\"text-align: center;\">Level<\/td>\n<td style=\"text-align: center;\">Runa<\/td>\n<td style=\"text-align: center;\">Popis<\/td>\n<\/tr>\n<tr>\n<td style=\"text-align: center;\"><span style=\"color: #ffffff;\">21<\/span><\/td>\n<td style=\"text-align: center;\"><img loading=\"lazy\" decoding=\"async\" alt=\"\" height=\"42\" src=\"https:\/\/www.diablofans.cz\/d3\/wp-content\/uploads\/runa4.png\" width=\"42\" \/><\/td>\n<td><strong>Eye of the Storm<\/strong> &#8211; cena je sn\u00ed\u017eena na <span style=\"color:#00FF00;\">26<\/span> Spirit. <span style=\"color:#FFFF00;\">(Lightning)<\/span><\/td>\n<\/tr>\n<tr>\n<td style=\"text-align: center;\"><span style=\"color: #ffffff;\">25<\/span><\/td>\n<td style=\"text-align: center;\"><img loading=\"lazy\" decoding=\"async\" alt=\"\" height=\"42\" src=\"https:\/\/www.diablofans.cz\/d3\/wp-content\/uploads\/runa2.png\" width=\"42\" \/><\/td>\n<td><strong>Implosion<\/strong> &#8211; vzd\u00e1lenost p\u0159ita\u017een\u00ed je nav\u00fd\u0161ena na <span style=\"color:#00FF00;\">34<\/span> yard\u016f. <span style=\"color:#FFA500;\">(Holy)<\/span><\/td>\n<\/tr>\n<tr>\n<td style=\"text-align: center;\"><span style=\"color: #ffffff;\">34<\/span><\/td>\n<td style=\"text-align: center;\"><img loading=\"lazy\" decoding=\"async\" alt=\"\" height=\"42\" src=\"https:\/\/www.diablofans.cz\/d3\/wp-content\/uploads\/runa1.png\" width=\"42\" \/><\/td>\n<td><strong>Sunburst<\/strong> &#8211; zp\u016fsobuje po\u0161kozen\u00ed za <span style=\"color:#00FF00;\">454%<\/span>. <span style=\"color:#FF0000;\">(Fire)<\/span><\/td>\n<\/tr>\n<tr>\n<td style=\"text-align: center;\"><span style=\"color: #ffffff;\">41<\/span><\/td>\n<td style=\"text-align: center;\"><img loading=\"lazy\" decoding=\"async\" alt=\"\" height=\"42\" src=\"https:\/\/www.diablofans.cz\/d3\/wp-content\/uploads\/runa5.png\" width=\"42\" \/><\/td>\n<td><strong>Wall of Wind<\/strong> &#8211; po vta\u017een\u00ed jsou nep\u0159\u00e1tel\u00e9 na <span style=\"color:#00FF00;\">1,5<\/span> sekundy zmra\u017eeni.<span style=\"color:#0099ff;\">(Cold)<\/span><\/td>\n<\/tr>\n<tr>\n<td style=\"text-align: center;\"><span style=\"color: #ffffff;\">55<\/span><\/td>\n<td style=\"text-align: center;\"><img loading=\"lazy\" decoding=\"async\" alt=\"\" height=\"42\" src=\"https:\/\/www.diablofans.cz\/d3\/wp-content\/uploads\/runa3.png\" width=\"42\" \/><\/td>\n<td><strong>Soothing Breeze<\/strong> &#8211; Cyclone Strike obnov\u00ed <span style=\"color:#00FF00;\">31036<\/span> HP do vzd\u00e1lenosti <span style=\"color:#00FF00;\">24<\/span> yard\u016f. Hodnota je nav\u00fd\u0161ena o <span style=\"color:#00FF00;\">17%<\/span> bonusu z Health Globes.<\/td>\n<\/tr>\n<\/tbody>\n<\/table>\n<p>&nbsp;<\/p>\n<h4>Seven-Sided Strike<\/h4>\n<div class=\"skill-ikona\"><img loading=\"lazy\" decoding=\"async\" alt=\"\" height=\"64\" src=\"https:\/\/www.diablofans.cz\/d3\/wp-content\/uploads\/monk_sevensidedstrike.png\" width=\"64\" \/><\/div>\n<ul>\n<li>Cena: 50 Spirit<\/li>\n<li>Cooldown: 30 sekund<\/li>\n<li>Odemyk\u00e1 se na \u00farovni: 17<\/li>\n<\/ul>\n<p class=\"srovnat\"><span style=\"color:#00FF00;\">7<\/span> rychle po sob\u011b jdouc\u00edch \u00fader\u016f mezi nep\u0159\u00e1teli v bl\u00edzkosti s celkov\u00fdm po\u0161kozen\u00edm za <span style=\"color:#00FF00;\">5677%<\/span>. <span style=\"color:#FFFFFF;\">(Physical)<\/span><\/p>\n<table border=\"0\" class=\"stred\">\n<tbody>\n<tr>\n<td style=\"text-align: center;\">Level<\/td>\n<td style=\"text-align: center;\">Runa<\/td>\n<td style=\"text-align: center;\">Popis<\/td>\n<\/tr>\n<tr>\n<td style=\"text-align: center;\"><span style=\"color: #ffffff;\">23<\/span><\/td>\n<td style=\"text-align: center;\"><img loading=\"lazy\" decoding=\"async\" alt=\"\" height=\"42\" src=\"https:\/\/www.diablofans.cz\/d3\/wp-content\/uploads\/runa1.png\" width=\"42\" \/><\/td>\n<td><strong>Sudden Assault<\/strong> &#8211; teleportuje se p\u0159i \u00fatoku na c\u00edl s nav\u00fd\u0161en\u00fdm celkov\u00fdm po\u0161kozen\u00edm za <span style=\"color:#00FF00;\">8285%<\/span>. <span style=\"color:#FFFF00;\">(Lightning)<\/span><\/td>\n<\/tr>\n<tr>\n<td style=\"text-align: center;\"><span style=\"color: #ffffff;\">29<\/span><\/td>\n<td style=\"text-align: center;\"><img loading=\"lazy\" decoding=\"async\" alt=\"\" height=\"42\" src=\"https:\/\/www.diablofans.cz\/d3\/wp-content\/uploads\/runa2.png\" width=\"42\" \/><\/td>\n<td><strong>Incinerate<\/strong> &#8211; zasa\u017een\u00ed nep\u0159\u00e1tel\u00e9 ho\u0159\u00ed s po\u0161kozen\u00edm za 630% po dobu 3 sekund. <span style=\"color:#FF0000;\">(Fire)<\/span><\/td>\n<\/tr>\n<tr>\n<td style=\"text-align: center;\"><span style=\"color: #ffffff;\">37<\/span><\/td>\n<td style=\"text-align: center;\"><img loading=\"lazy\" decoding=\"async\" alt=\"\" height=\"42\" src=\"https:\/\/www.diablofans.cz\/d3\/wp-content\/uploads\/runa3.png\" width=\"42\" \/><\/td>\n<td><strong>Pandemonium<\/strong> &#8211; dovednost nestoj\u00ed Spirit a zasa\u017een\u00ed nep\u0159\u00e1tel\u00e9 jsou zmrazeni na <span style=\"color:#00FF00;\">7<\/span> sekund. <span style=\"color:#0099ff;\">(Cold)<\/span><\/td>\n<\/tr>\n<tr>\n<td style=\"text-align: center;\"><span style=\"color: #ffffff;\">43<\/span><\/td>\n<td style=\"text-align: center;\"><img loading=\"lazy\" decoding=\"async\" alt=\"\" height=\"42\" src=\"https:\/\/www.diablofans.cz\/d3\/wp-content\/uploads\/runa4.png\" width=\"42\" \/><\/td>\n<td><strong>Sustained Attack<\/strong> &#8211; cooldown je sn\u00ed\u017een na <span style=\"color:#00FF00;\">14<\/span> sekund. <span style=\"color:#FFFFFF;\">(Physical)<\/span><\/td>\n<\/tr>\n<tr>\n<td style=\"text-align: center;\"><span style=\"color: #ffffff;\">60<\/span><\/td>\n<td style=\"text-align: center;\"><img loading=\"lazy\" decoding=\"async\" alt=\"\" height=\"42\" src=\"https:\/\/www.diablofans.cz\/d3\/wp-content\/uploads\/runa5.png\" width=\"42\" \/><\/td>\n<td><strong>Fulminating Onslaught<\/strong> &#8211; ka\u017ed\u00fd z\u00e1sah zp\u016fsob\u00ed explozi s po\u0161kozen\u00edm za <span style=\"color:#00FF00;\">877%<\/span> do okruhu <span style=\"color:#00FF00;\">7<\/span> yard\u016f od c\u00edle \u00fatoku. <span style=\"color:#FFA500;\">(Holy)<\/span><\/td>\n<\/tr>\n<\/tbody>\n<\/table>\n<p>&nbsp;<\/p>\n<h4>Mystic Ally<\/h4>\n<div class=\"skill-ikona\"><img loading=\"lazy\" decoding=\"async\" alt=\"\" height=\"64\" src=\"https:\/\/www.diablofans.cz\/d3\/wp-content\/uploads\/monk_mystically.png\" width=\"64\" \/><\/div>\n<ul>\n<li>Cooldown: 30 Spirit<\/li>\n<li>Odemyk\u00e1 se na \u00farovni: 22<\/li>\n<\/ul>\n<p class=\"srovnat\"><em>Pasivn\u00ed f\u00e1ze:<\/em> Mystick\u00fd solubojovn\u00edk, schopn\u00fd bojovat na stran\u011b mnicha s po\u0161kozen\u00edm za <span style=\"color:#00FF00;\">130%<\/span>. <em>Aktivn\u00ed f\u00e1ze<\/em>: na <span style=\"color:#00FF00;\">10<\/span> sekund je nav\u00fd\u0161eno po\u0161kozen\u00ed spolubojovn\u00edka o <span style=\"color:#00FF00;\">50%<\/span>. Pokud spolubojovn\u00edk zem\u0159e, je po <span style=\"color:#00FF00;\">5<\/span> sekund\u00e1ch znovuzrozen. <span style=\"color:#FFFFFF;\">(Physical)<\/span><\/p>\n<table border=\"0\" class=\"stred\">\n<tbody>\n<tr>\n<td style=\"text-align: center;\">Level<\/td>\n<td style=\"text-align: center;\">Runa<\/td>\n<td style=\"text-align: center;\">Popis<\/td>\n<\/tr>\n<tr>\n<td style=\"text-align: center;\"><span style=\"color: #ffffff;\">27<\/span><\/td>\n<td style=\"text-align: center;\"><img loading=\"lazy\" decoding=\"async\" alt=\"\" height=\"42\" src=\"https:\/\/www.diablofans.cz\/d3\/wp-content\/uploads\/runa2.png\" width=\"42\" \/><\/td>\n<td><strong>Water Ally<\/strong>&nbsp;&#8211; <em>Aktivn\u00ed<\/em>: spolubojovn\u00edk provede <span style=\"color:#00FF00;\">7<\/span> po sob\u011b jdouc\u00edch vlnov\u00fdch \u00fatok\u016f s&nbsp; po\u0161kozen\u00edm za <span style=\"color:#00FF00;\">625%<\/span> a zmrazen\u00edm nep\u0159\u00e1tel na <span style=\"color:#00FF00;\">3<\/span> sekundy. <em>Pasivn\u00ed<\/em>: mnichovy \u00fatoky budou nav\u00edc na <span style=\"color:#00FF00;\">3<\/span> sekundy zpomalovat nep\u0159\u00e1tele o <span style=\"color:#00FF00;\">60%<\/span>. <span style=\"color:#0099ff;\">(Cold)<\/span><\/td>\n<\/tr>\n<tr>\n<td style=\"text-align: center;\"><span style=\"color: #ffffff;\">31<\/span><\/td>\n<td style=\"text-align: center;\"><img loading=\"lazy\" decoding=\"async\" alt=\"\" height=\"42\" src=\"https:\/\/www.diablofans.cz\/d3\/wp-content\/uploads\/runa1.png\" width=\"42\" \/><\/td>\n<td><strong>Fire Ally<\/strong> &#8211; <em>Aktivn\u00ed<\/em>: spolubojovn\u00edk se rozd\u011bl\u00ed do <span style=\"color:#00FF00;\">10<\/span> kopi\u00ed a ka\u017ed\u00e1 exploduje s po\u0161kozen\u00edm za <span style=\"color:#00FF00;\">290%<\/span>. <em>Pasivn\u00ed<\/em>: po\u0161kozen\u00ed mnicha je nav\u00fd\u0161eno o <span style=\"color:#00FF00;\">10%<\/span>. <span style=\"color:#FF0000;\">(Fire)<\/span><\/td>\n<\/tr>\n<tr>\n<td style=\"text-align: center;\"><span style=\"color: #ffffff;\">39<\/span><\/td>\n<td style=\"text-align: center;\"><img loading=\"lazy\" decoding=\"async\" alt=\"\" height=\"42\" src=\"https:\/\/www.diablofans.cz\/d3\/wp-content\/uploads\/runa4.png\" width=\"42\" \/><\/td>\n<td><strong>Air Ally<\/strong> &#8211; <em>Aktivn\u00ed<\/em>: dopln\u00ed <span style=\"color:#00FF00;\">100<\/span> Spirit. <em>Pasivn\u00ed<\/em>: Regenerace Spirit je nav\u00fd\u0161ena o <span style=\"color:#00FF00;\">4<\/span>. <span style=\"color:#FFFFFF;\">(Physical)<\/span><\/td>\n<\/tr>\n<tr>\n<td style=\"text-align: center;\"><span style=\"color: #ffffff;\">46<\/span><\/td>\n<td style=\"text-align: center;\"><img loading=\"lazy\" decoding=\"async\" alt=\"\" height=\"42\" src=\"https:\/\/www.diablofans.cz\/d3\/wp-content\/uploads\/runa5.png\" width=\"42\" \/><\/td>\n<td><strong>Enduring Ally<\/strong> &#8211; <em>Aktivn\u00ed<\/em>: spolubojovn\u00edk se ob\u011btuje a vyl\u00e9\u010d\u00ed mnichovi <span style=\"color:#00FF00;\">100%<\/span> HP. Cooldown je nav\u00fd\u0161en na <span style=\"color:#00FF00;\">50<\/span> sekund. <em>Pasivn\u00ed<\/em>: regeneruje HP za <span style=\"color:#00FF00;\">10728<\/span> a hodnota je nav\u00fd\u0161ena o <span style=\"color:#00FF00;\">30%<\/span> regenerace HP mnicha. <span style=\"color:#FFFFFF;\">(Physical)<\/span><\/td>\n<\/tr>\n<tr>\n<td style=\"text-align: center;\"><span style=\"color: #ffffff;\">53<\/span><\/td>\n<td style=\"text-align: center;\"><img loading=\"lazy\" decoding=\"async\" alt=\"\" height=\"42\" src=\"https:\/\/www.diablofans.cz\/d3\/wp-content\/uploads\/runa3.png\" width=\"42\" \/><\/td>\n<td><strong>Earth Ally<\/strong> &#8211; <em>Aktivn\u00ed<\/em>: p\u0159em\u011bn\u00ed spolubojovn\u00edka na <span style=\"color:#00FF00;\">8<\/span> sekund v k\u00e1men s po\u0161kozen\u00edm <span style=\"color:#00FF00;\">380%<\/span> za sekundu, kter\u00fd se p\u0159eval\u00ed p\u0159es nep\u0159\u00e1tele a odhod\u00ed je. <em>Pasivn\u00ed<\/em>: hodnota HP je nav\u00fd\u0161ena o <span style=\"color:#00FF00;\">20%<\/span>. <span style=\"color:#FFFFFF;\">(Physical)<\/span><\/td>\n<\/tr>\n<\/tbody>\n<\/table>\n<p>&nbsp;<\/p>\n<h4>Epiphany<\/h4>\n<div class=\"skill-ikona\"><img decoding=\"async\" alt=\"\" src=\"https:\/\/www.diablofans.cz\/d3\/wp-content\/uploads\/epiphany.png\" style=\"width: 64px; height: 64px;\" \/><\/div>\n<ul>\n<li>Cooldown: 60 sekund<\/li>\n<li>Odemyk\u00e1 se na \u00farovni: 61<\/li>\n<\/ul>\n<p class=\"srovnat\">Na <span style=\"color:#00FF00;\">15<\/span> sekund je regeneace Spirit nav\u00fd\u0161ena o <span style=\"color:#00FF00;\">20<\/span> a v\u0161echny \u00fatoky z\u00edskaj\u00ed okam\u017eit\u00fd p\u0159esun k nep\u0159\u00edteli.<\/p>\n<table border=\"0\" class=\"stred\">\n<tbody>\n<tr>\n<td style=\"text-align: center;\">Level<\/td>\n<td style=\"text-align: center;\">Runa<\/td>\n<td style=\"text-align: center;\">Popis<\/td>\n<\/tr>\n<tr>\n<td style=\"text-align: center;\"><span style=\"color: #ffffff;\">62<\/span><\/td>\n<td style=\"text-align: center;\"><img loading=\"lazy\" decoding=\"async\" alt=\"\" height=\"42\" src=\"https:\/\/www.diablofans.cz\/d3\/wp-content\/uploads\/runa1.png\" width=\"42\" \/><\/td>\n<td><strong>Desert Shroud<\/strong> &#8211; redukce po\u0161kozen\u00ed je nav\u00fd\u0161ena o <span style=\"color:#00FF00;\">50%<\/span>.<\/td>\n<\/tr>\n<tr>\n<td style=\"text-align: center;\"><span style=\"color: #ffffff;\">63<\/span><\/td>\n<td style=\"text-align: center;\"><img loading=\"lazy\" decoding=\"async\" alt=\"\" height=\"42\" src=\"https:\/\/www.diablofans.cz\/d3\/wp-content\/uploads\/runa5.png\" width=\"42\" \/><\/td>\n<td><strong>Ascendance<\/strong> &#8211; po pohybu o <span style=\"color:#00FF00;\">10 <\/span>yard\u016f dal\u0161\u00ed \u00fatok omr\u00e1\u010d\u00ed nep\u0159\u00e1tele na <span style=\"color:#00FF00;\">1,5<\/span> sekundy.<\/td>\n<\/tr>\n<tr>\n<td style=\"text-align: center;\"><span style=\"color: #ffffff;\">65<\/span><\/td>\n<td style=\"text-align: center;\"><img loading=\"lazy\" decoding=\"async\" alt=\"\" height=\"42\" src=\"https:\/\/www.diablofans.cz\/d3\/wp-content\/uploads\/runa2.png\" width=\"42\" \/><\/td>\n<td><strong>Soothing Mist<\/strong> &#8211; pou\u017e\u00edvan\u00e9 schopnosti l\u00e9\u010d\u00ed mnicha a spojence v okol\u00ed <span style=\"color:#00FF00;\">30<\/span> yard\u016f za <span style=\"color:#00FF00;\">16093<\/span> HP. Tato hodnota je nav\u00fd\u0161ena o <span style=\"color:#00FF00;\">4%<\/span> bonus z Health Globes.<\/td>\n<\/tr>\n<tr>\n<td style=\"text-align: center;\"><span style=\"color: #ffffff;\">67<\/span><\/td>\n<td style=\"text-align: center;\"><img loading=\"lazy\" decoding=\"async\" alt=\"\" height=\"42\" src=\"https:\/\/www.diablofans.cz\/d3\/wp-content\/uploads\/runa3.png\" width=\"42\" \/><\/td>\n<td><strong>Insight<\/strong> &#8211; regenerace Spirit je nav\u00fd\u0161ena na <span style=\"color:#00FF00;\">45<\/span>.<\/td>\n<\/tr>\n<tr>\n<td style=\"text-align: center;\"><span style=\"color: #ffffff;\">69<\/span><\/td>\n<td style=\"text-align: center;\"><img loading=\"lazy\" decoding=\"async\" alt=\"\" height=\"42\" src=\"https:\/\/www.diablofans.cz\/d3\/wp-content\/uploads\/runa4.png\" width=\"42\" \/><\/td>\n<td><strong>Inner Fire<\/strong> &#8211; \u00fatoky nav\u00edc zp\u016fsobuj\u00ed po\u0161kozen\u00ed za <span style=\"color:#00FF00;\">353%<\/span>. <span style=\"color:#FF0000;\">(Fire)<\/span><\/td>\n<\/tr>\n<\/tbody>\n<\/table>\n<p>&nbsp;<\/p>\n<\/div>\n","protected":false},"excerpt":{"rendered":"<p>Popis &#8211; Aktivn\u00ed skilly &#8211; Pasivn\u00ed skilly Primary &#8211; Secondary &#8211; Defensive &#8211; Techniques &#8211; Focus &#8211; Mantras Cyclone Strike Cena: 50 Spirit Odemyk\u00e1 se na \u00farovni: 14 P\u0159it\u00e1hne a\u017e 16 nep\u0159\u00e1tel&nbsp;ze vzd\u00e1lenosti 24 yard\u016f a n\u00e1sledn\u00e1 exploze jim zp\u016fsob\u00ed po\u0161kozen\u00ed za 261%. (Holy) Level Runa Popis 21 Eye of the Storm &#8211; cena je [&#8230;]<\/p>\n<p><a class=\"btn btn-secondary understrap-read-more-link\" href=\"https:\/\/www.diablofans.cz\/d3\/monk-focus\/\">\u010c\u00edst d\u00e1le&#8230;<span class=\"screen-reader-text\"> from Monk &#8211; Focus<\/span><\/a><\/p>\n","protected":false},"author":5,"featured_media":0,"parent":0,"menu_order":0,"comment_status":"open","ping_status":"closed","template":"","meta":{"footnotes":""},"class_list":["post-10193","page","type-page","status-publish","hentry"],"_links":{"self":[{"href":"https:\/\/www.diablofans.cz\/d3\/wp-json\/wp\/v2\/pages\/10193","targetHints":{"allow":["GET"]}}],"collection":[{"href":"https:\/\/www.diablofans.cz\/d3\/wp-json\/wp\/v2\/pages"}],"about":[{"href":"https:\/\/www.diablofans.cz\/d3\/wp-json\/wp\/v2\/types\/page"}],"author":[{"embeddable":true,"href":"https:\/\/www.diablofans.cz\/d3\/wp-json\/wp\/v2\/users\/5"}],"replies":[{"embeddable":true,"href":"https:\/\/www.diablofans.cz\/d3\/wp-json\/wp\/v2\/comments?post=10193"}],"version-history":[{"count":0,"href":"https:\/\/www.diablofans.cz\/d3\/wp-json\/wp\/v2\/pages\/10193\/revisions"}],"wp:attachment":[{"href":"https:\/\/www.diablofans.cz\/d3\/wp-json\/wp\/v2\/media?parent=10193"}],"curies":[{"name":"wp","href":"https:\/\/api.w.org\/{rel}","templated":true}]}}