{"id":10216,"date":"2012-04-26T16:02:00","date_gmt":"2012-04-26T16:02:00","guid":{"rendered":"http:\/\/diablofans.ddev.site\/d3\/followers\/"},"modified":"2018-03-13T12:37:28","modified_gmt":"2018-03-13T11:37:28","slug":"followers","status":"publish","type":"page","link":"https:\/\/www.diablofans.cz\/d3\/followers\/","title":{"rendered":"Followers"},"content":{"rendered":"<blockquote><p>Jen hlup\u00e1ci a ti, kte\u0159\u00ed se pova\u017euj\u00ed za &#8222;state\u010dn\u00e9&#8220;, \u010del\u00ed sv\u00fdm nep\u0159\u00e1tel\u016fm sami.<br \/>\nKdo bude st\u00e1t po va\u0161em boku ve v\u00e1lce o sv\u011bt Sanctuary?<\/p><\/blockquote>\n<table class=\"vpravo\" style=\"width: 200px;\" border=\"0\">\n<tbody>\n<tr>\n<td><strong>Obsah tohoto \u010dl\u00e1nku:<\/strong><\/p>\n<ol>\n<li><a href=\"#Vlastnost\">Vlastnosti a schopnosti<\/a><\/li>\n<li><a href=\"#Skilly\">Skilly<\/a><\/li>\n<li><a href=\"#Vybava\">V\u00fdbava<\/a><\/li>\n<li><a href=\"#Video-ukazka\">Video-uk\u00e1zka Follower\u016f<\/a><\/li>\n<li><a href=\"#Typy\">Typy Follower\u016f<\/a><\/li>\n<\/ol>\n<\/td>\n<\/tr>\n<\/tbody>\n<\/table>\n<h3><span style=\"color: #008080;\">\u00davodem<\/span><\/h3>\n<p style=\"text-align: justify;\"><em>Kdo jsou to followers?<\/em><\/p>\n<p style=\"text-align: justify;\">Spole\u010dn\u00edci (ve h\u0159e ozna\u010dovan\u00ed jako Followers) maj\u00ed unik\u00e1tn\u00ed osobnost, se kterou se hr\u00e1\u010d seznamuje pomoc\u00ed vedlej\u0161\u00edch quest\u016f. N\u00e1sleduj\u00ed v\u00e1s s karavanou podobn\u011b jako Artisani. Jsou chyt\u0159ej\u0161\u00ed ne\u017e \u017eold\u00e1ci v Diablu\u00a02, ale s \u017eiv\u00fdm hr\u00e1\u010dem si je ur\u010dit\u011b nespletete.<\/p>\n<p style=\"text-align: justify;\">Jsou p\u0159\u00edstupn\u00ed jen pokud hr\u00e1\u010d hraje s\u00e1m. Ve chv\u00edli, kdy se p\u0159ipoj\u00ed dal\u0161\u00ed hr\u00e1\u010d, spole\u010dn\u00edk odch\u00e1z\u00ed do m\u011bsta a z\u016fst\u00e1v\u00e1 tam dokud hraje v\u00edce hr\u00e1\u010d\u016f. Ve h\u0159e v\u00edce hr\u00e1\u010d\u016f v\u00e1s doprov\u00e1z\u00ed jen jako sou\u010d\u00e1st \u00fakolu. D\u00e1le maj\u00ed sv\u00e9 vlastn\u00ed hl\u00e1\u0161ky, kter\u00fdmi komentuj\u00ed d\u011bj, sv\u00e9 vlastn\u00ed modely brn\u011bn\u00ed, animace a dabing.<\/p>\n<p style=\"text-align: justify;\">Na templ\u00e1\u0159e naraz\u00edte ji\u017e b\u011bhem prvn\u00ed poloviny prvn\u00edho aktu, na b\u00edd\u00e1k\u00e1 za\u010d\u00e1tkem druh\u00e9 poloviny prvn\u00edho aktu a na kouzelnici ze za\u010d\u00e1tku druh\u00e9ho aktu.<\/p>\n<p><img loading=\"lazy\" decoding=\"async\" class=\"alignnone size-full wp-image-14625 aligncenter\" src=\"https:\/\/www.diablofans.cz\/d3\/wp-content\/uploads\/followers-1.png\" alt=\"\" width=\"500\" height=\"300\" srcset=\"https:\/\/www.diablofans.cz\/d3\/wp-content\/uploads\/followers-1.png 500w, https:\/\/www.diablofans.cz\/d3\/wp-content\/uploads\/followers-1-300x180.png 300w\" sizes=\"auto, (max-width: 500px) 100vw, 500px\" \/><\/p>\n<hr \/>\n<h4><a name=\"Vlastnost\"><\/a><span style=\"color: #008080;\">Vlastnosti a schopnosti<\/span><\/h4>\n<p style=\"text-align: justify;\">Spole\u010dn\u00edci maj\u00ed stejn\u00fd level jako va\u0161e postava. V\u00e1mi najmut\u00fd spole\u010dn\u00edk nebude zab\u00edjen\u00edm monster z\u00edsk\u00e1vat zku\u0161enosti, proto\u017ee jakmile postoup\u00edte na dal\u0161\u00ed \u00farove\u0148, postoup\u00ed na ni z\u00e1rove\u0148 i v\u00e1\u0161 spole\u010dn\u00edk. Jsou p\u0159\u00edstupn\u00ed po celou dobu hry (v\u010detn\u011b boss\u016f) a m\u016f\u017eete si mezi nimi libovoln\u011b p\u0159ep\u00ednat podle situace.<\/p>\n<p style=\"text-align: justify;\">Spole\u010dn\u00edci neum\u00edraj\u00ed. Pokud jejich \u017eivoty spadnou na nulu, upadnou do bezv\u011bdom\u00ed, ze kter\u00e9ho se po n\u011bjak\u00e9 dob\u011b proberou. Toto m\u016f\u017eete urychlit, kdy\u017e si k nim na n\u011bkolik sekund stoupnete. Nem\u016f\u017eete je v\u0161ak vyl\u00e9\u010dit pomoc\u00ed <a href=\"https:\/\/www.diablofans.cz\/d3\/info-o-hre\/\" target=\"_blank\" rel=\"noopener\">elix\u00edr\u016f (potions)<\/a> jako v Diablu\u00a02, ale funguj\u00ed na n\u011b Health Orby.<\/p>\n<hr \/>\n<h4><a name=\"Skilly\"><\/a><span style=\"color: #008080;\">Skilly<\/span><\/h4>\n<p style=\"text-align: justify;\"><img decoding=\"async\" class=\"vpravo\" src=\"https:\/\/www.diablofans.cz\/d3\/wp-content\/uploads\/Skill_Calc_Followers.png\" alt=\"\" width=\"130\" \/>Chov\u00e1n\u00ed spole\u010dn\u00edk\u016f lze ovlivnit dovednostmi (skilly). Ty m\u016f\u017ee hr\u00e1\u010d rozd\u011blovat a dokonce i potom dodate\u010dn\u011b p\u0159erozd\u011blovat. Ka\u017ed\u00fd typ spole\u010dn\u00edka m\u00e1 4 tiery (\u00farovn\u011b) dovednost\u00ed, ka\u017ed\u00fd tier se odemyk\u00e1 na jin\u00e9m levelu spole\u010dn\u00edka a p\u0159in\u00e1\u0161\u00ed s sebou 2 nov\u00e9 skilly. Followers mohou pou\u017e\u00edvat jen jeden skill jedn\u00e9 \u00farovn\u011b.<\/p>\n<p style=\"text-align: justify;\">Vpravo je p\u0159\u00edklad Skill Calculatoru u Templara, ve kter\u00e9m si m\u016f\u017eete navrhnou build pro va\u0161eho budouc\u00edho spole\u010dn\u00edka. <a href=\"http:\/\/eu.battle.net\/d3\/en\/calculator\/follower\" target=\"_blank\" rel=\"noopener\">Odkaz na Skill Calculator<\/a>. Popisy v\u0161ech skill\u016f najdete tak\u00e9 u jednotliv\u00fdch Follower\u016f.<\/p>\n<h4 style=\"text-align: justify;\"><a name=\"Vybava\"><\/a><span style=\"color: #008080;\">V\u00fdbava<\/span><\/h4>\n<p style=\"text-align: justify;\">Spole\u010dn\u00edci mohou pou\u017e\u00edvat zbran\u011b stejn\u011b jako hr\u00e1\u010d, k tomu 2 prsteny a amulet a maj\u00ed jeden speci\u00e1ln\u00ed slot pro p\u0159edm\u011bty, kter\u00e9 je vylep\u0161uj\u00ed a kter\u00e9 ani hr\u00e1\u010d nem\u016f\u017ee pou\u017e\u00edt. Nap\u0159\u00edklad Templar m\u016f\u017ee nosit svatou knihu. Spole\u010dn\u00edci nemaj\u00ed p\u0159\u00edstup ke skill run\u00e1m, ale plat\u00ed u nich vlastnosti Magic Find a Gold Find (\u0161ance na nalezen\u00ed magick\u00fdch p\u0159edm\u011bt\u016f a zlata) a jsou jimi ovlivn\u011bni z p\u0159edm\u011bt\u016f.<\/p>\n<p style=\"text-align: justify;\"><strong><em>Va\u0161\u00ed postav\u011b se p\u0159i\u010dte 1\/5 (20%) hodnot Magic Find, Gold Find a +XP od jej\u00edho aktivn\u00edho Followera.<\/em><\/strong><\/p>\n<hr \/>\n<h4><a name=\"Video-ukazka\"><\/a><span style=\"color: #008080;\">Video-uk\u00e1zka spole\u010dn\u00edk\u016f<\/span><\/h4>\n<p style=\"text-align: justify;\">V n\u00e1sleduj\u00edc\u00edm videu jsou k vid\u011bn\u00ed v\u0161ichni t\u0159i spole\u010dn\u00edci, ov\u0161em n\u011bkter\u00e9 syst\u00e9my jsou zde jin\u00e9 ne\u017e v sou\u010dasnosti. Nap\u0159\u00edklad na ka\u017ed\u00e9m skill tieru bylo mo\u017en\u00e9 vyb\u00edrat ze t\u0159\u00ed r\u016fzn\u00fdch skill\u016f, nyn\u00ed jen ze dvou.<\/p>\n<p><iframe loading=\"lazy\" style=\"display: block; margin-left: auto; margin-right: auto;\" src=\"http:\/\/www.youtube.com\/embed\/MSc0agGNJkw\" width=\"640\" height=\"360\" frameborder=\"0\"><\/iframe><\/p>\n<hr \/>\n<h3 style=\"text-align: left;\"><a name=\"Typy\"><\/a><span style=\"color: #008080;\">Typy Follower\u016f<\/span><\/h3>\n<table>\n<tbody>\n<tr>\n<td><a href=\"https:\/\/www.diablofans.cz\/d3\/templar-kormac\/\"><img loading=\"lazy\" decoding=\"async\" class=\"alignnone wp-image-14629 size-full\" src=\"https:\/\/www.diablofans.cz\/d3\/wp-content\/uploads\/kormac-e1520939886440.png\" alt=\"\" width=\"200\" height=\"325\" \/><\/a><\/td>\n<td><a href=\"https:\/\/www.diablofans.cz\/d3\/scoundrel-lyndon\/\"><img loading=\"lazy\" decoding=\"async\" class=\"alignnone wp-image-14628 size-full\" src=\"https:\/\/www.diablofans.cz\/d3\/wp-content\/uploads\/lyndon-e1520939951926.png\" alt=\"\" width=\"200\" height=\"325\" \/><\/a><\/td>\n<td><a href=\"https:\/\/www.diablofans.cz\/d3\/enchantress-eirena\/\"><img loading=\"lazy\" decoding=\"async\" class=\"aligncenter wp-image-14627 size-full\" src=\"https:\/\/www.diablofans.cz\/d3\/wp-content\/uploads\/eirena-e1520939970701.png\" alt=\"\" width=\"200\" height=\"325\" \/><\/a><\/td>\n<\/tr>\n<tr>\n<td>\n<p style=\"text-align: center;\"><a href=\"https:\/\/www.diablofans.cz\/d3\/templar-kormac\/\">Templar<\/a><\/p>\n<p style=\"text-align: center;\">Jedine\u010dn\u00fd bojovn\u00edk sv\u011btla,<\/p>\n<p style=\"text-align: center;\">kter\u00fd vyz\u00fdv\u00e1 d\u00e9mony v<\/p>\n<p style=\"text-align: center;\">boji tv\u00e1\u0159\u00ed v tv\u00e1\u0159.<\/p>\n<\/td>\n<td>\n<p style=\"text-align: center;\"><a href=\"https:\/\/www.diablofans.cz\/d3\/scoundrel-lyndon\/\">Scoundrel<\/a><\/p>\n<p style=\"text-align: center;\">Zku\u0161en\u00fd podvodn\u00edk,<\/p>\n<p style=\"text-align: center;\">kter\u00fd pou\u017e\u00edv\u00e1 jed,<\/p>\n<p style=\"text-align: center;\">oslepuje a prost\u0159eluje<\/p>\n<p style=\"text-align: center;\">nep\u0159\u00e1tele z d\u00e1lky.<\/p>\n<\/td>\n<td>\n<p style=\"text-align: center;\"><a href=\"https:\/\/www.diablofans.cz\/d3\/enchantress-eirena\/\">Enchantress<\/a><\/p>\n<p style=\"text-align: center;\">Mistryn\u011b magie,<\/p>\n<p style=\"text-align: center;\">jej\u00ed\u017e iluze zne\u0161kod\u0148uj\u00ed<\/p>\n<p style=\"text-align: center;\">a matou jej\u00ed nep\u0159\u00e1tele.<\/p>\n<\/td>\n<\/tr>\n<\/tbody>\n<\/table>\n<p>&nbsp;<\/p>\n<p>&nbsp;<\/p>\n","protected":false},"excerpt":{"rendered":"<p>Jen hlup\u00e1ci a ti, kte\u0159\u00ed se pova\u017euj\u00ed za &#8222;state\u010dn\u00e9&#8220;, \u010del\u00ed sv\u00fdm nep\u0159\u00e1tel\u016fm sami. Kdo bude st\u00e1t po va\u0161em boku ve v\u00e1lce o sv\u011bt Sanctuary? Obsah tohoto \u010dl\u00e1nku: Vlastnosti a schopnosti Skilly V\u00fdbava Video-uk\u00e1zka Follower\u016f Typy Follower\u016f \u00davodem Kdo jsou to followers? Spole\u010dn\u00edci (ve h\u0159e ozna\u010dovan\u00ed jako Followers) maj\u00ed unik\u00e1tn\u00ed osobnost, se kterou se hr\u00e1\u010d seznamuje [&#8230;]<\/p>\n<p><a class=\"btn btn-secondary understrap-read-more-link\" href=\"https:\/\/www.diablofans.cz\/d3\/followers\/\">\u010c\u00edst d\u00e1le&#8230;<span class=\"screen-reader-text\"> from Followers<\/span><\/a><\/p>\n","protected":false},"author":13,"featured_media":0,"parent":0,"menu_order":0,"comment_status":"open","ping_status":"closed","template":"","meta":{"footnotes":""},"class_list":["post-10216","page","type-page","status-publish","hentry"],"_links":{"self":[{"href":"https:\/\/www.diablofans.cz\/d3\/wp-json\/wp\/v2\/pages\/10216","targetHints":{"allow":["GET"]}}],"collection":[{"href":"https:\/\/www.diablofans.cz\/d3\/wp-json\/wp\/v2\/pages"}],"about":[{"href":"https:\/\/www.diablofans.cz\/d3\/wp-json\/wp\/v2\/types\/page"}],"author":[{"embeddable":true,"href":"https:\/\/www.diablofans.cz\/d3\/wp-json\/wp\/v2\/users\/13"}],"replies":[{"embeddable":true,"href":"https:\/\/www.diablofans.cz\/d3\/wp-json\/wp\/v2\/comments?post=10216"}],"version-history":[{"count":11,"href":"https:\/\/www.diablofans.cz\/d3\/wp-json\/wp\/v2\/pages\/10216\/revisions"}],"predecessor-version":[{"id":14638,"href":"https:\/\/www.diablofans.cz\/d3\/wp-json\/wp\/v2\/pages\/10216\/revisions\/14638"}],"wp:attachment":[{"href":"https:\/\/www.diablofans.cz\/d3\/wp-json\/wp\/v2\/media?parent=10216"}],"curies":[{"name":"wp","href":"https:\/\/api.w.org\/{rel}","templated":true}]}}