{"id":10253,"date":"2012-09-30T04:36:00","date_gmt":"2012-09-30T04:36:00","guid":{"rendered":"http:\/\/diablofans.ddev.site\/d3\/monster-power\/"},"modified":"2012-09-30T04:36:00","modified_gmt":"2012-09-30T04:36:00","slug":"monster-power","status":"publish","type":"page","link":"https:\/\/www.diablofans.cz\/d3\/monster-power\/","title":{"rendered":"Monster Power"},"content":{"rendered":"<p style=\"text-align: center;\"><strong><span style=\"color:#FF0000;\">! Funkce Monster Power byla ze hry odstra\u0148\u011bna v patchi 2.0 !<\/span><\/strong><\/p>\n<p>Tento \u010dl\u00e1nek pojedn\u00e1v\u00e1 o syst\u00e9mu obt\u00ed\u017enost\u00ed Monster Power a vysv\u011btlen\u00ed jejich funkc\u00ed.&nbsp;Podobn\u011b jako&nbsp;p\u0159\u00edkaz&nbsp;&quot;Players 8&quot; v Diablo II, syst\u00e9m &#39;&#39;Monster Power&#39;&#39; je navr\u017een tak, aby hr\u00e1\u010di m\u011bli <strong>v\u011bt\u0161\u00ed kontrolu<\/strong> nad t\u00edm,&nbsp;jak n\u00e1ro\u010dn\u00ed nep\u0159\u00e1tel\u00e9 jsou v ka\u017ed\u00e9 obt\u00ed\u017enosti.<\/p>\n<p>&nbsp;&nbsp;&nbsp;&nbsp;&nbsp;&nbsp;&nbsp;&nbsp;&nbsp; <img decoding=\"async\" alt=\"\" src=\"http:\/\/bnetcmsus-a.akamaihd.net\/cms\/blog_header\/6Z2ZEAZ1MAMT1349948213950.jpg\" style=\"width: 622px; height: 240px;\" \/><\/p>\n<p>Monster Power d\u00e1v\u00e1 hr\u00e1\u010d\u016fm mo\u017enost <strong>ovl\u00e1d\u00e1n\u00ed po\u0161kozen\u00ed, \u017eivota a dal\u0161\u00edch prvk\u016f monster<\/strong> dle toho, jak\u00fd &bdquo;power level&ldquo; budou m\u00edt nastaven &ndash; a jako odm\u011bnu hr\u00e1\u010di obdr\u017e\u00ed zvy\u0161uj\u00edc\u00ed se bonusy v podob\u011b stat\u016f jako nap\u0159. magic find, gold find, experience) a tak\u00e9 v\u00edce drop\u016f.<\/p>\n<p>Pomoc\u00ed tohoto syst\u00e9mu se mohou hr\u00e1\u010di rozhodnout, zda zv\u00fd\u0161\u00ed zdrav\u00ed a po\u0161kozen\u00ed monster podle r\u016fzn\u00fdch &quot;Power level\u016f,&quot; a na opl\u00e1tku obdr\u017e\u00ed&nbsp;<strong>r\u016fzn\u00e9 \u0161k\u00e1ly bonus\u016f pro obdr\u017een\u00e9 zku\u0161enosti<\/strong>&nbsp;(pro \u00farove\u0148 hrdiny 1-59), stejn\u011b jako bonusy k Magic Find a Gold Find (pro hrdiny v obt\u00ed\u017enosti inferno), kter\u00fd se po\u010d\u00edt\u00e1 nad 300% limit.<\/p>\n<p><span>Mo\u017enost nastaven\u00ed Monster Power je dostupn\u00e1 v\u0161em hr\u00e1\u010d\u016fm od 1. levelu&nbsp;<strong>skrze okno &bdquo;v\u00fdb\u011br questu&ldquo;<\/strong> v hlavn\u00edm menu a m\u016f\u017ee b\u00fdt vyu\u017eit ve v\u0161ech obt\u00ed\u017enostech.<\/span><\/p>\n<h3><span style=\"color:#A52A2A;\">Nastaven\u00ed &bdquo;Monster Power&ldquo; levelu<\/span><\/h3>\n<p>V\u00e1\u0161 Monster Power je defaultn\u011b deaktivov\u00e1, tak\u017ee p\u0159ed t\u00edm, ne\u017e budete moci d\u011blat n\u011bjak\u00e9 zm\u011bny, pot\u0159ebujete <strong>aktivovat tento syst\u00e9m<\/strong>.&nbsp;Abyste tak u\u010dinili, otev\u0159ete si &bdquo;game menu&ldquo; klikn\u011bte na tla\u010d\u00edtko &bdquo;options&ldquo; a pot\u00e9 na tla\u010d\u00edtko &bdquo;gameplay&ldquo;. Uvid\u00edte tam p\u0159ihr\u00e1dku &bdquo;enable monster power selection&ldquo; &ndash; za\u0161krtn\u011bt\u011b ho a potvr\u010fte stisknut\u00edm &bdquo;accept&ldquo;.<\/p>\n<p style=\"text-align: center;\"><a href=\"\/obrazky\/ruzne\/monster_power\/mp01.jpg\" onclick=\"return hs.expand(this)\" style=\"\"><img loading=\"lazy\" decoding=\"async\" alt=\"Diablo 3 Monster Power\" height=\"226\" src=\"https:\/\/www.diablofans.cz\/d3\/wp-content\/uploads\/mp01-sml.jpg\" title=\"Diablo 3 Monster Power\" width=\"600\" \/><\/a><\/p>\n<p><span>Jakmile bude funkce aktivov\u00e1na, <strong>tla\u010d\u00edtko &bdquo;Monster Power&ldquo;<\/strong> bude zviditeln\u011bno vedle tla\u010d\u00edtka &bdquo;obt\u00ed\u017enost&ldquo; v menu v\u00fdb\u011bru quest\u016f &#8211; viz n\u00e1sleduj\u00edc\u00ed obr\u00e1zek:<\/span><\/p>\n<p style=\"text-align: center;\"><span><a href=\"\/obrazky\/ruzne\/monster_power\/mp02.jpg\" onclick=\"return hs.expand(this)\" style=\"\"><img loading=\"lazy\" decoding=\"async\" alt=\"Diablo 3 Monster Power\" height=\"240\" src=\"https:\/\/www.diablofans.cz\/d3\/wp-content\/uploads\/mp02-sml.jpg\" title=\"Diablo 3 Monster Power\" width=\"460\" \/><\/a><\/span><\/p>\n<p><span>Dal\u0161\u00ed fakta o <strong>nastaven\u00ed Monster Power<\/strong>:<\/span><\/p>\n<ul>\n<li>M\u016f\u017eete si vybrat z MP1 do MP10 (nebo m\u016f\u017eete za\u0161krtnout &bdquo;\u017e\u00e1dn\u00e9 MP&ldquo; k hran\u00ed z\u00e1kladn\u00ed obt\u00ed\u017enosti).<\/li>\n<li>Monster Power m\u016f\u017ee b\u00fdt nastaven rozd\u00edln\u011b pro ka\u017ed\u00e9ho hrdinu + obt\u00ed\u017enost a m\u016f\u017ee b\u00fdt kdykoliv zm\u011bn\u011bn op\u011bt skrze menu &bdquo;v\u00fdb\u011br quest\u016f&ldquo;.<\/li>\n<li>Monster Power je dostupn\u00fd jak v solo hr\u00e1ch, tak v priv\u00e1tn\u00edch multiplayer hr\u00e1ch.<\/li>\n<li>Jakmile se p\u0159ipoj\u00edte do priv\u00e1tn\u00ed multiplayer hry, obt\u00ed\u017enost va\u0161eho hrdiny se automaticky adaptuje na \u00farove\u0148 Monster Power, kterou m\u00e1 nastaven &bdquo;party leader&ldquo; a nastav\u00ed se zp\u011bt, jakmile opust\u00edte skupinu.<\/li>\n<\/ul>\n<p><em>Nastaven\u00ed Monster Power pro public hry bude pravd\u011bpodobn\u011b mo\u017en\u00e9 v budoucnu.<\/em><\/p>\n<h3><span style=\"color:#A52A2A;\">V\u00edce kur\u00e1\u017ee, v\u00edce sl\u00e1vy<\/span><\/h3>\n<p><span>Po\u010d\u00e1tkem MP1 se s ka\u017ed\u00fdm MP levelem bude zvy\u0161ovat po\u0161kozen\u00ed a \u017eivot monster podle toho, jakou obt\u00ed\u017enost budete m\u00edt nastavenou. Jako odm\u011bnu za va\u0161e sna\u017een\u00ed v\u00e1\u0161 hrdina obdr\u017e\u00ed zvy\u0161uj\u00edc\u00ed se bonus jako nap\u0159. <strong>experience, magic find a gold find<\/strong> (bude se stackovat nad 300% hranici).<\/span><\/p>\n<p>Pro Normal, Nightmare a Hell vypadaj\u00ed bonusy takto:<\/p>\n<p style=\"text-align: center;\"><a href=\"\/obrazky\/ruzne\/monster_power\/mp03.jpg\" onclick=\"return hs.expand(this)\" style=\"\"><img loading=\"lazy\" decoding=\"async\" alt=\"Diablo 3 Monster Power\" height=\"226\" src=\"https:\/\/www.diablofans.cz\/d3\/wp-content\/uploads\/mp03-sml.jpg\" title=\"Diablo 3 Monster Power\" width=\"600\" \/><\/a><\/p>\n<p><span>V Infernu nejen \u017ee bude zv\u00fd\u0161en Experience, Magic Find a Gold Find, ale jakmile protivn\u00edk zem\u0159e a dropne standardn\u00ed itemy, bude <strong>\u0161ance, \u017ee dropne dal\u0161\u00ed bonusov\u00fd item<\/strong> &ndash; \u0161ance na dropnut\u00ed bonusov\u00e9ho itemu se bude zvy\u0161ovat s ka\u017ed\u00fdm Monster Power levelem &ndash; podrobnosti v n\u00e1sleduj\u00edc\u00ed tabulce:<\/span><\/p>\n<p style=\"text-align: center;\"><span><a href=\"\/obrazky\/ruzne\/monster_power\/mp04.jpg\" onclick=\"return hs.expand(this)\" style=\"\"><img loading=\"lazy\" decoding=\"async\" alt=\"Diablo 3 Monster Power\" height=\"226\" src=\"https:\/\/www.diablofans.cz\/d3\/wp-content\/uploads\/mp04-sml.jpg\" title=\"Diablo 3 Monster Power\" width=\"600\" \/><\/a><\/span><\/p>\n<p><span>Upozorn\u011bn\u00ed: \u0158\u00e1dek s <strong>Monster Damage ve v\u00fd\u0161e uveden\u00e9 tabulce byl zm\u011bn\u011bn<\/strong> v jednom z hotfix\u016f, kter\u00fd v\u00fdvoj\u00e1\u0159i vydali po Patchi 1.0.5. Nov\u00e9 hodnoty jsou:<\/span><\/p>\n<table border=\"0\">\n<tbody>\n<tr valign=\"middle\">\n<td style=\"vertical-align: middle; text-align: center;\"><strong><span style=\"font-size: 11px;\">MP Level<\/span><\/strong><\/td>\n<td style=\"vertical-align: middle; text-align: center;\"><strong><span style=\"font-size: 11px;\">MP1<\/span><\/strong><\/td>\n<td style=\"vertical-align: middle; text-align: center;\"><strong><span style=\"font-size: 11px;\">MP2<\/span><\/strong><\/td>\n<td style=\"vertical-align: middle; text-align: center;\"><strong><span style=\"font-size: 11px;\">MP3<\/span><\/strong><\/td>\n<td style=\"vertical-align: middle; text-align: center;\"><strong><span style=\"font-size: 11px;\">MP4<\/span><\/strong><\/td>\n<td style=\"vertical-align: middle; text-align: center;\"><strong><span style=\"font-size: 11px;\">MP5<\/span><\/strong><\/td>\n<td style=\"vertical-align: middle; text-align: center;\"><strong><span style=\"font-size: 11px;\">MP6<\/span><\/strong><\/td>\n<td style=\"vertical-align: middle; text-align: center;\"><strong><span style=\"font-size: 11px;\">MP7<\/span><\/strong><\/td>\n<td style=\"vertical-align: middle; text-align: center;\"><strong><span style=\"font-size: 11px;\">MP8<\/span><\/strong><\/td>\n<td style=\"vertical-align: middle; text-align: center;\"><strong><span style=\"font-size: 11px;\">MP9<\/span><\/strong><\/td>\n<td style=\"vertical-align: middle; text-align: center;\"><strong><span style=\"font-size: 11px;\">MP10<\/span><\/strong><\/td>\n<\/tr>\n<tr valign=\"middle\">\n<td style=\"vertical-align: middle; text-align: center;\"><strong><span style=\"font-size: 11px;\">Monster Damage<\/span><\/strong><\/td>\n<td style=\"vertical-align: middle; text-align: center;\"><span style=\"font-size: 11px;\">109.60%<\/span><\/td>\n<td style=\"vertical-align: middle; text-align: center;\"><span style=\"font-size: 11px;\">120.12%<\/span><\/td>\n<td style=\"vertical-align: middle; text-align: center;\"><span style=\"font-size: 11px;\">131.65%<\/span><\/td>\n<td style=\"vertical-align: middle; text-align: center;\"><span style=\"font-size: 11px;\">144.29%<\/span><\/td>\n<td style=\"vertical-align: middle; text-align: center;\"><span style=\"font-size: 11px;\">158.14%<\/span><\/td>\n<td style=\"vertical-align: middle; text-align: center;\"><span style=\"font-size: 11px;\">173.32%<\/span><\/td>\n<td style=\"vertical-align: middle; text-align: center;\"><span style=\"font-size: 11px;\">189.96%<\/span><\/td>\n<td style=\"vertical-align: middle; text-align: center;\"><span style=\"font-size: 11px;\">208.20%<\/span><\/td>\n<td style=\"vertical-align: middle; text-align: center;\"><span style=\"font-size: 11px;\">228.18%<\/span><\/td>\n<td style=\"vertical-align: middle; text-align: center;\"><span style=\"font-size: 11px;\">250.09%<\/span><\/td>\n<\/tr>\n<\/tbody>\n<\/table>\n<p><span>V Infernu se od MP1 (nebo vy\u0161\u0161\u00edho) automaticky nastav\u00ed level v\u0161ech monster na 63 a v\u0161echna mosntra sd\u00edlej\u00ed&nbsp;stejnou \u0161anci na dropnut\u00ed &bdquo;high-end&ldquo; itemu.&nbsp;<\/span>To znamen\u00e1, \u017ee <strong>je jedno, v jak\u00e9m akt pr\u00e1v\u011b jste<\/strong> &ndash; monstra ve v\u0161ech aktech maj\u00ed stejnou \u0161anci na dropnut\u00ed item levelu 61-63 v\u010detn\u011b recept\u016f, legend\u00e1rn\u00edch a setov\u00fdch item\u016f.<\/p>\n<p style=\"text-align: center;\"><img loading=\"lazy\" decoding=\"async\" alt=\"Diablo 3 Monster Power\" height=\"516\" src=\"https:\/\/www.diablofans.cz\/d3\/wp-content\/uploads\/mp05.jpg\" title=\"Diablo 3 Monster Power\" width=\"676\" \/><\/p>\n<p><span>A\u010dkoliv maj\u00ed monstra ve v\u0161ech aktech na MP1 a\u017e MP10 stejn\u00fd level,<strong> jejich skilly, dovednosti a atributy se akt od aktu li\u0161\u00ed<\/strong>.&nbsp;<\/span>To znamen\u00e1, \u017ee r\u016fzn\u00e9 akty a kapitoly hry m\u016f\u017eou b\u00fdt pro n\u011bkter\u00e9 hr\u00e1\u010de st\u00e1le obt\u00ed\u017en\u011bj\u0161\u00ed. Z\u00e1le\u017e\u00ed toti\u017e na tom, jak\u00e1 monstra a elite packy se zrovna objev\u00ed. Ale jeliko\u017e odm\u011bny jsou stejn\u00e9 nap\u0159\u00ed\u010d celou ob\u00ed\u017enost\u00ed, je jen na v\u00e1s, kam se rozhodnete j\u00edt hledat p\u0159edm\u011bty.<\/p>\n<h3><span style=\"color:#A52A2A;\">Princip fungov\u00e1n\u00ed Monster Power<\/span><\/h3>\n<p>Jeliko\u017e jsme si pr\u00e1v\u011b vysv\u011btlili mechaniku Monster Power, poj\u010fme tro\u0161ku prozkoumat filozofii tohoto n\u00e1vrhu.&nbsp;Z\u00e1m\u011br Monster Power nen\u00ed nezbytn\u011b vytvo\u0159it hru &bdquo;nepoko\u0159itelnou&ldquo;, ale <strong>poskytnout lep\u0161\u00ed mo\u017enosti<\/strong> hr\u00e1\u010d\u016fm k srovn\u00e1n\u00ed jejich progressu a gearu.<\/p>\n<p>Zkoncipovali jsme tento syst\u00e9m kolem t\u00e9to my\u0161lenky <strong>s dv\u011bma prim\u00e1rn\u00edmi oblastmi zam\u011b\u0159en\u00ed<\/strong>:<\/p>\n<h4 style=\"padding-left: 30px;\"><span style=\"color:#A52A2A;\">1. Po\u0161kozen\u00ed monster vs. jejich zdrav\u00ed<\/span><\/h4>\n<p style=\"padding-left: 30px;\">Jeliko\u017e c\u00edlem syst\u00e9mu nen\u00ed ud\u011blat hru ultra-t\u011b\u017ekou, s ka\u017ed\u00fdm Monster Power levelem se klade <strong>d\u016fraz na zv\u00fd\u0161en\u00ed &nbsp;HP monster<\/strong> mnohem v\u00edce, ne\u017e na jejich po\u0161kozen\u00ed.<\/p>\n<p style=\"padding-left: 30px;\"><span>Obecn\u011b \u0159e\u010deno, je mnohem z\u00e1bavn\u011bj\u0161\u00ed naj\u00edt <strong>v\u00edce zp\u016fsob\u016f, jak maximalizovat po\u0161kozen\u00ed<\/strong>, ne\u017e b\u00fdt nucen k zm\u00edrn\u011bn\u00ed jak\u00e9hokoliv po\u0161kozen\u00ed p\u016fsob\u00edc\u00ed na va\u0161\u00ed postavu.<\/span><\/p>\n<p style=\"padding-left: 30px;\"><span>V\u00fdvoj\u00e1\u0159i se tak\u00e9 sna\u017eili vyhnout situac\u00edm, kdy se <strong>z &bdquo;t\u011b\u017ek\u00e9ho&ldquo; m\u016f\u017ee st\u00e1t &bdquo;nemo\u017en\u00e9&ldquo;<\/strong>. Nen\u00ed toti\u017e z\u00e1bavn\u00e9, kdy\u017e dlouhou dobu nem\u016f\u017eete postoupit z ur\u010dit\u00e9 \u010d\u00e1sti hry.<\/span><\/p>\n<p style=\"padding-left: 30px;\">B\u011bhem testov\u00e1n\u00ed v\u00fdvoj\u00e1\u0159i zjistili, \u017ee zat\u00edmco zv\u00fd\u0161en\u00e9 po\u0161kozen\u00ed monster u\u010dinilo hru obt\u00ed\u017en\u011bj\u0161\u00ed, bylo to nef\u00e9r a nav\u00edc n\u011bkter\u00e9 postavy um\u00edraly na jednu r\u00e1nu. Naopak <strong>zv\u00fd\u0161en\u00ed \u017eivot\u016f monster zt\u00ed\u017eilo hru vhodn\u011bj\u0161\u00edm zp\u016fsobem<\/strong> a hra byla st\u00e1le zvl\u00e1dnuteln\u00e1.<\/p>\n<h4 style=\"padding-left: 30px;\"><span style=\"color:#A52A2A;\">2. \u00da\u010dinnost<\/span><\/h4>\n<p style=\"padding-left: 30px;\">N\u011bkter\u00fdm hr\u00e1\u010d\u016fm se poda\u0159ilo ve h\u0159e dos\u00e1hnout okam\u017eiku, kdy jim zab\u00edjen\u00ed monster v Infernu nep\u0159i\u0161lo zrovna t\u011b\u017ek\u00e9 a monstra um\u00edrala t\u00e9m\u011b\u0159 okam\u017eit\u011b, jakmile se objevila na sc\u00e9n\u011b. Tito hr\u00e1\u010di se pak sp\u00ed\u0161e soust\u0159edili na to, <strong>jak rychle dok\u00e1\u017e\u00ed farmit<\/strong>, m\u00edsto toho, aby se sna\u017eili efektivn\u011b zbavovat nep\u0159\u00e1tel.<\/p>\n<p style=\"padding-left: 30px;\">A pr\u00e1v\u011b pro tyto hr\u00e1\u010de je Monster Power ur\u010den. Hr\u00e1\u010di, kte\u0159\u00ed dok\u00e1\u017e\u00ed vy\u010distit ka\u017ed\u00fd akt na Inferno bez probl\u00e9m\u016f, si mohou zv\u00fd\u0161it sv\u016fj MP level, aby hra pro n\u011b byla <strong>v\u011bt\u0161\u00ed v\u00fdzvou<\/strong> a nav\u00edc aby si zajistili lep\u0161\u00ed odm\u011bny.<\/p>\n<p style=\"padding-left: 30px;\"><span>Je mo\u017en\u00e9 zab\u00edt Diabla na MP10? Samoz\u0159ejm\u011b. Je nejvy\u0161\u0161\u00ed MP level nejv\u00fdhodn\u011bj\u0161\u00ed k farmen\u00ed item\u016f? Pro v\u011bt\u0161inu &nbsp;lid\u00ed pravd\u011bpodobn\u011b ne. MP d\u00e1v\u00e1 prostor k individu\u00e1ln\u00edm rozhodnut\u00edm, jak si u\u017e\u00edt svoj\u00ed hru.<\/span><\/p>\n<h3><span style=\"color:#A52A2A;\">S\u00edla je ve va\u0161ich ruk\u00e1ch<\/span><\/h3>\n<p>V Diablu 3 m\u016f\u017ee <strong>s\u00edla va\u0161eho charakteru r\u016fst n\u011bkolika zp\u016fsoby<\/strong>. Syst\u00e9m Monster Power d\u00e1v\u00e1 nov\u00fd prostor extr\u00e9mn\u011b siln\u00fdm hrdin\u016fm k vyu\u017eit\u00ed jejich potenci\u00e1lu a hmatateln\u00e9mu zm\u011b\u0159en\u00ed, jak epicky siln\u00fd gear nasb\u00edrali.<\/p>\n<p style=\"text-align: right;\">Zdroj: <a href=\"http:\/\/eu.battle.net\/d3\/en\/blog\/6187857\/Monster_Power_More_Guts_More_Glory-11_10_2012\">Battle.net<\/a><\/p>\n<p style=\"text-align: center;\"><strong><span style=\"color:#FF0000;\">! Funkce Monster Power byla ze hry odstra\u0148\u011bna v patchi 2.0 !<\/span><\/strong><\/p>\n","protected":false},"excerpt":{"rendered":"<p>! Funkce Monster Power byla ze hry odstra\u0148\u011bna v patchi 2.0 ! Tento \u010dl\u00e1nek pojedn\u00e1v\u00e1 o syst\u00e9mu obt\u00ed\u017enost\u00ed Monster Power a vysv\u011btlen\u00ed jejich funkc\u00ed.&nbsp;Podobn\u011b jako&nbsp;p\u0159\u00edkaz&nbsp;&quot;Players 8&quot; v Diablo II, syst\u00e9m &#39;&#39;Monster Power&#39;&#39; je navr\u017een tak, aby hr\u00e1\u010di m\u011bli v\u011bt\u0161\u00ed kontrolu nad t\u00edm,&nbsp;jak n\u00e1ro\u010dn\u00ed nep\u0159\u00e1tel\u00e9 jsou v ka\u017ed\u00e9 obt\u00ed\u017enosti. &nbsp;&nbsp;&nbsp;&nbsp;&nbsp;&nbsp;&nbsp;&nbsp;&nbsp; Monster Power d\u00e1v\u00e1 hr\u00e1\u010d\u016fm mo\u017enost ovl\u00e1d\u00e1n\u00ed [&#8230;]<\/p>\n<p><a class=\"btn btn-secondary understrap-read-more-link\" href=\"https:\/\/www.diablofans.cz\/d3\/monster-power\/\">\u010c\u00edst d\u00e1le&#8230;<span class=\"screen-reader-text\"> from Monster Power<\/span><\/a><\/p>\n","protected":false},"author":1,"featured_media":0,"parent":0,"menu_order":0,"comment_status":"open","ping_status":"closed","template":"","meta":{"footnotes":""},"class_list":["post-10253","page","type-page","status-publish","hentry"],"_links":{"self":[{"href":"https:\/\/www.diablofans.cz\/d3\/wp-json\/wp\/v2\/pages\/10253","targetHints":{"allow":["GET"]}}],"collection":[{"href":"https:\/\/www.diablofans.cz\/d3\/wp-json\/wp\/v2\/pages"}],"about":[{"href":"https:\/\/www.diablofans.cz\/d3\/wp-json\/wp\/v2\/types\/page"}],"author":[{"embeddable":true,"href":"https:\/\/www.diablofans.cz\/d3\/wp-json\/wp\/v2\/users\/1"}],"replies":[{"embeddable":true,"href":"https:\/\/www.diablofans.cz\/d3\/wp-json\/wp\/v2\/comments?post=10253"}],"version-history":[{"count":0,"href":"https:\/\/www.diablofans.cz\/d3\/wp-json\/wp\/v2\/pages\/10253\/revisions"}],"wp:attachment":[{"href":"https:\/\/www.diablofans.cz\/d3\/wp-json\/wp\/v2\/media?parent=10253"}],"curies":[{"name":"wp","href":"https:\/\/api.w.org\/{rel}","templated":true}]}}