{"id":10258,"date":"2012-10-30T02:50:00","date_gmt":"2012-10-30T02:50:00","guid":{"rendered":"http:\/\/diablofans.ddev.site\/d3\/questy\/"},"modified":"2025-05-28T22:56:13","modified_gmt":"2025-05-28T20:56:13","slug":"questy","status":"publish","type":"page","link":"https:\/\/www.diablofans.cz\/d3\/questy\/","title":{"rendered":"Questy"},"content":{"rendered":"<h3 style=\"text-align: center;\"><span style=\"color: #008080;\">I. akt<\/span><\/h3>\n<h4><img decoding=\"async\" class=\"left alignnone\" style=\"width: 100px; height: 100px;\" src=\"https:\/\/www.diablofans.cz\/d3\/wp-content\/uploads\/thefallenstar.jpg\" alt=\"\" \/><span style=\"color: #008080;\"> The Fallen Star<\/span><\/h4>\n<p>Hv\u011bzda padla pobl\u00ed\u017e New Tristramu. Uchra\u0148te m\u011bsto p\u0159ed odporn\u00fdmi nemrtv\u00fdmi.<\/p>\n<h4><\/h4>\n<hr \/>\n<h4><img decoding=\"async\" class=\"left alignnone\" style=\"width: 100px; height: 100px;\" src=\"https:\/\/www.diablofans.cz\/d3\/wp-content\/uploads\/thelegacyofcain.jpg\" alt=\"\" \/><span style=\"color: #008080;\"> The Legacy of Cain<\/span><\/h4>\n<p style=\"text-align: left;\">Deckard Cain se ztratil v Tristramsk\u00e9 katedr\u00e1le po tom co ji zas\u00e1hla hv\u011bzda. Zjist\u011bte co se mu stalo.<\/p>\n<p style=\"text-align: left;\">\n<hr \/>\n<h4><img decoding=\"async\" class=\"left alignnone\" style=\"width: 100px; height: 100px;\" src=\"https:\/\/www.diablofans.cz\/d3\/wp-content\/uploads\/theshatteredcrown.jpg\" alt=\"\" \/><span style=\"color: #008080;\"> A Shattered Crown<\/span><\/h4>\n<p>Koruna \u0161\u00edlen\u00e9ho kr\u00e1le Leorica byla po v\u011bky ztracena. Pokud chcete porazit Skeleton Kinga, mus\u00edte ji naj\u00edt.<\/p>\n<h4><\/h4>\n<hr \/>\n<h4><img decoding=\"async\" class=\"left\" style=\"width: 100px; height: 100px;\" src=\"https:\/\/www.diablofans.cz\/d3\/wp-content\/uploads\/thereignoftheblackking.jpg\" alt=\"\" \/><span style=\"color: #008080;\"> Reign of the Black King<\/span><\/h4>\n<p>Zne\u0161kodn\u011bte Skeleton Kinga a osvobo\u010fte New Tristram od jeho arm\u00e1dy posluhova\u010d\u016f.<\/p>\n<h4><\/h4>\n<hr \/>\n<h4><img decoding=\"async\" class=\"left\" style=\"width: 100px; height: 100px;\" src=\"https:\/\/www.diablofans.cz\/d3\/wp-content\/uploads\/swordofthestranger.jpg\" alt=\"\" \/><span style=\"color: #008080;\"> Sword of the Stranger<\/span><\/h4>\n<p>Mu\u017e, kter\u00fd spadl z nebes, si pamatuje jen obraz magick\u00e9ho rozt\u0159\u00ed\u0161t\u011bn\u00e9ho me\u010de. Najd\u011bte kousky me\u010de, abyste obnovili jeho vzpom\u00ednky.<\/p>\n<hr \/>\n<h4><img decoding=\"async\" class=\"left\" style=\"width: 100px; height: 100px;\" src=\"https:\/\/www.diablofans.cz\/d3\/wp-content\/uploads\/thebrokenblade.jpg\" alt=\"\" \/><span style=\"color: #008080;\"> The Broken Blade<\/span><\/h4>\n<p>Najd\u011bte si cestu k druh\u00e9mu kousku me\u010de ze starobyl\u00fdch ruin \u201epono\u0159en\u00e9ho chr\u00e1mu\u201c.<\/p>\n<h4><\/h4>\n<hr \/>\n<h4><img decoding=\"async\" class=\"left\" style=\"width: 100px; height: 100px;\" src=\"https:\/\/www.diablofans.cz\/d3\/wp-content\/uploads\/thedoominwortham.jpg\" alt=\"\" \/><span style=\"color: #008080;\"> The Doom in Wortham<\/span><\/h4>\n<p>Z\u00edskejte zp\u011bt t\u0159et\u00ed a posledn\u00ed \u010d\u00e1st me\u010de z Worthamsk\u00e9 katedr\u00e1ly d\u0159\u00edve ne\u017e ho z\u00edsk\u00e1 do sp\u00e1r\u016f klan Coven\u016f.<\/p>\n<h4><\/h4>\n<hr \/>\n<h4><img decoding=\"async\" class=\"left\" style=\"width: 100px; height: 100px;\" src=\"https:\/\/www.diablofans.cz\/d3\/wp-content\/uploads\/trailingthecoven.jpg\" alt=\"\" \/><span style=\"color: #008080;\"> Trailing the Coven<\/span><\/h4>\n<p>Klan Coven\u016f zabil Deckarda Caina a zajal and\u011bla, kter\u00fd spadl z nebes. Vyp\u00e1trejte je a zabijte.<\/p>\n<h4><\/h4>\n<hr \/>\n<h4><img decoding=\"async\" class=\"left\" style=\"width: 100px; height: 100px;\" src=\"https:\/\/www.diablofans.cz\/d3\/wp-content\/uploads\/theimprisonedangel.jpg\" alt=\"\" \/><span style=\"color: #008080;\"> The Imprisoned Angel<\/span><\/h4>\n<p>Zachra\u0148te and\u011bla ze sp\u00e1r\u016f Covenu a jejich mu\u010div\u00fdch komnat.<\/p>\n<h4><\/h4>\n<h4><\/h4>\n<hr \/>\n<h4><img decoding=\"async\" class=\"left\" style=\"width: 100px; height: 100px;\" src=\"https:\/\/www.diablofans.cz\/d3\/wp-content\/uploads\/returntonewtristram.jpg\" alt=\"\" \/><span style=\"color: #008080;\"> Return to New Tristram<\/span><\/h4>\n<p>Padl\u00fd and\u011bl se jmenuje Tyrael \u2013 Archand\u011bl spravedlnosti. Setkejte se s n\u00edm v New Tristramu a pokra\u010dujte k spole\u010dn\u00e9mu c\u00edli \u2013 m\u011bstu Caldeum.<\/p>\n<hr \/>\n<h3 style=\"text-align: center;\"><span style=\"color: #008080;\">II. akt<\/span><\/h3>\n<h3 style=\"text-align: center;\"><\/h3>\n<h4><img decoding=\"async\" class=\"left\" style=\"width: 100px; height: 100px;\" src=\"https:\/\/www.diablofans.cz\/d3\/wp-content\/uploads\/shadowsinthedesert.jpg\" alt=\"\" \/><span style=\"color: #008080;\">Shadows in the Desert<\/span><\/h4>\n<p>Maghdin klan Coven\u016f terorizuje hranice m\u011bsta Caldeum. Vystopujte je a napl\u0148te svou pomstu.<\/p>\n<h4><\/h4>\n<hr \/>\n<h4><img decoding=\"async\" class=\"left\" style=\"width: 100px; height: 100px;\" src=\"https:\/\/www.diablofans.cz\/d3\/wp-content\/uploads\/roadtoalcarnus.jpg\" alt=\"\" \/><span style=\"color: #008080;\">The Road to Alcarnus<\/span><\/h4>\n<p>Klan Coven\u016f blokuje v\u0161echny cesty do Alcarnu. Najd\u011bte jinou cestu p\u0159es p\u0159edsunutou z\u00e1kladnu Khasim.<\/p>\n<h4><\/h4>\n<hr \/>\n<h4><img decoding=\"async\" class=\"left\" style=\"width: 100px; height: 100px;\" src=\"https:\/\/www.diablofans.cz\/d3\/wp-content\/uploads\/cityofblood.jpg\" alt=\"\" \/><span style=\"color: #008080;\">City of Blood<\/span><\/h4>\n<p>Alcarnus padl do sp\u00e1r\u016f Coven\u016f \u2013 jejich ulice se zbarvili rudou krv\u00ed p\u016fvodn\u00edch obyvatel. Zabijte Maghdu a osvobo\u010fte m\u011bsto.<\/p>\n<h4><\/h4>\n<hr \/>\n<h4><img decoding=\"async\" class=\"left\" style=\"width: 100px; height: 98px;\" src=\"https:\/\/www.diablofans.cz\/d3\/wp-content\/uploads\/royalaudience.jpg\" alt=\"\" \/><span style=\"color: #008080;\">A Royal Audience<\/span><\/h4>\n<p>D\u00e9moni se maskuj\u00ed jako voj\u00e1ci c\u00edsa\u0159sk\u00e9 imperi\u00e1ln\u00ed gardy. Uka\u017ete c\u00edsa\u0159i, \u017ee je obklopen l\u017e\u00ed a intrikami.<\/p>\n<h4><\/h4>\n<hr \/>\n<h4><img decoding=\"async\" class=\"left\" style=\"width: 100px; height: 100px;\" src=\"https:\/\/www.diablofans.cz\/d3\/wp-content\/uploads\/unexpectedallies.jpg\" alt=\"\" \/><span style=\"color: #008080;\">Unexpected Allies<\/span><\/h4>\n<p>Matka Leah, Adria, je na\u017eivu, ale je dr\u017eena ve stok\u00e1ch m\u011bsta Caldeum poddan\u00fdmi Beliala. Zachra\u0148te ji.<\/p>\n<h4><\/h4>\n<hr \/>\n<h4><img decoding=\"async\" class=\"left\" style=\"width: 100px; height: 100px;\" src=\"https:\/\/www.diablofans.cz\/d3\/wp-content\/uploads\/betrayerofthehoradrim.jpg\" alt=\"\" \/><span style=\"color: #008080;\">Betrayer of the Horadrim<\/span><\/h4>\n<p>Najd\u011bte odd\u011blenou hlavu temn\u00e9ho \u010darod\u011bje \u2013 Zoltuna Kulleho, abyste znovuobjevili tajemstv\u00ed \u010dern\u00e9ho kamene du\u0161e.<\/p>\n<h4><\/h4>\n<hr \/>\n<h4><img decoding=\"async\" class=\"left\" style=\"width: 100px; height: 100px;\" src=\"https:\/\/www.diablofans.cz\/d3\/wp-content\/uploads\/bloodandsand.jpg\" alt=\"\" \/><span style=\"color: #008080;\">Blood and Sand<\/span><\/h4>\n<p>Krev Zoltuna Kulleho je kl\u00ed\u010dem k otev\u0159en\u00ed \u0159\u00ed\u0161e st\u00edn\u016f, kde je skryt\u00e9 jeho t\u011blo. Najd\u011bte jeho krev, aby mohl b\u00fdt vzk\u0159\u00ed\u0161en.<\/p>\n<h4><\/h4>\n<hr \/>\n<h4><img decoding=\"async\" class=\"left\" style=\"width: 100px; height: 100px;\" src=\"https:\/\/www.diablofans.cz\/d3\/wp-content\/uploads\/theblacksoulstone.jpg\" alt=\"\" \/><span style=\"color: #008080;\">The Black Soulstone<\/span><\/h4>\n<p>\u010cern\u00fd k\u00e1men du\u0161e je kl\u00ed\u010dem k pora\u017een\u00ed posledn\u00edch dvou p\u00e1n\u016f pekel. Vzk\u0159i\u0161te Zoltuna Kulleho, aby ho mohl aktivovat.<\/p>\n<h4><\/h4>\n<hr \/>\n<h4><img decoding=\"async\" class=\"left\" style=\"width: 100px; height: 100px;\" src=\"https:\/\/www.diablofans.cz\/d3\/wp-content\/uploads\/scouringofcaldeum.jpg\" alt=\"\" \/><span style=\"color: #008080;\">The Scouring of Caldeum<\/span><\/h4>\n<p>Zachra\u0148te ob\u010dany m\u011bsta Caldeum od zloby Beliala.<\/p>\n<h4><\/h4>\n<h4><\/h4>\n<hr \/>\n<h4><img decoding=\"async\" class=\"left\" style=\"width: 100px; height: 100px;\" src=\"https:\/\/www.diablofans.cz\/d3\/wp-content\/uploads\/lordoflies.jpg\" alt=\"\" \/><span style=\"color: #008080;\">Lord of Lies<\/span><\/h4>\n<p>P\u00e1n d\u00e9mon\u016f Belial se skr\u00fdv\u00e1 uvnit\u0159 c\u00edsa\u0159sk\u00e9ho pal\u00e1ce. Najd\u011bte ho a nakonec zabijte.<\/p>\n<hr \/>\n<h3 style=\"text-align: center;\"><span style=\"color: #008080;\">III. akt<\/span><\/h3>\n<h3 style=\"text-align: center;\"><\/h3>\n<h4><img decoding=\"async\" class=\"left\" style=\"width: 100px; height: 100px;\" src=\"https:\/\/www.diablofans.cz\/d3\/wp-content\/uploads\/thesiegeofbastionskeep.jpg\" alt=\"\" \/><span style=\"color: #008080;\">The Siege of Bastions Keep<\/span><\/h4>\n<p>Bastions Keep je v\u0161e, co stoj\u00ed mezi Azmodanovou invaz\u00ed a p\u00e1dem sv\u011bta Sanctuary. Zapalte sign\u00e1ln\u00ed ohn\u011b k shrom\u00e1\u017eden\u00ed va\u0161ich jednotek.<\/p>\n<hr \/>\n<h4><img decoding=\"async\" class=\"left\" style=\"width: 100px; height: 100px;\" src=\"https:\/\/www.diablofans.cz\/d3\/wp-content\/uploads\/turningthetide.jpg\" alt=\"\" \/><span style=\"color: #008080;\">Turning the Tide<\/span><\/h4>\n<p>Odstra\u0148te d\u00e9mony ze zd\u00ed Bastions Keepu, aby mohly b\u00fdt zvednuty katapulty.<\/p>\n<h4><\/h4>\n<hr \/>\n<h4><img decoding=\"async\" class=\"left\" style=\"width: 100px; height: 100px;\" src=\"https:\/\/www.diablofans.cz\/d3\/wp-content\/uploads\/thebreachedkeep.jpg\" alt=\"\" \/><span style=\"color: #008080;\">The Breached Keep<\/span><\/h4>\n<p>D\u00e9moni prolomili a okupuj\u00ed hlubiny Bastions Keep. Lokalizujte pr\u016flomov\u00fd bod a \u010delte \u010demukoliv, co v\u00e1m bude st\u00e1t v cest\u011b.<\/p>\n<h4><\/h4>\n<hr \/>\n<h4><img decoding=\"async\" class=\"left\" style=\"width: 100px; height: 100px;\" src=\"https:\/\/www.diablofans.cz\/d3\/wp-content\/uploads\/tremorsinthestone.jpg\" alt=\"\" \/><span style=\"color: #008080;\">Tremors in the Stone<\/span><\/h4>\n<p>Zachra\u0148te Leah ze sp\u00e1r\u016f hr\u016fzostra\u0161n\u00fdch horror\u016f, kter\u00e9 se pokou\u0161ej\u00ed osvobodit z v\u011bzen\u00ed \u010dern\u00e9ho kamene du\u0161e.<\/p>\n<h4><\/h4>\n<hr \/>\n<h4><img decoding=\"async\" class=\"left\" style=\"width: 100px; height: 100px;\" src=\"https:\/\/www.diablofans.cz\/d3\/wp-content\/uploads\/machinesofwar.jpg\" alt=\"\" \/><span style=\"color: #008080;\">Machines of War<\/span><\/h4>\n<p>Azmodanovy pekeln\u00e9 v\u00e1le\u010dn\u00e9 stroje \u00fato\u010d\u00ed na Bastions Keep zd\u00e1lky \u2013 postupujte k bitevn\u00edm pol\u00edm a zni\u010dte je.<\/p>\n<h4><\/h4>\n<hr \/>\n<h4><img decoding=\"async\" class=\"left\" style=\"width: 100px; height: 100px;\" src=\"https:\/\/www.diablofans.cz\/d3\/wp-content\/uploads\/thesiegebreaker.jpg\" alt=\"\" \/><span style=\"color: #008080;\">Siegebreaker<\/span><\/h4>\n<p>Proslaven\u00e1 Rakkisova k\u0159i\u017eovatka se je\u017e\u00ed d\u00e9monick\u00fdmi stvo\u0159en\u00edmi hladov\u011bj\u00edc\u00edmi po krvi. Zabijte je, abyste kone\u010dn\u011b mohli vstoupit do kr\u00e1teru, kde se skr\u00fdv\u00e1 Azmodan.<\/p>\n<hr \/>\n<h4><img decoding=\"async\" class=\"left\" style=\"width: 100px; height: 100px;\" src=\"https:\/\/www.diablofans.cz\/d3\/wp-content\/uploads\/heartofsin.jpg\" alt=\"\" \/><span style=\"color: #008080;\">Heart of Sin<\/span><\/h4>\n<p>Sestupte do Azmodanova pekeln\u00e9ho kr\u00e1teru a zne\u0161kodn\u011bte P\u00e1na h\u0159\u00edchu.<\/p>\n<hr \/>\n<h3 style=\"text-align: center;\"><span style=\"color: #008080;\">IV. akt<\/span><\/h3>\n<h3 style=\"text-align: center;\"><\/h3>\n<h4><span style=\"color: #a52a2a;\"><img decoding=\"async\" class=\"left\" style=\"width: 100px; height: 100px;\" src=\"https:\/\/www.diablofans.cz\/d3\/wp-content\/uploads\/thefallofhighheavens.jpg\" alt=\"\" \/><span style=\"color: #008080;\">Fall of the High Heavens<\/span><\/span><\/h4>\n<p>Probojujte si svou cestu skrz d\u00e9mony, kte\u0159\u00ed blokuj\u00ed vstup do nebes.<\/p>\n<h4><\/h4>\n<h4><\/h4>\n<hr \/>\n<h4><span style=\"color: #a52a2a;\"><img decoding=\"async\" class=\"left\" style=\"width: 100px; height: 100px;\" src=\"https:\/\/www.diablofans.cz\/d3\/wp-content\/uploads\/thelightofhope.jpg\" alt=\"\" \/><span style=\"color: #008080;\">The Light of Hope<\/span><\/span><\/h4>\n<p>Auriel byla zajata Rakanothem, P\u00e1nem zoufalstv\u00ed. Osvobo\u010fte ji a vra\u0165te nad\u011bji nebes\u016fm.<\/p>\n<h4><\/h4>\n<hr \/>\n<h4><span style=\"color: #a52a2a;\"><img decoding=\"async\" class=\"left\" style=\"width: 100px; height: 100px;\" src=\"https:\/\/www.diablofans.cz\/d3\/wp-content\/uploads\/beneaththespire.jpg\" alt=\"\" \/><\/span><span style=\"color: #008080;\">Beneath the Spire<\/span><\/h4>\n<p>Vystopujte Diabla a jeho zhoubn\u00e9 jednotky v Silver Spire, opravdov\u00e9m srdci nebes.<\/p>\n<h4><\/h4>\n<hr \/>\n<h4><span style=\"color: #a52a2a;\"><img decoding=\"async\" class=\"left\" style=\"width: 100px; height: 100px;\" src=\"https:\/\/www.diablofans.cz\/d3\/wp-content\/uploads\/theprimeevil.jpg\" alt=\"\" \/><span style=\"color: #008080;\">Prime Evil<\/span><\/span><\/h4>\n<p>Vystupte do Silver Spire, srdce nebes, a pora\u017ete samotn\u00e9ho Diabla, P\u00e1na teroru.<\/p>\n<hr \/>\n<h3 style=\"text-align: center;\"><span style=\"color: #008080;\">V. akt<\/span><\/h3>\n<h3 style=\"text-align: center;\"><\/h3>\n<h4 style=\"text-align: justify;\"><img decoding=\"async\" class=\"left\" style=\"width: 100px; height: 100px;\" src=\"https:\/\/www.diablofans.cz\/d3\/wp-content\/uploads\/fallofwestmarch.jpg\" alt=\"\" \/><span style=\"color: #008080;\">Fall of Westmarch<\/span><\/h4>\n<p style=\"text-align: justify;\">Westmarch je pod \u00fatokem Malthaela, kter\u00fd ukradl \u010cern\u00fd k\u00e1men du\u0161e pro zat\u00edm nezn\u00e1m\u00e9 c\u00edle, a jeho nemrtv\u00fdch zr\u016fdnost\u00ed, zastavte tyto v\u00fdpady a vra\u0165te zb\u00fdvaj\u00edc\u00edm obr\u00e1nc\u016fm odvahu.<\/p>\n<hr \/>\n<h4 style=\"text-align: justify;\"><img decoding=\"async\" class=\"left\" style=\"width: 100px; height: 100px;\" src=\"https:\/\/www.diablofans.cz\/d3\/wp-content\/uploads\/soulsofthedead.jpg\" alt=\"\" \/><span style=\"color: #008080;\">Souls of the Dead<\/span><\/h4>\n<p style=\"text-align: justify;\">Pomoc\u00ed artefakt\u016f zvan\u00fdch Soul Crucibles obrac\u00ed Malthael a jeho slu\u017eebnice neboh\u00e9 obyvatele Westmarche v nemrtv\u00e9 a sb\u00edr\u00e1 jejich du\u0161e. Zni\u010dte tuto nesvatou magii a oslabte tak n\u00e1por \u00fato\u010dn\u00edk\u016f.<\/p>\n<hr \/>\n<h4 style=\"text-align: justify;\"><img decoding=\"async\" class=\"left\" style=\"width: 100px; height: 100px;\" src=\"https:\/\/www.diablofans.cz\/d3\/wp-content\/uploads\/theharbinger.jpg\" alt=\"\" \/><span style=\"color: #008080;\">The Harbinger<\/span><\/h4>\n<p style=\"text-align: justify;\">Velitel Malthaelov\u00fdch vojsk, padl\u00fd and\u011bl Urzael, dokon\u010dil sb\u00edran\u00ed westmarchsk\u00fdch du\u0161\u00ed a m\u011bsto uvrhl do plamen\u016f. Vydejte se na vyso\u010dinu do Korelanovy v\u011b\u017ee a utkejte se s t\u00edmto poslem sk\u00e1zy.<\/p>\n<hr \/>\n<h4 style=\"text-align: justify;\"><img decoding=\"async\" class=\"left\" style=\"width: 100px; height: 100px;\" src=\"https:\/\/www.diablofans.cz\/d3\/wp-content\/uploads\/thewitch.jpg\" alt=\"\" \/><span style=\"color: #008080;\">The Witch<\/span><\/h4>\n<p style=\"text-align: justify;\">V nedalek\u00fdch temn\u00fdch mok\u0159in\u00e1ch se objevila zr\u00e1dn\u00e1 Adria, kter\u00e1 rovn\u011b\u017e hled\u00e1 Black Soulstone a s n\u00edm i Malthaela. Pro v\u00e1s ale nade\u0161el \u010das pomsty za Leah. Jd\u011bte do krvav\u00fdch ba\u017ein a ztrestejte temnou \u010darod\u011bjku za jej\u00ed podlost a zradu.<\/p>\n<hr \/>\n<h4 style=\"text-align: justify;\"><img decoding=\"async\" class=\"left\" style=\"width: 100px; height: 100px;\" src=\"https:\/\/www.diablofans.cz\/d3\/wp-content\/uploads\/thepandemoniumgate.jpg\" alt=\"\" \/><span style=\"color: #008080;\">The Pandemonium Gate<\/span><\/h4>\n<p style=\"text-align: justify;\">Malthael se skr\u00fdva v \u0159\u00ed\u0161i Pandemonia ale vstup do n\u011bj na Nebes\u00edch je ji\u017e pod \u00fatokem reaper\u016f. Navra\u0165te se do nebesk\u00fdch v\u00fd\u0161in a p\u0159ekazte jejich ni\u010demn\u00e9 pl\u00e1ny ke zni\u010den\u00ed vstupu do Pandemonia.<\/p>\n<hr \/>\n<h4 style=\"text-align: justify;\"><img decoding=\"async\" class=\"left\" style=\"width: 100px; height: 100px;\" src=\"https:\/\/www.diablofans.cz\/d3\/wp-content\/uploads\/thebattlefieldsofeternity.jpg\" alt=\"\" \/><span style=\"color: #008080;\">The Battlefields of Eternity<\/span><\/h4>\n<p style=\"text-align: justify;\">V t\u011bchto nehostinn\u00fdch oblastech Boji\u0161t\u011b v\u011b\u010dnosti se nach\u00e1zej\u00ed mocn\u00e9 obl\u00e9hac\u00ed runy v dr\u017een\u00ed prad\u00e1vn\u00fdch d\u00e9mon\u016f. Najd\u011bte tyto artefakty a pomoci nich si uvoln\u011bte cestu k pevnosti.<\/p>\n<hr \/>\n<h4 style=\"text-align: justify;\"><img decoding=\"async\" class=\"left\" style=\"width: 100px; height: 100px;\" src=\"https:\/\/www.diablofans.cz\/d3\/wp-content\/uploads\/breachingthefortress.jpg\" alt=\"\" \/><span style=\"color: #008080;\">Breaching the Fortress<\/span><\/h4>\n<p style=\"text-align: justify;\">Nyn\u00ed kdy\u017e jsou obl\u00e9hac\u00ed kameny ve va\u0161\u00ed moci, nastupte na mohutn\u00e9 beranidlo a ubra\u0148te jej p\u0159ed \u00fatoky slu\u017eebn\u00edk\u016f smrti. Jedin\u011b tak bude mo\u017eno vstoupit do srdce t\u00e9to tajemn\u00e9, prastar\u00e9 stavby a do kr\u00e1lovstv\u00ed samotn\u00e9 Smrti.<\/p>\n<hr \/>\n<h4 style=\"text-align: justify;\"><img decoding=\"async\" class=\"left\" style=\"width: 100px; height: 100px;\" src=\"https:\/\/www.diablofans.cz\/d3\/wp-content\/uploads\/angelofdeath.jpg\" alt=\"\" \/><span style=\"color: #008080;\">Angel of Death<\/span><\/h4>\n<p style=\"text-align: justify;\">Nastal \u010das pro v\u00e1\u0161 triumf a pro sk\u00e1zu and\u011bla Smrti. Pobijte Malthaelovi nejmocnej\u0161\u00ed slu\u017eebn\u00edky, zni\u010dte v\u011bzen\u00ed du\u0161\u00ed a z\u00edskejte s\u00edlu nutnou k po\u0159a\u017een\u00ed padl\u00e9ho and\u011bla, kter\u00fd v\u00e1s o\u010dek\u00e1v\u00e1 v j\u00e1dru pevnosti Pandemonia.<\/p>\n","protected":false},"excerpt":{"rendered":"<p>I. akt The Fallen Star Hv\u011bzda padla pobl\u00ed\u017e New Tristramu. Uchra\u0148te m\u011bsto p\u0159ed odporn\u00fdmi nemrtv\u00fdmi. The Legacy of Cain Deckard Cain se ztratil v Tristramsk\u00e9 katedr\u00e1le po tom co ji zas\u00e1hla hv\u011bzda. Zjist\u011bte co se mu stalo. A Shattered Crown Koruna \u0161\u00edlen\u00e9ho kr\u00e1le Leorica byla po v\u011bky ztracena. Pokud chcete porazit Skeleton Kinga, mus\u00edte ji [&#8230;]<\/p>\n<p><a class=\"btn btn-secondary understrap-read-more-link\" href=\"https:\/\/www.diablofans.cz\/d3\/questy\/\">\u010c\u00edst d\u00e1le&#8230;<span class=\"screen-reader-text\"> from Questy<\/span><\/a><\/p>\n","protected":false},"author":1,"featured_media":0,"parent":0,"menu_order":0,"comment_status":"open","ping_status":"closed","template":"","meta":{"footnotes":""},"class_list":["post-10258","page","type-page","status-publish","hentry"],"_links":{"self":[{"href":"https:\/\/www.diablofans.cz\/d3\/wp-json\/wp\/v2\/pages\/10258","targetHints":{"allow":["GET"]}}],"collection":[{"href":"https:\/\/www.diablofans.cz\/d3\/wp-json\/wp\/v2\/pages"}],"about":[{"href":"https:\/\/www.diablofans.cz\/d3\/wp-json\/wp\/v2\/types\/page"}],"author":[{"embeddable":true,"href":"https:\/\/www.diablofans.cz\/d3\/wp-json\/wp\/v2\/users\/1"}],"replies":[{"embeddable":true,"href":"https:\/\/www.diablofans.cz\/d3\/wp-json\/wp\/v2\/comments?post=10258"}],"version-history":[{"count":23,"href":"https:\/\/www.diablofans.cz\/d3\/wp-json\/wp\/v2\/pages\/10258\/revisions"}],"predecessor-version":[{"id":19076,"href":"https:\/\/www.diablofans.cz\/d3\/wp-json\/wp\/v2\/pages\/10258\/revisions\/19076"}],"wp:attachment":[{"href":"https:\/\/www.diablofans.cz\/d3\/wp-json\/wp\/v2\/media?parent=10258"}],"curies":[{"name":"wp","href":"https:\/\/api.w.org\/{rel}","templated":true}]}}