{"id":10273,"date":"2013-07-05T00:00:00","date_gmt":"2013-07-05T00:00:00","guid":{"rendered":"http:\/\/diablofans.ddev.site\/d3\/demoni\/"},"modified":"2025-05-28T21:52:18","modified_gmt":"2025-05-28T19:52:18","slug":"demoni","status":"publish","type":"page","link":"https:\/\/www.diablofans.cz\/d3\/demoni\/","title":{"rendered":"D\u00e9moni"},"content":{"rendered":"<p><strong>D\u00e9mon<\/strong> je souhrnn\u00e9 ozna\u010den\u00ed pro v\u0161echny bytosti a stvo\u0159en\u00ed \u017eij\u00edc\u00ed v <strong>Horouc\u00edm pekle (Burning Hells)<\/strong>, kter\u00e9 bylo na po\u010d\u00e1tku v\u011bk\u016f stvo\u0159eno z ostatk\u016f draka <strong>Tathameta<\/strong>, kter\u00fd byl zosobn\u011bn\u00edm \u010dir\u00e9ho zla. Existuje spousta forem d\u00e9mon\u016f \u2013 od slab\u00fdch a hloup\u00fdch, jako je nap\u0159. Fallen, a\u017e k t\u011bm siln\u00fdm, inteligentn\u00edm a mocn\u00fdm, jako je nap\u0159. <strong>Vy\u0161\u0161\u00ed zlo (Prime Evils)<\/strong>.<\/p>\n<div style=\"text-align: center;\">\n<div><img decoding=\"async\" style=\"width: 700px; height: 299px;\" src=\"http:\/\/media.blizzard.com\/d3\/media\/artwork\/artwork-0044-full.jpg\" alt=\"\" \/><\/div>\n<div><\/div>\n<div style=\"text-align: justify;\">D\u00e9moni byli stvo\u0159eni ve stejn\u00e9 dob\u011b jako and\u011bl\u00e9 a jsou jejich opakem. Zat\u00edmco and\u011bl\u00e9 jsou bytosti sv\u011btla a \u0159\u00e1du, d\u00e9moni zt\u011bles\u0148uj\u00ed temnotu a chaos. V\u0161ichni d\u00e9moni jsou sobe\u010dt\u00ed, pova\u017euj\u00ed se za d\u016fle\u017eit\u011bj\u0161\u00ed ne\u017e ostatn\u00ed bytosti a jsou oportunisti\u010dt\u00ed, neboli jinak \u0159e\u010deno jsou schopni opustit sv\u00e9 z\u00e1sad ve prosp\u011bch okam\u017eit\u00e9 v\u00fdhody. Nav\u00edc jsou nenasytn\u00ed co do moci a nadvl\u00e1dy nad t\u011bmi slab\u0161\u00edmi.<\/div>\n<\/div>\n<p>Rozd\u011blme si d\u00e9mony na dv\u011b skupiny:<\/p>\n<ul>\n<li><a href=\"#great-evils\">Great Evils (Velk\u00e9 zlo)<\/a><\/li>\n<li><a href=\"#regular-demons\">Regular Demons (B\u011b\u017en\u00ed d\u00e9moni)<\/a><\/li>\n<\/ul>\n<p>Nyn\u00ed si pop\u00ed\u0161eme ka\u017edou ze skupin zvl\u00e1\u0161\u0165.<\/p>\n<h3 id=\"great-evils\"><span style=\"color: #008080;\"><a style=\"color: #008080;\" href=\"#great-evils\">Great Evils<\/a><\/span><\/h3>\n<p>Velk\u00e9 zlo (Great Evils) je souhrnn\u00e9 ozna\u010den\u00ed pro sedm nejmocn\u011bj\u0161\u00edch d\u00e9mon\u016f. Velk\u00e9 zlo se d\u00e1le d\u011bl\u00ed na dv\u011b skupiny: Vy\u0161\u0161\u00ed zlo (Prime Evils) a Ni\u017e\u0161\u00ed zlo (Lesser Evils).<\/p>\n<div style=\"text-align: center;\">\n<div><img decoding=\"async\" style=\"width: 300px; height: 359px;\" title=\"Prime Evils\" src=\"https:\/\/www.diablofans.cz\/d3\/wp-content\/uploads\/primeevils2.png\" alt=\"\" \/><\/div>\n<\/div>\n<h4><span style=\"color: #008080;\">Prime Evils<\/span><\/h4>\n<p>Vy\u0161\u0161\u00ed zlo (Prime Evils) m\u00e1 t\u0159i \u010dleny, kte\u0159\u00ed jsou tak\u00e9 n\u011bkdy ozna\u010dov\u00e1n\u00ed jako Trojka nebo Brat\u0159i (jm\u00e9na v z\u00e1vork\u00e1ch jsou jejich prav\u00e1 prastar\u00e1 jm\u00e9na popisovan\u00e1 v horadrick\u00fdch textech):<\/p>\n<div>\n<p style=\"padding-left: 30px;\">\u00a0\u00a0\u00a0\u00a0\u00a0\u00a0\u00a0\u00a0\u00a0\u00a0\u00a0\u00a0\u00a0 <a href=\"https:\/\/www.diablofans.cz\/d3\/wp-content\/uploads\/mephistoprimeevil.png\"><img loading=\"lazy\" decoding=\"async\" class=\"alignnone wp-image-4016 size-full\" src=\"https:\/\/www.diablofans.cz\/d3\/wp-content\/uploads\/mephistoprimeevil-nahled.png\" alt=\"mephistoprimeevil-nahled\" width=\"136\" height=\"177\" \/><\/a>\u00a0\u00a0\u00a0\u00a0\u00a0\u00a0\u00a0\u00a0\u00a0\u00a0\u00a0\u00a0\u00a0\u00a0\u00a0\u00a0\u00a0\u00a0 <a href=\"https:\/\/www.diablofans.cz\/d3\/wp-content\/uploads\/diabloprimeevil.png\"><img loading=\"lazy\" decoding=\"async\" class=\"alignnone wp-image-3514 size-full\" src=\"https:\/\/www.diablofans.cz\/d3\/wp-content\/uploads\/diabloprimeevil-nahled.png\" alt=\"diabloprimeevil-nahled\" width=\"136\" height=\"177\" \/><\/a>\u00a0\u00a0\u00a0\u00a0\u00a0\u00a0\u00a0\u00a0\u00a0\u00a0\u00a0\u00a0\u00a0\u00a0\u00a0\u00a0\u00a0\u00a0 <a href=\"https:\/\/www.diablofans.cz\/d3\/wp-content\/uploads\/baalprimeevil.png\"><img loading=\"lazy\" decoding=\"async\" class=\"alignnone wp-image-2815 size-full\" src=\"https:\/\/www.diablofans.cz\/d3\/wp-content\/uploads\/baalprimeevil-nahled.png\" alt=\"baalprimeevil-nahled\" width=\"136\" height=\"176\" \/><\/a><\/p>\n<p><strong><span style=\"font-size: 11px;\">\u00a0\u00a0 \u00a0 \u00a0 \u00a0 \u00a0 \u00a0\u00a0\u00a0\u00a0\u00a0\u00a0\u00a0\u00a0\u00a0\u00a0\u00a0\u00a0\u00a0\u00a0\u00a0\u00a0\u00a0 \u00a0 <a href=\"https:\/\/www.diablofans.cz\/diablo2lod\/akt-bossove-mephisto\/\">Mephisto (Dul&#8217;Mephistos)<\/a><\/span><\/strong> \u00a0\u00a0\u00a0\u00a0\u00a0\u00a0\u00a0\u00a0\u00a0\u00a0\u00a0\u00a0\u00a0\u00a0\u00a0\u00a0\u00a0\u00a0\u00a0\u00a0 <strong><a href=\"https:\/\/www.diablofans.cz\/diablo2lod\/akt-bossove-diablo\/\"><span style=\"font-size: 11px;\">Diablo (Al&#8217;Diabolos)<\/span><\/a><\/strong> \u00a0\u00a0\u00a0\u00a0\u00a0\u00a0\u00a0\u00a0\u00a0\u00a0\u00a0\u00a0\u00a0\u00a0\u00a0\u00a0\u00a0\u00a0\u00a0\u00a0\u00a0\u00a0\u00a0\u00a0\u00a0\u00a0\u00a0 <strong><a href=\"https:\/\/www.diablofans.cz\/diablo2lod\/akt-bossove-baal\/\"><span style=\"font-size: 11px;\">Baal (Tor&#8217;Baalos)<\/span><\/a><\/strong><\/p>\n<p>Vy\u0161\u0161\u00ed zlo vl\u00e1dne Peklu a je nejmocn\u011bj\u0161\u00ed ze v\u0161ech d\u00e9mon\u016f. \u010clenov\u00e9 Vy\u0161\u0161\u00edho zla jsou hlavn\u00edmi p\u0159edstaviteli boje Burning Hells proti High Heavens. Za d\u00e1vn\u00fdch \u010das\u016f byli tyto Vy\u0161\u0161\u00ed zla uct\u00edvan\u00ed jako bohov\u00e9 sektou zn\u00e1mou jako <strong>Triune<\/strong>, kter\u00e1 soupe\u0159ila po\u010das <a href=\"https:\/\/www.diablofans.cz\/diablo2lod\/pribeh\/#hrisna-valka\">V\u00e1lky h\u0159\u00edchu<\/a> s <strong>Katedr\u00e1lou Sv\u011btla<\/strong> vedenou pozd\u011bji padl\u00fdm and\u011blem Inariusem. P\u0159esto\u017ee se v\u011bt\u0161ina d\u00e9mon\u016f boj\u00ed hn\u011bvu Vy\u0161\u0161\u00edho zla, najdou se i n\u011bkte\u0159\u00ed d\u00e9moni, kte\u0159\u00ed se pokou\u0161ej\u00ed spiknout proti Trojce. Pu\u010d se v\u0161ak vyda\u0159il jen jednou, a to kdy\u017e se Ni\u017e\u0161\u00ed zlo spojilo a vyhnalo Bratry do Sanctuary. To vedlo k obdob\u00ed tzv. <a href=\"https:\/\/www.diablofans.cz\/diablo2lod\/pribeh\/#temne-vyhnanstvi\">Temn\u00e9ho vyhnanstv\u00ed<\/a> (Dark Exile).<\/p>\n<\/div>\n<h4><span style=\"color: #008080;\">Lesser Evils<\/span><\/h4>\n<p style=\"padding-left: 30px;\">Ni\u017e\u0161\u00ed zlo (Lesser Evils) se od b\u011b\u017en\u00fdch d\u00e9mon\u016f li\u0161\u00ed v tom, \u017ee jeho \u010dlenov\u00e9 nikomu nemus\u00ed slou\u017eit \u017e\u00e1dn\u00e9mu nad\u0159\u00edzen\u00e9mu. Ni\u017e\u0161\u00ed zlo m\u00e1 celkem \u010dty\u0159i \u010dleny:<\/p>\n<p style=\"text-align: center;\">\u00a0\u00a0\u00a0 <a href=\"https:\/\/www.diablofans.cz\/d3\/wp-content\/uploads\/andariellesserevil.png\"><img loading=\"lazy\" decoding=\"async\" class=\"alignnone wp-image-2640 size-full\" src=\"https:\/\/www.diablofans.cz\/d3\/wp-content\/uploads\/andariellesserevil-nahled.png\" alt=\"andariellesserevil-nahled\" width=\"136\" height=\"176\" \/><\/a><span style=\"font-size: 12px;\">\u00a0\u00a0\u00a0\u00a0 \u00a0 \u00a0 \u00a0 <a href=\"https:\/\/www.diablofans.cz\/d3\/wp-content\/uploads\/duriellesserevil.png\"><img loading=\"lazy\" decoding=\"async\" class=\"alignnone wp-image-3555 size-full\" src=\"https:\/\/www.diablofans.cz\/d3\/wp-content\/uploads\/duriellesserevil-nahled.png\" alt=\"duriellesserevil-nahled\" width=\"136\" height=\"175\" \/><\/a> \u00a0 \u00a0\u00a0 \u00a0\u00a0\u00a0\u00a0 <a href=\"https:\/\/www.diablofans.cz\/d3\/wp-content\/uploads\/beliallesserevil.png\"><img loading=\"lazy\" decoding=\"async\" class=\"alignnone wp-image-2905 size-full\" src=\"https:\/\/www.diablofans.cz\/d3\/wp-content\/uploads\/beliallesserevil-nahled.png\" alt=\"beliallesserevil-nahled\" width=\"136\" height=\"176\" \/><\/a> \u00a0 \u00a0\u00a0 \u00a0\u00a0\u00a0\u00a0 <a href=\"https:\/\/www.diablofans.cz\/d3\/wp-content\/uploads\/azmodanlesserevil.png\"><img loading=\"lazy\" decoding=\"async\" class=\"alignnone wp-image-2809 size-full\" src=\"https:\/\/www.diablofans.cz\/d3\/wp-content\/uploads\/azmodanlesserevil-nahled.png\" alt=\"azmodanlesserevil-nahled\" width=\"136\" height=\"177\" \/><\/a><br \/>\n<\/span><\/p>\n<p style=\"padding-left: 30px;\"><span style=\"font-size: 12px;\">\u00a0\u00a0\u00a0\u00a0\u00a0\u00a0\u00a0\u00a0\u00a0\u00a0\u00a0\u00a0\u00a0\u00a0\u00a0\u00a0\u00a0\u00a0\u00a0\u00a0 <strong><a href=\"https:\/\/www.diablofans.cz\/diablo2lod\/akt-bossove-andariel\">Andariel<\/a><\/strong>\u00a0\u00a0\u00a0\u00a0\u00a0\u00a0\u00a0\u00a0\u00a0\u00a0\u00a0\u00a0\u00a0\u00a0\u00a0\u00a0\u00a0\u00a0\u00a0\u00a0\u00a0\u00a0\u00a0\u00a0\u00a0\u00a0\u00a0\u00a0 \u00a0\u00a0\u00a0\u00a0\u00a0\u00a0\u00a0\u00a0\u00a0\u00a0\u00a0\u00a0\u00a0\u00a0\u00a0 <strong><a href=\"https:\/\/www.diablofans.cz\/diablo2lod\/akt-bossove-duriel\">Duriel<\/a><\/strong>\u00a0\u00a0\u00a0\u00a0\u00a0\u00a0\u00a0\u00a0\u00a0\u00a0\u00a0\u00a0\u00a0\u00a0\u00a0\u00a0\u00a0\u00a0\u00a0\u00a0\u00a0\u00a0\u00a0\u00a0\u00a0\u00a0\u00a0\u00a0\u00a0\u00a0\u00a0\u00a0\u00a0\u00a0\u00a0\u00a0\u00a0\u00a0\u00a0\u00a0\u00a0\u00a0\u00a0\u00a0\u00a0\u00a0\u00a0 Belial\u00a0\u00a0\u00a0\u00a0\u00a0\u00a0\u00a0\u00a0\u00a0\u00a0\u00a0\u00a0\u00a0\u00a0\u00a0\u00a0\u00a0\u00a0\u00a0\u00a0\u00a0\u00a0\u00a0\u00a0\u00a0\u00a0 \u00a0\u00a0\u00a0\u00a0\u00a0\u00a0\u00a0\u00a0\u00a0\u00a0\u00a0\u00a0\u00a0\u00a0\u00a0 Azmodan<\/span><\/p>\n<div>\n<p style=\"text-align: justify;\">T\u00e9to \u010dty\u0159ce d\u00e9mon\u016f se poda\u0159ilo svrhnout Bratry (viz Vy\u0161\u0161\u00ed zlo) a vyk\u00e1zat je do sv\u011bta Sanctuary, kde byli zajati a uv\u011bzn\u011bni do kamen\u016f du\u0161e (Soulstones). Andariel a Duriel se v\u0161ak po n\u011bjak\u00e9 dob\u011b odtrhli a spojili se s Trojkou. Ot\u00e1zkou z\u016fst\u00e1v\u00e1, pro\u010d tak neu\u010dinili Belial a Azmodan. \u0158\u00edk\u00e1 se, \u017ee v Pekle bojuj\u00ed v ob\u010dansk\u00e9 v\u00e1lce.<\/p>\n<\/div>\n<h3 id=\"regular-demons\"><span style=\"color: #008080;\"><a style=\"color: #008080;\" href=\"#regular-demons\">Regular Demons<\/a><\/span><\/h3>\n<p>B\u011b\u017en\u00ed d\u00e9moni (Regular Demons) jsou v\u0161ichni ostatn\u00ed d\u00e9moni, kte\u0159\u00ed nespadaj\u00ed do Velk\u00e9ho zla. B\u011b\u017en\u00ed d\u00e9moni slou\u017e\u00ed Velk\u00e9mu zlu, a\u0165 u\u017e nep\u0159\u00edmo p\u0159es n\u011bjak\u00e9ho mocn\u011bj\u0161\u00edho b\u011b\u017en\u00e9ho d\u00e9mona, nebo p\u0159\u00edmo. Uve\u010fme si zde aspo\u0148 n\u011bkter\u00e9 b\u011b\u017en\u00e9, ov\u0161em sv\u00fdm zp\u016fsobem ne \u00fapln\u011b b\u011b\u017en\u00e9, d\u00e9mony:<\/p>\n<h4 style=\"text-align: center;\"><span style=\"color: #008080;\">Assur<\/span><\/h4>\n<p style=\"text-align: center;\">\u2022 v\u016fdce arm\u00e1dy d\u00e9mon\u016f v p\u0159\u00edb\u011bhu <a href=\"https:\/\/www.diablofans.cz\/d3\/diablo-knihy\/#demonsbane\">Demonsbane<\/a><\/p>\n<p style=\"text-align: center;\">\u2022 prot\u011b\u017eovan\u00fd Diablem<\/p>\n<p style=\"text-align: center;\">\u2022 t\u00e9m\u011b\u0159 \u00fapln\u011b odoln\u00fd v\u016f\u010di po\u0161kozen\u00ed<\/p>\n<hr \/>\n<h4 style=\"text-align: center;\"><span style=\"color: #008080;\">Astrogha<\/span><\/h4>\n<p style=\"text-align: center;\"><span style=\"color: #a52a2a;\"><a href=\"https:\/\/www.diablofans.cz\/d3\/wp-content\/uploads\/Astrogha.jpg\"><img loading=\"lazy\" decoding=\"async\" class=\"alignnone\" style=\"width: 200px; height: 298px;\" src=\"https:\/\/www.diablofans.cz\/d3\/wp-content\/uploads\/Astrogha.jpg\" width=\"255\" height=\"380\" \/><\/a><\/span><\/p>\n<p style=\"text-align: center;\">\u2022 d\u00e9mon vypadaj\u00edc\u00ed jako pavouk<\/p>\n<p style=\"text-align: center;\">\u2022 slou\u017e\u00ed Diablu<\/p>\n<p style=\"text-align: center;\">\u2022 hraje d\u016fle\u017eitou roli ve <a href=\"https:\/\/www.diablofans.cz\/d3\/diablo-knihy\/#the_sin_war\">V\u00e1lce h\u0159\u00edchu<\/a> a v <a href=\"https:\/\/www.diablofans.cz\/d3\/diablo-knihy\/#moon_of_the_spider\">Pavou\u010d\u00edm m\u011bs\u00edci<\/a><\/p>\n<hr \/>\n<h4 style=\"text-align: center;\"><span style=\"color: #008080;\">Gulag<\/span><\/h4>\n<p style=\"text-align: center;\">\u2022 sluha Baala<\/p>\n<p style=\"text-align: center;\">\u2022 byl pora\u017een <a href=\"https:\/\/www.diablofans.cz\/d3\/diablo-knihy\/#the_sin_war\">Uldyssianem<\/a><\/p>\n<p style=\"text-align: center;\">\u2022 hraje podobnou roli jako Astrogha<\/p>\n<hr \/>\n<h4 style=\"text-align: center;\"><span style=\"color: #008080;\">Thonos<\/span><\/h4>\n<p style=\"text-align: center;\">\u2022 d\u00e9mon vyvolan\u00fd Lilith<\/p>\n<p style=\"text-align: center;\">\u2022 m\u00e1 chapadla a o\u010di<\/p>\n<p style=\"text-align: center;\">\u2022 za\u00fato\u010dil na Achila s <a href=\"https:\/\/www.diablofans.cz\/d3\/diablo-knihy\/#the_sin_war\">Uldyssianem<\/a>, ale Achilios ho zabil<\/p>\n<hr \/>\n<h4 style=\"text-align: center;\"><span style=\"color: #008080;\">Hephasto<\/span><\/h4>\n<p style=\"text-align: center;\"><span style=\"color: #a52a2a;\"><a href=\"https:\/\/www.diablofans.cz\/d3\/wp-content\/uploads\/Hephasto.jpg\"><img loading=\"lazy\" decoding=\"async\" class=\"alignnone\" style=\"width: 200px; height: 267px;\" src=\"https:\/\/www.diablofans.cz\/d3\/wp-content\/uploads\/Hephasto.jpg\" width=\"289\" height=\"386\" \/><\/a><\/span><\/p>\n<p style=\"text-align: center;\">\u2022 hlavn\u00ed <a href=\"https:\/\/www.diablofans.cz\/diablo2lod\/super-unikatni-bossove-4-akt\/\">kov\u00e1\u0159 Pekla<\/a>, kter\u00fd pracuje v Pekeln\u00e9 kov\u00e1rn\u011b (Hellforge)<\/p>\n<p style=\"text-align: center;\">\u2022 vzhledem k tomu, \u017ee Pekeln\u00e1 kov\u00e1rna je jedin\u00e9 m\u00edsto, kde mohou b\u00fdt zni\u010deny kameny du\u0161e (Soulstones), je z\u0159ejm\u00e9, \u017ee Hephasto byl vysoce postaven\u00fdm d\u00e9monem Pekla<\/p>\n<hr \/>\n<h4 style=\"text-align: center;\"><span style=\"color: #008080;\">Kabraxis<\/span><\/h4>\n<div style=\"text-align: left;\">\n<p style=\"text-align: center;\"><a href=\"\/obrazky\/demons\/kabraxis.jpg\" target=\"_blank\" rel=\"noopener\">\u00a0<\/a><a href=\"https:\/\/www.diablofans.cz\/d3\/wp-content\/uploads\/kabraxis.jpg\" target=\"_blank\" rel=\"noopener\"><img loading=\"lazy\" decoding=\"async\" class=\"alignnone\" style=\"width: 200px; height: 323px;\" title=\"D\u00e9mon Kabraxis.\" src=\"https:\/\/www.diablofans.cz\/d3\/wp-content\/uploads\/kabraxis-nahled.jpg\" alt=\"kabraxis\" width=\"200\" height=\"323\" \/><\/a><\/p>\n<\/div>\n<p style=\"text-align: center;\">\u2022 hlavn\u00ed ni\u010dema v <a href=\"https:\/\/www.diablofans.cz\/d3\/diablo-knihy\/#black_road\">\u010cern\u00e9 cest\u011b<\/a><\/p>\n<p style=\"text-align: center;\">\u2022 \u00fadajn\u011b m\u011bl takovou s\u00edlu, \u017ee byl a\u017e hrozbou pro Trojku<\/p>\n<hr \/>\n<h4 style=\"text-align: center;\"><span style=\"color: #008080;\">Lucion<\/span><\/h4>\n<p style=\"text-align: center;\"><a href=\"https:\/\/www.diablofans.cz\/d3\/wp-content\/uploads\/Lucion.jpg\"><img loading=\"lazy\" decoding=\"async\" class=\"alignnone\" style=\"width: 200px; height: 261px;\" src=\"https:\/\/www.diablofans.cz\/d3\/wp-content\/uploads\/Lucion.jpg\" width=\"273\" height=\"356\" \/><\/a><\/p>\n<p style=\"text-align: center;\">\u2022 syn Mephista<\/p>\n<p style=\"text-align: center;\">\u2022 sehr\u00e1v\u00e1 d\u016fle\u017eitou roli ve V\u00e1lce h\u0159\u00edchu jako Primus kultu Triune<\/p>\n<hr \/>\n<h4 style=\"text-align: center;\"><span style=\"color: #008080;\">Shenk the Overseer<\/span><\/h4>\n<p style=\"text-align: center;\"><a href=\"https:\/\/www.diablofans.cz\/diablo2lod\/super-unikatni-bossove-5-akt\/\">vel\u00edc\u00ed d\u016fstojn\u00edk<\/a> v Baalov\u011b arm\u00e1d\u011b obl\u00e9haj\u00edc\u00ed horu Arreat<\/p>\n<hr \/>\n<h4 style=\"text-align: center;\"><span style=\"color: #008080;\">Xazax<\/span><\/h4>\n<p style=\"text-align: center;\">\u2022 mocn\u00fd d\u00e9mon z <a href=\"https:\/\/www.diablofans.cz\/d3\/diablo-knihy\/#legacy_of_blood\">D\u011bdictv\u00ed krve<\/a><\/p>\n<p style=\"text-align: center;\">\u2022 schopen p\u0159em\u011bnit arm\u00e1du smrteln\u00edk\u016f na d\u00e9mony<\/p>\n","protected":false},"excerpt":{"rendered":"<p>D\u00e9mon je souhrnn\u00e9 ozna\u010den\u00ed pro v\u0161echny bytosti a stvo\u0159en\u00ed \u017eij\u00edc\u00ed v Horouc\u00edm pekle (Burning Hells), kter\u00e9 bylo na po\u010d\u00e1tku v\u011bk\u016f stvo\u0159eno z ostatk\u016f draka Tathameta, kter\u00fd byl zosobn\u011bn\u00edm \u010dir\u00e9ho zla. Existuje spousta forem d\u00e9mon\u016f \u2013 od slab\u00fdch a hloup\u00fdch, jako je nap\u0159. Fallen, a\u017e k t\u011bm siln\u00fdm, inteligentn\u00edm a mocn\u00fdm, jako je nap\u0159. Vy\u0161\u0161\u00ed zlo [&#8230;]<\/p>\n<p><a class=\"btn btn-secondary understrap-read-more-link\" href=\"https:\/\/www.diablofans.cz\/d3\/demoni\/\">\u010c\u00edst d\u00e1le&#8230;<span class=\"screen-reader-text\"> from D\u00e9moni<\/span><\/a><\/p>\n","protected":false},"author":10,"featured_media":0,"parent":0,"menu_order":0,"comment_status":"open","ping_status":"closed","template":"","meta":{"footnotes":""},"class_list":["post-10273","page","type-page","status-publish","hentry"],"_links":{"self":[{"href":"https:\/\/www.diablofans.cz\/d3\/wp-json\/wp\/v2\/pages\/10273","targetHints":{"allow":["GET"]}}],"collection":[{"href":"https:\/\/www.diablofans.cz\/d3\/wp-json\/wp\/v2\/pages"}],"about":[{"href":"https:\/\/www.diablofans.cz\/d3\/wp-json\/wp\/v2\/types\/page"}],"author":[{"embeddable":true,"href":"https:\/\/www.diablofans.cz\/d3\/wp-json\/wp\/v2\/users\/10"}],"replies":[{"embeddable":true,"href":"https:\/\/www.diablofans.cz\/d3\/wp-json\/wp\/v2\/comments?post=10273"}],"version-history":[{"count":28,"href":"https:\/\/www.diablofans.cz\/d3\/wp-json\/wp\/v2\/pages\/10273\/revisions"}],"predecessor-version":[{"id":19041,"href":"https:\/\/www.diablofans.cz\/d3\/wp-json\/wp\/v2\/pages\/10273\/revisions\/19041"}],"wp:attachment":[{"href":"https:\/\/www.diablofans.cz\/d3\/wp-json\/wp\/v2\/media?parent=10273"}],"curies":[{"name":"wp","href":"https:\/\/api.w.org\/{rel}","templated":true}]}}