{"id":1123,"date":"2023-01-11T14:29:23","date_gmt":"2023-01-11T14:29:23","guid":{"rendered":"http:\/\/diablofans.ddev.site\/d4\/?page_id=1123"},"modified":"2023-03-10T11:19:31","modified_gmt":"2023-03-10T11:19:31","slug":"prehled-atributu","status":"publish","type":"page","link":"https:\/\/www.diablofans.cz\/d4\/prehled-atributu\/","title":{"rendered":"P\u0159ehled atribut\u016f"},"content":{"rendered":"<div id=\"cs-content\" class=\"cs-content\"><\/div>\n","protected":false},"excerpt":{"rendered":"<p>P\u0159ehled atribut\u016fV Diablu 4 je z\u00e1plava atribut\u016f, kter\u00e1 ur\u010duj\u00ed, jak mocn\u00e1 va\u0161e postava je. Tyto &#8230; <\/p>\n<div><a href=\"https:\/\/www.diablofans.cz\/d4\/prehled-atributu\/\" class=\"more-link\">Read More<\/a><\/div>\n","protected":false},"author":1,"featured_media":4566,"parent":0,"menu_order":0,"comment_status":"closed","ping_status":"closed","template":"template-blank-6.php","meta":{"footnotes":""},"class_list":["post-1123","page","type-page","status-publish","has-post-thumbnail","hentry"],"_links":{"self":[{"href":"https:\/\/www.diablofans.cz\/d4\/wp-json\/wp\/v2\/pages\/1123","targetHints":{"allow":["GET"]}}],"collection":[{"href":"https:\/\/www.diablofans.cz\/d4\/wp-json\/wp\/v2\/pages"}],"about":[{"href":"https:\/\/www.diablofans.cz\/d4\/wp-json\/wp\/v2\/types\/page"}],"author":[{"embeddable":true,"href":"https:\/\/www.diablofans.cz\/d4\/wp-json\/wp\/v2\/users\/1"}],"replies":[{"embeddable":true,"href":"https:\/\/www.diablofans.cz\/d4\/wp-json\/wp\/v2\/comments?post=1123"}],"version-history":[{"count":9,"href":"https:\/\/www.diablofans.cz\/d4\/wp-json\/wp\/v2\/pages\/1123\/revisions"}],"predecessor-version":[{"id":4562,"href":"https:\/\/www.diablofans.cz\/d4\/wp-json\/wp\/v2\/pages\/1123\/revisions\/4562"}],"wp:featuredmedia":[{"embeddable":true,"href":"https:\/\/www.diablofans.cz\/d4\/wp-json\/wp\/v2\/media\/4566"}],"wp:attachment":[{"href":"https:\/\/www.diablofans.cz\/d4\/wp-json\/wp\/v2\/media?parent=1123"}],"curies":[{"name":"wp","href":"https:\/\/api.w.org\/{rel}","templated":true}]}}